{"id":22411,"date":"2024-03-25T07:19:57","date_gmt":"2024-03-25T07:19:57","guid":{"rendered":"https:\/\/fipmed.co\/fip-i-katter-symtom-baserade-pa-typer-av-fip\/"},"modified":"2024-03-25T07:19:57","modified_gmt":"2024-03-25T07:19:57","slug":"fip-i-katter-symtom-baserade-pa-typer-av-fip","status":"publish","type":"page","link":"https:\/\/fipmed.co\/sv\/fip-i-katter-symtom-baserade-pa-typer-av-fip\/","title":{"rendered":"FIP hos katt Symtom baserade p\u00e5 olika typer av FIP"},"content":{"rendered":"<p>Det \u00e4r klokt att titta p\u00e5 symtom p\u00e5 FIP hos katter utifr\u00e5n olika typer av FIP.<br \/>\nDe \u00e4r inkluderade f\u00f6r en mer exakt diagnos.<br \/>\nAtt k\u00e4nna till typen av FIP kan hj\u00e4lpa dig att f\u00f6ruts\u00e4ga allvarlighetsgraden och alla de olika former av FIP som kan f\u00f6rekomma s\u00e5 att du inte missar n\u00e5gra symtom alls.    &nbsp;<\/p>\n<h1><strong>Kliniska tecken p\u00e5 icke-effektiv torr FIP<\/strong><\/h1>\n<p>  Typiska symtom p\u00e5 denna form av FIP \u00e4r sl\u00f6het, feber, anorexi, viktnedg\u00e5ng och gulsot.  &nbsp;<\/p>\n<h2><strong>Lethargy<\/strong><strong> <\/strong><\/h2>\n<p>  Sl\u00f6het rapporteras ofta som ett av de kliniska tecknen i samband med Feline Infectious Peritonitis.<br \/>\nDet kan upptr\u00e4da hos katter antingen non-effusivt, effusivt eller okul\u00e4rt och kan vara ett tecken p\u00e5 att n\u00e5got allvarligare h\u00e5ller p\u00e5 att intr\u00e4ffa.<br \/>\nM\u00e5nga katter uppvisar detta symtom p\u00e5 apati innan n\u00e5gra andra symtom upptr\u00e4der, vilket visar varf\u00f6r det \u00e4r viktigt att observera sl\u00f6het s\u00e5 snart som m\u00f6jligt innan andra avancerade stadier utvecklas.<br \/>\nEtt symtom som upptr\u00e4der i de flesta fall \u00e4r \u00f6verdriven tr\u00f6tthet eller orkesl\u00f6shet, vilket kan inneb\u00e4ra att katten sitter stilla under l\u00e5nga perioder eller sover l\u00e4ngre \u00e4n vanligt.<br \/>\nDenna brist p\u00e5 energi i kattens aktiviteter kan s\u00e5 sm\u00e5ningom leda till viktminskning trots att den har en \u00f6kad aptit p\u00e5 grund av sitt f\u00f6rsvagade tillst\u00e5nd &#8211; detta kommer att ytterligare begr\u00e4nsa deras aktivitetsniv\u00e5er vilket leder till st\u00f6rre tr\u00f6tthet med tiden.<br \/>\nEn annan vanlig indikator p\u00e5 FIP \u00e4r beteendef\u00f6r\u00e4ndringar som att katten blir antisocial och undviker m\u00e4nniskor helt och h\u00e5llet (\u00e4ven om de tidigare har varit v\u00e4nliga).       &nbsp;<\/p>\n<h2><strong>Feber<\/strong><\/h2>\n<p>  Feber \u00e4r ett vanligt kliniskt tecken i samband med FIP, men det \u00e4r ospecifikt och kan f\u00f6rekomma hos katter som lider av olika sjukdomar.<br \/>\nDet \u00e4r viktigt att komma ih\u00e5g att feber kan vara det enda kliniska tecknet hos katter med icke-effusiv torr FIP, vilket g\u00f6r det till ett viktigt symptom f\u00f6r veterin\u00e4rer att ta h\u00e4nsyn till n\u00e4r de utv\u00e4rderar katter f\u00f6r denna sjukdom.<br \/>\nN\u00e4r en katt utvecklar feber orsakad av FIP utvecklas sjukdomen snabbt och \u00e4r n\u00e4stan alltid d\u00f6dlig.<br \/>\nDet kan ocks\u00e5 vara sv\u00e5rt att diagnostisera FIP p\u00e5 grund av de vaga symtomen, eftersom m\u00e5nga andra sjukdomar har liknande symptom, t.ex. luftv\u00e4gsinfektioner och inflammatoriska sjukdomar.     &nbsp;<\/p>\n<h2><strong>Anorexia<\/strong><\/h2>\n<p>  Anorexi \u00e4r ett av de ospecifika och icke-lokaliserande tecken p\u00e5 FIP som ofta ses hos katter.<br \/>\nAnorexi inneb\u00e4r brist p\u00e5 eller f\u00f6rlust av aptit, vilket kan bero p\u00e5 minskad lust att \u00e4ta p\u00e5 grund av sm\u00e4rta, sjukdom eller skada.<br \/>\nKatter med FIP lider av d\u00e5lig aptit och utvecklar anemi p\u00e5 grund av n\u00e4ringsbrist, vilket p\u00e5verkar deras allm\u00e4nna h\u00e4lsa och hindrar normal funktion.<br \/>\nSymptom som orkesl\u00f6shet, letargi, viktminskning och feber \u00e5tf\u00f6ljs ofta av anorexi hos katter som drabbas av livshotande virus som FIP.     &nbsp;<\/p>\n<h2><strong>Viktminskning<\/strong><\/h2>\n<p>  Viktnedg\u00e5ng \u00e4r ett vanligt kliniskt tecken p\u00e5 FIP, s\u00e4rskilt i fall med torr FIP.<br \/>\nSymtomen i samband med viktminskning kan variera beroende p\u00e5 sjukdomens sv\u00e5righetsgrad.<br \/>\nTidiga tecken kan vara minskat f\u00f6dointag och l\u00e5ngsammare tillv\u00e4xt \u00e4n normalt, medan mer avancerade stadier kan vara betydande minskning av kroppsmassan p\u00e5 kort tid samt s\u00e4nkt energiniv\u00e5 och muskelf\u00f6rtvining.<br \/>\nF\u00f6rekomsten av of\u00f6rklarlig eller snabb viktminskning b\u00f6r inte ignoreras n\u00e4r det g\u00e4ller katter som visar tecken som \u00f6verensst\u00e4mmer med FIP.<br \/>\nOm din katt verkar tunnare \u00e4n vanligt utan f\u00f6rklaring eller verkar tappa en \u00f6verdriven m\u00e4ngd p\u00e4ls utan n\u00e5gon urskiljbar anledning, \u00e4r det viktigt att du s\u00f6ker professionell veterin\u00e4rhj\u00e4lp omedelbart.      &nbsp;<\/p>\n<h2><strong>Gulsot<\/strong><\/h2>\n<p>  Gulsot \u00e4r ett tecken som ses hos katter med FIP, vanligen tillsammans med andra tecken p\u00e5 leversvikt eller hepatomegali (f\u00f6rstorad lever), t.ex. sl\u00f6het och viktnedg\u00e5ng.<br \/>\nVid en fysisk unders\u00f6kning kan kattens hud vara gulaktig, vilket kan vara s\u00e4rskilt synligt p\u00e5 magen och vid \u00f6gonen.<br \/>\nI vissa fall kan gulsot t\u00e4cka hela kattens kropp.<br \/>\nGulsot beror p\u00e5 en \u00f6kning av bilirubinniv\u00e5erna (pigmenterade molekyler som sl\u00e4pps ut i cirkulationen av r\u00f6da blodkroppar som har brutits ned), vilket leder till efterf\u00f6ljande ackumulering.<br \/>\nDet tyder p\u00e5 en st\u00f6rning n\u00e5gonstans i gallv\u00e4garna, vilket inkluderar gallbl\u00e5san och anslutande strukturer mellan levern och tunntarmen som \u00e4r n\u00f6dv\u00e4ndiga f\u00f6r matsm\u00e4ltningen.      &nbsp;<\/p>\n<h1><strong>Kliniska tecken p\u00e5 effusiv v\u00e5t FIP<\/strong><\/h1>\n<p>  Svullnad i br\u00f6stkorg, buk och skrotum \u00e4r n\u00e5gra av de tecken som f\u00f6rknippas med effusiv v\u00e5t FIP.  &nbsp;<\/p>\n<h2><strong>Svullnad i br\u00f6stkorgen<\/strong><\/h2>\n<p>  Svullnad i br\u00f6stkorgen \u00e4r ett kliniskt tecken som f\u00f6rknippas med effusiv v\u00e5t FIP, d\u00e4r v\u00e4tska ansamlas i br\u00f6stkorgen.<br \/>\nDetta kan leda till andningssv\u00e5righeter och p\u00e5verka organens normala funktion, t.ex. hj\u00e4rtfrekvens, temperaturreglering och gasutbyte.<br \/>\nD\u00e4rf\u00f6r \u00e4r detta en av de effusioner som vi rekommenderar att dr\u00e4nera ut, om m\u00f6jligt.<br \/>\nSvullnad i br\u00f6stkorgen indikerar avancerade stadier av FIP och visar sig vanligen genom \u00f6kad andningsfrekvens eller gurglande ljud n\u00e4r katten andas.<br \/>\nOm svullnaden i br\u00f6stkorgen kvarst\u00e5r under en l\u00e4ngre tid kan det leda till \u00f6kat tryck p\u00e5 de inre organen, vilket kan leda till att de blir undern\u00e4rda p\u00e5 grund av minskat blodfl\u00f6de och syref\u00f6rs\u00f6rjning.<br \/>\nDessutom kan ih\u00e5llande svullnad i br\u00f6stkorgen obehandlad orsaka permanenta skador p\u00e5 vitala organ och i slut\u00e4ndan leda till d\u00f6den om den inte kontrolleras under en l\u00e4ngre tid.       &nbsp;<\/p>\n<h2><strong>Svullnad i buken<\/strong><\/h2>\n<p>  Svullnad i buken \u00e4r ocks\u00e5 ett kliniskt tecken som f\u00f6rknippas med effusiv FIP.<br \/>\nDenna form av FIP k\u00e4nnetecknas av att det bildas v\u00e4tska i buken, \u00e4ven kallat bukflytning.<br \/>\nDet gastrointestinala systemet och dess organ omges av denna extra, onormala v\u00e4tska.<br \/>\nRadiografi, ultraljud och abdominocentes \u00e4r diagnostiska metoder som anv\u00e4nds f\u00f6r att fastst\u00e4lla om bukv\u00e4tska har uppst\u00e5tt hos katter med misst\u00e4nkt FIP.<br \/>\nDessutom kan v\u00e4tskeanalys ge mycket v\u00e4gledande resultat f\u00f6r att korrekt diagnostisera bukflytning orsakad av FIP.<br \/>\nSvullnad i buken \u00e4r mindre hotfullt f\u00f6r katten, \u00e4ven om det kan k\u00e4nnas obehagligt.<br \/>\nOm du v\u00e4ljer att dr\u00e4nera denna effusion ska du v\u00e4lja att inte dr\u00e4nera mer \u00e4n 30 % av v\u00e4tskan.        &nbsp;<\/p>\n<h2><strong>Svullnad i skrotal<\/strong><\/h2>\n<p>  Svullnad i pungen hos hankatter kan identifieras av djur\u00e4gare n\u00e4r det sker en of\u00f6rklarlig f\u00f6r\u00e4ndring av pungens storlek, s\u00e4rskilt om det sker snabbt eller \u00e5tf\u00f6ljs av andra tecken som letargi och feber.<br \/>\nDenna form av FIP drabbar oftast unga katter och debuterar snabbt med symtom som v\u00e4tskeansamling i buken, f\u00f6rstoring av br\u00f6stkorgen, viktminskning, gulsot och ih\u00e5llande h\u00f6g feber.<br \/>\nSvullnad i pungen \u00e4r ett av de viktigaste kliniska symtomen som veterin\u00e4rer anv\u00e4nder f\u00f6r att identifiera detta tillst\u00e5nd i ett tidigt skede, vanligtvis innan andra tecken upptr\u00e4der.    &nbsp;<\/p>\n<h1><strong>Kliniska tecken p\u00e5 okul\u00e4r FIP<\/strong><\/h1>\n<p>  H\u00e5ll utkik efter tecken p\u00e5 FIP, t.ex. missf\u00e4rgning av iris, synf\u00f6rlust, f\u00f6rtjockning av hornhinnan och hypopyon.  &nbsp;<\/p>\n<h2><strong>Missf\u00e4rgning av iris<\/strong><\/h2>\n<p>  Missf\u00e4rgning av iris \u00e4r ett kliniskt tecken som kan ses som en indikation p\u00e5 okul\u00e4r form av FIP.<br \/>\nDet yttrar sig vanligen i form av f\u00f6r\u00e4ndrad f\u00e4rg p\u00e5 iris, onormal grumlighet i \u00f6gonen eller flockbildning (vita prickar) i pupillomr\u00e5det p\u00e5 grund av inflammation till f\u00f6ljd av en infektion orsakad av FIP-viruset.<br \/>\nF\u00f6rtjockning av hornhinnan och hypopyon kan ocks\u00e5 f\u00f6rekomma, och om sjukdomen inte behandlas kan den leda till permanent synf\u00f6rlust.<br \/>\nTidig uppt\u00e4ckt och diagnos av detta tillst\u00e5nd \u00e4r viktigt f\u00f6r att snabbt kunna p\u00e5b\u00f6rja behandling med antiprotozo\u00e4ra medel som kloramfenikol och tiamfenikol f\u00f6r att minska de ytterligare risker som \u00e4r f\u00f6rknippade med det.     &nbsp;<\/p>\n<h2><strong>F\u00f6rlust av synf\u00f6rm\u00e5gan<\/strong><\/h2>\n<p>  Synf\u00f6rlust \u00e4r ett av de mest p\u00e5tagliga tecknen p\u00e5 att din katt kan ha okul\u00e4r FIP.<br \/>\nDet \u00e4r ett avancerat symptom och kan tyda p\u00e5 att en allvarligare form av viruset redan har varit aktivt hos ditt husdjur.<br \/>\nPyogranulomat\u00f6s fr\u00e4mre uveit (inflammation) \u00e4r en s\u00e5dan manifestation som ger tecken som Handlight Sign (gulaktig spridning n\u00e4r \u00f6gonen uts\u00e4tts f\u00f6r en fokuserad ljusstr\u00e5le som en ficklampa).<br \/>\nDetta syndrom \u00e4r relaterat till betydande synneds\u00e4ttning tillsammans med otillr\u00e4ckligt infl\u00f6de\/utfl\u00f6de cystiska strukturer och lesioner i iris som orsakar f\u00f6rst\u00f6relse \u00e4ven i \u00f6gonh\u00e5lan om det l\u00e4mnas obehandlat \u00f6ver tid.     &nbsp;<\/p>\n<h2><strong>F\u00f6rtjockning av hornhinnan<\/strong><\/h2>\n<p>  Detta tillst\u00e5nd uppst\u00e5r n\u00e4r den yttre delen av \u00f6gat, den s\u00e5 kallade hornhinnan, blir tjockare \u00e4n normalt p\u00e5 grund av inflammation.<br \/>\nHos katter kan detta orsakas av antingen ett virus eller en bakterie och det kan ta veckor innan effekterna blir m\u00e4rkbara.<br \/>\nVanligtvis \u00e4r det l\u00e4ttare att identifiera detta symptom om andra tecken som grumlig syn eller sm\u00e4rta f\u00f6rekommer samtidigt.<br \/>\nEn katt som upplever f\u00f6rtjockning av hornhinnan kan ha sv\u00e5rt att se klart och eventuellt uppleva obehag eller sm\u00e4rta p\u00e5 grund av den f\u00f6rs\u00e4mrade synkvaliteten.     &nbsp;<\/p>\n<h2><strong>Hypopyon<\/strong><\/h2>\n<p>  Hypopyon \u00e4r en medicinsk term som anv\u00e4nds f\u00f6r att beskriva en ansamling av vita blodkroppar vid hornhinnans bas, som ofta upptr\u00e4der n\u00e4r inflammation eller infektion drabbar \u00f6gat.<br \/>\nDet \u00e4r vanligast i samband med uveit, en inflammation i \u00f6gat som uppst\u00e5r till f\u00f6ljd av FIP hos katter.<br \/>\nHypopyon orsakas av att leukocyter (vita blodkroppar) tr\u00e4nger in genom iris och ansamlas i \u00f6gats inre kammare.<br \/>\nDetta leder sedan till direkta observationer vid fysisk unders\u00f6kning, t.ex. synliga grumlingar i en eller flera delar av \u00f6gongloben eller pupillf\u00f6r\u00e4ndringar vid ljusexponeringstest som utf\u00f6rs av veterin\u00e4rer.     &nbsp;<\/p>\n<h2><strong>N\u00e4thinneavlossning<\/strong><\/h2>\n<p>  Detta \u00e4r ett tillst\u00e5nd som uppst\u00e5r n\u00e4r n\u00e4thinnan dras bort fr\u00e5n den underliggande st\u00f6djande v\u00e4vnaden och blodf\u00f6rs\u00f6rjningen.<br \/>\nDet kan orsakas av ett antal medicinska tillst\u00e5nd, t.ex. h\u00f6gt blodtryck, en \u00f6veraktiv sk\u00f6ldk\u00f6rtel eller njursjukdom.<br \/>\nHos katter med FIP kan granulomat\u00f6sa f\u00f6r\u00e4ndringar f\u00f6rekomma ut\u00f6ver n\u00e4thinnebl\u00f6dning och n\u00e4thinneavlossning.<br \/>\nDet fr\u00e4msta symtomet i samband med n\u00e4thinneavlossning \u00e4r synneds\u00e4ttning som kan upptr\u00e4da pl\u00f6tsligt eller gradvis beroende p\u00e5 skadans omfattning och infektionens sv\u00e5righetsgrad.<br \/>\nAndra tecken \u00e4r sl\u00f6jor eller grumlingar i \u00f6gonen, st\u00f6rningar eller f\u00f6rvr\u00e4ngningar i det befintliga synf\u00e4ltet och sv\u00e5righeter att anpassa sig till milj\u00f6er med starkt ljus, inklusive nattblindhet.<br \/>\nVissa katter kan ocks\u00e5 ha floaters till f\u00f6ljd av l\u00e4ckage av glaskroppsv\u00e4tska i n\u00e5gon del av \u00f6gonstrukturen, vilket orsakar f\u00f6rvr\u00e4ngda bilder p\u00e5 grund av st\u00f6rningar i den normala siktlinjen.       &nbsp;<\/p>\n<h1><strong>Kliniska tecken p\u00e5 neurologisk FIP<\/strong><\/h1>\n<p>  H\u00e5ll utkik efter tecken som obalans, huvudlutning, kramper och beteendef\u00f6r\u00e4ndringar.  &nbsp;<\/p>\n<h2><strong>Obalans<\/strong><\/h2>\n<p>  Obalans \u00e4r ett vanligt symtom p\u00e5 FIP och \u00e4r ofta den f\u00f6rsta indikationen p\u00e5 att n\u00e5got \u00e4r fel.<br \/>\nHos katter med FIP kan obalans yttra sig som sv\u00e5righeter att g\u00e5 eller koordinationsf\u00f6rlust &#8211; beroende p\u00e5 hur allvarligt tillst\u00e5ndet \u00e4r.<br \/>\nN\u00e4r katten byter fr\u00e5n liggande till st\u00e5ende st\u00e4llning kan den svaja fram och tillbaka p\u00e5 grund av att den inte snabbt kan \u00e5terf\u00e5 balansen.<br \/>\nOrsaken till detta symptom kan variera beroende p\u00e5 vilken typ av FIP din katt har utvecklat.<br \/>\nDet kan bero p\u00e5 neurologiska skador eller v\u00e4tskeansamling i buken eller br\u00f6sth\u00e5lan.<br \/>\nObalans hos katter b\u00f6r inte tas l\u00e4tt p\u00e5 och b\u00f6r tas upp med din veterin\u00e4r, eftersom tidig diagnos f\u00f6rb\u00e4ttrar prognosen avsev\u00e4rt n\u00e4r det g\u00e4ller behandling av detta tillst\u00e5nd.<br \/>\nDin veterin\u00e4r kommer att b\u00f6rja med att utf\u00f6ra fysiska unders\u00f6kningar som att titta p\u00e5 motorisk funktion och reflexer f\u00f6r att utv\u00e4rdera om kattens g\u00e5ng verkar koordinerad.        &nbsp;<\/p>\n<h2><strong>Huvudets lutning<\/strong><\/h2>\n<p>  Huvudlutning \u00e4r ett viktigt kliniskt tecken p\u00e5 neurologisk FIP eftersom det ofta \u00e4r en indikation p\u00e5 vestibul\u00e4rt syndrom.<br \/>\nVestibul\u00e4rt syndrom uppst\u00e5r n\u00e4r den del av hj\u00e4rnan som ansvarar f\u00f6r balansen inte fungerar som den ska, vilket orsakar obalans och koordinationssv\u00e5righeter.<br \/>\nHos katter yttrar sig detta som en uttalad lutning av huvudet \u00e5t ena eller andra sidan.<br \/>\nDetta kan \u00e5tf\u00f6ljas av \u00f6gon som inte verkar r\u00f6ra sig tillsammans normalt.<br \/>\nDen ena kan r\u00f6ra sig snabbt fram och tillbaka medan den andra f\u00f6rblir stilla, liksom rullande r\u00f6relser som orsakas av tyngdkraften och som g\u00f6r det sv\u00e5rt f\u00f6r katten att h\u00e5lla sig uppr\u00e4tt.      &nbsp;<\/p>\n<h2><strong>Krampanfall<\/strong><\/h2>\n<p>  Krampanfall kan vara ett kliniskt tecken p\u00e5 FIP n\u00e4r det finns neurologisk p\u00e5verkan.<br \/>\nN\u00e5gra tydliga tecken p\u00e5 att din katt kan f\u00e5 ett anfall p\u00e5 grund av FIP \u00e4r ol\u00e4mplig eliminering, demensliknande beteenden som cirklande eller aggressivitet, f\u00f6rs\u00e4mrad koordination och balans, konstiga l\u00e4ten eller medvetsl\u00f6shet.<br \/>\nVarje g\u00e5ng din katt f\u00e5r ett anfall b\u00f6r du omedelbart ta den till veterin\u00e4ren f\u00f6r vidare utv\u00e4rdering och diagnos.    &nbsp;<\/p>\n<h2><strong>F\u00f6r\u00e4ndring av beteenden<\/strong><\/h2>\n<p>  F\u00f6r\u00e4ndringar i beteendet kan vara en tidig indikator p\u00e5 FIP.<br \/>\nEtt vanligt symptom som oroar djur\u00e4gare \u00e4r pl\u00f6tsliga f\u00f6r\u00e4ndringar i kattens beteendem\u00f6nster.<br \/>\nKatter kan g\u00f6mma sig oftare \u00e4n vanligt eller visa aggressivitet n\u00e4r de normalt inte skulle g\u00f6ra det.<\/p>\n","protected":false},"excerpt":{"rendered":"<p>Det \u00e4r klokt att titta p\u00e5 symtom p\u00e5 FIP hos katter utifr\u00e5n olika typer av FIP. De \u00e4r inkluderade f\u00f6r en mer exakt diagnos. Att k\u00e4nna till typen av FIP kan hj\u00e4lpa dig att f\u00f6ruts\u00e4ga allvarlighetsgraden och alla de olika former av FIP som kan f\u00f6rekomma s\u00e5 att du inte missar n\u00e5gra symtom alls. &nbsp; [&hellip;]<\/p>\n","protected":false},"author":1,"featured_media":22412,"parent":0,"menu_order":0,"comment_status":"closed","ping_status":"closed","template":"","meta":{"_glsr_average":0,"_glsr_ranking":0,"_glsr_reviews":0,"footnotes":""},"categories":[864],"tags":[],"_links":{"self":[{"href":"https:\/\/fipmed.co\/sv\/wp-json\/wp\/v2\/pages\/22411"}],"collection":[{"href":"https:\/\/fipmed.co\/sv\/wp-json\/wp\/v2\/pages"}],"about":[{"href":"https:\/\/fipmed.co\/sv\/wp-json\/wp\/v2\/types\/page"}],"author":[{"embeddable":true,"href":"https:\/\/fipmed.co\/sv\/wp-json\/wp\/v2\/users\/1"}],"replies":[{"embeddable":true,"href":"https:\/\/fipmed.co\/sv\/wp-json\/wp\/v2\/comments?post=22411"}],"version-history":[{"count":0,"href":"https:\/\/fipmed.co\/sv\/wp-json\/wp\/v2\/pages\/22411\/revisions"}],"wp:featuredmedia":[{"embeddable":true,"href":"https:\/\/fipmed.co\/sv\/wp-json\/wp\/v2\/media\/22412"}],"wp:attachment":[{"href":"https:\/\/fipmed.co\/sv\/wp-json\/wp\/v2\/media?parent=22411"}],"wp:term":[{"taxonomy":"category","embeddable":true,"href":"https:\/\/fipmed.co\/sv\/wp-json\/wp\/v2\/categories?post=22411"},{"taxonomy":"post_tag","embeddable":true,"href":"https:\/\/fipmed.co\/sv\/wp-json\/wp\/v2\/tags?post=22411"}],"curies":[{"name":"wp","href":"https:\/\/api.w.org\/{rel}","templated":true}]}}