{"id":22451,"date":"2022-11-25T15:16:05","date_gmt":"2022-11-25T15:16:05","guid":{"rendered":"https:\/\/fipmed.co\/fip-policy-for-aterfall\/"},"modified":"2024-07-28T06:29:35","modified_gmt":"2024-07-28T06:29:35","slug":"fip-policy-for-aterfall","status":"publish","type":"page","link":"https:\/\/fipmed.co\/sv\/fip-policy-for-aterfall\/","title":{"rendered":"Policy f\u00f6r \u00e5terfall i FIP"},"content":{"rendered":"\t\t<div data-elementor-type=\"wp-page\" data-elementor-id=\"22451\" class=\"elementor elementor-22451 elementor-32\">\n\t\t\t\t\t\t<section class=\"elementor-section elementor-top-section elementor-element elementor-element-672f648 elementor-section-boxed elementor-section-height-default elementor-section-height-default\" data-id=\"672f648\" data-element_type=\"section\">\n\t\t\t\t\t\t<div class=\"elementor-container elementor-column-gap-default\">\n\t\t\t\t\t<div class=\"elementor-column elementor-col-100 elementor-top-column elementor-element elementor-element-6547255\" data-id=\"6547255\" data-element_type=\"column\">\n\t\t\t<div class=\"elementor-widget-wrap elementor-element-populated\">\n\t\t\t\t\t\t<div class=\"elementor-element elementor-element-e63edf4 elementor-widget elementor-widget-text-editor\" data-id=\"e63edf4\" data-element_type=\"widget\" data-widget_type=\"text-editor.default\">\n\t\t\t\t<div class=\"elementor-widget-container\">\n\t\t\t\t\t\t\t\t\t<p class=\"p1\"><span class=\"s1\">Ett \u00e5terfall av FIP intr\u00e4ffar hos cirka 3% av katterna som har genomg\u00e5tt FipMed FIP-behandlingsprogram.<br \/>\nD\u00e4rf\u00f6r kan FipMed Relapse Rebate Program t\u00e4cka din oro f\u00f6r ett \u00e5terfall. <\/span><\/p>\n<p class=\"p1\"><span style=\"color: #000080;\"><strong><span class=\"s1\">F\u00f6r katter som fullf\u00f6ljt 84 dagars behandling med enbart FipMed FIP-injektioner eller orala kapslar ges 50% rabatt p\u00e5 \u00e5terfallsbehandling om ett \u00e5terfall av FIP intr\u00e4ffar.<\/span><\/strong><\/span><\/p>\n<p class=\"p1\"><span class=\"s1\">Krav f\u00f6r att kvalificera sig f\u00f6r detta program \u00e4r bland annat<\/span><\/p>\n<p class=\"p1\"><span class=\"s1\">1. \u00c5terfallet intr\u00e4ffar inom 12 m\u00e5nader efter det att den f\u00f6rsta fullst\u00e4ndiga behandlingen avslutats<\/span><\/p>\n<p class=\"p1\"><span class=\"s1\">2. Startdatum och slutdatum f\u00f6r behandlingen av din katt<\/span><\/p>\n<p class=\"p1\"><span class=\"s1\">3.  <span class=\"Apple-converted-space\">  <\/span>Slutliga blodprovsresultat efter avslutad behandling med FipMed<\/span><\/p>\n<p class=\"p1\"><span class=\"s1\">4.  <span class=\"Apple-converted-space\">  <\/span>M\u00e4ngden behandlingsflaskor och piller som k\u00f6ptes f\u00f6r den f\u00f6rsta behandlingen r\u00e4ckte i 84 dagar<\/span><\/p>\n<p class=\"p1\"><span class=\"s1\" style=\"color: #000080;\"><b>F\u00f6r katter som inte fullf\u00f6ljde 84 dagars behandling, men som enbart anv\u00e4nde FipMed-l\u00e4kemedel, ges 50% rabatt p\u00e5 \u00e5terfallsbehandling om ett \u00e5terfall av FIP intr\u00e4ffar.<\/b><\/span><\/p>\n<p class=\"p1\"><span class=\"s1\">M\u00e5nga katter tillfrisknar helt fr\u00e5n FIP-infektioner inom 84 dagar.<br \/>\nVi uppskattar ditt och din veterin\u00e4rs beslut att avbryta behandlingsprogrammet i f\u00f6rtid under dessa omst\u00e4ndigheter.<br \/>\nVi ger 50% rabatt p\u00e5 \u00e5terfallsbehandling f\u00f6r katter som f\u00e5r \u00e5terfall inom 6 m\u00e5nader efter att de l\u00e4mnat behandlingsprogrammet och som endast har anv\u00e4nt FipMed-produkter.  <\/span><\/p>\n<p class=\"p1\"><span class=\"s1\">Krav f\u00f6r att kvalificera sig f\u00f6r detta program \u00e4r bland annat<\/span><\/p>\n<p class=\"p1\"><span class=\"s1\">1. \u00c5terfallet av FIP intr\u00e4ffar inom 6 m\u00e5nader efter att den f\u00f6rsta fullst\u00e4ndiga behandlingen avslutats<\/span><\/p>\n<p class=\"p1\"><span class=\"s1\">2. Startdatum och slutdatum f\u00f6r behandlingen av din katt<\/span><\/p>\n<p class=\"p1\"><span class=\"s1\">3.  <span class=\"Apple-converted-space\">  <\/span>Slutliga blodprovsresultat efter avslutat FipMed-behandlingsprogram.<\/span><\/p>\n<p class=\"p1\"><span class=\"s1\">4.  <span class=\"Apple-converted-space\">  <\/span>Inga invasiva ingrepp som kastrering eller vaccination inom 84 dagar efter FipMed-behandlingen  <\/span><\/p>\n<p class=\"p1\"><span class=\"s1\">5.  <span class=\"Apple-converted-space\">  <\/span>M\u00e4ngden behandlingsflaskor och tabletter som k\u00f6ptes f\u00f6r den inledande behandlingen r\u00e4ckte i 45 dagar<\/span><\/p>\n<p class=\"p1\"><span class=\"s1\">OBS: Vi ger inte rabatt till katter som har genomg\u00e5tt v\u00e5rt behandlingsprogram utan att f\u00f6rst ha genomg\u00e5tt ett grundligt blodprov f\u00f6r att se om de kritiska parametrarna har \u00e5terg\u00e5tt till normalomr\u00e5det.<\/span><\/p>\n\t\t\t\t\t\t\t\t<\/div>\n\t\t\t\t<\/div>\n\t\t\t\t\t<\/div>\n\t\t<\/div>\n\t\t\t\t\t<\/div>\n\t\t<\/section>\n\t\t\t\t<\/div>\n\t\t","protected":false},"excerpt":{"rendered":"<p>Ett \u00e5terfall av FIP intr\u00e4ffar hos cirka 3% av katterna som har genomg\u00e5tt FipMed FIP-behandlingsprogram. D\u00e4rf\u00f6r kan FipMed Relapse Rebate Program t\u00e4cka din oro f\u00f6r ett \u00e5terfall. F\u00f6r katter som fullf\u00f6ljt 84 dagars behandling med enbart FipMed FIP-injektioner eller orala kapslar ges 50% rabatt p\u00e5 \u00e5terfallsbehandling om ett \u00e5terfall av FIP intr\u00e4ffar. Krav f\u00f6r att [&hellip;]<\/p>\n","protected":false},"author":1,"featured_media":0,"parent":0,"menu_order":0,"comment_status":"closed","ping_status":"closed","template":"","meta":{"_glsr_average":0,"_glsr_ranking":0,"_glsr_reviews":0,"footnotes":""},"categories":[],"tags":[],"_links":{"self":[{"href":"https:\/\/fipmed.co\/sv\/wp-json\/wp\/v2\/pages\/22451"}],"collection":[{"href":"https:\/\/fipmed.co\/sv\/wp-json\/wp\/v2\/pages"}],"about":[{"href":"https:\/\/fipmed.co\/sv\/wp-json\/wp\/v2\/types\/page"}],"author":[{"embeddable":true,"href":"https:\/\/fipmed.co\/sv\/wp-json\/wp\/v2\/users\/1"}],"replies":[{"embeddable":true,"href":"https:\/\/fipmed.co\/sv\/wp-json\/wp\/v2\/comments?post=22451"}],"version-history":[{"count":1,"href":"https:\/\/fipmed.co\/sv\/wp-json\/wp\/v2\/pages\/22451\/revisions"}],"predecessor-version":[{"id":22452,"href":"https:\/\/fipmed.co\/sv\/wp-json\/wp\/v2\/pages\/22451\/revisions\/22452"}],"wp:attachment":[{"href":"https:\/\/fipmed.co\/sv\/wp-json\/wp\/v2\/media?parent=22451"}],"wp:term":[{"taxonomy":"category","embeddable":true,"href":"https:\/\/fipmed.co\/sv\/wp-json\/wp\/v2\/categories?post=22451"},{"taxonomy":"post_tag","embeddable":true,"href":"https:\/\/fipmed.co\/sv\/wp-json\/wp\/v2\/tags?post=22451"}],"curies":[{"name":"wp","href":"https:\/\/api.w.org\/{rel}","templated":true}]}}