{"id":22492,"date":"2022-12-02T07:30:30","date_gmt":"2022-12-02T07:30:30","guid":{"rendered":"https:\/\/fipmed.co\/fip-behandlingar-injektioner-vs-piller\/"},"modified":"2022-12-02T07:30:30","modified_gmt":"2022-12-02T07:30:30","slug":"fip-behandlingar-injektioner-vs-piller","status":"publish","type":"page","link":"https:\/\/fipmed.co\/sv\/fip-behandlingar-injektioner-vs-piller\/","title":{"rendered":"FIP-behandlingar: FIP-injektioner vs FIP-tabletter eller piller"},"content":{"rendered":"<p>Du kan ha tv\u00e5 alternativ n\u00e4r du v\u00e4ljer GS-441524 antiviral medicin f\u00f6r FIP-behandlingar: subkutana injektioner eller orala kapslar eller piller.<br \/>\nHur v\u00e4ljer du d\u00e5 den l\u00e4mpliga f\u00f6r din katt?<br \/>\nVi kommer att diskutera f\u00f6rdelarna och nackdelarna med varje behandlingsmetod i det h\u00e4r inl\u00e4gget, samt n\u00e4r och hur du fattar det b\u00e4sta beslutet f\u00f6r din katts FIP-behandling.<br \/>\nVanligtvis kommer orala l\u00e4kemedel i form av piller.<br \/>\nDenna typ av GS tas oralt.<br \/>\n <a href=\"\/?page_id=895\" target=\"_blank\" rel=\"noopener\">Katt\u00e4gare kan nu med l\u00e4tthet v\u00e4lja den b\u00e4sta behandlingsformen<\/a> f\u00f6r sin katt eftersom det finns fler tillg\u00e4ngliga alternativ.<br \/>\nSkillnaderna mellan dessa tv\u00e5 formuleringar av GS-441524 kommer att tas upp i detta inl\u00e4gg, tillsammans med r\u00e5d om hur man v\u00e4ljer den b\u00e4sta f\u00f6r kattens FIP-behandling.        <\/p>\n<h2><strong>Injektion FIP-behandlingar<\/strong><\/h2>\n<p>  L\u00e5t oss b\u00f6rja med att diskutera den flytande injektionsversionen av GS-441524.<br \/>\nDenna speciella form av GS \u00e4r behandlingsbar.<br \/>\nOlika v\u00e4tskor GS-441524 har olika egenskaper.<br \/>\nDen tillverkningsteknik och kemiska kvalitet som anv\u00e4nds av tillverkaren har en betydande inverkan p\u00e5 kvaliteten.<br \/>\nDet faktum att priserna skiljer sig avsev\u00e4rt mellan olika varum\u00e4rken bidrar bara till att ytterligare \u00f6ka os\u00e4kerheten.<br \/>\nDen injicerbara formen av GS441524 finns i olika koncentrationer.<br \/>\nDe mest popul\u00e4ra koncentrationerna som finns tillg\u00e4ngliga nu \u00e4r 20 mg och 30 mg.<br \/>\nDet b\u00e4sta s\u00e4ttet att administrera GS-441524 \u00e4r genom injektionsbehandling.<br \/>\nSubkutana injektioner av GS441524-injektionerna behandlar omedelbart din katts blodomlopp med ett antiviralt l\u00e4kemedel.<br \/>\nL\u00e4kare kan administrera en specifik dos med hj\u00e4lp av injektioner baserat p\u00e5 kattens symtom och <a href=\"\/?page_id=885\" target=\"_blank\" rel=\"noopener\">kroppsvikt<\/a>.<br \/>\nInjektionsbehandlade katter uppvisar ofta tydliga f\u00f6r\u00e4ndringar inom s\u00e5 kort tid som en till fyra dagar.<br \/>\nF\u00f6r katter med <a href=\"\/?page_id=899\" target=\"_blank\" rel=\"noopener\">allvarliga FIP-symtom<\/a> \u00e4r d\u00e4rf\u00f6r injektioner den r\u00e4tta och enda effektiva behandlingsmetoden.<br \/>\nVarje FIP-behandling ska inledas med en injektion.<br \/>\nForts\u00e4tt att ge injektioner tills kattens tillst\u00e5nd har stabiliserats och f\u00f6rst n\u00e4r katten \u00e4ter och eliminerar ordentligt b\u00f6r du \u00f6verv\u00e4ga att \u00f6verg\u00e5 till oral medicinering.               <\/p>\n<h2><strong>Orala behandlingar mot FIP (tabletter eller p-piller)<\/strong><\/h2>\n<p>  J\u00e4mf\u00f6rt med n\u00e5lar \u00e4r oral behandling en snabbare och enklare teknik f\u00f6r att behandla FIP.<br \/>\nKatt\u00e4gare kan administrera oral medicinering hemma och slipper d\u00e4rmed dagliga klinikbes\u00f6k och kostnaden f\u00f6r injektioner.<br \/>\nDet finns tabletter och kapslar f\u00f6r oral medicinering.<br \/>\nP\u00e5 grund av kapselns mjuka konsistens och smakl\u00f6shet har katter i allm\u00e4nhet l\u00e4ttare att sv\u00e4lja kapslar \u00e4n piller.<br \/>\nI allm\u00e4nhet rekommenderar vi att orala kapslar eller piller anv\u00e4nds i de senare stadierna av behandlingen, n\u00e4r katten inte l\u00e4ngre \u00e4r i fara, dvs. n\u00e4r den \u00e4ter och g\u00e5r p\u00e5 toaletten regelbundet och inte l\u00e4ngre har intermittent feber.<br \/>\nL\u00e5t oss nu diskutera nackdelarna med oral terapi.<br \/>\nDen st\u00f6rsta skillnaden mellan orala och injicerbara behandlingar \u00e4r deras verkningsgrad.<br \/>\nDet antivirala l\u00e4kemedel som anv\u00e4nds i den orala behandlingen, GS-441524, m\u00e5ste passera genom hela matsm\u00e4ltningskanalen innan det kommer in i blodomloppet.<br \/>\nOf\u00f6rm\u00e5gan att kontrollera doseringen \u00e4r den andra stora nackdelen med den orala behandlingen.<br \/>\nVi kan inte f\u00f6ruts\u00e4ga hur mycket av GS-441524 som kommer att absorberas av kattens matsm\u00e4ltningskanal, vilket \u00e4r anledningen till detta.<br \/>\nDin katt kanske bara absorberar en procentandel av den antivirala medicinen som levereras av de orala kapslarna, beroende p\u00e5 tillst\u00e5ndet i matsm\u00e4ltningssystemet och allm\u00e4n h\u00e4lsa.<br \/>\nHastigheten f\u00f6r GS absorption kommer att p\u00e5verkas av den f\u00f6rsvagning av mage, njurar och lever som f\u00f6rekommer hos katter med felin infekti\u00f6s peritonit (FIP).<br \/>\nJ\u00e4mf\u00f6rt med n\u00e5lar \u00e4r orala piller och tabletter en mer riskfylld behandlingsform.<br \/>\nF\u00f6rst efter 30 dagars injektionsbehandling eller efter att din katts tillst\u00e5nd har stabiliserats f\u00f6resl\u00e5r vi oral behandling.               <\/p>\n<h2><strong>En f\u00f6rsiktighets\u00e5tg\u00e4rd f\u00f6r kapslar<\/strong><\/h2>\n<p>  Inom l\u00e4kemedelsindustrin f\u00f6r FIP-l\u00e4kemedel finns det vissa format som fr\u00e4mst anv\u00e4nds.<br \/>\nTill exempel \u00e4r GS441524 huvudsakligen tillg\u00e4ngligt i tablettform och EIDD2801 \u00e4r tillg\u00e4ngligt i kapselform.<br \/>\nS\u00e5 akta dig f\u00f6r s\u00e4ljare som s\u00e4ljer GS441524 i kapselformat.<br \/>\n\u00c4ven doseringen av GS441524 f\u00f6r oral medicinering \u00e4r standardiserad till 15 mg per kg och till den dubbla dosen f\u00f6r okul\u00e4ra och neurologiska typer.<br \/>\n\u00d6verskrid inte denna dos eftersom den h\u00f6gre dosen i oral medicinering kommer att \u00e4ventyra absorberbarheten.      <\/p>\n<h2><strong>En j\u00e4mf\u00f6relse mellan injektion och oral behandling  <\/strong><\/h2>\n<p>  H\u00e4r \u00e4r en tabell som visar skillnaderna mellan <a href=\"\/?page_id=887\" target=\"_blank\" rel=\"noopener\">injektioner och oralt intag av behandlingen mot FIP<\/a>.  <img data-opt-id=1214015753  fetchpriority=\"high\" decoding=\"async\" class=\"alignnone size-full wp-image-888\" src=\"https:\/\/ml9txs9ouv9q.i.optimole.com\/w:auto\/h:auto\/q:mauto\/f:best\/https:\/\/fipmed.co\/wp-content\/uploads\/2022\/12\/233.png\" alt=\"\" width=\"811\" height=\"719\" srcset=\"https:\/\/ml9txs9ouv9q.i.optimole.com\/w:811\/h:719\/q:mauto\/f:best\/https:\/\/fipmed.co\/wp-content\/uploads\/2022\/12\/233.png 811w, https:\/\/ml9txs9ouv9q.i.optimole.com\/w:300\/h:266\/q:mauto\/f:best\/https:\/\/fipmed.co\/wp-content\/uploads\/2022\/12\/233.png 300w, https:\/\/ml9txs9ouv9q.i.optimole.com\/w:768\/h:681\/q:mauto\/f:best\/https:\/\/fipmed.co\/wp-content\/uploads\/2022\/12\/233.png 768w, https:\/\/ml9txs9ouv9q.i.optimole.com\/w:600\/h:532\/q:mauto\/f:best\/https:\/\/fipmed.co\/wp-content\/uploads\/2022\/12\/233.png 600w\" sizes=\"(max-width: 640px) 100vw, 640px\" \/><\/p>\n<h2><strong>Vilken metod ska jag v\u00e4lja f\u00f6r min katt?<\/strong><\/h2>\n<p>  Det rekommenderas att FIP-behandlingar inleds med injektioner, enligt v\u00e5r rekommendation.<br \/>\nDu kan \u00f6verg\u00e5 till orala tabletter s\u00e5 snart din katts tillst\u00e5nd stabiliseras om \u00e5terkommande injektioner orsakar akut sm\u00e4rta eller sv\u00e5ra hudirritationer.<br \/>\nEfter 30 dagars behandling med injektioner \u00e4r det vanligtvis s\u00e4kert att \u00f6verg\u00e5 till oral medicinering.<br \/>\nDetta \u00e4r den mest p\u00e5litliga tekniken f\u00f6r att garantera att tillr\u00e4ckligt med GS-441524 ges under FIP-behandlingen och minska risken f\u00f6r \u00e5terinfektion i framtiden.     <\/p>\n<h2><strong>Faktorer som p\u00e5verkar oral administrering j\u00e4mf\u00f6rt med injektion<\/strong><\/h2>\n<p>  Katter som f\u00f6r n\u00e4rvarande kr\u00e4ks\/uppkastar och har diarr\u00e9 anses i allm\u00e4nhet vara d\u00e5liga kandidater f\u00f6r oral GS-441524.<br \/>\nD\u00e4rf\u00f6r b\u00f6rjar katter som lider av allvarlig gastrointestinal sjukdom ofta med injektioner, \u00e5tminstone tills problemen \u00e4r l\u00f6sta.<br \/>\nDe flesta m\u00e4nniskor, s\u00e4rskilt f\u00f6rr i tiden, b\u00f6rjade med injicerbar GS-441524.<br \/>\nInjektionsformen \u00e4r billigare och dosen kan kontrolleras mer exakt.<br \/>\nSubkutan absorption av GS-441524 \u00e4r ocks\u00e5 mer tillf\u00f6rlitlig \u00e4n oral absorption, vilket ofta \u00e4r en kritisk faktor vid den inledande behandlingen av katter som \u00e4r sv\u00e5rt sjuka och instabila i b\u00f6rjan.<br \/>\nHuruvida en katt forts\u00e4tter att injicera GS-441524 beror p\u00e5 \u00e4garens f\u00f6rm\u00e5ga att administrera injektionerna effektivt, kattens vilja att v\u00e4nja sig vid sm\u00e4rtan vid injektionerna och f\u00f6rekomsten av s\u00e5r p\u00e5 injektionsst\u00e4llet.<br \/>\nI s\u00e5dana fall \u00e4r oral medicinering ofta en v\u00e4lkommen l\u00e4ttnad f\u00f6r b\u00e5de \u00e4garen och kattpatienten.        <\/p>\n<h2><strong>J\u00e4mf\u00f6relse av behandlingsframg\u00e5ng med injicerbar vs oral GS-441524  <\/strong><\/h2>\n<p>  Framg\u00e5ngsfrekvensen med oralt GS-441524 liknar nu den f\u00f6r injicerbara versioner, f\u00f6rutsatt att doserna \u00e4r <a href=\"\/?page_id=23\" target=\"_blank\" rel=\"noopener\">noggrant ber\u00e4knade<\/a> och att doseringen utf\u00f6rs effektivt.<br \/>\nDet har dock f\u00f6rekommit rapporter om variationer i reaktionerna mellan de orala och injicerbara formerna av GS-441524.<br \/>\nEndast ett f\u00e5tal katter har f\u00e5tt \u00e5terfall efter att ha bytt fr\u00e5n injektioner till oralt GS-441524 eller har inte svarat bra p\u00e5 det som en f\u00f6rsta behandling.<br \/>\nAlternativt har sjukdom som inte svarat bra p\u00e5 injektioner behandlats genom att katterna \u00f6verg\u00e5tt till oralt GS-441524 i motsvarande dos.<br \/>\nDet \u00e4r sv\u00e5rt att h\u00e4rleda dessa stora skillnader i svar till l\u00e4kemedelsformen eftersom GS-441524 antingen oralt eller subkutant g\u00e5r in i blodomloppet innan det n\u00e5r v\u00e4vnaderna.<br \/>\nDet \u00e4r mer troligt att de injicerbara eller orala GS-441524-varum\u00e4rken som anv\u00e4ndes f\u00f6re denna \u00f6verg\u00e5ng var underm\u00e5liga.<br \/>\nI m\u00e5nga fall resulterade bytet till ett annat oralt eller injicerbart m\u00e4rke i en omedelbar f\u00f6rb\u00e4ttring av reaktionen.<br \/>\nEftersom viruset har utvecklat olika grader av l\u00e4kemedelsresistens trodde man att endast den injicerbara formen av GS-441524 kunde n\u00e5 de extremt h\u00f6ga blod- och cerebrospinalv\u00e4tskeniv\u00e5er som kr\u00e4vs f\u00f6r att effektivt behandla neurologiska sjukdomar.<br \/>\nKatter med neurologisk FIP har dock svarat bra p\u00e5 <a href=\"https:\/\/fipmed.co\/\" target=\"_blank\" rel=\"noopener\">Fipmed<\/a>.<br \/>\nDessutom ingick n\u00e5gra katter som inte svarade p\u00e5 en exceptionellt h\u00f6g dos av det injicerbara l\u00e4kemedlet <a href=\"\/?page_id=6163\" target=\"_blank\" rel=\"noopener\">GS- 441524<\/a>.<br \/>\nEn helt oral behandling botar ett \u00f6kande antal djur med neurologisk FIP.<br \/>\nDetta \u00e4r antingen resultatet av mer erfarenhet av att anv\u00e4nda oral <a href=\"https:\/\/fipmed.co\/fip-treatment\/\" target=\"_blank\" rel=\"noopener\">behandling av FIP<\/a> i sv\u00e5ra fall eller, vilket \u00e4r mer troligt, av att kvaliteten p\u00e5 den orala formuleringen har f\u00f6rb\u00e4ttrats.             <\/p>\n<h2><strong>Hur ger jag GS-injektionerna?<\/strong><\/h2>\n<p>  Subkutant, ibland kallat &#8221;sub-cu&#8221;, \u00e4r en ben\u00e4mning p\u00e5 injektioner som ges direkt under huden.<br \/>\nInjektionerna m\u00e5ste ges varje dag i minst 12 veckor, n\u00e4stan samtidigt varje dygn.<br \/>\nN\u00e5len ska INTE sticka h\u00e5l p\u00e5 kattens muskler.<br \/>\nN\u00e4r GS injiceras svider det, men s\u00e5 snart injektionen \u00e4r klar upph\u00f6r obehaget.<br \/>\nV\u00e5ra anv\u00e4ndare har producerat ett antal anv\u00e4ndbara filmer som visar hur de injicerar, och det finns m\u00e5nga fler p\u00e5 YouTube.<br \/>\nDet \u00e4r b\u00e4ttre att l\u00e5ta din veterin\u00e4r ge de f\u00f6rsta en eller tv\u00e5 injektionerna och visa dig hur du ska g\u00f6ra.<br \/>\nEtt dagligt bes\u00f6k hos veterin\u00e4ren kan beh\u00f6vas f\u00f6r katter som \u00e4r sv\u00e5rare att h\u00e5lla fast f\u00f6r injektionerna.        <\/p>\n<h2>Slutsats<\/h2>\n<p>  D\u00e4rf\u00f6r b\u00f6r katt\u00e4gare alltid b\u00f6rja med att anv\u00e4nda injektionsmetoden som FIP-behandling f\u00f6r sina katter och \u00f6verg\u00e5 till att ta piller efter cirka 30 dagar beroende p\u00e5 kattens tillst\u00e5nd.<br \/>\nAtt ta medicinen via injektioner eller oralt har sina f\u00f6r- och nackdelar och det \u00e4r upp till veterin\u00e4rer och katt\u00e4gare att v\u00e4lja den b\u00e4sta l\u00f6sningen av de tv\u00e5 f\u00f6r FIP-drabbade katter.<\/p>\n","protected":false},"excerpt":{"rendered":"<p>Du kan ha tv\u00e5 alternativ n\u00e4r du v\u00e4ljer GS-441524 antiviral medicin f\u00f6r FIP-behandlingar: subkutana injektioner eller orala kapslar eller piller. Hur v\u00e4ljer du d\u00e5 den l\u00e4mpliga f\u00f6r din katt? Vi kommer att diskutera f\u00f6rdelarna och nackdelarna med varje behandlingsmetod i det h\u00e4r inl\u00e4gget, samt n\u00e4r och hur du fattar det b\u00e4sta beslutet f\u00f6r din katts [&hellip;]<\/p>\n","protected":false},"author":11,"featured_media":22494,"parent":0,"menu_order":0,"comment_status":"closed","ping_status":"closed","template":"","meta":{"_glsr_average":0,"_glsr_ranking":0,"_glsr_reviews":0,"footnotes":""},"categories":[858],"tags":[859,893],"_links":{"self":[{"href":"https:\/\/fipmed.co\/sv\/wp-json\/wp\/v2\/pages\/22492"}],"collection":[{"href":"https:\/\/fipmed.co\/sv\/wp-json\/wp\/v2\/pages"}],"about":[{"href":"https:\/\/fipmed.co\/sv\/wp-json\/wp\/v2\/types\/page"}],"author":[{"embeddable":true,"href":"https:\/\/fipmed.co\/sv\/wp-json\/wp\/v2\/users\/11"}],"replies":[{"embeddable":true,"href":"https:\/\/fipmed.co\/sv\/wp-json\/wp\/v2\/comments?post=22492"}],"version-history":[{"count":0,"href":"https:\/\/fipmed.co\/sv\/wp-json\/wp\/v2\/pages\/22492\/revisions"}],"wp:featuredmedia":[{"embeddable":true,"href":"https:\/\/fipmed.co\/sv\/wp-json\/wp\/v2\/media\/22494"}],"wp:attachment":[{"href":"https:\/\/fipmed.co\/sv\/wp-json\/wp\/v2\/media?parent=22492"}],"wp:term":[{"taxonomy":"category","embeddable":true,"href":"https:\/\/fipmed.co\/sv\/wp-json\/wp\/v2\/categories?post=22492"},{"taxonomy":"post_tag","embeddable":true,"href":"https:\/\/fipmed.co\/sv\/wp-json\/wp\/v2\/tags?post=22492"}],"curies":[{"name":"wp","href":"https:\/\/api.w.org\/{rel}","templated":true}]}}