{"id":22506,"date":"2022-12-02T07:39:47","date_gmt":"2022-12-02T07:39:47","guid":{"rendered":"https:\/\/fipmed.co\/nar-fip-vaccin-inte-fungerar-forebyggande-atgarder-for-katter-som-far-fip\/"},"modified":"2022-12-02T07:39:47","modified_gmt":"2022-12-02T07:39:47","slug":"nar-fip-vaccin-inte-fungerar-forebyggande-atgarder-for-katter-som-far-fip","status":"publish","type":"page","link":"https:\/\/fipmed.co\/sv\/nar-fip-vaccin-inte-fungerar-forebyggande-atgarder-for-katter-som-far-fip\/","title":{"rendered":"FIP-vaccin och andra s\u00e4tt att f\u00f6rhindra att katter drabbas av FIP"},"content":{"rendered":"<p>Felin infekti\u00f6s peritonit (FIP) \u00e4r ett obotligt och ofta d\u00f6dligt virus som drabbar f\u00e4rre \u00e4n en procent av katterna.<br \/>\nDet finns f\u00f6r n\u00e4rvarande ingen effektiv behandling f\u00f6r sjukdomen, s\u00e5 det \u00e4r viktigt att f\u00f6rebygga den innan symtom uppst\u00e5r.<br \/>\nDet finns f\u00f6r n\u00e4rvarande inget k\u00e4nt FIP-vaccin som fungerar konsekvent.<br \/>\nD\u00e4rf\u00f6r \u00e4r det mycket viktigt att f\u00f6rhindra att katter f\u00e5r sjukdomen eftersom det inte finns n\u00e5gon konsekvent medicinering.<br \/>\nKatt\u00e4gare b\u00f6r vara vaksamma eftersom de \u00e4r ansvariga f\u00f6r sina katters h\u00e4lsa, s\u00e4rskilt om de \u00e4ger m\u00e5nga katter samtidigt.<br \/>\nFIP \u00e4r en av de sv\u00e5raste sjukdomarna att f\u00f6rst\u00e5 sig p\u00e5.<br \/>\nDiagnosen, hanteringen och f\u00f6rebyggandet av denna sjukdom kommer att forts\u00e4tta att vara f\u00f6rem\u00e5l f\u00f6r debatt.<br \/>\nDet \u00e4r tveksamt om vi kan undvika <a href=\"\/?page_id=6094\" target=\"_blank\" rel=\"noopener\">FIP<\/a> eftersom det fortfarande finns mycket som vi inte vet om den och eftersom coronaviruset l\u00e4tt \u00f6verf\u00f6rs till m\u00e5nga katter v\u00e4rlden \u00f6ver.<br \/>\nDet finns visserligen ett vaccin mot FIP, men det finns inga bevis f\u00f6r att det kan f\u00f6rebygga sjukdomen, och d\u00e4rf\u00f6r rekommenderas det inte f\u00f6r n\u00e4rvarande.          <\/p>\n<h1>F\u00f6rst\u00e5 FIP och behovet av vaccinationer<\/h1>\n<p>  FIP \u00e4r ett farligt virus som kan orsaka allvarlig sjukdom hos katter och som kr\u00e4ver vaccinationer f\u00f6r att f\u00f6rhindra spridning.  <\/p>\n<h2>Vad \u00e4r FIP?<\/h2>\n<p>  FIP, eller felin infekti\u00f6s peritonit, \u00e4r en virusinfektion som drabbar katter och som orsakas av vissa stammar av det felina coronaviruset.<br \/>\nDet \u00e4r en extremt smittsam sjukdom bland katter och den sprids snabbt genom direktkontakt med saliv, urin, avf\u00f6ring och s\u00e4ngkl\u00e4der fr\u00e5n <a href=\"\/?page_id=899\" target=\"_blank\" rel=\"noopener\">smittade katter<\/a>.<br \/>\nEftersom sjukdomen ofta \u00e4r sv\u00e5r att diagnostisera p\u00e5 grund av sin komplexitet kan FIP drabba b\u00e5de renrasiga och slumpm\u00e4ssigt uppf\u00f6dda katter &#8211; s\u00e4rskilt unga kattungar &#8211; utan f\u00f6rvarning.<br \/>\nBeroende p\u00e5 hur allvarliga symtomen \u00e4r kan <a href=\"\/?page_id=887\" target=\"_blank\" rel=\"noopener\">behandlingen av FIP<\/a> omfatta st\u00f6djande <a href=\"\/?page_id=887\" target=\"_blank\" rel=\"noopener\">behandling<\/a> som antibiotika och sm\u00e4rtstillande medel samt mer intensiva \u00e5tg\u00e4rder som v\u00e4tsketillf\u00f6rsel intraven\u00f6st eller direkt i buken vid behov.<br \/>\n\u00c4ven om det \u00e4nnu inte finns n\u00e5got garanterat botemedel mot FIP kan vaccination mot sjukdomen minska risken f\u00f6r den hos mottagliga katter.      <\/p>\n<h2>Varf\u00f6r \u00e4r det viktigt att vaccinera mot FIP?<\/h2>\n<p><a href=\"\/?page_id=13322\" target=\"_blank\" rel=\"noopener\">FIP \u00e4r en potentiellt d\u00f6dlig virussjukdom hos katter som orsakas<\/a> av coronaviruset FCoV.<br \/>\nN\u00e4r en katt insjuknar i FIP \u00e4r det n\u00e4stan s\u00e4kert att den d\u00f6r.<br \/>\nVaccination mot detta virus kan bidra till att skydda katter fr\u00e5n att smittas och i slut\u00e4ndan d\u00f6 av FIP.<br \/>\nTrots den begr\u00e4nsade effekten av de vacciner som finns tillg\u00e4ngliga f\u00f6r behandling kan vaccination av katter mot detta d\u00f6dliga virus minska f\u00f6rekomsten betydligt om det g\u00f6rs p\u00e5 r\u00e4tt s\u00e4tt med effektiv vaccinering och uppf\u00f6ljande vaccinationer enligt standardprotokoll.<br \/>\nKatter b\u00f6r vaccineras regelbundet och \u00f6vervakas noga f\u00f6r att s\u00e4kerst\u00e4lla att immuniseringen beaktas vid bed\u00f6mningen av riskfaktorer i samband med infektioner eller exponering p\u00e5 grund av olika milj\u00f6f\u00f6rh\u00e5llanden som de kan m\u00f6ta i sitt dagliga liv, samtidigt som man minskar antalet sprutor med antivirala l\u00e4kemedel som annars skulle ha beh\u00f6vts om katten inte hade vaccinerats alls.      <\/p>\n<h1>Olika typer av FIP-vaccin<\/h1>\n<p>  Det enda FIP-vaccin som f\u00f6r n\u00e4rvarande finns p\u00e5 marknaden \u00e4r Vanguard\u00ae Feline FIP Intranasal.  <\/p>\n<h2>Vanguard\u00ae Feline FIP Intranasal<\/h2>\n<p>  \u00e4r ett intranasalt vaccin utan adjuvans som utvecklats f\u00f6r att skydda katter som \u00e4r 16 veckor eller \u00e4ldre fr\u00e5n felin infekti\u00f6s peritonit (FIP).<br \/>\nFIP orsakas av felint infekti\u00f6st peritonitvirus (FIPV) och kan orsaka allvarliga komplikationer, inklusive d\u00f6dsfall.<br \/>\nDetta vaccin administreras intranasalt med tv\u00e5 doser med 3-4 veckors mellanrum f\u00f6r optimalt skydd mot FIP.<br \/>\nStudier har visat att katter som vaccinerats med den temperaturk\u00e4nsliga formen av FIPV hade ett m\u00e4tbart skydd mot sjukdomen j\u00e4mf\u00f6rt med katter som inte vaccinerats.<br \/>\nVanguard\u00ae erbjuder dessutom en injicerbar form av detta vaccin f\u00f6r f\u00f6rebyggande behandling av b\u00e5de kullsyskon och vuxna katter fr\u00e5n 16 veckors \u00e5lder och upp\u00e5t.<br \/>\nAtt vaccinera din katt mot FIP ger den ett viktigt skydd mot ett livshotande virus &#8211; men det \u00e4r bara en komponent i att skydda din katts h\u00e4lsa s\u00e5 andra f\u00f6rsiktighets\u00e5tg\u00e4rder b\u00f6r ocks\u00e5 vidtas f\u00f6r att skydda deras v\u00e4lbefinnande, s\u00e5som att minska stressniv\u00e5erna, ge r\u00e4tt n\u00e4ring och vidta extra f\u00f6rsiktighets\u00e5tg\u00e4rder n\u00e4r du placerar dem p\u00e5 katterier eller djurhem d\u00e4r de kan komma i kontakt med andra djur som b\u00e4r p\u00e5 smittsamma sjukdomar.       <\/p>\n<h1>F\u00f6rdelar och risker med FIP-vaccination<\/h1>\n<p>  Att vaccinera din katt mot FIP kan vara ett effektivt s\u00e4tt att skydda den mot detta farliga virus, men det \u00e4r viktigt att f\u00f6rst\u00e5 b\u00e5de de potentiella f\u00f6rdelarna och riskerna med vaccinet.  <\/p>\n<h2>F\u00f6rdelar med FIP-vaccination<\/h2>\n<ul>\n<li>Skydd mot sjukdomar orsakade av felina coronavirus, t.ex. FIP- och FCoV-infektioner.<\/li>\n<li>Minskad risk f\u00f6r \u00f6verf\u00f6ring av sjukdomar fr\u00e5n katt till katt.<\/li>\n<li>F\u00f6rb\u00e4ttrad livskvalitet f\u00f6r katter som drabbats av FIP- och FCoV-infektioner genom f\u00f6rebyggande \u00e5tg\u00e4rder.<\/li>\n<li>\u00d6kar livsl\u00e4ngden tack vare minskad sv\u00e5righetsgrad eller till och med potentiell bot av FIP-fall vid vaccination.<\/li>\n<\/ul>\n<h2>Risker med FIP-vaccination (antikroppsberoende f\u00f6rst\u00e4rkning)<\/h2>\n<p>  FIP-vaccination kan medf\u00f6ra risker i samband med antikroppsberoende f\u00f6rst\u00e4rkning (ADE), en process d\u00e4r virus-antikroppskomplex f\u00f6rst\u00e4rker infektionen.<br \/>\nFIPV i sig har visat sig ha en ADE-effekt i n\u00e4rvaro av anti-FIPV-antikroppar, och detta har gett upphov till oro under utvecklingen av relaterade vacciner.   <\/p>\n<ol>\n<li>Onormala viscerotropiska reaktioner som ledde till d\u00f6den<\/li>\n<li>Kvarst\u00e5ende infektioner som inte effektivt avl\u00e4gsnats efter revaccination<\/li>\n<li>\u00d6kad d\u00f6dlighet efter vaccinering j\u00e4mf\u00f6rt med f\u00f6re vaccinering<\/li>\n<li>F\u00f6r\u00e4ndrad f\u00f6rdelning av patogener vid j\u00e4mf\u00f6relse mellan icke-infekterade och vaccinerade djur<\/li>\n<\/ol>\n<h1>Andra s\u00e4tt att skydda din katt fr\u00e5n FIP<\/h1>\n<p>  Det finns enkla steg du kan ta varje dag f\u00f6r att h\u00e5lla din katt s\u00e4ker och frisk, inklusive att minska stressniv\u00e5erna, uppr\u00e4tth\u00e5lla r\u00e4tt n\u00e4ring och vidta extra f\u00f6rsiktighets\u00e5tg\u00e4rder vid inackordering.<br \/>\nAmerican Association of Feline Practitioners rekommenderar inte FIP-vaccinet, trots att det finns.<br \/>\nN\u00e4r katterna \u00e4r tillr\u00e4ckligt gamla (16 veckor) f\u00f6r att f\u00e5 vaccinet har de flesta redan utsatts f\u00f6r felint coronavirus, vilket g\u00f6r vaccinet mindre effektivt.<br \/>\nNedan f\u00f6ljer n\u00e5gra exempel p\u00e5 f\u00f6rebyggande \u00e5tg\u00e4rder f\u00f6r att minska risken f\u00f6r att uts\u00e4ttas f\u00f6r felint coronavirus, men kom ih\u00e5g att de inte kan stoppa FIP.     <\/p>\n<ul>\n<li>H\u00e5ll vatten- och matsk\u00e5larna p\u00e5 beh\u00f6rigt avst\u00e5nd fr\u00e5n kattl\u00e5dan.<\/li>\n<li>Anv\u00e4nd unika kattl\u00e5dor f\u00f6r varje katt, plus en extra.<\/li>\n<li>Anv\u00e4nd utsp\u00e4dd blekmedel f\u00f6r att reng\u00f6ra bostadsutrymmen samt mat- och vattensk\u00e5lar (1 del blekmedel till 32 delar vatten).<\/li>\n<li>F\u00f6r att minska sp\u00e4nningen kan du erbjuda milj\u00f6berikning (t.ex. pusselleksaker och sittpinnar f\u00f6r katter).<\/li>\n<li>H\u00e5ll h\u00f6gst tre katter i varje rum om du har m\u00e5nga katter f\u00f6r att undvika \u00f6verbel\u00e4ggning<\/li>\n<\/ul>\n<p>  Katter med FIP lider av ett s\u00e4llsynt, komplicerat och allvarligt d\u00f6dligt tillst\u00e5nd.<br \/>\nTa din katt till veterin\u00e4ren s\u00e5 snart du kan om den b\u00f6rjar uppvisa symptom p\u00e5 sjukdomen.<br \/>\nN\u00e4r kattungar tas bort fr\u00e5n infektionsk\u00e4llor skyddar deras maternellt producerade antikroppar dem mot infektion fram till avv\u00e4njning, vilket vanligtvis sker vid cirka 5-7 veckors \u00e5lder.<br \/>\nFCoV \u00e4r ett mycket smittsamt virus, och d\u00e4rf\u00f6r kr\u00e4ver ett s\u00e5dant skydd strikt renlighet.     <\/p>\n<h2>Minska stress<\/h2>\n<p>  Att minska stress hos katter \u00e4r ett av de mest effektiva s\u00e4tten att skydda dem fr\u00e5n att utveckla Feline Infectious Peritonitis (FIP).<br \/>\nStress kan f\u00f6rsvaga immunf\u00f6rsvaret och \u00f6ka risken f\u00f6r att drabbas av sjukdomar som FIP.<br \/>\nAtt leva i en tr\u00e5ng eller kaotisk milj\u00f6, extrema f\u00f6r\u00e4ndringar i rutiner, att vara i n\u00e4rheten av ok\u00e4nda m\u00e4nniskor eller djur, fysisk sm\u00e4rta och obehag \u00e4r alla vanliga k\u00e4llor till stress hos katter.<br \/>\nKatter som lever i hush\u00e5ll med flera katter eller p\u00e5 katthem \u00e4r mer ben\u00e4gna att drabbas av h\u00f6gre stressniv\u00e5er p\u00e5 grund av \u00f6verbel\u00e4ggning.<br \/>\nDet \u00e4r d\u00e4rf\u00f6r viktigt att katt\u00e4gare ser till att katten f\u00e5r en berikad livsmilj\u00f6 med gott om g\u00f6mst\u00e4llen och tid f\u00f6r lugn och ro utan barn och andra husdjur.<br \/>\nGenom att l\u00e5ta katten delta i interaktiv lek med leksaker som bollar eller trollsp\u00f6n kan man dessutom h\u00e5lla den aktiv utan att den uts\u00e4tts f\u00f6r on\u00f6diga p\u00e5frestningar p\u00e5 kropp eller sj\u00e4l.<br \/>\nAtt installera feromondiffusorer runt om i huset kan ocks\u00e5 bidra till att skapa en lugnande atmosf\u00e4r som \u00e4r s\u00e4rskilt utformad f\u00f6r att minska \u00e5ngest hos katter genom att p\u00e5minna dem om att de \u00e4r trygga hemma.        <\/p>\n<h2>Tillhandah\u00e5lla r\u00e4tt n\u00e4ring<\/h2>\n<p>  Nyckeln till att h\u00e5lla din <a href=\"\/?page_id=885\" target=\"_blank\" rel=\"noopener\">katt frisk<\/a> och minska risken f\u00f6r FIP \u00e4r att ge den en balanserad, n\u00e4ringsrik kost.<br \/>\nKattens n\u00e4ring b\u00f6r inneh\u00e5lla essentiella fettsyror, proteiner, fibrer, vatten och vitaminer samt andra mineraler och mikron\u00e4rings\u00e4mnen.<br \/>\nVissa av dessa viktiga n\u00e4rings\u00e4mnen kan f\u00e5s via maten, t.ex. gr\u00f6nsaker som broccoli eller mor\u00f6tter som inneh\u00e5ller vitamin A f\u00f6r \u00f6gonh\u00e4lsan eller linser och fiskolja som inneh\u00e5ller omega-3-fettsyror som hj\u00e4lper till att st\u00f6dja immunf\u00f6rsvaret samtidigt som man undviker processad kattmat full av tillsatser.<br \/>\nAtt \u00e4ta ekologiskt n\u00e4r det \u00e4r m\u00f6jligt kommer att r\u00e4cka l\u00e5ngt f\u00f6r att tillgodose alla n\u00f6dv\u00e4ndiga dagliga kostbehov samt f\u00f6rhindra tillsatser av giftiga \u00e4mnen som kan p\u00e5verka kattens allm\u00e4nna v\u00e4lbefinnande.<br \/>\nAndra kosttillskott kan ocks\u00e5 beh\u00f6vas om katter inte f\u00e5r i sig tillr\u00e4ckligt med n\u00e4ring genom regelbundna m\u00e5ltider.<br \/>\nOm katter till exempel har tendens till l\u00e5ga energiniv\u00e5er kan ett j\u00e4rntillskott beh\u00f6vas f\u00f6r att motverka tr\u00f6tthet och ge dem mer energi att vara aktiva under hela dagen.       &nbsp;<\/p>\n<h2>F\u00f6rsiktighets\u00e5tg\u00e4rder f\u00f6r ombordstigning<\/h2>\n<p>  Adekvat hygien och undvikande av \u00f6verbel\u00e4ggning \u00e4r viktiga strategier f\u00f6r att minimera FIP-\u00f6verf\u00f6ring p\u00e5 kattpensionat.<br \/>\nF\u00f6r att skydda din katt b\u00f6r du se till att inackorderingsst\u00e4llet \u00e4r rent och v\u00e4l underh\u00e5llet.<br \/>\nSanitet b\u00f6r ing\u00e5 som en regelbunden del i reng\u00f6ringsprotokollet, inklusive regelbunden desinfektion av alla ytor och strikt efterlevnad av handtv\u00e4tt f\u00f6r de anst\u00e4llda.<br \/>\nDessutom \u00e4r det viktigt att undvika \u00f6verbel\u00e4ggning; katter b\u00f6r h\u00e5llas individuellt eller i sm\u00e5 grupper under sin vistelse f\u00f6r att minska risken f\u00f6r virus\u00f6verf\u00f6ring fr\u00e5n ett djur till ett annat.<br \/>\nN\u00e4r du \u00f6verv\u00e4ger ett pensionat, fr\u00e5ga om hur dessa f\u00f6rsiktighets\u00e5tg\u00e4rder hanteras p\u00e5 plats &#8211; det kan g\u00f6ra skillnaden mellan att h\u00e5lla ditt friska husdjur s\u00e4kert eller att uts\u00e4tta det f\u00f6r en mycket smittsam sjukdom.      <\/p>\n<h2><strong>Extra f\u00f6rsiktighets\u00e5tg\u00e4rder f\u00f6r flerkattshush\u00e5ll<\/strong><\/h2>\n<p>  Eftersom katter med FIP ofta kommer fr\u00e5n familjer med flera katter (fler \u00e4n 5 katter), djurhem eller avelsv\u00e4rdar kan stress vara en bidragande orsak.<br \/>\nSeparera FIP-positiva katter fr\u00e5n andra katter och tv\u00e4tta h\u00e4nderna ofta, s\u00e4rskilt efter att du har sopat eller rengjort den sjuka kattens kattl\u00e5da.<br \/>\nVeterin\u00e4rer r\u00e5der \u00e4gare att v\u00e4nta ungef\u00e4r en m\u00e5nad efter att en FIP-positiv katt har avlidit innan de tar hem en ny katt f\u00f6r att minska risken f\u00f6r exponering f\u00f6r FCoV.<br \/>\nVeterin\u00e4rer rekommenderar att man v\u00e4ntar minst tre m\u00e5nader efter att en FIP-positiv katt i ett hush\u00e5ll med flera katter har d\u00f6tt f\u00f6r att se om n\u00e5gra andra katter i hemmet uppvisar FIP-symtom.<br \/>\nDessa katter har exponerats f\u00f6r FCoV och kan b\u00e4ra p\u00e5 viruset, vilket g\u00f6r dem till en risk f\u00f6r alla nya katter som kommer in i huset.<br \/>\nFCoV kan elimineras genom reng\u00f6ring med utsp\u00e4dd blekmedel (1 del blekmedel till 32 delar vatten).<br \/>\nHa alltid en extra kattl\u00e5da i huset f\u00f6r varje katt.<br \/>\nOm du t.ex. har tre katter beh\u00f6ver du ha minst fyra kattl\u00e5dor tillg\u00e4ngliga.<br \/>\nDet har visat sig att om du f\u00f6rb\u00e4ttrar kattens livsmilj\u00f6 kan det minska stressen.<br \/>\nCatios, tr\u00e4d och sittpinnar f\u00f6r inomhuskatter, sittpinnar i f\u00f6nster, anv\u00e4ndning av feromoner som Feliway, vattenfont\u00e4ner, kattleksaker, matpussel och mycket mer ing\u00e5r i detta.           <\/p>\n<h2><\/h2>\n<h2>Slutsats<\/h2>\n<p>  Alla katter som exponeras f\u00f6r FIP-coronaviruset blir inte sjuka.<br \/>\nEnligt uppskattningar kommer 8-20 procent av de katter som exponeras f\u00f6r viruset och i kattkolonier d\u00e4r man vet att sjukdomen finns att uppvisa kliniska symtom p\u00e5 FIP.<br \/>\nDe \u00e5terst\u00e5ende katterna kan utveckla immunitet mot sjukdomen eller helt enkelt inte reagera p\u00e5 den.<br \/>\nDet \u00e4r ok\u00e4nt varf\u00f6r endast en liten andel av de katter som uts\u00e4tts f\u00f6r viruset insjuknar.<br \/>\nDet \u00e4r v\u00e4lk\u00e4nt att kattens fr\u00e4msta f\u00f6rsvar mot FIP \u00e4r det cellmedierade immunsvaret.<br \/>\nKatter med d\u00e5ligt cellmedierat immunf\u00f6rsvar kan vara mer ben\u00e4gna att drabbas av sjukdomen.<br \/>\nDen humorala f\u00f6rsvarsmekanismen (antikroppar) verkar ha en roll i vissa d\u00f6dsfall hos katter genom att faktiskt f\u00f6rst\u00e4rka den skada som FIP-viruset orsakar.<br \/>\nDet enda tillg\u00e4ngliga vaccinet mot FIP har visat sig vara mindre \u00e4n 100 % effektivt och rekommenderas i allm\u00e4nhet inte till katter i f\u00f6rebyggande syfte.<br \/>\nF\u00f6rebyggande av FIP b\u00f6r d\u00e4rf\u00f6r innefatta minimering av stress och korrekta hygienrutiner b\u00e5de i hemmet och vid inackordering\/resa med katter.<br \/>\n\u00c4ven om medicinska genombrott har skapat nya alternativ som ger hopp om att kunna bek\u00e4mpa FIP, b\u00f6r ansvarsfulla djur\u00e4gare vara fortsatt vaksamma och begr\u00e4nsa sina djurs exponering f\u00f6r de risker som \u00e4r f\u00f6rknippade med detta virus.           &nbsp;<\/p>\n","protected":false},"excerpt":{"rendered":"<p>Felin infekti\u00f6s peritonit (FIP) \u00e4r ett obotligt och ofta d\u00f6dligt virus som drabbar f\u00e4rre \u00e4n en procent av katterna. Det finns f\u00f6r n\u00e4rvarande ingen effektiv behandling f\u00f6r sjukdomen, s\u00e5 det \u00e4r viktigt att f\u00f6rebygga den innan symtom uppst\u00e5r. Det finns f\u00f6r n\u00e4rvarande inget k\u00e4nt FIP-vaccin som fungerar konsekvent. D\u00e4rf\u00f6r \u00e4r det mycket viktigt att f\u00f6rhindra [&hellip;]<\/p>\n","protected":false},"author":11,"featured_media":22507,"parent":0,"menu_order":0,"comment_status":"closed","ping_status":"closed","template":"","meta":{"_glsr_average":0,"_glsr_ranking":0,"_glsr_reviews":0,"footnotes":""},"categories":[858],"tags":[859,896,907,906],"_links":{"self":[{"href":"https:\/\/fipmed.co\/sv\/wp-json\/wp\/v2\/pages\/22506"}],"collection":[{"href":"https:\/\/fipmed.co\/sv\/wp-json\/wp\/v2\/pages"}],"about":[{"href":"https:\/\/fipmed.co\/sv\/wp-json\/wp\/v2\/types\/page"}],"author":[{"embeddable":true,"href":"https:\/\/fipmed.co\/sv\/wp-json\/wp\/v2\/users\/11"}],"replies":[{"embeddable":true,"href":"https:\/\/fipmed.co\/sv\/wp-json\/wp\/v2\/comments?post=22506"}],"version-history":[{"count":0,"href":"https:\/\/fipmed.co\/sv\/wp-json\/wp\/v2\/pages\/22506\/revisions"}],"wp:featuredmedia":[{"embeddable":true,"href":"https:\/\/fipmed.co\/sv\/wp-json\/wp\/v2\/media\/22507"}],"wp:attachment":[{"href":"https:\/\/fipmed.co\/sv\/wp-json\/wp\/v2\/media?parent=22506"}],"wp:term":[{"taxonomy":"category","embeddable":true,"href":"https:\/\/fipmed.co\/sv\/wp-json\/wp\/v2\/categories?post=22506"},{"taxonomy":"post_tag","embeddable":true,"href":"https:\/\/fipmed.co\/sv\/wp-json\/wp\/v2\/tags?post=22506"}],"curies":[{"name":"wp","href":"https:\/\/api.w.org\/{rel}","templated":true}]}}