{"id":22563,"date":"2023-11-20T03:02:35","date_gmt":"2023-11-20T03:02:35","guid":{"rendered":"https:\/\/fipmed.co\/fipmed-policy-for-avbestallning\/"},"modified":"2024-07-28T07:40:29","modified_gmt":"2024-07-28T07:40:29","slug":"fipmed-policy-for-avbestallning","status":"publish","type":"page","link":"https:\/\/fipmed.co\/sv\/fipmed-policy-for-avbestallning\/","title":{"rendered":"FIPMed Avbokningsregler"},"content":{"rendered":"\t\t<div data-elementor-type=\"wp-page\" data-elementor-id=\"22563\" class=\"elementor elementor-22563 elementor-14413\">\n\t\t\t\t\t\t<section class=\"elementor-section elementor-top-section elementor-element elementor-element-c3897a7 elementor-section-boxed elementor-section-height-default elementor-section-height-default\" data-id=\"c3897a7\" data-element_type=\"section\">\n\t\t\t\t\t\t<div class=\"elementor-container elementor-column-gap-default\">\n\t\t\t\t\t<div class=\"elementor-column elementor-col-100 elementor-top-column elementor-element elementor-element-32e3bf0\" data-id=\"32e3bf0\" data-element_type=\"column\">\n\t\t\t<div class=\"elementor-widget-wrap elementor-element-populated\">\n\t\t\t\t\t\t<div class=\"elementor-element elementor-element-c7b81b6 elementor-widget elementor-widget-text-editor\" data-id=\"c7b81b6\" data-element_type=\"widget\" data-widget_type=\"text-editor.default\">\n\t\t\t\t<div class=\"elementor-widget-container\">\n\t\t\t\t\t\t\t\t\t<p>V\u00e5rt team g\u00f6r sitt yttersta f\u00f6r att se till att din best\u00e4llning skickas s\u00e5 snabbt som m\u00f6jligt.\nDetta beror p\u00e5 den tidsk\u00e4nsliga karakt\u00e4ren hos alla v\u00e5ra produkter och vi str\u00e4var efter att alla v\u00e5ra kunder ska f\u00e5 leveransen s\u00e5 snart som m\u00f6jligt. <\/p>\n<p>D\u00e4rf\u00f6r st\u00f6rs v\u00e5r process allvarligt av alla avbokningar efter best\u00e4llningen.<\/p>\n<p>Vi f\u00f6rst\u00e5r dock att det kan uppst\u00e5 omst\u00e4ndigheter som g\u00f6r att du m\u00e5ste avbest\u00e4lla din order kort efter att du har lagt den.\nF\u00f6r att t\u00e4cka de administrativa kostnader som \u00e4r f\u00f6rknippade med att behandla avbest\u00e4llningar har vi inf\u00f6rt f\u00f6ljande policy f\u00f6r avbest\u00e4llningsavgifter.\nV\u00e4nligen l\u00e4s igenom detaljerna nedan noggrant:  <\/p>\n<p><b>1. <\/b>Kunder har r\u00e4tt att beg\u00e4ra en avbest\u00e4llning inom h\u00f6gst 3 timmar fr\u00e5n det att best\u00e4llningen gjordes.\nAvbest\u00e4llningsbeg\u00e4ran som mottas efter denna tidsram kommer inte att vara ber\u00e4ttigad till n\u00e5gon form av avbest\u00e4llningsprocess, utan kommer ist\u00e4llet att omfattas av v\u00e5r \u00e5terbetalningspolicy. <\/p>\n<p><b>2. <\/b>F\u00f6r avbokningar som g\u00f6rs inom den angivna tidsfristen p\u00e5 3 timmar tillkommer en avbokningsavgift p\u00e5 50 USD f\u00f6r att t\u00e4cka de administrativa kostnader som \u00e4r f\u00f6rknippade med hanteringen av avbokningen.\nDenna avgift dras av fr\u00e5n det totala beloppet f\u00f6r \u00e5terbetalning av avbest\u00e4llningen. <\/p>\n<p>3. Fraktavgifter och digitala produkter \u00e5terbetalas inte och kommer att dras av fr\u00e5n \u00e5terbetalningsbeloppet.<\/p>\n<p>4. Det kommer ocks\u00e5 att g\u00f6ras ett avdrag p\u00e5 30 USD f\u00f6r att t\u00e4cka de avgifter f\u00f6r betalningsgateway som vi redan har debiterat.&nbsp;<\/p>\n<p><b>5. <\/b>F\u00f6r att initiera en avbest\u00e4llning, v\u00e4nligen kontakta v\u00e5r kundtj\u00e4nst s\u00e5 snart som m\u00f6jligt inom 3-timmarsf\u00f6nstret.\nDu kan n\u00e5 v\u00e5r kundsupport genom att svara p\u00e5 din orderbekr\u00e4ftelse via e-post. <\/p>\n<p><strong>6.&nbsp;<\/strong> Efter godk\u00e4nnande av avbokningsbeg\u00e4ran kommer \u00e5terbetalningen att behandlas omg\u00e5ende och beloppet \u00e5terbetalas till den ursprungliga betalningsmetoden.\nDet kan ta upp till 14 arbetsdagar innan \u00e5terbetalningen syns p\u00e5 ditt konto. <\/p>\n<p>Genom att g\u00f6ra en best\u00e4llning hos oss bekr\u00e4ftar du att du har l\u00e4st, f\u00f6rst\u00e5tt och godk\u00e4nt v\u00e5r policy f\u00f6r avbest\u00e4llningsavgifter.<\/p>\n<p>Om du har n\u00e5gra fr\u00e5gor eller funderingar kring v\u00e5r policy f\u00f6r avbest\u00e4llningsavgifter, tveka inte att kontakta v\u00e5r kundtj\u00e4nst f\u00f6r hj\u00e4lp.<\/p>\n<p>Tack f\u00f6r att du v\u00e4ljer Fipmed.co.\nVi uppskattar din f\u00f6rst\u00e5else och ditt samarbete.\nAllt gott i din resa f\u00f6r att bek\u00e4mpa FIP.  &nbsp;<\/p>\t\t\t\t\t\t\t\t<\/div>\n\t\t\t\t<\/div>\n\t\t\t\t\t<\/div>\n\t\t<\/div>\n\t\t\t\t\t<\/div>\n\t\t<\/section>\n\t\t\t\t<\/div>\n\t\t","protected":false},"excerpt":{"rendered":"<p>V\u00e5rt team g\u00f6r sitt yttersta f\u00f6r att se till att din best\u00e4llning skickas s\u00e5 snabbt som m\u00f6jligt. Detta beror p\u00e5 den tidsk\u00e4nsliga karakt\u00e4ren hos alla v\u00e5ra produkter och vi str\u00e4var efter att alla v\u00e5ra kunder ska f\u00e5 leveransen s\u00e5 snart som m\u00f6jligt. D\u00e4rf\u00f6r st\u00f6rs v\u00e5r process allvarligt av alla avbokningar efter best\u00e4llningen. Vi f\u00f6rst\u00e5r dock [&hellip;]<\/p>\n","protected":false},"author":1,"featured_media":0,"parent":0,"menu_order":0,"comment_status":"closed","ping_status":"closed","template":"","meta":{"_glsr_average":0,"_glsr_ranking":0,"_glsr_reviews":0,"footnotes":""},"categories":[],"tags":[],"_links":{"self":[{"href":"https:\/\/fipmed.co\/sv\/wp-json\/wp\/v2\/pages\/22563"}],"collection":[{"href":"https:\/\/fipmed.co\/sv\/wp-json\/wp\/v2\/pages"}],"about":[{"href":"https:\/\/fipmed.co\/sv\/wp-json\/wp\/v2\/types\/page"}],"author":[{"embeddable":true,"href":"https:\/\/fipmed.co\/sv\/wp-json\/wp\/v2\/users\/1"}],"replies":[{"embeddable":true,"href":"https:\/\/fipmed.co\/sv\/wp-json\/wp\/v2\/comments?post=22563"}],"version-history":[{"count":1,"href":"https:\/\/fipmed.co\/sv\/wp-json\/wp\/v2\/pages\/22563\/revisions"}],"predecessor-version":[{"id":22564,"href":"https:\/\/fipmed.co\/sv\/wp-json\/wp\/v2\/pages\/22563\/revisions\/22564"}],"wp:attachment":[{"href":"https:\/\/fipmed.co\/sv\/wp-json\/wp\/v2\/media?parent=22563"}],"wp:term":[{"taxonomy":"category","embeddable":true,"href":"https:\/\/fipmed.co\/sv\/wp-json\/wp\/v2\/categories?post=22563"},{"taxonomy":"post_tag","embeddable":true,"href":"https:\/\/fipmed.co\/sv\/wp-json\/wp\/v2\/tags?post=22563"}],"curies":[{"name":"wp","href":"https:\/\/api.w.org\/{rel}","templated":true}]}}