{"id":22616,"date":"2023-11-06T06:42:04","date_gmt":"2023-11-06T06:42:04","guid":{"rendered":"https:\/\/fipmed.co\/hur-far-katter-fip-vad-orsakar-fip-i-katter\/"},"modified":"2023-11-06T06:42:04","modified_gmt":"2023-11-06T06:42:04","slug":"hur-far-katter-fip-vad-orsakar-fip-i-katter","status":"publish","type":"page","link":"https:\/\/fipmed.co\/sv\/hur-far-katter-fip-vad-orsakar-fip-i-katter\/","title":{"rendered":"Hur f\u00e5r katter FIP: Vad orsakar FIP hos katter?"},"content":{"rendered":"<h2>Hur f\u00e5r katter FIP?<\/h2>\n<p>  Felint coronavirus (FCoV) \u00e4r den fr\u00e4msta orsaken till <a href=\"\/?page_id=6094\" target=\"_blank\" rel=\"noopener\">FIP hos katter<\/a>, \u00e4ven om andra smittv\u00e4gar \u00e4r m\u00f6jliga.  <\/p>\n<h3>Felint coronavirus (FCoV)<\/h3>\n<p>  Felint coronavirus (FCoV) \u00e4r en vanlig virusinfektion bland katter som vanligtvis inte orsakar n\u00e5gra symtom eller bara kan f\u00f6rknippas med mild diarr\u00e9.<br \/>\nDet \u00e4r mycket smittsamt och kan spridas genom direkt kontakt, indirekt kontakt eller via fekal-oral v\u00e4g mellan katter i samma hush\u00e5ll.<br \/>\nFCoV \u00e4r ett virus med ett h\u00f6lje och ett enkelstr\u00e4ngat RNA-genom.<br \/>\nM\u00e5nga popul\u00e4ra desinfektionsmedel kan snabbt inaktivera viruset eftersom det \u00e4r ganska svagt.<br \/>\nKatter som lever t\u00e4tt inp\u00e5 varandra eller med flera katter \u00e4r mer utsatta f\u00f6r exponering och smitta.<br \/>\nFCoV \u00e4r inte ett zoonotiskt virus, vilket inneb\u00e4r att det inte \u00e4r vanligt att det smittar m\u00e4nniskor.<br \/>\nDet har dock f\u00f6rekommit ett f\u00e5tal rapporter om infektion hos m\u00e4nniskor.<br \/>\nFCoV sprids oftast genom kontakt med sjuka katters saliv, n\u00e4ssekret, avf\u00f6ring och viruskontaminerade f\u00f6rem\u00e5l. <strong>FECV (Felint enteriskt coronavirus):<\/strong> FECV \u00e4r den mindre virulenta versionen av viruset.<br \/>\nDet drabbar fr\u00e4mst katters matsm\u00e4ltningskanaler.<br \/>\nM\u00e5nga infekterade katter \u00e4r asymtomatiska, vilket inneb\u00e4r att de inte uppvisar n\u00e5gra kliniska tecken p\u00e5 sjukdom.<br \/>\nFECV kan hos vissa patienter ge m\u00e5ttliga gastrointestinala symtom, t.ex. diarr\u00e9, men dessa f\u00f6rsvinner normalt utan behandling.<br \/>\nKatter som \u00e4r infekterade med FECV kan uts\u00f6ndra viruset i avf\u00f6ringen, vilket kan smitta andra katter. <strong>FIPV (Felint infekti\u00f6st peritonitvirus):<\/strong> FIPV \u00e4r den farligaste virusstammen som kan orsaka felin infekti\u00f6s peritonit (FIP).<br \/>\nFIPV kan uppkomma genom en FECV-mutation hos samma djur.<br \/>\nFIPV-\u00f6verg\u00e5ngen \u00e4r d\u00e5ligt k\u00e4nd och kan p\u00e5verkas av en rad olika omst\u00e4ndigheter, bland annat kattens immunologiska svar.<br \/>\nFIPV-infekterade katter kan ha feber, letargi, viktminskning, uppsv\u00e4lld mage (i v\u00e5t form) och organsvikt.                <\/p>\n<h2>Hur smittar FIP?<\/h2>\n<p>  FCoV kan spridas genom direktkontakt mellan katter, indirekt kontaminering av f\u00f6rem\u00e5l eller milj\u00f6er, f\u00f6rt\u00e4ring av virusinneh\u00e5llande avf\u00f6ring och andningsdroppar fr\u00e5n en infekterad katt.  <\/p>\n<h3>Direkt kontakt:<\/h3>\n<p>  Katter kan smittas av det felina coronaviruset (FCoV) och d\u00e4refter utveckla FIP genom n\u00e4ra och direkt kontakt med en <a href=\"\/?page_id=899\" target=\"_blank\" rel=\"noopener\">smittad<\/a> katt.<br \/>\n\u00c4ven om viruset kan \u00f6verleva i en m\u00e4ngd olika milj\u00f6er \u00e4r det inte luftburet och kr\u00e4ver direktkontakt f\u00f6r att \u00f6verf\u00f6ras fr\u00e5n en katt till en annan.<br \/>\nDet inneb\u00e4r att katter m\u00e5ste komma i kontakt med ett infekterat djur eller en kontaminerad yta f\u00f6r att viruset ska spridas.<br \/>\nGrooming, \u00f6msesidigt sniffande, bitande, delande av matsk\u00e5lar och andra n\u00e4ra interaktioner \u00e4r avg\u00f6rande f\u00f6r att <a href=\"\/?page_id=891\" target=\"_blank\" rel=\"noopener\">FIP ska kunna \u00f6verf\u00f6ras mellan katter<\/a> eftersom stora m\u00e4ngder virus m\u00e5ste finnas i saliv och andra kroppsv\u00e4tskor f\u00f6r att infektion ska uppst\u00e5.<br \/>\nDet \u00e4r ocks\u00e5 viktigt att notera att detta \u00f6verf\u00f6ringss\u00e4tt inte garanterar infektion; \u00e4ven om vissa katter exponeras direkt kanske de inte utvecklar n\u00e5gra symtom p\u00e5 grund av att deras genetiska sammans\u00e4ttning eller immunsystemets status ger motst\u00e5ndskraft mot det.      <\/p>\n<h3>Indirekt kontakt:<\/h3>\n<p>  Viruset kan ocks\u00e5 \u00f6verf\u00f6ras indirekt via f\u00f6rorenade f\u00f6rem\u00e5l och milj\u00f6er.<br \/>\nViruset kan \u00f6verleva i milj\u00f6n i flera veckor under r\u00e4tt f\u00f6rh\u00e5llanden.<br \/>\nDetta inneb\u00e4r att \u00e4ven om en katt inte har haft direkt kontakt med en infekterad katt kan den bli infekterad om den kommer i kontakt med viruset fr\u00e5n andra k\u00e4llor.<br \/>\nKatter kan t.ex. uts\u00e4ttas f\u00f6r FIP genom s\u00e4ngkl\u00e4der eller matsk\u00e5lar som f\u00f6rorenats av str\u00f6 fr\u00e5n en infekterad katt, genom att andra katter kliar och biter varandra i p\u00e4lsen eller genom att de leker i omr\u00e5den d\u00e4r en annan katt har l\u00e4mnat avf\u00f6ring som inneh\u00e5ller virus.<br \/>\nD\u00e4rf\u00f6r \u00e4r det oerh\u00f6rt viktigt att toalettutrymmen, t.ex. kattl\u00e5dor, reng\u00f6rs regelbundet med varmt vatten och tv\u00e5l (kom ih\u00e5g att byta handskar mellan g\u00e5ngerna) och att absorberande ytor, t.ex. str\u00f6 och matsk\u00e5lar, byts ofta n\u00e4r de blir smutsiga.<br \/>\nDessutom b\u00f6r katten f\u00e5 en n\u00e4ringsrik kost full av antioxidanter f\u00f6r att st\u00f6dja kattens allm\u00e4nna immunf\u00f6rsvar och maximera dess f\u00f6rsvar mot infektioner som FIP.       <\/p>\n<h3>Fekal-orala v\u00e4gen:<\/h3>\n<p>  Katter kan bli smittade genom att f\u00e5 i sig viruset som har uts\u00f6ndrats i avf\u00f6ringen fr\u00e5n en smittad katt.<br \/>\nDetta kan ske n\u00e4r en katt putsar sig efter att ha kommit i kontakt med kontaminerad avf\u00f6ring eller str\u00f6.<br \/>\nAv denna anledning b\u00f6r man vara extremt f\u00f6rsiktig i hush\u00e5ll med flera katter eftersom god hygien \u00e4r nyckeln till att minska risken f\u00f6r FIP-exponering.<br \/>\nAlla \u00e4gare b\u00f6r regelbundet se till att katterna i hush\u00e5llet h\u00e5ller god hygien: se till att matsk\u00e5larna reng\u00f6rs regelbundet, undvika att katterna i huset delar s\u00e4ng och filt samt desinficera en g\u00e5ng i veckan alla ytor som katterna potentiellt kan komma \u00e5t, t.ex. bordsskivor, s\u00e4ngar som fortfarande inte \u00e4r vattent\u00e4ta, inte n\u00e5 omr\u00e5den d\u00e4r avloppsvatten rinner ner osv.     <\/p>\n<h3>Droppar i andningsv\u00e4garna:<\/h3>\n<p>  FIP kan dock ocks\u00e5 spridas fr\u00e5n en katt till en annan genom droppar i luftv\u00e4garna n\u00e4r en infekterad katt nyser eller hostar.<br \/>\n\u00c4ven om luftv\u00e4gs\u00f6verf\u00f6ring av den mer virulenta formen av felint enteriskt coronavirus (FCoV) \u00e4r mindre vanlig \u00e4n andra \u00f6verf\u00f6ringss\u00e4tt som direkt eller indirekt kontakt, \u00e4r det fortfarande m\u00f6jligt f\u00f6r en <a href=\"\/?page_id=885\" target=\"_blank\" rel=\"noopener\">frisk<\/a> katt att andas in viruset om den befinner sig tillr\u00e4ckligt n\u00e4ra ett infekterat djur n\u00e4r det sl\u00e4pper ut dessa smittsamma partiklar.   &nbsp;<\/p>\n<h2>FIP Riskfaktorer:<\/h2>\n<p>  Katter som \u00e4r yngre \u00e4n tv\u00e5 \u00e5r, \u00e4ldre \u00e4n tio \u00e5r, renrasiga eller fr\u00e5n katthem, som lever i \u00f6verbefolkade milj\u00f6er och som har nedsatt immunf\u00f6rsvar l\u00f6per st\u00f6rre risk att utveckla FIP.  <\/p>\n<h3>\u00c5lder: FIP \u00e4r vanligare hos katter under 2 \u00e5r och \u00f6ver 10 \u00e5r.<br \/>\nKattungar och \u00e4ldre katter verkar l\u00f6pa h\u00f6gre risk. <\/h3>\n<p>  Yngre katter och \u00e4ldre katter har ofta ett omoget eller f\u00f6rsvagat immunf\u00f6rsvar som kan g\u00f6ra att de l\u00f6per st\u00f6rre risk att utveckla FIP.<br \/>\nDessa \u00e5ldersgrupper tenderar ocks\u00e5 att oftare uts\u00e4ttas f\u00f6r felint coronavirus, eftersom de kanske bor inomhus med andra katter, g\u00e5r ut p\u00e5 \u00e4ventyr eller kommer i kontakt med andra katter p\u00e5 katthem eller kattpensionat.   <\/p>\n<h3>Ras: Vissa raser, t.ex. renrasiga katter eller katter fr\u00e5n katthem, kan l\u00f6pa h\u00f6gre risk att drabbas av FIP.<\/h3>\n<p>  Katter fr\u00e5n katterier eller renrasiga linjer kan vara s\u00e4rskilt ben\u00e4gna att utveckla FIP.<br \/>\nAbessinier, bengaler, birmaner, himalayaner, ragdoll och rex har en betydligt h\u00f6gre risk att drabbas av sjukdomen j\u00e4mf\u00f6rt med andra katter.<br \/>\nAndra kattraser som burmeser, exotiska korth\u00e5rskatter, manxes, perser och russian blues har ocks\u00e5 visat sig vara mer mottagliga f\u00f6r FIP p\u00e5 grund av genetik och \u00f6kad exponering i avelsprogram.<br \/>\nMan tror att vissa genetiska faktorer hos perserkatter (och deras tillh\u00f6rande raser) g\u00f6r att de har n\u00e5got s\u00e4mre f\u00f6rm\u00e5ga \u00e4n andra kattarter att kontrollera det virus som orsakar FIP, vilket g\u00f6r dem mer infektionsk\u00e4nsliga om de kommer i kontakt med det.<br \/>\nDet finns bevis som tyder p\u00e5 att perserkatter b\u00e4r p\u00e5 &#8221;predisponerande alleler&#8221; f\u00f6r detta tillst\u00e5nd, vilket g\u00f6r dem s\u00e5rbara n\u00e4r de uts\u00e4tts f\u00f6r det virus som orsakar FIP, vilket inneb\u00e4r att \u00e4gare till dessa orienterade raser m\u00e5ste vidta \u00e5tg\u00e4rder f\u00f6r att ge ett b\u00e4ttre f\u00f6rsvar mot dess spridning bland medlemmar i hush\u00e5ll med flera katter.      <\/p>\n<h3>Tr\u00e5nga boendef\u00f6rh\u00e5llanden:<\/h3>\n<p>  Katter som lever i tr\u00e5nga eller stressiga milj\u00f6er l\u00f6per st\u00f6rre risk att komma i kontakt med det felina coronaviruset, vilket kan leda till infektion och senare utveckling av FIP.<br \/>\nN\u00e5gra riskfaktorer som h\u00e4nger samman med att katter lever tr\u00e5ngt \u00e4r n\u00e4rheten till andra katter, delade resurser (t.ex. matsk\u00e5lar, kattl\u00e5dor och s\u00e4ngar) och ett f\u00f6rsvagat immunsystem p\u00e5 grund av stress.<br \/>\nExponering f\u00f6r andra katter \u00e4r en viktig faktor f\u00f6r smittspridning eftersom infekterade katter uts\u00f6ndrar virus i saliv eller avf\u00f6ring.<br \/>\nN\u00e4ra kontakt mellan katter g\u00f6r att viruset l\u00e4ttare kan spridas.<br \/>\nI hush\u00e5ll med flera katter och p\u00e5 katthem \u00e4r det viktigt att minska risken f\u00f6r smittspridning genom att fr\u00e4mja goda hygienrutiner som att desinficera ytor med hush\u00e5llsreng\u00f6ringsmedel och tv\u00e4tta h\u00e4nderna regelbundet n\u00e4r man klappar olika kattdjur.      <\/p>\n<h3>Genetik:<\/h3>\n<p>  Vissa katter kan ha en genetisk predisposition som g\u00f6r dem mer mottagliga f\u00f6r att utveckla FIP.<br \/>\nDetta kan vara relaterat till deras immunsystem eller deras f\u00f6rm\u00e5ga att kontrollera det felina coronaviruset.<br \/>\nEn katts genetiska upps\u00e4ttning kan g\u00f6ra den mer s\u00e5rbar f\u00f6r infektion, antingen genom att g\u00f6ra den of\u00f6rm\u00f6gen att k\u00e4nna igen och bek\u00e4mpa invaderande viruspartiklar eller genom att g\u00f6ra cellmembranen mindre motst\u00e5ndskraftiga mot viruset.<br \/>\nDe kan ocks\u00e5 g\u00f6ra vissa celler hos katter mottagliga f\u00f6r ett immunsvar som utl\u00f6ser inflammation som leder till ytterligare v\u00e4vnadsskada.<br \/>\nVissa katter kan dessutom sakna f\u00f6rm\u00e5ga att kontrollera replikationen av den farliga felina coronavirusstammen som f\u00f6rknippas med FIP, vilket \u00f6kar deras ben\u00e4genhet att utveckla detta tillst\u00e5nd.      <\/p>\n<h3>Stress:<\/h3>\n<p>  Stress p\u00e5verkar katters immunf\u00f6rsvar negativt och minskar deras f\u00f6rm\u00e5ga att bek\u00e4mpa infektioner.<br \/>\nKatter kan bli stressade n\u00e4r de upplever en betydande f\u00f6r\u00e4ndring i sin milj\u00f6 eller sina rutiner &#8211; som n\u00e4r de flyttar eller f\u00e5r ett nytt husdjur.<br \/>\nN\u00e4r en katt uts\u00e4tts f\u00f6r stressfaktorer fris\u00e4tter kroppen hormoner som h\u00e4mmar produktionen och funktionen hos vissa immunceller.<br \/>\nDetta leder till att kattens immunsystem f\u00f6rs\u00e4mras, vilket g\u00f6r den mer mottaglig inte bara f\u00f6r FIP utan \u00e4ven f\u00f6r andra sjukdomar, t.ex. s\u00e5dana som orsakas av parasiter och bakterier.<br \/>\nDet \u00e4r viktigt att katt\u00e4gare \u00e4r medvetna om hur stress kan f\u00f6rs\u00e4mra kattens immunf\u00f6rsvar och att de vidtar \u00e5tg\u00e4rder f\u00f6r att mildra effekterna n\u00e4r det \u00e4r m\u00f6jligt.<br \/>\nOm du till exempel introducerar ett nytt husdjur eller en ny familjemedlem i din hemmilj\u00f6 \u00e4r det b\u00e4st att du g\u00f6r det gradvis &#8211; s\u00e5 att dina befintliga husdjur f\u00e5r tid att anpassa sig l\u00e5ngsamt utan att uts\u00e4tta sig f\u00f6r alltf\u00f6r mycket press.       <\/p>\n<h3>Immunsystemets status:<\/h3>\n<p>  FeLV och FIV \u00e4r virusinfektioner som drabbar katter och som b\u00e5da angriper kattens immunsystem.<br \/>\nKatter med f\u00f6rsvagat immunf\u00f6rsvar p\u00e5 grund av n\u00e5got av virusen har d\u00e4rf\u00f6r ofta sv\u00e5rt att bek\u00e4mpa andra sjukdomar, d\u00e4ribland FIP.<br \/>\nKatter med underliggande sjukdomar som FeLV eller FIV kan ha s\u00e4mre f\u00f6rm\u00e5ga att effektivt motverka coronavirusinfektion n\u00e4r de uts\u00e4tts f\u00f6r den och l\u00f6per st\u00f6rre risk att utveckla sjukdomen.<br \/>\nUndern\u00e4rda katter l\u00f6per ocks\u00e5 st\u00f6rre risk att utveckla FIP.     <\/p>\n<h2>S\u00e4tt att f\u00f6rebygga FIP<\/h2>\n<p>  Katt\u00e4gare kan bidra till att minska risken f\u00f6r att deras <a href=\"\/?page_id=891\" target=\"_blank\" rel=\"noopener\">katter drabbas av FIP genom att se till att de vaccineras regelbundet<\/a>, fr\u00e4mja ett h\u00e4lsosamt immunsystem och vidta l\u00e4mpliga hygien- och sanitets\u00e5tg\u00e4rder.  <\/p>\n<h3>Vaccination<\/h3>\n<p>  Vaccination \u00e4r ett av de viktigaste s\u00e4tten att minska risken f\u00f6r att en katt ska drabbas av FIP.<br \/>\nDet finns vaccin som skyddar mot det felina coronaviruset (FCoV), som kan orsaka FIP hos katter.<br \/>\nDessa vacciner kanske inte \u00e4r helt effektiva n\u00e4r det g\u00e4ller att f\u00f6rhindra infektion, men de kan minska risken f\u00f6r att en utsatt katt utvecklar klinisk sjukdom och f\u00e5r allvarliga symtom som f\u00f6rknippas med FIP.<br \/>\nDet \u00e4r viktigt att notera att vissa katter redan kan ha antikroppar fr\u00e5n tidigare exponering och sannolikt kommer att vara resistenta mot vaccinering; katter som \u00e4r seronegativa f\u00f6r FCoV vid vaccinationstillf\u00e4llet verkar dock vara mycket mindre ben\u00e4gna att uppleva eller visa betydande symtom om de blir infekterade l\u00e4ngre fram.     <\/p>\n<h3>Fr\u00e4mjar ett h\u00e4lsosamt immunsystem<\/h3>\n<p>  Att h\u00e5lla kattens immunsystem friskt kan bidra till att f\u00f6rebygga FIP.<br \/>\nR\u00e4tt n\u00e4ring \u00e4r viktigt f\u00f6r att fr\u00e4mja god h\u00e4lsa och ett starkt immunf\u00f6rsvar.<br \/>\nKatter b\u00f6r utfodras med h\u00f6gkvalitativ, artanpassad kost som \u00e4r fri fr\u00e5n fyllmedel och biprodukter.<br \/>\nAtt begr\u00e4nsa m\u00e4ngden torrfoder i kosten kan ocks\u00e5 bidra till att minska inflammation som orsakas av kolhydrater i kosten, liksom andra sjukdomar som \u00e4r kopplade till d\u00e5lig kosth\u00e5llning, s\u00e5som fetma, diabetes och urinv\u00e4gsinfektioner (UVI).<br \/>\nRegelbundna fysiska unders\u00f6kningar hos din veterin\u00e4r kan s\u00e4kerst\u00e4lla att ditt husdjur h\u00e5ller sig friskt och att eventuella h\u00e4lsoproblem identifieras tidigt.<br \/>\nRegelbundna vaccinationer mot vanliga kattsjukdomar som valpsjuka och rabies minimerar ocks\u00e5 risken f\u00f6r infektioner som \u00e4r f\u00f6rknippade med dessa sjukdomar.<br \/>\nOm katter lever i en milj\u00f6 som \u00e4r utsatt f\u00f6r stress eller \u00f6verbel\u00e4ggning &#8211; t.ex. i hush\u00e5ll med flera katter eller p\u00e5 djurhem och r\u00e4ddningsanl\u00e4ggningar &#8211; kan det vara bra att f\u00f6rs\u00f6ka tillhandah\u00e5lla leksaker och kl\u00f6sbr\u00e4dor f\u00f6r berikning tillsammans med tillr\u00e4ckligt med utrymme mellan varje djur.        <\/p>\n<h3>\u00c5tg\u00e4rder f\u00f6r hygien och sanitet<\/h3>\n<p>  Det \u00e4r viktigt att katt\u00e4gare \u00e4r s\u00e4rskilt noga med att vidta hygien- och sanitets\u00e5tg\u00e4rder runt sina katter f\u00f6r att minska risken f\u00f6r FIP.<br \/>\nRegelbunden reng\u00f6ring av kattl\u00e5dor, mat- och vattensk\u00e5lar, s\u00e4ngkl\u00e4der, ytor, leksaker och transportburar bidrar till att minimera kontakten med viruset.<br \/>\nBra handtv\u00e4tt efter hantering av potentiellt kontaminerade f\u00f6rem\u00e5l minskar ocks\u00e5 risken f\u00f6r \u00f6verf\u00f6ring.<br \/>\nI hush\u00e5ll med flera husdjur eller p\u00e5 katthem kan det vara bra att ha s\u00e4rskilda utrymmen som endast anv\u00e4nds av enskilda katter f\u00f6r att undvika korskontaminering.<br \/>\nN\u00e4r du tar hand om en sjuk katt ska du anv\u00e4nda eng\u00e5ngshandskar vid alla kontakter tills behandlingen \u00e4r avslutad.<br \/>\nAtt h\u00e5lla dessa omr\u00e5den rena fr\u00e5n avf\u00f6ring och annat skr\u00e4p samt att erbjuda f\u00e4rsk mat kan ytterligare minska spridningen av infektioner fr\u00e5n ett husdjur till ett annat.       <\/p>\n<h2>Slutsats<\/h2>\n<p>  Felin infekti\u00f6s peritonit (FIP) \u00e4r en allvarlig virussjukdom hos katter som det inte finns n\u00e5got k\u00e4nt botemedel mot.<br \/>\nFIP orsakas vanligtvis av en muterad stam av det felina coronaviruset och \u00e4r ofta d\u00f6dlig och kan drabba katter i alla \u00e5ldrar och raser.<br \/>\nF\u00f6r att minska risken f\u00f6r att din katt ska drabbas av detta f\u00f6rsvagande virus rekommenderas vaccination samt \u00e5tg\u00e4rder f\u00f6r att fr\u00e4mja ett h\u00e4lsosamt immunsystem och uppr\u00e4tth\u00e5lla god hygien och sanitet.<br \/>\nI slut\u00e4ndan \u00e4r det viktigt att vara medveten om att \u00e4ven om vi kanske aldrig kommer att utrota FIP helt och h\u00e5llet, s\u00e5 kan sunda f\u00f6rebyggande \u00e5tg\u00e4rder hj\u00e4lpa till att skydda din katt fr\u00e5n infektion &#8211; vilket b\u00e5de besparar dem lidande och potentiellt r\u00e4ddar deras liv.<\/p>\n","protected":false},"excerpt":{"rendered":"<p>Hur f\u00e5r katter FIP? Felint coronavirus (FCoV) \u00e4r den fr\u00e4msta orsaken till FIP hos katter, \u00e4ven om andra smittv\u00e4gar \u00e4r m\u00f6jliga. Felint coronavirus (FCoV) Felint coronavirus (FCoV) \u00e4r en vanlig virusinfektion bland katter som vanligtvis inte orsakar n\u00e5gra symtom eller bara kan f\u00f6rknippas med mild diarr\u00e9. Det \u00e4r mycket smittsamt och kan spridas genom direkt [&hellip;]<\/p>\n","protected":false},"author":1,"featured_media":22617,"parent":0,"menu_order":0,"comment_status":"closed","ping_status":"closed","template":"","meta":{"_glsr_average":0,"_glsr_ranking":0,"_glsr_reviews":0,"footnotes":""},"categories":[858],"tags":[],"_links":{"self":[{"href":"https:\/\/fipmed.co\/sv\/wp-json\/wp\/v2\/pages\/22616"}],"collection":[{"href":"https:\/\/fipmed.co\/sv\/wp-json\/wp\/v2\/pages"}],"about":[{"href":"https:\/\/fipmed.co\/sv\/wp-json\/wp\/v2\/types\/page"}],"author":[{"embeddable":true,"href":"https:\/\/fipmed.co\/sv\/wp-json\/wp\/v2\/users\/1"}],"replies":[{"embeddable":true,"href":"https:\/\/fipmed.co\/sv\/wp-json\/wp\/v2\/comments?post=22616"}],"version-history":[{"count":0,"href":"https:\/\/fipmed.co\/sv\/wp-json\/wp\/v2\/pages\/22616\/revisions"}],"wp:featuredmedia":[{"embeddable":true,"href":"https:\/\/fipmed.co\/sv\/wp-json\/wp\/v2\/media\/22617"}],"wp:attachment":[{"href":"https:\/\/fipmed.co\/sv\/wp-json\/wp\/v2\/media?parent=22616"}],"wp:term":[{"taxonomy":"category","embeddable":true,"href":"https:\/\/fipmed.co\/sv\/wp-json\/wp\/v2\/categories?post=22616"},{"taxonomy":"post_tag","embeddable":true,"href":"https:\/\/fipmed.co\/sv\/wp-json\/wp\/v2\/tags?post=22616"}],"curies":[{"name":"wp","href":"https:\/\/api.w.org\/{rel}","templated":true}]}}