{"id":22622,"date":"2023-11-06T06:56:11","date_gmt":"2023-11-06T06:56:11","guid":{"rendered":"https:\/\/fipmed.co\/ar-fip-smittsamt-hur-overfors-fip\/"},"modified":"2023-11-06T06:56:11","modified_gmt":"2023-11-06T06:56:11","slug":"ar-fip-smittsamt-hur-overfors-fip","status":"publish","type":"page","link":"https:\/\/fipmed.co\/sv\/ar-fip-smittsamt-hur-overfors-fip\/","title":{"rendered":"\u00c4r FIP smittsamt: Hur \u00f6verf\u00f6rs FIP?"},"content":{"rendered":"<p>\u00c4r FIP smittsamt?<br \/>\n\u00c4ven om FIP inte \u00e4r lika smittsamt som vissa andra kattsjukdomar \u00e4r det fortfarande ett infekti\u00f6st virus och alla katt\u00e4gare b\u00f6r vara medvetna om de potentiella riskerna.   <\/p>\n<h3>Felin infekti\u00f6s peritonit (FIP) anses i allm\u00e4nhet vara mindre smittsam \u00e4n vissa andra vanliga infektionssjukdomar hos kattdjur<\/h3>\n<p>  I j\u00e4mf\u00f6relse med andra infektionssjukdomar som katter kan vara utsatta f\u00f6r \u00e4r sannolikheten f\u00f6r att FIP ska \u00f6verf\u00f6ras l\u00e4gre.<br \/>\nFelin infekti\u00f6s peritonit (FIP) orsakas av infektion med felint coronavirus (FCoV).<br \/>\n\u00c4ven om detta virus \u00e4r smittsamt och kan spridas fr\u00e5n katt till katt anses det i allm\u00e4nhet vara mindre smittsamt \u00e4n de som \u00e4r relaterade till \u00f6vre luftv\u00e4gsinfektioner eller den s\u00e4rskilt d\u00f6dliga panleukopeni.<br \/>\nDet b\u00f6r ocks\u00e5 noteras att FIP inte drabbar alla katter \u00e4ven om de uts\u00e4tts f\u00f6r det; faktorer som \u00e5lder, ras, genetik, stressniv\u00e5er och en rad andra faktorer p\u00e5verkar hur sannolikt det \u00e4r att de utvecklar sjukdomen efter exponering.     <\/p>\n<h2>Typer av FIP-virus<\/h2>\n<p>  Felin infekti\u00f6s peritonit (FIP) orsakas av tv\u00e5 olika virus, det felina enteriska coronaviruset (FECV) och det felina coronaviruset typ 2 (FCoV).  <\/p>\n<h3>FECV<\/h3>\n<p>  Felint coronavirus (FCoV) \u00e4r ett mycket smittsamt virus som f\u00f6rknippas med felin infekti\u00f6s peritonit (FIP).<br \/>\nDet kan uts\u00f6ndras i avf\u00f6ringen fr\u00e5n <a href=\"\/?page_id=899\" target=\"_blank\" rel=\"noopener\">infekterade katter<\/a> och smittan sker oftast genom direktkontakt med dessa sekret eller ytor som inneh\u00e5ller dem.<br \/>\nDetta g\u00f6r den mogen f\u00f6r spridning via fomit\u00f6verf\u00f6ring, eller \u00f6verf\u00f6ring av mikrober mellan ytor och fingrar till munnar.<br \/>\nF\u00f6r att minska din katts s\u00e5rbarhet f\u00f6r infektion fr\u00e5n FCoV b\u00f6r du alltid ha goda hygienvanor.<br \/>\nN\u00e4r det \u00e4r m\u00f6jligt, f\u00f6rs\u00f6k ocks\u00e5 att minimera stressniv\u00e5erna &#8211; h\u00e5ll flera katter i separata rum om det beh\u00f6vs &#8211; eftersom studier har visat att katter under h\u00f6gre stressniv\u00e5er \u00e4r mer ben\u00e4gna att f\u00e5 sjukdomar som FIP p\u00e5 grund av deras nedsatta immunf\u00f6rsvar.      <\/p>\n<h3>FCoV<\/h3>\n<p>  Felint coronavirus, vanligen kallat FCoV, \u00e4r en smittsam viruspatogen som tillh\u00f6r familjen Coronaviridae.<br \/>\n\u00c4ven om FCoV \u00e4r en relativt vanlig orsak till mild och sj\u00e4lvbegr\u00e4nsande mag-tarmsjukdom hos katter kan det uts\u00f6ndras intermittent av infekterade katter under flera m\u00e5nader eller till och med \u00e5r.<br \/>\nViruset har l\u00e5g artspecificitet, vilket inneb\u00e4r att andra djur, t.ex. hundar eller vilda djur, ocks\u00e5 kan vara mottagliga f\u00f6r infektion fr\u00e5n detta virus.<br \/>\nFCoV sprids oftast genom direktkontakt mellan tv\u00e5 katter, d\u00e4r den symptomfria smittb\u00e4raren omedvetet \u00f6verf\u00f6r sjukdomen till en annan katt.<br \/>\nViruset kan ocks\u00e5 komma in indirekt via f\u00f6rorenade f\u00f6rem\u00e5l som mat- och vattensk\u00e5lar eller leksaker som delas av flera katter som bor under samma tak.<br \/>\nDet \u00e4r \u00e4ven m\u00f6jligt att partiklar i andningsutrymmet, t.ex. p\u00e4lsmj\u00e4ll och andningsv\u00e4tskor som inneh\u00e5ller stora m\u00e4ngder viruspartiklar, kan sprida smitt\u00e4mnen om de andas in av katter i omgivningen.       &nbsp;<\/p>\n<h2>H\u00e4r \u00e4r en allm\u00e4n j\u00e4mf\u00f6relse av FIP:s smittsamhet med n\u00e5gra andra infektionssjukdomar hos katter:<\/h2>\n<p>  FIP anses generellt vara mindre smittsamt \u00e4n panleukopeni, \u00f6vre luftv\u00e4gsinfektioner, FIV och FeLV.  <\/p>\n<h3>Felin panleukopeni (felin distemper)<\/h3>\n<p>  Felin panleukopeni, \u00e4ven k\u00e4nd som kattpest, \u00e4r en smittsam virusinfektion hos katter som orsakas av felint parvovirus.<br \/>\nDen drabbar fr\u00e4mst kattungar och ovaccinerade katter men kan infektera katter i alla \u00e5ldrar och av alla raser.<br \/>\nViruset finns i alla uts\u00f6ndringar, s\u00e4rskilt i avf\u00f6ringen, vilket inneb\u00e4r att det mycket l\u00e4tt kan \u00f6verf\u00f6ras fr\u00e5n katt till katt genom direkt eller indirekt kontakt.<br \/>\nKliniska tecken varierar beroende p\u00e5 virusstam och den drabbade kattens \u00e5lder, men symtomen kan omfatta: feber eller l\u00e5g temperatur, letargi\/depression, aptitl\u00f6shet och kr\u00e4kningar, d\u00e4r diarr\u00e9 med blod \u00e4r vanliga indikatorer p\u00e5 FPlV-infektioner.<br \/>\nI vissa fall kan det till och med vara d\u00f6dligt om det inte diagnostiseras korrekt och behandlas omedelbart.<br \/>\nDetta tillst\u00e5nd ska inte f\u00f6rv\u00e4xlas med Felin infekti\u00f6s peritonit (FIP), \u00e4ven om de har liknande symtom \u00e4r det tv\u00e5 olika virus som p\u00e5verkar katter p\u00e5 olika s\u00e4tt.       <\/p>\n<h3>Infektioner i \u00f6vre luftv\u00e4garna<\/h3>\n<p>  \u00d6vre luftv\u00e4gsinfektioner (URI) \u00e4r den vanligaste infektionssjukdomen hos katter.<br \/>\nPrecis som andra sjukdomar kan URI orsakas av ett antal virus och bakterier, bland annat calicivirus, herpesvirus, adenovirus, Bordetella bronchiseptica och Chlamydophila felis.<br \/>\nSymtomen kan vara nysningar eller hosta, n\u00e4st\u00e4ppa eller n\u00e4sfl\u00f6de, \u00f6gonrodnad eller \u00f6gonfl\u00f6de, aptitl\u00f6shet, feber, letargi, s\u00e5r i mun och svalg samt uttorkning.<br \/>\nFelint leukemivirus (FeLV) \u00e4r mer s\u00e4llsynt \u00e4n andra \u00f6vre luftv\u00e4gsinfektioner och f\u00f6rknippas ibland med denna infektion, \u00e4ven om det i sig inte orsakar n\u00e5gra symtom.<br \/>\nDet vanligaste s\u00e4ttet f\u00f6r katter att f\u00e5 en \u00f6vre luftv\u00e4gsinfektion \u00e4r genom kontakt med en annan infekterad katt, antingen direkt eller indirekt &#8211; t.ex. genom att de putsar varandra n\u00e4r de leker eller delar matsk\u00e5lar\/s\u00e4ngkl\u00e4der &#8211; men luftburen smitta fr\u00e5n f\u00f6rorenade f\u00f6rem\u00e5l, t.ex. vindbl\u00e5sta dammpartiklar som b\u00e4r p\u00e5 smitt\u00e4mnet, kan ocks\u00e5 f\u00f6rekomma.      <\/p>\n<h3>FIV-virus (Feline Immunodeficiency Virus) och FeLV-virus (Feline Leukemia Virus)<\/h3>\n<p>  Det \u00e4r tv\u00e5 retrovirus som angriper kattceller som \u00e4r involverade i immunf\u00f6rsvaret och g\u00f6r katter mer mottagliga f\u00f6r andra infektioner.<br \/>\nFIV sprids oftast genom djupa bits\u00e5r, medan FeLV huvudsakligen \u00f6verf\u00f6rs fr\u00e5n moder till kattunge eller genom saliv och n\u00e4ssekret.<br \/>\nB\u00e5da virusen kan orsaka nedsatt immunf\u00f6rsvar, vilket leder till en \u00f6kad risk f\u00f6r ih\u00e5llande och \u00e5terkommande opportunistiska infektioner, t.ex. S kinneria turicensis, Bartonella henselae, stomatitvirus (FHV) och kalcivilit.<br \/>\nDe \u00e4r b\u00e5da k\u00e4nda f\u00f6r att orsaka immunbristsyndrom (liknande HIV\/Aids hos m\u00e4nniskor), vilket minskar katters naturliga immunitet mot sjukdomar som cancer och bakteriella sjukdomar.     &nbsp;<\/p>\n<h2>Hur smittar FIP?<\/h2>\n<p>  FIP sprids vanligen genom direkt kontakt, indirekt kontakt, fekal-oral v\u00e4g och droppar i luftv\u00e4garna.<br \/>\nL\u00e4s mer f\u00f6r att b\u00e4ttre f\u00f6rst\u00e5 hur din katt kan p\u00e5verkas och vidta f\u00f6rsiktighets\u00e5tg\u00e4rder!   <\/p>\n<h3>Direkt kontakt<\/h3>\n<p>  Direktkontakt \u00e4r det enklaste och vanligaste s\u00e4ttet f\u00f6r <a href=\"\/?page_id=870\" target=\"_blank\" rel=\"noopener\">katter att smittas av FIP<\/a>.<br \/>\nGenom direktkontakt, t.ex. \u00f6msesidig putsning och delning av matsk\u00e5l eller kattl\u00e5da, kan en infekterad katt \u00f6verf\u00f6ra sitt virus direkt till en annan.<br \/>\nKatter kan ocks\u00e5 smittas genom n\u00e4rmare fysisk kontakt, t.ex. genom att kela med \u00e4gare som nyligen varit i kontakt med katter som \u00e4r k\u00e4nda f\u00f6r att b\u00e4ra p\u00e5 FCoV.<br \/>\nEn annan viktig faktor \u00e4r nysningar som sprider FCoV fr\u00e5n en katt till en annan.<br \/>\n\u00c4ven om denna form av \u00f6verf\u00f6ring \u00e4r mindre vanlig j\u00e4mf\u00f6rt med andra infektioner, \u00e4r det fortfarande ett av s\u00e4tten att sprida infektioner mellan djur.<br \/>\nDet \u00e4r d\u00e4rf\u00f6r viktigt att djur\u00e4gare l\u00e4r sina husdjur att sk\u00f6ta hygienen och alltid \u00e4r uppm\u00e4rksamma n\u00e4r de gosar med sina kattungar.       <\/p>\n<h3>Indirekt kontakt<\/h3>\n<p>  Indirekt kontakt kan spela en viktig roll i \u00f6verf\u00f6ringen av Feline Infectious Peritonitis (FIP).<br \/>\nDetta avser kontakt med kontaminerade ytor eller f\u00f6rem\u00e5l som har ber\u00f6rts av en infekterad katt, s\u00e5 kallade fomiter.<br \/>\nFomiter som kl\u00e4der, leksaker och sk\u00f6tselutrustning kan f\u00f6rorena kattens p\u00e4ls och b\u00e4ra p\u00e5 viruset under en kort tid innan det f\u00f6rsvinner fr\u00e5n dessa ytor.<br \/>\nEftersom katter ofta putsar sig sj\u00e4lva och andra katter riskerar de att smittas p\u00e5 detta s\u00e4tt \u00e4ven om det inte har f\u00f6rekommit n\u00e5gon direktkontakt mellan dem.<br \/>\nViruset kan inte bara \u00f6verf\u00f6ras indirekt genom kontakt med v\u00e5ta material som vattensk\u00e5lar, utan torra material som s\u00e4ngkl\u00e4der kan ocks\u00e5 fungera som smittb\u00e4rare om saliv eller avf\u00f6ring som inneh\u00e5ller partiklar har kommit i kontakt med en yta som sedan vidr\u00f6rs av en annan katt.<br \/>\nHush\u00e5ll med flera katter eller tr\u00e5nga milj\u00f6er kan vara s\u00e4rskilt utsatta f\u00f6r indirekt \u00f6verf\u00f6ring av viruset eftersom det finns m\u00e5nga ytor som ofta kan kontamineras.       <\/p>\n<h3>Fekal-orala v\u00e4gen<\/h3>\n<p>  Den fekala-orala v\u00e4gen \u00e4r ett av de vanligaste s\u00e4tten f\u00f6r \u00f6verf\u00f6ring av FIP hos katter.<br \/>\nFelint coronavirus (FCoV) finns i infekterade katters saliv, men sprids fr\u00e4mst genom kontakt med avf\u00f6ring som f\u00f6rorenats av en infekterad katt.<br \/>\nDenna typ av \u00f6verf\u00f6ring sker n\u00e4r en oinfekterad katt \u00e4ter material som har kommit i kontakt med viruskomplexet fr\u00e5n en kattl\u00e5da eller annan yta, t.ex. matsk\u00e5lar och s\u00e4ngkl\u00e4der.<br \/>\nP\u00e5 grund av dess smittsamma natur \u00f6kar risken f\u00f6r \u00f6verf\u00f6ring i tr\u00e5nga boendef\u00f6rh\u00e5llanden p\u00e5 grund av h\u00f6ga niv\u00e5er av fekal f\u00f6rorening.<br \/>\nI hush\u00e5ll med flera katter b\u00f6r \u00e4garna separera katterna och ge dem individuell v\u00e5rd och uppm\u00e4rksamhet n\u00e4r det \u00e4r m\u00f6jligt.<br \/>\nDet inneb\u00e4r att varje katt ska ha sin egen kattl\u00e5da som \u00e4r l\u00e4tt att komma \u00e5t och reng\u00f6ra efter anv\u00e4ndning.<br \/>\nDet \u00e4r ocks\u00e5 viktigt att komma ih\u00e5g att inte bara reng\u00f6ra regelbundet utan ocks\u00e5 desinficera ytor som anv\u00e4nds av alla katter i flerkattshush\u00e5ll varje vecka f\u00f6r att minska risken f\u00f6r att smittan sprids vidare.        <\/p>\n<h3>Droppar i andningsv\u00e4garna<\/h3>\n<p>  FIP sprids s\u00e4llan genom nysningar eller hostningar i luftv\u00e4garna.<br \/>\nViruset kan bli luftburet och f\u00f6rorena kattens omgivande milj\u00f6, men det kr\u00e4vs n\u00e4ra kontakt f\u00f6r att det ska \u00f6verf\u00f6ras fr\u00e5n ett djur till ett annat.<br \/>\nKatter som lever i tr\u00e5nga f\u00f6rh\u00e5llanden, t.ex. p\u00e5 katthem eller i kolonier, l\u00f6per st\u00f6rre risk att smittas av <a href=\"\/?page_id=891\" target=\"_blank\" rel=\"noopener\">FIP p\u00e5 detta s\u00e4tt<\/a> eftersom djuren \u00e4r s\u00e5 n\u00e4ra varandra.<br \/>\nN\u00e4r m\u00e4nniskor hanterar smittsamma katter m\u00e5ste de iaktta god personlig hygien, s\u00e4rskilt n\u00e4r de nyser och hostar i n\u00e4rheten av andra katter som har l\u00e4gre immunitetsniv\u00e5er och kan vara mer ben\u00e4gna att f\u00e5 FIP.<br \/>\nAlternativt kan man ocks\u00e5 minska smittspridningen genom att anv\u00e4nda effektiva desinfektionsmetoder och regelbundet sterilisera omr\u00e5den som uts\u00e4tts f\u00f6r infekterat material, t.ex. s\u00e4ngkl\u00e4der, disk, avfall etc.      <\/p>\n<h2>Faktorer som p\u00e5verkar hur ben\u00e4gen din katt \u00e4r att drabbas av FIP<\/h2>\n<p>  \u00c5lder, ras, levnadsf\u00f6rh\u00e5llanden, genetik, stress och immunsystemets status kan alla p\u00e5verka risken f\u00f6r <a href=\"\/?page_id=6094\" target=\"_blank\" rel=\"noopener\">FIP hos katter<\/a>.  <\/p>\n<h3>\u00c5lder<\/h3>\n<p>  Katter under tv\u00e5 \u00e5r \u00e4r de som oftast drabbas av FIP, cirka 80 % av alla fall upptr\u00e4der hos katter i denna \u00e5ldersgrupp.<br \/>\nKattungar i \u00e5ldern 4-12 m\u00e5nader l\u00f6per st\u00f6rst risk att drabbas av FIP; n\u00e4stan h\u00e4lften av alla diagnostiserade katter tillh\u00f6r denna \u00e5ldersgrupp.<br \/>\n\u00c4ven yngre kattungar kan fortfarande vara s\u00e5rbara f\u00f6r virus\u00f6verf\u00f6ring p\u00e5 grund av deras outvecklade immunsystem och k\u00e4nslighet f\u00f6r stressfaktorer i milj\u00f6n.<br \/>\nDessutom kan vissa raser, t.ex. siameser eller burmeser, vara mer ben\u00e4gna att drabbas av FIP p\u00e5 grund av genetiska anlag, \u00e4ven om det inte enbart beror p\u00e5 rasen i sig.<br \/>\nGeparder har ocks\u00e5 en h\u00f6gre sannolikhet att utveckla felin infekti\u00f6s peritonit \u00e4n andra kattraser p\u00e5 grund av en brist i deras cellul\u00e4ra immunitet som g\u00f6r dem mycket mottagliga.      <\/p>\n<h3>Ras<\/h3>\n<p>  \u00c4gare till renrasiga katter m\u00e5ste vara s\u00e4rskilt medvetna om deras ben\u00e4genhet att drabbas av FIP.<br \/>\nRenrasiga katter l\u00f6per st\u00f6rre risk \u00e4n blandraskatter att drabbas av FIP p\u00e5 grund av en genetisk brist i deras cellul\u00e4ra immunf\u00f6rsvar, och vissa raser som cheetah, perser, bengal och skotsk fold \u00e4r s\u00e4rskilt utsatta.<br \/>\nDenna h\u00f6gre risk kan delvis tillskrivas hur dessa raser har utvecklats genom inavel med begr\u00e4nsad genetisk m\u00e5ngfald eller p\u00e5skyndade avelscykler, vilket medf\u00f6r en \u00f6kad s\u00e5rbarhet f\u00f6r allvarliga sjukdomar p\u00e5 grund av den \u00f6kade genduplicering som sker n\u00e4r homozygota genpar f\u00f6rekommer tillsammans hos enskilda djur.<br \/>\nP\u00e5 grund av den \u00f6kade risk som \u00e4r f\u00f6rknippad med renrasiga katter \u00e4r det viktigt att \u00e4gare till dessa katter &#8211; liksom de som tar hand om katter av andra raser &#8211; f\u00f6rst\u00e5r hur mottagliga deras husdjur \u00e4r s\u00e5 att de kan vidta l\u00e4mpliga f\u00f6rsiktighets\u00e5tg\u00e4rder och hantera deras h\u00e4lsa mer effektivt.<br \/>\nGenom att vaccinera din katt mot vanliga infektionssjukdomar som kattdistemper eller \u00f6vre luftv\u00e4gsinfektioner minskar risken f\u00f6r att den ska bli smittad; anpassa kostbehov efter motst\u00e5ndskraftsniv\u00e5er,texercise baserat p\u00e5 fysiska egenskaper; begr\u00e4nsa exponeringen genom att h\u00e5lla tr\u00e4ngselsituationer under kontroll etc.      <\/p>\n<h3>Tr\u00e5nga boendef\u00f6rh\u00e5llanden<\/h3>\n<p>  Tr\u00e5nga levnadsf\u00f6rh\u00e5llanden kan ha en enorm inverkan p\u00e5 katter och deras h\u00e4lsa.<br \/>\nTr\u00e4ngsel ger katterna ytterligare stress, vilket kan vara skadligt eftersom det f\u00f6rsvagar immunf\u00f6rsvaret med tiden och \u00f6kar sannolikheten f\u00f6r att f\u00e5 eller \u00f6verf\u00f6ra infektioner, inklusive Feline Infectious Peritonitis (FIP).<br \/>\nStress \u00e4r s\u00e4rskilt farligt hos unga kattungar som kanske inte har etablerat ett optimalt immunf\u00f6rsvar \u00e4nnu.<br \/>\nF\u00f6rutom de psykologiska konsekvenserna av \u00f6verbel\u00e4ggning kan den fysiska n\u00e4rheten mellan individer underl\u00e4tta direkt \u00f6verf\u00f6ring mellan katter via saliv genom slickning eller upphostning av f\u00f6rorenade luftv\u00e4gssekret.<br \/>\nDessutom \u00f6kar indirekt kontakt med infekti\u00f6st material, t.ex. avf\u00f6ring fr\u00e5n en infekterad katt p\u00e5 matsk\u00e5lar eller kl\u00f6sbr\u00e4dor som sedan anv\u00e4nds av oinfekterade katter, risken f\u00f6r ytterligare spridning av FIP i en tr\u00e5ng milj\u00f6 som katthem och kattpensionat.<br \/>\nAtt ha gott om utrymme f\u00f6r sin katt \u00e4r d\u00e4rf\u00f6r av st\u00f6rsta vikt n\u00e4r det g\u00e4ller att f\u00f6rb\u00e4ttra kattens allm\u00e4nna v\u00e4lbefinnande och \u00f6ka dess motst\u00e5ndskraft mot vanliga sjukdomar, inklusive FIP-infektion.       <\/p>\n<h3>Genetik<\/h3>\n<p>  Genetik spelar en roll vid felin infekti\u00f6s peritonit (FIP) och kan vara en viktig indikator f\u00f6r att avg\u00f6ra hur sjukdomen sprids.<br \/>\nStudier har visat att hankatter drabbas oftare \u00e4n honkatter, vilket understryker k\u00f6nets potentiella inverkan p\u00e5 utvecklingen av FIP och infektionsrisken.<br \/>\nBirma-katter har t.ex. starkt f\u00f6rknippats med vissa genetiska faktorer som \u00e4r relaterade till FIP.<br \/>\nKatter av b\u00e5de renrasig och slumpm\u00e4ssigt uppf\u00f6dd bakgrund kan vara mottagliga f\u00f6r att smittas av viruset genom coronaviruset eller \u00f6verf\u00f6ring fr\u00e5n en annan drabbad katt, men de som har gener som ibland f\u00f6rekommer inom specifika raser kan \u00f6verf\u00f6ra sin h\u00f6gre risk till avkomman.<br \/>\nOm en f\u00f6r\u00e4lder \u00e4r infekterad med en l\u00e4mplig typ av virus, t.ex. felint enteriskt coronavirus (FeCV), kan kattungarna potentiellt f\u00e5 en str\u00e4ng som senare kan leda till att <a href=\"\/?page_id=13322\" target=\"_blank\" rel=\"noopener\">de utvecklar FIP<\/a> \u00e4ven utan kontakt med andra infekterade djur.<br \/>\nEftersom \u00f6verf\u00f6ringen sker vid befruktningen finns det tyv\u00e4rr sm\u00e5 m\u00f6jligheter att f\u00f6rhindra att en ned\u00e4rvd gen orsakar skada, vilket leder till att djur\u00e4gare m\u00e5ste \u00f6verv\u00e4ga alternativa s\u00e4tt att skydda sina djur mot den h\u00e4r typen av sjukdomar.       <\/p>\n<h3>Stress<\/h3>\n<p>  Som katt\u00e4gare \u00e4r det viktigt att vara medveten om att stress kan bidra till utvecklingen av felin infekti\u00f6s peritonit (FIP).<br \/>\nN\u00e4r katter \u00e4r stressade p\u00e5 grund av omplacering, nyligen genomf\u00f6rd operation eller samtidiga infektioner f\u00f6rs\u00e4mras deras immunf\u00f6rsvar och de blir mer ben\u00e4gna att drabbas av FIP.<br \/>\nI en tr\u00e5ng boendemilj\u00f6 med flera katter i n\u00e4rheten kan stressniv\u00e5erna snabbt stiga, vilket ytterligare f\u00f6rsvagar immunf\u00f6rsvaret och \u00f6kar risken f\u00f6r FIP-infektion.<br \/>\nDet finns \u00e5tg\u00e4rder som du som ansvarsfull kattf\u00f6r\u00e4lder kan vidta f\u00f6r att minska risken f\u00f6r att ditt husdjur utvecklar FIP: se till att lugna familjemedlemmar har tillr\u00e4ckligt med utrymme s\u00e5 att de inte konkurrerar om resurserna; skapa en p\u00e5litlig daglig rutin &#8211; det hj\u00e4lper till att h\u00e5lla stressen borta; ge m\u00e5nga berikande aktiviteter som kl\u00f6sbr\u00e4dor och leksaker &#8211; de h\u00e5ller inte bara katterna fysiskt aktiva utan \u00e4ven mentalt; ge regelbundna bel\u00f6ningar som godis\/k\u00f6ttbitar f\u00f6r att visa uppskattning mellan individerna.<br \/>\nSlutligen, se till att du umg\u00e5s med ditt husdjur regelbundet &#8211; genom att ge k\u00e4rlek och uppm\u00e4rksamhet skapas ett band som minskar k\u00e4nslan av \u00f6vergivenhet, vilket i sin tur leder till mindre oro i form av stressymptom.      <\/p>\n<h3>Immunsystemets status<\/h3>\n<p>  Kattens immunf\u00f6rsvar spelar en viktig roll f\u00f6r utvecklingen av FIP.<br \/>\nKatter med f\u00f6rsvagat immunsystem l\u00f6per st\u00f6rre risk att drabbas av detta virus, medan katter med ett starkt och fungerande immunsystem kan ha en naturlig motst\u00e5ndskraft.<br \/>\n\u00c5lder \u00e4r en faktor som p\u00e5verkar kattens immunf\u00f6rsvar och risken f\u00f6r att utveckla FIP, eftersom \u00e4ldre katter i allm\u00e4nhet har ett svagare immunf\u00f6rsvar j\u00e4mf\u00f6rt med yngre katter, vilket \u00f6kar deras mottaglighet.<br \/>\nVissa raser har ocks\u00e5 varierande grad av inneboende styrka mot sjukdomsframkallande agens som FIP.<br \/>\nRenrasiga katter \u00e4r ofta genetiskt predisponerade f\u00f6r vissa sjukdomar, inklusive FIP, men vissa huskatter kan ocks\u00e5 vara resistenta p\u00e5 grund av genetik.<br \/>\nStress kan ocks\u00e5 s\u00e4nka immunf\u00f6rsvaret och g\u00f6ra det sv\u00e5rare f\u00f6r kattens kropp att bek\u00e4mpa infektioner som felin infekti\u00f6s peritonit; vad som kan tyckas vara sm\u00e5 ol\u00e4genheter eller f\u00f6r\u00e4ndringar kan kraftigt st\u00f6ra hush\u00e5llsrutinerna och utl\u00f6sa reliese i din p\u00e4lsbabys immunf\u00f6rsvarssystem vilket kan g\u00f6ra dem s\u00e5rbara.<br \/>\n\u00c4ven geparder som h\u00e5lls i f\u00e5ngenskap har visat sig vara utsatta f\u00f6r FIP p\u00e5 grund av en genetisk brist som h\u00e4mmar specifika komponenter i deras cellul\u00e4ra immunitet och g\u00f6r dem mycket mottagliga.        <\/p>\n<h2>Slutsats<\/h2>\n<p>  Felin infekti\u00f6s peritonit (FIP) anses i allm\u00e4nhet inte vara en mycket smittsam sjukdom, \u00e4ven om den kan spridas genom kontakt med avf\u00f6ring och via luftv\u00e4garna.<br \/>\nGoda hygienrutiner \u00e4r viktiga f\u00f6r att minska risken f\u00f6r FIP och stressreducering f\u00f6r katter \u00e4r ocks\u00e5 viktigt f\u00f6r att f\u00f6rhindra att viruset muterar.<br \/>\n\u00c4ven om FIP inte \u00e4r lika vanligt eller l\u00e4tt att sprida som andra kattsjukdomar \u00e4r det \u00e4nd\u00e5 n\u00e5got som \u00e4r v\u00e4rt att ta i beaktande f\u00f6r alla djur\u00e4gare som vill ha en f\u00f6rst\u00e5else f\u00f6r infektionen och dess potentiella risker.<\/p>\n","protected":false},"excerpt":{"rendered":"<p>\u00c4r FIP smittsamt? \u00c4ven om FIP inte \u00e4r lika smittsamt som vissa andra kattsjukdomar \u00e4r det fortfarande ett infekti\u00f6st virus och alla katt\u00e4gare b\u00f6r vara medvetna om de potentiella riskerna. Felin infekti\u00f6s peritonit (FIP) anses i allm\u00e4nhet vara mindre smittsam \u00e4n vissa andra vanliga infektionssjukdomar hos kattdjur I j\u00e4mf\u00f6relse med andra infektionssjukdomar som katter kan [&hellip;]<\/p>\n","protected":false},"author":1,"featured_media":22623,"parent":0,"menu_order":0,"comment_status":"closed","ping_status":"closed","template":"","meta":{"_glsr_average":0,"_glsr_ranking":0,"_glsr_reviews":0,"footnotes":""},"categories":[858],"tags":[],"_links":{"self":[{"href":"https:\/\/fipmed.co\/sv\/wp-json\/wp\/v2\/pages\/22622"}],"collection":[{"href":"https:\/\/fipmed.co\/sv\/wp-json\/wp\/v2\/pages"}],"about":[{"href":"https:\/\/fipmed.co\/sv\/wp-json\/wp\/v2\/types\/page"}],"author":[{"embeddable":true,"href":"https:\/\/fipmed.co\/sv\/wp-json\/wp\/v2\/users\/1"}],"replies":[{"embeddable":true,"href":"https:\/\/fipmed.co\/sv\/wp-json\/wp\/v2\/comments?post=22622"}],"version-history":[{"count":0,"href":"https:\/\/fipmed.co\/sv\/wp-json\/wp\/v2\/pages\/22622\/revisions"}],"wp:featuredmedia":[{"embeddable":true,"href":"https:\/\/fipmed.co\/sv\/wp-json\/wp\/v2\/media\/22623"}],"wp:attachment":[{"href":"https:\/\/fipmed.co\/sv\/wp-json\/wp\/v2\/media?parent=22622"}],"wp:term":[{"taxonomy":"category","embeddable":true,"href":"https:\/\/fipmed.co\/sv\/wp-json\/wp\/v2\/categories?post=22622"},{"taxonomy":"post_tag","embeddable":true,"href":"https:\/\/fipmed.co\/sv\/wp-json\/wp\/v2\/tags?post=22622"}],"curies":[{"name":"wp","href":"https:\/\/api.w.org\/{rel}","templated":true}]}}