{"id":22642,"date":"2022-12-02T07:50:40","date_gmt":"2022-12-02T07:50:40","guid":{"rendered":"https:\/\/fipmed.co\/naringstillskott-for-katter-med-fip\/"},"modified":"2022-12-02T07:50:40","modified_gmt":"2022-12-02T07:50:40","slug":"naringstillskott-for-katter-med-fip","status":"publish","type":"page","link":"https:\/\/fipmed.co\/sv\/naringstillskott-for-katter-med-fip\/","title":{"rendered":"N\u00e4ringstillskott f\u00f6r katter med FIP"},"content":{"rendered":"<p>Vi rekommenderar att du ger din katt vitaminer och kosttillskott f\u00f6r att h\u00e5lla njurarna och levern friska och starka under behandlingen av <a href=\"https:\/\/fipmed.co\/fip-treatment\/\" target=\"_blank\" rel=\"noopener\">FIP<\/a>.<br \/>\nFriska inre organ \u00f6kar kroppens f\u00f6rm\u00e5ga att motst\u00e5 infektioner och \u00e5terh\u00e4mta sig fr\u00e5n sjukdom.<br \/>\nDet finns f\u00f6r n\u00e4rvarande inga k\u00e4nda negativa biverkningar n\u00e4r vitaminer och n\u00e4ringstillskott f\u00f6r katter ges tillsammans med GS-441524 under FIP-behandlingar.    <\/p>\n<h2><strong>Vitaminer f\u00f6r katter<\/strong><\/h2>\n<p><a href=\"\/?page_id=907\" target=\"_blank\" rel=\"noopener\">Vitamin B12<\/a>: Subkutana B12-injektioner \u00e4r extremt s\u00e4kra att ge och kan ges till katter varje vecka f\u00f6r att bek\u00e4mpa anemi och st\u00f6dja immunf\u00f6rsvaret.<br \/>\nMed Pet Tinic eller en j\u00e4mf\u00f6rbar produkt kan daglig vitaminhj\u00e4lp ges.<br \/>\nB12 finns vanligtvis i livsmedel med animaliskt ursprung, t.ex. k\u00f6tt, fisk, \u00e4gg och lever.<br \/>\nEn katt med <a href=\"\/?page_id=14932\" target=\"_blank\" rel=\"noopener\">FIP<\/a> kommer dock snabbt att t\u00f6mma sina f\u00f6rr\u00e5d, vilket kr\u00e4ver p\u00e5fyllning.<br \/>\nProduktion och underh\u00e5ll av r\u00f6da blodkroppar underl\u00e4ttas av vitamin B12.      <\/p>\n<ul>\n<li>B12 bevarar h\u00e4lsan i det neurologiska systemet (nervceller och normal myelinisering &#8211; de fetth\u00f6ljen som t\u00e4cker och skyddar nerv\u00e4ndarna).<br \/>\nF\u00f6r nerv- och kognitiva processer \u00e4r det avg\u00f6rande. <\/li>\n<li>B12 uppr\u00e4tth\u00e5ller tarmarnas h\u00e4lsa f\u00f6r att s\u00e4kerst\u00e4lla adekvat matsm\u00e4ltning och absorption samt metabolism av fetter och kolhydrater.<\/li>\n<\/ul>\n<h2><strong>N\u00e4ringstillskott f\u00f6r katter med FIP<\/strong><\/h2>\n<p><strong>Gabapentin<\/strong>: Ett milt sm\u00e4rtstillande medel som kan tas oralt 60 till 90 minuter f\u00f6re injektionerna.<br \/>\nOm det administreras korrekt kommer det bara att tillf\u00e4lligt minska obehaget av injektionen utan att katten k\u00e4nner sig s\u00f6mnig eller sederad. <strong>Lidokainkr\u00e4m<\/strong>: Detta kan sm\u00f6rjas in p\u00e5 kattens hud 30 minuter innan injektionen med GS441 f\u00f6r att minska sticket.<br \/>\nAnv\u00e4nd bara lotionen utan aloe, eftersom katter \u00e4r extremt giftiga f\u00f6r aloe.<br \/>\n<strong>Bark<\/strong> av halmig alm: Sirap gjord p\u00e5 bark fr\u00e5n sl\u00e4ppery alm \u00e4r ett helt naturligt botemedel mot illam\u00e5ende, kr\u00e4kningar och andra tillst\u00e5nd.<br \/>\n<strong>Denamarin<\/strong>: Kattens levertillskott Denamarin Tablets \u00f6kar antioxidantniv\u00e5erna.<br \/>\n<strong>Silymarin (mj\u00f6lktistel):<\/strong> Anv\u00e4nd detta naturliga tillskott, som \u00e4r v\u00e4lk\u00e4nt f\u00f6r sin f\u00f6rm\u00e5ga att st\u00e4rka och bevara levern, f\u00f6r att f\u00f6rb\u00e4ttra din katts leverh\u00e4lsa.       <u>Vi rekommenderar att du vid behandling av FIP med GS411 ger din katt antingen Denamarin eller Silymarin f\u00f6r att ge maximalt leverst\u00f6d.<\/u><\/p>\n<h2><strong>Ge inte L-lysin till FIP-katter<\/strong><\/h2>\n<p>  \u00c4ven om L-lysin ofta anv\u00e4nds mot felint herpesvirus och f\u00f6r att st\u00e4rka immunf\u00f6rsvaret, har ny forskning visat att det inte har n\u00e5gra tydliga f\u00f6rdelar.<br \/>\nDessutom ska FCoV+-katter, katter som riskerar att utveckla FIP och katter med FIP inte ta L-lysin.   <\/p>\n<h2><strong>Moducare och immunf\u00f6rsvaret<\/strong><\/h2>\n<p>  Immunitet \u00e4r nyckeln.<br \/>\nDet b\u00e4sta skyddet mot alla sjukdomar \u00e4r ett starkt immunf\u00f6rsvar.<br \/>\nDet \u00e4r viktigt att bygga upp och bibeh\u00e5lla ett starkt immunf\u00f6rsvar.<br \/>\nN\u00e4r det beh\u00f6vs hj\u00e4lper Moducare till att justera immunsystemets svar.     <\/p>\n<h2><strong>Nutrition f\u00f6r katt med FIP<\/strong><\/h2>\n<p>  Ge FIP till katter n\u00e5gra sardeller, lax, sardiner eller annan omega-3-rik fisk \u00d6ka intaget av kattens kosts antiinflammatoriska omega 3-fettsyror.<br \/>\nRiktig fisk finns i konservburkar fr\u00e5n Applaws och Almo Nature.<br \/>\nVar dock uppm\u00e4rksam p\u00e5 risken f\u00f6r hypervitaminos A (\u00f6verdriven benbildning i lederna) och ta en ny titt p\u00e5 situationen efter 6 veckor om du utfodrar med f\u00f6r mycket \u00e4kta fisk.<br \/>\nKom ih\u00e5g att ge kattens v\u00e5rdnadshavare instruktioner om hur man gradvis byter ut fodret under en period av veckor; annars kommer katten att sluka det nya fodret i n\u00e5gra dagar innan den blir tr\u00f6tt p\u00e5 det och aldrig r\u00f6r det igen!<br \/>\nGe ett nytt foder till en m\u00e5ltid, \u00e5terg\u00e5 till kattens vanliga kost till de f\u00f6ljande m\u00e5ltiderna, ge sedan en liten m\u00e4ngd av det nya fodret igen, och s\u00e5 vidare, \u00f6ka gradvis frekvensen av de nya livsmedlen tills det blir rutin f\u00f6r katten att servera ett annat foder till varje m\u00e5ltid.<br \/>\nDet tar minst en m\u00e5nad att effektivt introducera nya m\u00e5ltider.<br \/>\nR\u00e5 kost som r\u00e5tt n\u00f6tk\u00f6tt \u00e4r ocks\u00e5 fullt av n\u00e4rings\u00e4mnen som en katt beh\u00f6ver.<br \/>\nGe r\u00e5tt k\u00f6tt (n\u00f6tk\u00f6tt \u00e4r det b\u00e4sta) varje m\u00e5ltid.<br \/>\nDet inneh\u00e5ller mycket antiinflammatoriska egenskaper och st\u00e4rker din katts immunf\u00f6rsvar.          <\/p>\n<h2><strong>Extra VITAMINER som kan ges till katt med FIP<\/strong><\/h2>\n<p><strong>Vitamin A <\/strong> (tillval) Vitamin A \u00e4r en antioxidant.<br \/>\nTillskott av vitamin A \u00e4r inte n\u00f6dv\u00e4ndigt f\u00f6r katter som ofta f\u00e5r riktiga fiskm\u00e5ltider.<br \/>\nBetakaroten kan inte metaboliseras av katter, s\u00e5 de m\u00e5ste f\u00e5 A-vitamin i form av fisk eller fiskolja, t.ex. h\u00e4lleflundra leverolja.<br \/>\nAtt inkludera riktig fisk i kosten snarare \u00e4n bara tillskott \u00e4r att f\u00f6redra.<br \/>\nHypervitaminos A kommer dock att leda till \u00f6verdriven benbildning i lederna, undvik d\u00e4rf\u00f6r att anv\u00e4nda det konsekvent l\u00e4ngre \u00e4n 4-6 veckor. <strong>Vitamin B-komplex <\/strong> (valfritt) Multivitamin B \u00e4r en bra aptitstimulerare som finns p\u00e5 apotek eller h\u00e4lsokostaff\u00e4rer.<br \/>\nTiamin, ett vitamin B1 (valfritt &#8211; om du inte ger B-komplex) som administreras oralt (dvs. genom munnen eller i maten). <strong>C-vitamin (askorbinsyra <\/strong> ) (valfritt) C-vitamin \u00e4r en antioxidant.<br \/>\nC-vitamin b\u00f6r endast anv\u00e4ndas under n\u00e5gra veckor eftersom det kan leda till oxalatkristaller i urinen om det tas under en l\u00e4ngre tid.<br \/>\nDos: 125 milligram administreras oralt eller genom mat tv\u00e5 g\u00e5nger dagligen.<br \/>\nMed allt detta i \u00e5tanke b\u00f6r katt\u00e4gare vara mer \u00f6ppna f\u00f6r id\u00e9n att ge kosttillskott till sina katter f\u00f6r att hj\u00e4lpa dem genom FIP-behandlingsprocessen, eftersom dessa olika kosttillskott kan hj\u00e4lpa deras katters h\u00e4lsa.<br \/>\nT\u00e4nk dock p\u00e5 att inte alla kosttillskott \u00e4r helt riskfria eftersom de kan ge olika resultat beroende p\u00e5 dosering och den enskilda kattens fysik.<\/p>\n","protected":false},"excerpt":{"rendered":"<p>Vi rekommenderar att du ger din katt vitaminer och kosttillskott f\u00f6r att h\u00e5lla njurarna och levern friska och starka under behandlingen av FIP. Friska inre organ \u00f6kar kroppens f\u00f6rm\u00e5ga att motst\u00e5 infektioner och \u00e5terh\u00e4mta sig fr\u00e5n sjukdom. Det finns f\u00f6r n\u00e4rvarande inga k\u00e4nda negativa biverkningar n\u00e4r vitaminer och n\u00e4ringstillskott f\u00f6r katter ges tillsammans med GS-441524 [&hellip;]<\/p>\n","protected":false},"author":11,"featured_media":22643,"parent":0,"menu_order":0,"comment_status":"closed","ping_status":"closed","template":"","meta":{"_glsr_average":0,"_glsr_ranking":0,"_glsr_reviews":0,"footnotes":""},"categories":[858],"tags":[859,916],"_links":{"self":[{"href":"https:\/\/fipmed.co\/sv\/wp-json\/wp\/v2\/pages\/22642"}],"collection":[{"href":"https:\/\/fipmed.co\/sv\/wp-json\/wp\/v2\/pages"}],"about":[{"href":"https:\/\/fipmed.co\/sv\/wp-json\/wp\/v2\/types\/page"}],"author":[{"embeddable":true,"href":"https:\/\/fipmed.co\/sv\/wp-json\/wp\/v2\/users\/11"}],"replies":[{"embeddable":true,"href":"https:\/\/fipmed.co\/sv\/wp-json\/wp\/v2\/comments?post=22642"}],"version-history":[{"count":0,"href":"https:\/\/fipmed.co\/sv\/wp-json\/wp\/v2\/pages\/22642\/revisions"}],"wp:featuredmedia":[{"embeddable":true,"href":"https:\/\/fipmed.co\/sv\/wp-json\/wp\/v2\/media\/22643"}],"wp:attachment":[{"href":"https:\/\/fipmed.co\/sv\/wp-json\/wp\/v2\/media?parent=22642"}],"wp:term":[{"taxonomy":"category","embeddable":true,"href":"https:\/\/fipmed.co\/sv\/wp-json\/wp\/v2\/categories?post=22642"},{"taxonomy":"post_tag","embeddable":true,"href":"https:\/\/fipmed.co\/sv\/wp-json\/wp\/v2\/tags?post=22642"}],"curies":[{"name":"wp","href":"https:\/\/api.w.org\/{rel}","templated":true}]}}