{"id":22654,"date":"2022-11-25T09:19:05","date_gmt":"2022-11-25T09:19:05","guid":{"rendered":"https:\/\/fipmed.co\/sekretesspolicy\/"},"modified":"2024-07-28T08:06:16","modified_gmt":"2024-07-28T08:06:16","slug":"sekretesspolicy","status":"publish","type":"page","link":"https:\/\/fipmed.co\/sv\/sekretesspolicy\/","title":{"rendered":"Integritetspolicy"},"content":{"rendered":"\t\t<div data-elementor-type=\"wp-page\" data-elementor-id=\"22654\" class=\"elementor elementor-22654 elementor-3\">\n\t\t\t\t\t\t<section class=\"elementor-section elementor-top-section elementor-element elementor-element-8b2513f elementor-section-boxed elementor-section-height-default elementor-section-height-default\" data-id=\"8b2513f\" data-element_type=\"section\">\n\t\t\t\t\t\t<div class=\"elementor-container elementor-column-gap-default\">\n\t\t\t\t\t<div class=\"elementor-column elementor-col-100 elementor-top-column elementor-element elementor-element-cb4fbe6\" data-id=\"cb4fbe6\" data-element_type=\"column\">\n\t\t\t<div class=\"elementor-widget-wrap elementor-element-populated\">\n\t\t\t\t\t\t<div class=\"elementor-element elementor-element-4603e09 elementor-widget elementor-widget-text-editor\" data-id=\"4603e09\" data-element_type=\"widget\" data-widget_type=\"text-editor.default\">\n\t\t\t\t<div class=\"elementor-widget-container\">\n\t\t\t\t\t\t\t\t\t<p class=\"p1\"><span class=\"s1\">Datasekretess \u00e4r av stor betydelse f\u00f6r FipMed.co och vi vill vara \u00f6ppna och transparenta med hur vi behandlar dina personuppgifter.<br \/>\nVi \u00e4r fast beslutna att skydda v\u00e5ra kunders och webbplatsbes\u00f6kares integritet och s\u00e4kerhet. <span class=\"Apple-converted-space\">  <\/span>Vi har d\u00e4rf\u00f6r en policy som anger i vilket syfte dina personuppgifter kommer att samlas in, samt hur de kommer att behandlas och skyddas.<span class=\"Apple-converted-space\">  <\/span>Du kommer ocks\u00e5 att ha m\u00f6jlighet att \u00f6vervaka processen f\u00f6r datainsamling och hantera den kommunikationsniv\u00e5 du vill ha med oss.<\/span><\/p>\n<p class=\"p1\">\n<p class=\"p1\"><span class=\"s1\">&#8211; Dina uppgifter kommer endast att anv\u00e4ndas f\u00f6r att f\u00f6rb\u00e4ttra v\u00e5r service till dig och din upplevelse av oss<\/span><\/p>\n<p class=\"p1\"><span class=\"s1\">&#8211; Skyddet av dina uppgifter fr\u00e5n obeh\u00f6rig \u00e5tkomst \u00e4r v\u00e5r fr\u00e4msta prioritet, vilket inkluderar f\u00f6rebyggande av obeh\u00f6rig \u00e5tkomst, redigering eller delning av uppgifter<\/span><\/p>\n<p class=\"p1\"><span class=\"s1\">&#8211; Vi \u00e5tar oss att kommunicera all n\u00f6dv\u00e4ndig information p\u00e5 ett s\u00e5 tydligt och koncist s\u00e4tt som m\u00f6jligt<\/span><\/p>\n<p class=\"p1\"><span class=\"s1\">&#8211; Du har m\u00f6jlighet att best\u00e4mma vad och hur du vill h\u00f6ra fr\u00e5n oss<\/span><\/p>\n<p class=\"p1\"><span class=\"s1\">&#8211; Alla personuppgifter som inte \u00e4r n\u00f6dv\u00e4ndiga f\u00f6r v\u00e5r analys ska raderas f\u00f6r att f\u00f6rhindra att \u00f6verskottsinformation lagras i v\u00e5rt system.<\/span><\/p>\n<\/p>\n<h3 class=\"p1\"><span class=\"s1\">R\u00e4ttslig grund f\u00f6r behandling<\/span><\/h3>\n<p class=\"p1\"><span class=\"s1\">Vi kommer att behandla dina personuppgifter av f\u00f6ljande sk\u00e4l:<\/span><\/p>\n<p class=\"p1\"><span class=\"s1\">&#8211; Fullg\u00f6randet av avtal som du \u00e4r part i<\/span><\/p>\n<p class=\"p1\"><span class=\"s1\">&#8211; Uppfylla v\u00e5ra r\u00e4ttsliga skyldigheter<\/span><\/p>\n<p class=\"p1\"><span class=\"s1\">&#8211; Marknadsf\u00f6ring och andra legitima intressen som efterstr\u00e4vas<\/span><\/p>\n<p class=\"p2\">\n<h3 class=\"p1\"><span class=\"s1\">Ber\u00e4ttigade intressen<\/span><\/h3>\n<p class=\"p1\"><span class=\"s1\">Dessa inkluderar f\u00f6ljande:  <\/span><\/p>\n<p class=\"p1\"><span class=\"s1\">&#8211; Insamling av personlig information f\u00f6r att kunna ge dig b\u00e4sta m\u00f6jliga kundupplevelse<\/span><\/p>\n<p class=\"p1\"><span class=\"s1\">&#8211; Operativa krav som \u00e4r n\u00f6dv\u00e4ndiga f\u00f6r interna processer<\/span><\/p>\n<p class=\"p1\"><span class=\"s1\">&#8211; Uppfylla dina krav avseende v\u00e5ra tj\u00e4nster och produkter<\/span><\/p>\n<p class=\"p1\"><span class=\"s1\">&#8211; F\u00f6rebyggande av bedr\u00e4gerier<\/span><\/p>\n<p class=\"p1\"><span class=\"s1\">&#8211; Exklusivt f\u00f6r v\u00e5r egen interna marknadsf\u00f6ring, forskning och produktutveckling<\/span><\/p>\n<p class=\"p2\">\n<h3 class=\"p1\"><span class=\"s1\">  Hur vi samlar in information om dig  <\/span><\/h3>\n<p class=\"p1\"><span class=\"s1\">&#8211; Genom k\u00f6p p\u00e5 n\u00e4tet (n\u00e4r du g\u00f6r en best\u00e4llning)  <\/span><\/p>\n<p class=\"p1\"><span class=\"s1\">&#8211; Via direktmarknadsf\u00f6ring (n\u00e4r du anm\u00e4ler dig till v\u00e5ra nyhetsbrev)<\/span><\/p>\n<p class=\"p1\"><span class=\"s1\">&#8211; N\u00e4r du registrerar dig f\u00f6r ett FipMed.co-konto<\/span><\/p>\n<p class=\"p1\"><span class=\"s1\">&#8211; Via kommunikation genom v\u00e5r kundtj\u00e4nst<\/span><\/p>\n<p class=\"p1\"><span class=\"s1\">&#8211; Din information kan ocks\u00e5 samlas in automatiskt under bes\u00f6k p\u00e5 v\u00e5r webbplats, dessa inkluderar information om dina enheter och surfning.<br \/>\nDenna information samlas in genom anv\u00e4ndning av cookies och liknande teknik.   <\/span><\/p>\n<p class=\"p2\">\n<h3 class=\"p1\"><span class=\"s1\">Varf\u00f6r vi anv\u00e4nder din personliga information:<\/span><\/h3>\n<p class=\"p1\"><span class=\"s1\">&#8211; Behandling och leverans av dina ink\u00f6p<\/span><\/p>\n<p class=\"p1\"><span class=\"s1\">&#8211; Ta emot betalningar och g\u00f6ra \u00e5terbetalningar<\/span><\/p>\n<p class=\"p1\"><span class=\"s1\">&#8211; Skicka servicemeddelanden till dig via SMS, e-post eller p\u00e5 annat s\u00e4tt<\/span><\/p>\n<p class=\"p1\"><span class=\"s1\">&#8211; Tillhandah\u00e5lla kundtj\u00e4nst och support, hantera returer och garantianspr\u00e5k<\/span><\/p>\n<p class=\"p1\"><span class=\"s1\">&#8211; Alla former av uppt\u00e4ckt och f\u00f6rebyggande av bedr\u00e4gerier<\/span><\/p>\n<p class=\"p1\"><span class=\"s1\">&#8211; S\u00e4kerhet och skydd av v\u00e5r webbplats<\/span><\/p>\n<p class=\"p1\"><span class=\"s1\">&#8211; Visar dig v\u00e5ra annonser n\u00e4r du surfar p\u00e5 webben<\/span><\/p>\n<p class=\"p1\"><span class=\"s1\">&#8211; F\u00f6rse dig med information om v\u00e5ra produkter och tj\u00e4nster, kampanjer, rabatter och nyheter med h\u00e4nsyn till dina preferenser och \u00f6nskem\u00e5l<\/span><\/p>\n<p class=\"p1\"><span class=\"s1\">&#8211; F\u00f6rb\u00e4ttra v\u00e5r webbplats<\/span><\/p>\n<p class=\"p2\">\n<h3 class=\"p1\"><span class=\"s1\">Vilka typer av uppgifter vi samlar in<\/span><\/h3>\n<p class=\"p1\"><span class=\"s1\">&#8211; Identitets- och kontaktinformation (e-postadress, f\u00f6rnamn, efternamn, adress, telefon)<\/span><\/p>\n<p class=\"p1\"><span class=\"s1\">&#8211; Finansiell information och transaktionsinformation (kreditkortsuppgifter, information om betalningar som tillhandah\u00e5lls av tredjepartsbetalningsf\u00f6rmedlare)<\/span><\/p>\n<p class=\"p1\"><span class=\"s1\">&#8211; Profilinformation (f\u00f6rnamn, efternamn, e-postadress, l\u00f6senord och som ytterligare icke-obligatorisk anv\u00e4ndarinformation: k\u00f6n, tidszon, f\u00f6delsedatum)<\/span><\/p>\n<p class=\"p1\"><span class=\"s1\">&#8211; Teknisk information (IP-adress (internetprotokoll), dina inloggningsuppgifter, webbl\u00e4sarinfo, tidszon, spr\u00e5k, webbl\u00e4sarplugin-typer och versioner, operativsystem och annan teknik p\u00e5 de enheter du anv\u00e4nder f\u00f6r att komma \u00e5t FipMed.co-webbplatsen eller mobilapplikationen)<\/span><\/p>\n<p class=\"p1\"><span class=\"s1\">&#8211; Marknadsf\u00f6rings- och kommunikationsinformation (e-postadress, f\u00f6rnamn, efternamn, k\u00f6n, tidszon, region, land, ink\u00f6psdatum, IP-adress, orderdatum, k\u00f6pt produkt, prenumerationsk\u00e4lla, spr\u00e5k, order-ID, anv\u00e4ndar-ID, prenumerationsdatum, senaste \u00e4ndringsdatum)<\/span><\/p>\n<p class=\"p2\">\n<h3 class=\"p1\"><span class=\"s1\">Hur l\u00e4nge vi sparar dina personuppgifter<\/span><\/h3>\n<p class=\"p1\"><span class=\"s1\">Vi beh\u00e5ller dina uppgifter s\u00e5 l\u00e4nge som du har ditt konto, eller s\u00e5 l\u00e4nge som det beh\u00f6vs f\u00f6r att kunna tillhandah\u00e5lla tj\u00e4nster till dig, inklusive produktgaranti som varar i upp till 10 \u00e5r, eller (vid eventuell kontakt med v\u00e5rt kundtj\u00e4nstteam) s\u00e5 l\u00e4nge som det \u00e4r n\u00f6dv\u00e4ndigt f\u00f6r att tillhandah\u00e5lla supportrelaterad rapportering och trendanalys.<\/span><\/p>\n<p class=\"p1\"><span class=\"s1\">Vi kan beh\u00e5lla en del av din information, om det kr\u00e4vs enligt lag, \u00e4ven efter att ditt konto har avslutats och vi inte l\u00e4ngre beh\u00f6ver tillhandah\u00e5lla n\u00e5gra tj\u00e4nster till dig.<\/span><\/p>\n<p class=\"p1\"><span class=\"s1\">Uppgifter som anv\u00e4nds f\u00f6r direktmarknadsf\u00f6ring sparas tills anv\u00e4ndaren avregistrerar sig eller blir inaktiv i mer \u00e4n ett \u00e5r.<\/span><\/p>\n<p class=\"p2\">\n<p class=\"p1\"><span class=\"s1\">Vi s\u00e4ljer inte och kommer inte att s\u00e4lja n\u00e5gra av dina personuppgifter till n\u00e5gon tredje part &#8211; inklusive ditt namn, adress, e-postadress eller kreditkortsinformation.<span class=\"Apple-converted-space\">  <\/span>Vi vill f\u00f6rtj\u00e4na och beh\u00e5lla ert f\u00f6rtroende, och vi anser att detta \u00e4r absolut n\u00f6dv\u00e4ndigt f\u00f6r att kunna g\u00f6ra det.<\/span><\/p>\n<p class=\"p1\"><span class=\"s1\">Vi delar dock dina uppgifter med f\u00f6ljande kategorier av f\u00f6retag som en v\u00e4sentlig del av att kunna tillhandah\u00e5lla v\u00e5ra tj\u00e4nster till dig, enligt vad som anges i detta uttalande:<\/span><\/p>\n<p class=\"p1\"><span class=\"s1\">&#8211; N\u00e4rst\u00e5ende bolag och personuppgiftsbitr\u00e4den baserat p\u00e5 fullg\u00f6rande av k\u00f6peavtalet eller f\u00f6r att utf\u00f6ra interna processer och rutiner<\/span><\/p>\n<p class=\"p1\"><span class=\"s1\">&#8211; F\u00f6retag som utf\u00e4rdar kreditkort, leverant\u00f6rer av betaltj\u00e4nster f\u00f6r att hantera betalningar och banker, p\u00e5 grundval av din best\u00e4llning, f\u00f6r att fullg\u00f6ra ett k\u00f6peavtal<\/span><\/p>\n<p class=\"p1\"><span class=\"s1\">&#8211; Transport\u00f6rer f\u00f6r att leverera din best\u00e4llning eller dina tj\u00e4nster  <\/span><\/p>\n<p class=\"p1\"><span class=\"s1\">&#8211; Andra tj\u00e4nsteleverant\u00f6rer och tredje parter som \u00e4r involverade i databehandling<\/span><\/p>\n<p class=\"p1\"><span class=\"s1\">&#8211; Tredje part, t.ex. brottsbek\u00e4mpande myndigheter, andra statliga myndigheter och n\u00e4rst\u00e5ende parter, om vi enligt lag \u00e4r skyldiga att g\u00f6ra det<\/span><\/p>\n<\/p>\n<p class=\"p1\"><span class=\"s1\">Vi kan f\u00f6rse tredje part med aggregerad men anonymiserad information och analyser om v\u00e5ra kunder och innan vi g\u00f6r det kommer vi att se till att den inte identifierar dig.<\/span><\/p>\n<p class=\"p2\">\n<p class=\"p2\">\n<h3 class=\"p1\"><span class=\"s1\">Vilka \u00e4r dina r\u00e4ttigheter?<\/span><\/h3>\n<p class=\"p1\"><span class=\"s1\">&#8211; R\u00e4tt att f\u00e5 tillg\u00e5ng till den personliga information vi har om dig.<span class=\"Apple-converted-space\">  <\/span>Du har r\u00e4tt att n\u00e4r som helst beg\u00e4ra information om de personuppgifter vi har om dig.<br \/>\nN\u00e4r du kontaktar oss kommer vi att f\u00f6rse dig med dina personuppgifter via e-post. <\/span><\/p>\n<p class=\"p1\"><span class=\"s1\">&#8211; R\u00e4tten till portabilitet.<span class=\"Apple-converted-space\">  <\/span>Du har r\u00e4tt att f\u00e5 en kopia av dina uppgifter i ett strukturerat, allm\u00e4nt anv\u00e4nt och maskinl\u00e4sbart format \u00f6verf\u00f6rd till dig eller till en annan part.<span class=\"Apple-converted-space\">  <\/span>Detta omfattar endast de personuppgifter som du har l\u00e4mnat till oss.<span class=\"Apple-converted-space\">  <\/span>Du har ocks\u00e5 r\u00e4tt att beg\u00e4ra att vi \u00f6verf\u00f6r eller portar delar av dina uppgifter antingen till dig eller till en annan tj\u00e4nsteleverant\u00f6r.<\/span><\/p>\n<p class=\"p1\"><span class=\"s1\">&#8211; R\u00e4tt till r\u00e4ttelse.<span class=\"Apple-converted-space\">  <\/span>Du har r\u00e4tt att beg\u00e4ra r\u00e4ttelse av dina personuppgifter om de \u00e4r felaktiga, inklusive r\u00e4tten att komplettera ofullst\u00e4ndiga personuppgifter.<\/span><\/p>\n<p class=\"p1\"><span class=\"s1\">&#8211; R\u00e4tten till radering.<span class=\"Apple-converted-space\">  <\/span>Du har r\u00e4tt att n\u00e4r som helst beg\u00e4ra att vi raderar, slutar behandla eller samla in personuppgifter<\/span><\/p>\n<p class=\"p1\"><span class=\"s1\">&#8211; R\u00e4tt att inv\u00e4nda mot behandling av personuppgifter som grundar sig p\u00e5 ber\u00e4ttigat intresse.<span class=\"Apple-converted-space\">  <\/span>P\u00e5 din beg\u00e4ran kommer FipMed.co inte att forts\u00e4tta behandla dina personuppgifter om vi inte kan visa att det finns ett ber\u00e4ttigat sk\u00e4l f\u00f6r att g\u00f6ra n\u00e5got annat, som v\u00e4ger tyngre \u00e4n dina intressen och r\u00e4ttigheter, eller p\u00e5 grund av r\u00e4ttsliga f\u00f6rpliktelser eller anspr\u00e5k.<\/span><\/p>\n<p class=\"p1\"><span class=\"s1\">&#8211; R\u00e4tt att inv\u00e4nda mot direktmarknadsf\u00f6ring.<span class=\"Apple-converted-space\">  <\/span>Du har r\u00e4tt att inv\u00e4nda mot direktmarknadsf\u00f6ring, inklusive profilanalys som g\u00f6rs f\u00f6r direktmarknadsf\u00f6rings\u00e4ndam\u00e5l.<\/span><\/p>\n<p class=\"p1\"><span class=\"s1\">Sammantaget har du som kund eller bes\u00f6kare hos oss r\u00e4tt till fullst\u00e4ndig information om hur vi samlar in och behandlar dina personuppgifter.<span class=\"Apple-converted-space\">  <\/span>Om du vill ut\u00f6va dina r\u00e4ttigheter, beh\u00f6ver hj\u00e4lp, har ett klagom\u00e5l eller bara har n\u00e5gra fr\u00e5gor, tveka inte att kontakta oss.<\/span><\/p>\n<p class=\"p2\">\n<h3 class=\"p1\"><span class=\"s1\">Om cookies<\/span><\/h3>\n<p class=\"p1\"><span class=\"s1\">Cookies \u00e4r sm\u00e5 textfiler som skickas fr\u00e5n en webbplats och lagras i en anv\u00e4ndares webbl\u00e4sare medan en anv\u00e4ndare surfar p\u00e5 en webbplats.<span class=\"Apple-converted-space\">  <\/span>N\u00e4r anv\u00e4ndaren bes\u00f6ker samma webbplats i framtiden kan de uppgifter som lagras i cookien h\u00e4mtas av webbplatsen f\u00f6r att informera webbplatsen om anv\u00e4ndarens tidigare aktivitet och d\u00e4rmed skilja anv\u00e4ndaren fr\u00e5n andra som anv\u00e4nder webbplatsen.<\/span><\/p>\n<p class=\"p2\">\n<p class=\"p1\"><span class=\"s1\">Vi anv\u00e4nder cookies f\u00f6r att hj\u00e4lpa dig att navigera p\u00e5 v\u00e5r webbplats p\u00e5 ett effektivt s\u00e4tt och f\u00f6r att utf\u00f6ra vissa funktioner, inklusive trafikanalys av webbplatsen.<br \/>\nCookies kan ocks\u00e5 k\u00e4nna igen dig vid din n\u00e4sta inloggning och erbjuda dig inneh\u00e5ll som \u00e4r anpassat efter dina preferenser och intressen. <\/span><\/p>\n<p class=\"p1\"><span class=\"s1\">Vi kan lagra cookies p\u00e5 din enhet om de \u00e4r absolut n\u00f6dv\u00e4ndiga f\u00f6r driften av denna webbplats.<br \/>\nF\u00f6r alla andra typer av cookies beh\u00f6ver vi ditt tillst\u00e5nd.<br \/>\nDen h\u00e4r webbplatsen anv\u00e4nder olika typer av cookies.<br \/>\nVissa cookies placeras av tj\u00e4nster fr\u00e5n tredje part som visas p\u00e5 v\u00e5ra sidor.<br \/>\nDu kan n\u00e4r som helst \u00e4ndra eller \u00e5terkalla ditt samtycke fr\u00e5n *Cookie Manager p\u00e5 v\u00e5r webbplats.    <\/span><\/p>\n<p class=\"p2\">\n<p class=\"p1\"><span class=\"s1\">Typer av cookies som vi anv\u00e4nder:<\/span><\/p>\n<p class=\"p1\"><span class=\"s1\">&#8211; N\u00f6dv\u00e4ndiga cookies hj\u00e4lper till att g\u00f6ra en webbplats anv\u00e4ndbar genom att m\u00f6jligg\u00f6ra grundl\u00e4ggande funktioner som sidnavigering och \u00e5tkomst till s\u00e4kra omr\u00e5den p\u00e5 webbplatsen.<br \/>\nWebbplatsen kan inte fungera korrekt utan dessa cookies. <\/span><\/p>\n<p class=\"p1\"><span class=\"s1\">&#8211; Preferenscookies g\u00f6r det m\u00f6jligt f\u00f6r en webbplats att komma ih\u00e5g information som \u00e4ndrar hur webbplatsen beter sig eller ser ut, t.ex. vilket spr\u00e5k du f\u00f6redrar eller vilken region du befinner dig i.<\/span><\/p>\n<p class=\"p1\"><span class=\"s1\">&#8211; Statistikcookies hj\u00e4lper webbplats\u00e4gare att f\u00f6rst\u00e5 hur bes\u00f6kare interagerar med webbplatser genom att samla in och rapportera information anonymt.<\/span><\/p>\n<p class=\"p1\"><span class=\"s1\">&#8211; Marknadsf\u00f6ringscookies anv\u00e4nds f\u00f6r att sp\u00e5ra bes\u00f6kare p\u00e5 olika webbplatser.<br \/>\nAvsikten \u00e4r att visa annonser som \u00e4r relevanta och engagerande f\u00f6r den enskilda anv\u00e4ndaren och d\u00e4rmed mer v\u00e4rdefulla f\u00f6r utgivare och tredjepartsannons\u00f6rer. <\/span><\/p>\n\t\t\t\t\t\t\t\t<\/div>\n\t\t\t\t<\/div>\n\t\t\t\t\t<\/div>\n\t\t<\/div>\n\t\t\t\t\t<\/div>\n\t\t<\/section>\n\t\t\t\t<\/div>\n\t\t","protected":false},"excerpt":{"rendered":"<p>Datasekretess \u00e4r av stor betydelse f\u00f6r FipMed.co och vi vill vara \u00f6ppna och transparenta med hur vi behandlar dina personuppgifter. Vi \u00e4r fast beslutna att skydda v\u00e5ra kunders och webbplatsbes\u00f6kares integritet och s\u00e4kerhet. Vi har d\u00e4rf\u00f6r en policy som anger i vilket syfte dina personuppgifter kommer att samlas in, samt hur de kommer att behandlas [&hellip;]<\/p>\n","protected":false},"author":1,"featured_media":0,"parent":0,"menu_order":0,"comment_status":"closed","ping_status":"open","template":"","meta":{"_glsr_average":0,"_glsr_ranking":0,"_glsr_reviews":0,"footnotes":""},"categories":[],"tags":[],"_links":{"self":[{"href":"https:\/\/fipmed.co\/sv\/wp-json\/wp\/v2\/pages\/22654"}],"collection":[{"href":"https:\/\/fipmed.co\/sv\/wp-json\/wp\/v2\/pages"}],"about":[{"href":"https:\/\/fipmed.co\/sv\/wp-json\/wp\/v2\/types\/page"}],"author":[{"embeddable":true,"href":"https:\/\/fipmed.co\/sv\/wp-json\/wp\/v2\/users\/1"}],"replies":[{"embeddable":true,"href":"https:\/\/fipmed.co\/sv\/wp-json\/wp\/v2\/comments?post=22654"}],"version-history":[{"count":1,"href":"https:\/\/fipmed.co\/sv\/wp-json\/wp\/v2\/pages\/22654\/revisions"}],"predecessor-version":[{"id":22655,"href":"https:\/\/fipmed.co\/sv\/wp-json\/wp\/v2\/pages\/22654\/revisions\/22655"}],"wp:attachment":[{"href":"https:\/\/fipmed.co\/sv\/wp-json\/wp\/v2\/media?parent=22654"}],"wp:term":[{"taxonomy":"category","embeddable":true,"href":"https:\/\/fipmed.co\/sv\/wp-json\/wp\/v2\/categories?post=22654"},{"taxonomy":"post_tag","embeddable":true,"href":"https:\/\/fipmed.co\/sv\/wp-json\/wp\/v2\/tags?post=22654"}],"curies":[{"name":"wp","href":"https:\/\/api.w.org\/{rel}","templated":true}]}}