{"id":22666,"date":"2024-03-25T06:20:25","date_gmt":"2024-03-25T06:20:25","guid":{"rendered":"https:\/\/fipmed.co\/bor-i-starta-fip-katter-behandling-utan-bekraftad-konklusiv-diagnos\/"},"modified":"2024-03-25T06:20:25","modified_gmt":"2024-03-25T06:20:25","slug":"bor-i-starta-fip-katter-behandling-utan-bekraftad-konklusiv-diagnos","status":"publish","type":"page","link":"https:\/\/fipmed.co\/sv\/bor-i-starta-fip-katter-behandling-utan-bekraftad-konklusiv-diagnos\/","title":{"rendered":"Ska jag p\u00e5b\u00f6rja behandling av FIP-katter utan en bekr\u00e4ftad slutgiltig diagnos?"},"content":{"rendered":"<p>B\u00f6r jag p\u00e5b\u00f6rja behandling av FIP-katter utan en bekr\u00e4ftad slutgiltig diagnos?<br \/>\nDet korta svaret \u00e4r ja.<br \/>\nMen du m\u00e5ste alltid forts\u00e4tta att s\u00f6ka efter en bekr\u00e4ftad diagnos \u00e4ven om du har p\u00e5b\u00f6rjat behandlingen.<br \/>\nDetta beror p\u00e5 att vi inte vill sl\u00f6sa tid, utan veta vad som \u00e4r den faktiska sjukdomen s\u00e5 snart som m\u00f6jligt.    FIP eller Felin Infekti\u00f6s Peritonit \u00e4r en otroligt sv\u00e5r sjukdom att diagnostisera.<br \/>\nEftersom det inte finns n\u00e5got specifikt test f\u00f6r sjukdomen m\u00e5ste veterin\u00e4rer f\u00f6rlita sig p\u00e5 flera olika indikatorer f\u00f6r att bed\u00f6ma om katten reagerar p\u00e5 en FCov-attack i kroppen.<br \/>\nIngen FIP-diagnos \u00e4r 100 % s\u00e4ker.<br \/>\nDetta beror p\u00e5 att FIP delar alltf\u00f6r m\u00e5nga symtom med andra sjukdomar och att en indikator inte betyder att katten har FIP.<br \/>\nJu fler indikatorer i blodprov, effusionstester, antikroppstester etc. desto s\u00e4krare kan veterin\u00e4ren avg\u00f6ra om det r\u00f6r sig om FIP.<br \/>\nDet \u00e4r d\u00e4rf\u00f6r bra f\u00f6r veterin\u00e4ren att behandla FIP om han \u00e4r 50 % s\u00e4ker p\u00e5 att det \u00e4r FIP, och under behandlingen forts\u00e4tta att g\u00f6ra andra tester f\u00f6r att utesluta andra sjukdomar.<br \/>\nDetta beror p\u00e5 att GS441524 inte orsakar allvarliga biverkningar.        <\/p>\n<h1><\/h1>\n<h1><strong>Utmaningar och begr\u00e4nsningar i diagnostiken<\/strong><\/h1>\n<p><strong> <\/strong><\/p>\n<p><strong>Falska positiva och negativa<\/strong> resultat Falska positiva och falska negativa resultat kan f\u00f6rekomma vid FIP-tester.<br \/>\nEtt falskt positivt resultat uppst\u00e5r n\u00e4r ett test indikerar att en katt har viruset, trots att den egentligen inte har det.<br \/>\nDetta kan leda till feldiagnostisering eller ol\u00e4mpliga behandlingsprotokoll f\u00f6r katter som faktiskt inte \u00e4r infekterade med viruset.<br \/>\nEtt falskt negativt resultat uppst\u00e5r n\u00e4r testet felaktigt anger att det inte finns n\u00e5gra bevis f\u00f6r att viruset finns i provet, vilket ocks\u00e5 kan leda till f\u00f6rdr\u00f6jd eller otillr\u00e4cklig behandling av katter som faktiskt \u00e4r infekterade med FIP.<br \/>\nI vissa fall kan felaktiga resultat orsakas av d\u00e5lig kvalitet p\u00e5 proverna.<br \/>\nDet \u00e4r t.ex. inte till n\u00e5gon nytta om v\u00e4vnad eller blod som anv\u00e4nds f\u00f6r testning har hanterats felaktigt under insamling och transport.<br \/>\nDet \u00e4r d\u00e4rf\u00f6r oerh\u00f6rt viktigt att noggrant ta och f\u00f6rvara prover s\u00e5 snart de har tagits fr\u00e5n ett djur som testas f\u00f6r FIP.        &nbsp;<\/p>\n<h1><strong>Vad h\u00e4nder om du inte kan st\u00e4lla diagnos?<br \/>\nP\u00e5b\u00f6rja behandling av FIP-katter f\u00f6r att st\u00e4lla diagnos. <\/strong><\/h1>\n<p>  Metoden &#8221;behandla f\u00f6r att diagnostisera&#8221; anv\u00e4nds ibland inom veterin\u00e4rmedicinen, \u00e4ven f\u00f6r katter, under s\u00e4rskilda omst\u00e4ndigheter.<br \/>\nDenna metod inneb\u00e4r att man administrerar en terapeutisk behandling f\u00f6r att se om patienten svarar positivt innan man st\u00e4ller en definitiv diagnos.<br \/>\n\u00c4ven om det har sina begr\u00e4nsningar kan det vara f\u00f6rdelaktigt i vissa situationer: &nbsp;<strong>Snabbt progredierande tillst\u00e5nd<\/strong> I fall d\u00e4r en katt uppvisar allvarliga eller snabbt progredierande symtom \u00e4r det kanske inte praktiskt m\u00f6jligt att v\u00e4nta p\u00e5 omfattande diagnostiska tester f\u00f6r att bekr\u00e4fta en specifik sjukdom.<br \/>\nDet kan vara avg\u00f6rande att inleda behandlingen omedelbart, s\u00e4rskilt om en f\u00f6rdr\u00f6jning av behandlingen kan leda till att tillst\u00e5ndet f\u00f6rv\u00e4rras. &nbsp;<strong>Begr\u00e4nsade resurser eller begr\u00e4nsad tillg\u00e5ng<\/strong> till diagnostiska verktyg I vissa situationer kan veterin\u00e4rkliniker ha begr\u00e4nsade<strong>resurser<\/strong> n\u00e4r det g\u00e4ller tillg\u00e4ngliga diagnostiska verktyg, t.ex. specialiserade bild- eller laboratorietester.<br \/>\nAtt p\u00e5b\u00f6rja behandling kan vara ett pragmatiskt tillv\u00e4gag\u00e5ngss\u00e4tt i v\u00e4ntan p\u00e5 resultat fr\u00e5n mer omfattande diagnostiska faciliteter. &nbsp;<strong>Diagnostisk tvetydighet<\/strong> N\u00e4r en katts symtom \u00e4r tvetydiga och det r\u00e5der os\u00e4kerhet om den underliggande orsaken kan en terapeutisk pr\u00f6vning inledas f\u00f6r att observera svaret.<br \/>\nOm katten blir b\u00e4ttre av behandlingen kan det ge v\u00e4rdefull information om den potentiella orsaken till symtomen. &nbsp;<strong>Begr\u00e4nsningar hos kunden<\/strong> Vissa katt\u00e4gare kan ha ekonomiska begr\u00e4nsningar som begr\u00e4nsar deras m\u00f6jlighet att genomf\u00f6ra en omfattande diagnostisk unders\u00f6kning.<br \/>\nAtt p\u00e5b\u00f6rja behandling kan vara ett mer genomf\u00f6rbart alternativ i s\u00e5dana situationer, s\u00e4rskilt om behandlingen inneb\u00e4r en relativt l\u00e5g risk och har en rimlig chans att lyckas.        &nbsp;<\/p>\n<h1><strong>Faktorer och parametrar som avg\u00f6r vad som ska behandlas<\/strong><\/h1>\n<p>  N\u00e4r en veterin\u00e4r st\u00e4lls inf\u00f6r en katt som uppvisar vaga symtom eller flera m\u00f6jliga sjukdomar, anv\u00e4nder de ett systematiskt tillv\u00e4gag\u00e5ngss\u00e4tt f\u00f6r att begr\u00e4nsa potentiella diagnoser och fastst\u00e4lla ett l\u00e4mpligt tillv\u00e4gag\u00e5ngss\u00e4tt.<br \/>\nI beslutsprocessen ing\u00e5r att ta h\u00e4nsyn till olika faktorer och parametrar som dessa. &nbsp;<strong>\u00c5lder och ras<\/strong>: Vissa sjukdomar \u00e4r vanligare i specifika \u00e5ldersgrupper eller raser.<br \/>\nAtt k\u00e4nna till kattens \u00e5lder och ras kan hj\u00e4lpa veterin\u00e4ren att prioritera eller utesluta vissa tillst\u00e5nd.<br \/>\n<strong>Vaccinationshistorik<\/strong>: En katts vaccinationshistorik kan ge ledtr\u00e5dar om sannolikheten f\u00f6r vissa infektionssjukdomar.<br \/>\n<strong>Symtomens m\u00f6nster och varaktighet:<\/strong> F\u00f6rst\u00e5else f\u00f6r symtomens m\u00f6nster och varaktighet hj\u00e4lper till att kategorisera sjukdomar som akuta eller kroniska och kan v\u00e4gleda den diagnostiska processen.<br \/>\n<strong>Symptomens allvarlighetsgrad:<\/strong> Hur allvarliga de kliniska tecknen \u00e4r kan ge insikter om hur br\u00e5dskande ett ingripande \u00e4r och den potentiella inverkan p\u00e5 kattens allm\u00e4nna v\u00e4lbefinnande.<br \/>\n<strong>Diagnostiska tester:<\/strong> Resultaten av de prelimin\u00e4ra FIP-tester som gjorts.<br \/>\n<strong>Inledande screeningtester:<\/strong> Grundl\u00e4ggande FIP-tester, s\u00e5som fullst\u00e4ndig blodstatus (CBC) och serumbiokemi, kan ge v\u00e4rdefull information om kattens allm\u00e4nna h\u00e4lsa och kan avsl\u00f6ja avvikelser som tyder p\u00e5 specifika sjukdomar.<br \/>\n<strong>Specialiserade tester:<\/strong> Beroende p\u00e5 de misst\u00e4nkta sjukdomarna kan mer specialiserade tester rekommenderas, t.ex. bilddiagnostik (r\u00f6ntgen, ultraljud), PCR-test och antikroppstitrar.<br \/>\n<strong>\u00d6vervakning av svar:<\/strong> Det \u00e4r viktigt att noga f\u00f6lja upp hur katten svarar p\u00e5 behandlingen.<br \/>\nOm det sker en f\u00f6rb\u00e4ttring kan veterin\u00e4ren forts\u00e4tta behandlingen eller modifiera den baserat p\u00e5 det observerade svaret. <strong>Behandlingens s\u00e4kerhet:<\/strong> S\u00e4kerhetsprofilen f\u00f6r den valda behandlingen ska beaktas.<br \/>\nBehandlingar med l\u00e5g risk eller interventioner med h\u00f6g sannolikhet f\u00f6r nytta kan vara att f\u00f6redra, s\u00e4rskilt om det \u00e4r sv\u00e5rt att f\u00e5 en definitiv diagnos omedelbart. <strong>Ekonomiska \u00f6verv\u00e4ganden:<\/strong> Katt\u00e4garens ekonomiska begr\u00e4nsningar kan p\u00e5verka det diagnostiska tillv\u00e4gag\u00e5ngss\u00e4ttet.<br \/>\nVeterin\u00e4rer och \u00e4gare kan tillsammans besluta om en stegvis diagnostisk plan baserad p\u00e5 prioriteringar.              &nbsp;  Det \u00e4r viktigt att notera att metoden &#8221;behandla f\u00f6r att diagnostisera&#8221; och att p\u00e5b\u00f6rja behandling av FIP-katter har sina nackdelar.<br \/>\nUtan en bekr\u00e4ftad diagnos finns det en risk f\u00f6r ol\u00e4mplig eller ineffektiv behandling.<br \/>\nDessutom kan det f\u00f6rdr\u00f6ja identifieringen av underliggande tillst\u00e5nd som kr\u00e4ver s\u00e4rskilda \u00e5tg\u00e4rder.<br \/>\nVeterin\u00e4rer m\u00e5ste noga v\u00e4ga de potentiella f\u00f6rdelarna och riskerna mot varandra innan de v\u00e4ljer denna metod, och det \u00e4r viktigt att noga \u00f6vervaka hur katten svarar p\u00e5 behandlingen f\u00f6r att kunna v\u00e4gleda vidare diagnostiska insatser.<br \/>\nDet \u00e4r viktigt att veterin\u00e4rer kommunicerar \u00f6ppet med djur\u00e4gare om sk\u00e4len till denna metod och behovet av fortl\u00f6pande diagnostik f\u00f6r att s\u00e4kerst\u00e4lla b\u00e4sta m\u00f6jliga v\u00e5rd f\u00f6r katten.<\/p>\n","protected":false},"excerpt":{"rendered":"<p>B\u00f6r jag p\u00e5b\u00f6rja behandling av FIP-katter utan en bekr\u00e4ftad slutgiltig diagnos? Det korta svaret \u00e4r ja. Men du m\u00e5ste alltid forts\u00e4tta att s\u00f6ka efter en bekr\u00e4ftad diagnos \u00e4ven om du har p\u00e5b\u00f6rjat behandlingen. Detta beror p\u00e5 att vi inte vill sl\u00f6sa tid, utan veta vad som \u00e4r den faktiska sjukdomen s\u00e5 snart som m\u00f6jligt. FIP [&hellip;]<\/p>\n","protected":false},"author":1,"featured_media":22667,"parent":0,"menu_order":0,"comment_status":"closed","ping_status":"closed","template":"","meta":{"_glsr_average":0,"_glsr_ranking":0,"_glsr_reviews":0,"footnotes":""},"categories":[864],"tags":[],"_links":{"self":[{"href":"https:\/\/fipmed.co\/sv\/wp-json\/wp\/v2\/pages\/22666"}],"collection":[{"href":"https:\/\/fipmed.co\/sv\/wp-json\/wp\/v2\/pages"}],"about":[{"href":"https:\/\/fipmed.co\/sv\/wp-json\/wp\/v2\/types\/page"}],"author":[{"embeddable":true,"href":"https:\/\/fipmed.co\/sv\/wp-json\/wp\/v2\/users\/1"}],"replies":[{"embeddable":true,"href":"https:\/\/fipmed.co\/sv\/wp-json\/wp\/v2\/comments?post=22666"}],"version-history":[{"count":0,"href":"https:\/\/fipmed.co\/sv\/wp-json\/wp\/v2\/pages\/22666\/revisions"}],"wp:featuredmedia":[{"embeddable":true,"href":"https:\/\/fipmed.co\/sv\/wp-json\/wp\/v2\/media\/22667"}],"wp:attachment":[{"href":"https:\/\/fipmed.co\/sv\/wp-json\/wp\/v2\/media?parent=22666"}],"wp:term":[{"taxonomy":"category","embeddable":true,"href":"https:\/\/fipmed.co\/sv\/wp-json\/wp\/v2\/categories?post=22666"},{"taxonomy":"post_tag","embeddable":true,"href":"https:\/\/fipmed.co\/sv\/wp-json\/wp\/v2\/tags?post=22666"}],"curies":[{"name":"wp","href":"https:\/\/api.w.org\/{rel}","templated":true}]}}