{"id":22674,"date":"2024-03-25T07:02:30","date_gmt":"2024-03-25T07:02:30","guid":{"rendered":"https:\/\/fipmed.co\/stadier-av-fip-och-symtom-baserade-pa-stadier-av-fip\/"},"modified":"2024-03-25T07:02:30","modified_gmt":"2024-03-25T07:02:30","slug":"stadier-av-fip-och-symtom-baserade-pa-stadier-av-fip","status":"publish","type":"page","link":"https:\/\/fipmed.co\/sv\/stadier-av-fip-och-symtom-baserade-pa-stadier-av-fip\/","title":{"rendered":"Stadier av FIP och symtom baserade p\u00e5 stadier av FIP"},"content":{"rendered":"<p>Det finns fyra olika stadier av FIP vid en infektion med detta virus: initial exponering och inkubation, prim\u00e4r viremi, sekund\u00e4r viremi och klinisk FIP.  &nbsp;<\/p>\n<h1><strong>FIP-stadiet: Initial exponering och inkubation<\/strong><\/h1>\n<p>  Felint coronavirus (FCoV) finns i m\u00e5nga milj\u00f6er, s\u00e5 det \u00e4r mycket troligt att katter exponeras f\u00f6r det n\u00e5gon g\u00e5ng under sitt liv.<br \/>\nDen f\u00f6rsta infektionen \u00e4r vanligtvis godartad, men tyv\u00e4rr finns det en risk f\u00f6r att viruset muterar och orsakar FIP hos vissa katter.<br \/>\nInkubationstiden f\u00f6r denna mutation kan variera fr\u00e5n n\u00e5gra veckor upp till flera \u00e5r, men katter l\u00f6per st\u00f6rst risk att utveckla klinisk FIP inom de f\u00f6rsta 6 veckorna efter att de f\u00f6rst har infekterats med viruset.<br \/>\nExperiment har visat att s\u00e5 lite som sex veckor kan vara tillr\u00e4ckligt f\u00f6r att en infekterad katt ska utveckla en fullt utvecklad sjukdom.<br \/>\nUnder den inledande exponeringen och inkubationstiden \u00e4r det viktigt att notera att infekterade katter uts\u00f6ndrar en ovanligt stor m\u00e4ngd viruspartiklar, vilket snabbt kan leda till att andra husdjur ocks\u00e5 drabbas av infektionen.      &nbsp;<\/p>\n<h1><strong>Stadium av FIP <\/strong>: Prim\u00e4r viremi<\/h1>\n<p>  Prim\u00e4r viremi \u00e4r det stadium under en infektion med FIP-virus (Feline Infectious Peritonitis) d\u00e4r kattens immunsystem b\u00f6rjar reagera p\u00e5 den fr\u00e4mmande inkr\u00e4ktaren.<br \/>\nUnder detta skede kan h\u00f6ga niv\u00e5er av FCoV hittas i blodet.<br \/>\nDetta markerar b\u00f6rjan p\u00e5 en kamp mellan kattens kropp och viruset, och markerar ocks\u00e5 n\u00e4r mutationer blir mer sannolika p\u00e5 grund av minskad resistens.<br \/>\nKatter med prim\u00e4r viremi uppvisar ett f\u00f6rh\u00f6jt svar fr\u00e5n sitt immunsystem som g\u00f6r sitt yttersta f\u00f6r att skydda dem fr\u00e5n all skada som orsakas av patogenen som kommer in i kroppen.<br \/>\nVissa katter kommer att kunna bli av med viruset med hj\u00e4lp av ett starkt immunsvar.      &nbsp;<\/p>\n<h1><strong>Stadium av FIP: <\/strong><strong>Sekund\u00e4r viremi<\/strong><\/h1>\n<p>  Sekund\u00e4r viremi \u00e4r ett efterf\u00f6ljande stadium som drabbar de katter som inte kunnat bek\u00e4mpa viruset under det prim\u00e4ra stadiet.<br \/>\nI detta skede har benm\u00e4rgen och andra v\u00e4vnader invaderats av viruset.<br \/>\nViruset kan sedan ligga kvar i ett passivt tillst\u00e5nd i benm\u00e4rgen under en l\u00e4ngre tid.<br \/>\nDessutom b\u00f6rjar FIPV-niv\u00e5erna i blodet att \u00f6ka och n\u00e5r s\u00e5 sm\u00e5ningom en punkt d\u00e4r katterna inte l\u00e4ngre kan h\u00e5lla det under kontroll.<br \/>\nVid den h\u00e4r tiden har tyv\u00e4rr m\u00e5nga systemiska inflammatoriska processer redan satt ig\u00e5ng eftersom FIPV har tagit tag i vitala organ och v\u00e4vnader.<br \/>\nSom namnet antyder b\u00f6rjar viruset under sekund\u00e4r viremi att sprida sig till andra organ, vilket leder till allvarligare tecken som snabbt kan bli livshotande om de inte \u00e5tg\u00e4rdas omedelbart.<br \/>\nHur allvarligt det prim\u00e4ra immunsvaret \u00e4r eller hur v\u00e4l kattens kropp kan kontrollera infektionen spelar en viktig roll f\u00f6r att avg\u00f6ra p\u00e5 vilken niv\u00e5 viruset b\u00f6rjar sprida sig bortom ett enda organsystem.<br \/>\nUnder denna avg\u00f6rande period kan katterna f\u00e5 ih\u00e5llande feber (\u00f6ver 39 \u00b0C), minskad aptit och allm\u00e4nt f\u00f6rs\u00e4mrat tillst\u00e5nd p\u00e5 grund av det sviktande immunf\u00f6rsvaret som f\u00f6rs\u00f6ker extremt h\u00e5rt att kontrollera de muterade virusen men inte kan det, s\u00e5 de m\u00e5ste f\u00f6rlita sig p\u00e5 behandlingsplaner med antivirala l\u00e4kemedel och andra mediciner.         &nbsp;<\/p>\n<h1><strong>Stadium av FIP: <\/strong><strong>Klinisk FIP<\/strong><\/h1>\n<p>  I det kliniska stadiet av FIP kan katterna inte l\u00e4ngre h\u00e5lla viruset i schack.<br \/>\nDetta beror delvis p\u00e5 en f\u00f6r\u00e4ndring i ett av de proteiner som finns i vissa typer av FCoV, kallat FIPV.<br \/>\nFIPV orsakar vaskulit, vilket \u00e4r inflammation och svullnad runt en grupp celler eller organ.<br \/>\nEn ansamling av v\u00e4tska i kroppens h\u00e5lrum, vilket leder till v\u00e4tskeansamling och \u00f6vertryck p\u00e5 vitala organ, kan ocks\u00e5 uppst\u00e5 i detta skede.<br \/>\nKatter med FIP kan uppvisa symtom som viktminskning, feber, uttorkning, svullen buk eller huvud och andningssv\u00e5righeter p\u00e5 grund av tr\u00e4ngsel i br\u00f6stet.<br \/>\nF\u00f6rst\u00f6relsen fr\u00e5n infektioner i vitala organ b\u00f6rjar vid denna tidpunkt och kan leda till organsvikt.<br \/>\nDetta visar sig vanligtvis senare som njursjukdom eller neurologisk skada orsakad av inflammation i hj\u00e4rnv\u00e4vnaden.        &nbsp;<\/p>\n<h1><strong>Stadium av FIP: <\/strong><strong>Organskada <\/strong> <\/h1>\n<p>  Detta \u00e4r det sista stadiet av FIP d\u00e4r inflammationen redan har orsakat skador p\u00e5 organ och katten uppvisar andra efterf\u00f6ljande problem.<br \/>\nN\u00e5gra av de organ som vanligen p\u00e5verkas \u00e4r <strong>Bukorgan:<\/strong> FIP leder ofta till att det bildas granulom (sm\u00e5 kn\u00f6lar av inflammatorisk v\u00e4vnad) i bukorganen, t.ex. lever, mj\u00e4lte och njurar.<br \/>\nDetta kan leda till dysfunktion och svikt i dessa organ. <strong>Njurar:<\/strong> Njurarna kan p\u00e5verkas av granulomat\u00f6sa lesioner, vilket kan leda till njursvikt. <strong>Centrala nervsystemet (CNS):<\/strong> FIP kan orsaka neurologiska symtom n\u00e4r det p\u00e5verkar CNS.<br \/>\nKatter med neurologisk FIP kan uppvisa beteendef\u00f6r\u00e4ndringar, krampanfall och sv\u00e5righeter att g\u00e5. <strong>\u00d6gon<\/strong>: Okul\u00e4r (\u00f6gon) p\u00e5verkan \u00e4r vanligt vid FIP, vilket leder till inflammation, grumlighet och ibland blindhet.<br \/>\nDetta kallas okul\u00e4r eller torr FIP. <strong>Det kardiovaskul\u00e4ra systemet:<\/strong> I vissa fall kan FIP p\u00e5verka hj\u00e4rtat och blodk\u00e4rlen, vilket leder till kardiovaskul\u00e4ra problem.<br \/>\nDessa kontinuerliga f\u00f6rs\u00e4mringar hos katten leder s\u00e5 sm\u00e5ningom till f\u00f6rlamning och slutligen till d\u00f6den.       &nbsp;<\/p>\n<p>&nbsp;<\/p>\n<h1><strong>Symtom baserade p\u00e5 stadier av FIP<\/strong><\/h1>\n<h2><strong>Tecken under tidiga stadier av FIP<\/strong><strong> <\/strong><\/h2>\n<p>  Katter kan uppvisa tidiga ospecifika symtom, t.ex. beteendef\u00f6r\u00e4ndringar, viktminskning och aptitl\u00f6shet samt varierande feber.  <strong> <\/strong><\/p>\n<p><strong>Ospecifika symtom<\/strong> FIP har ett brett spektrum av ospecifika symtom som l\u00e4tt kan misstas f\u00f6r andra sjukdomar.<br \/>\nDe f\u00f6rsta tecknen \u00e4r vanligtvis vaga och inkluderar orkesl\u00f6shet, sl\u00f6het, minskad aptit, viktminskning och varierande feber.<br \/>\nI vissa fall uppvisar katterna beteendef\u00f6r\u00e4ndringar i samband med de fysiska symptomen.<br \/>\nDet \u00e4r viktigt att vara uppm\u00e4rksam p\u00e5 sm\u00e5 f\u00f6r\u00e4ndringar i kattens h\u00e4lsotillst\u00e5nd, t.ex. \u00f6kad eller minskad energiniv\u00e5, eftersom det kan vara det f\u00f6rsta tecknet p\u00e5 FIP.<br \/>\nTrots att sjukdomen \u00e4r s\u00e5 vanlig hos katter g\u00f6r den subtila orsaken att den \u00e4r sv\u00e5r att uppt\u00e4cka i b\u00f6rjan, s\u00e5vida du inte \u00e4r uppm\u00e4rksam p\u00e5 ytterligare tecken som anorexi eller pica (ett tillst\u00e5nd d\u00e4r katten \u00e4ter saker som den inte borde \u00e4ta), som ofta ses vid FIP-infektion.<br \/>\nFluktuerande feber kan ocks\u00e5 betyda att det \u00e4r n\u00e5got fel p\u00e5 din katt s\u00e5 var uppm\u00e4rksam p\u00e5 st\u00f6rre temperaturf\u00f6r\u00e4ndringar n\u00e4r du tittar till dem regelbundet under dagen, till exempel dokumenterad feber som varar \u00f6ver 24 timmar trots behandlingar som ges av en veterin\u00e4r. &nbsp;<strong>Diarr\u00e9<\/strong> N\u00e4r Felint Coronavirus (FCoV) f\u00f6rst kommer in i en katt infekterar det tunntarmen och orsakar ibland diarr\u00e9.<br \/>\nViruset uts\u00f6ndras i avf\u00f6ringen redan tv\u00e5 dagar efter smittotillf\u00e4llet och sedan i n\u00e5gra veckor till m\u00e5nader.<br \/>\nFr\u00e5n tarmen g\u00e5r viruset in i blodomloppet, vilket leder till FIP hos vissa katter som har otur, men de flesta katter f\u00e5r ett framg\u00e5ngsrikt immunsvar och blir av med viruset &#8211; och forts\u00e4tter att leva ett helt friskt och normalt liv.<br \/>\nEn f\u00f6rsta infektion med FCoV i alla \u00e5ldrar, inte bara hos kattungar, kan orsaka diarr\u00e9 och sv\u00e5righetsgraden kan variera fr\u00e5n mild, kronisk till sv\u00e5r och livshotande.<br \/>\nViruset skadar inledningsvis tunntarmens slemhinna.<br \/>\nTyv\u00e4rr kan FCoV hos vissa katter skada tunntarmen ganska allvarligt, vilket leder till en permanent tendens till kr\u00e4kningar eller diarr\u00e9 och vad som kallas &#8221;malabsorptionssyndrom&#8221;, d\u00e4r den drabbade katten inte kan tillgodog\u00f6ra sig de n\u00e4rings\u00e4mnen som han eller hon har \u00e4tit och d\u00e4rf\u00f6r inte \u00f6kar tillr\u00e4ckligt i vikt och inte m\u00e5r bra. &nbsp;<strong>Beteendef\u00f6r\u00e4ndringar<\/strong> Hos katter som infekterats med FIP kan \u00e4garna f\u00f6rst m\u00e4rka av mindre uppenbara symtom som minskad aktivitet, orkesl\u00f6shet och aptitl\u00f6shet.<br \/>\nKatten kan bli mycket mindre interaktiv \u00e4n tidigare och f\u00f6redrar att h\u00e5lla sig p\u00e5 ensamma platser eller sova hela dagen.<br \/>\nDen kan ocks\u00e5 b\u00f6rja undvika att interagera med andra husdjur eller m\u00e4nniskor.<br \/>\nPica \u00e4r en annan beteendef\u00f6r\u00e4ndring som f\u00f6rknippas med viruset &#8211; om ditt husdjur b\u00f6rjar \u00e4ta saker som inte \u00e4r mat kan det vara ett tecken p\u00e5 att det har FIP.<br \/>\nF\u00f6rutom anorexi (total aptitl\u00f6shet) kan du se att din katt k\u00e4mpar f\u00f6r att \u00e4ta sj\u00e4lv eller visar ointresse f\u00f6r mat n\u00e4r den erbjuds den &#8211; b\u00e5da kan vara tecken p\u00e5 att n\u00e5got inte st\u00e5r r\u00e4tt till. &nbsp;<strong>Viktnedg\u00e5ng<\/strong> och aptitl\u00f6shet Viktnedg\u00e5ng och aptitl\u00f6shet \u00e4r tv\u00e5 av de tidigaste tecknen p\u00e5 FIP.<br \/>\nN\u00e4r katterna f\u00f6rst blir infekterade kan det dr\u00f6ja veckor eller m\u00e5nader innan de visar n\u00e5gra symtom.<br \/>\nL\u00e5ngsam viktminskning och minskad aptit kan dock vara en indikation p\u00e5 att n\u00e5got \u00e4r fel.<br \/>\nViktnedg\u00e5ng hos katter \u00e4r vanligtvis subtil men b\u00f6r inte g\u00e5 \u00e4garen obem\u00e4rkt f\u00f6rbi &#8211; en pl\u00f6tslig viktnedg\u00e5ng p\u00e5 15-20 % p\u00e5 bara n\u00e5gra dagar kan vara ett tecken p\u00e5 FIP.<br \/>\nP\u00e5 samma s\u00e4tt kan en minskad aptit \u00e4ven n\u00e4r katten f\u00e5r bra mat vara ett tecken p\u00e5 att en sjukdom h\u00e5ller p\u00e5 att bryta ut.                   Denna typ av symtomkomplex kan tyda p\u00e5 organsvikt orsakad av FIP eller andra allvarliga tillst\u00e5nd som kronisk njursjukdom, som obehandlad kan utvecklas snabbt och bli livshotande f\u00f6r katter om den inte uppt\u00e4cks tidigt.<br \/>\nM\u00e5nga katt\u00e4gare har rapporterat att de sett dramatiska f\u00f6r\u00e4ndringar i energiniv\u00e5 och aktivitet i samband med dessa symtom, vilket ytterligare understryker deras betydelse f\u00f6r diagnos och behandlingsbeslut som fattas av b\u00e5de veterin\u00e4rer och djur\u00e4gare. &nbsp; Fluktuerande<strong>feber<\/strong> Fluktuerande feber hos katter definieras vanligen som omv\u00e4xlande episoder med h\u00f6ga och l\u00e5ga temperaturer.<br \/>\nDet \u00e4r ett av de tidigaste kliniska tecknen som f\u00f6rknippas med FIP.<br \/>\nDen h\u00e4r typen av feber kan variera dagligen och pendla mellan normal kroppstemperatur och farligt h\u00f6ga temperaturer.<br \/>\nEftersom detta kan ske pl\u00f6tsligt \u00e4r det viktigt att katt\u00e4gare regelbundet \u00f6vervakar sitt djurs temperatur, eftersom pl\u00f6tsliga f\u00f6r\u00e4ndringar kan vara ett tecken p\u00e5 FIP eller n\u00e5got annat allvarligt h\u00e4lsoproblem.<br \/>\nDet \u00e4r l\u00e4tt att f\u00f6rv\u00e4xla en fluktuerande feber med ih\u00e5llande h\u00f6g feber som katter kan ha n\u00e4r de \u00e4r sjuka, men de tv\u00e5 \u00e4r helt olika sjukdomar som kr\u00e4ver olika former av behandling.       &nbsp;<\/p>\n<h2><strong>Tecken under avancerade stadier av FIP<\/strong><\/h2>\n<p>&nbsp;  Symtomen kan utvecklas till mer allvarliga effekter, s\u00e5som organsvikt och v\u00e4tskeansamling.<br \/>\nForts\u00e4tt l\u00e4sa f\u00f6r att f\u00e5 reda p\u00e5 mer! <strong>Organsvikt<\/strong> Organsvikt \u00e4r en av de allvarligaste konsekvenserna i samband med FIP.<br \/>\nDet kan p\u00e5verka olika organ, t.ex. njurarna, levern och m\u00e5nga andra.<br \/>\nN\u00e4r sjukdomen n\u00e5r sitt mest avancerade stadium kan det leda till dysfunktion eller svikt i organen.<br \/>\nOrganskadorna kan ge upphov till en m\u00e4ngd olika symtom som varierar beroende p\u00e5 vilka delar av kroppen som p\u00e5verkas.<br \/>\nOm sjukdomen l\u00e4mnas obehandlad f\u00f6r l\u00e4nge leder den till en enorm p\u00e5frestning p\u00e5 det drabbade djurets allm\u00e4nna fysiska h\u00e4lsa tills den s\u00e5 sm\u00e5ningom f\u00f6rvandlas till en katastrofal sjukdom eller leder till d\u00f6den om den inte uppt\u00e4cks i tid och behandlas d\u00e4refter. &nbsp;<strong>Ih\u00e5llande h\u00f6g feber<\/strong> Oavbruten feber \u00e4r ett vanligt kliniskt tecken i samband med avancerade stadier av Feline Infectious Peritonitis (FIP).<br \/>\nFebern kan n\u00e5 temperaturer mellan 102 \u00b0F och 105 \u00b0F och p\u00e5g\u00e5 i veckor eller m\u00e5nader.<br \/>\nDet \u00e4r viktigt att st\u00e4lla en tidig diagnos eftersom det hj\u00e4lper till att utesluta andra sjukdomar och p\u00e5b\u00f6rja behandling.<br \/>\nFebern orsakas av inflammation till f\u00f6ljd av en utbredd infektion, som kan \u00e5tf\u00f6ljas av tecken som letargi, buksvullnad, aptitl\u00f6shet, viktminskning och gulsot.<br \/>\nOm febern kvarst\u00e5r trots antibiotikabehandling eller antiinflammatorisk medicinering kan det tyda p\u00e5 FIP.<br \/>\nDen h\u00f6ga temperaturen normaliseras ofta n\u00e4r r\u00e4tt behandling p\u00e5b\u00f6rjas. &nbsp;<strong>V\u00e4tskeansamling<\/strong> V\u00e4tskeansamling \u00e4r ett viktigt tecken p\u00e5 FIP hos katter och kan f\u00f6rekomma p\u00e5 olika st\u00e4llen i kroppen.<br \/>\nI br\u00f6stkorgen ansamlas v\u00e4tska runt hj\u00e4rtat och lungorna, vilket leder till begr\u00e4nsad r\u00f6relsef\u00f6rm\u00e5ga och andningssv\u00e5righeter.<br \/>\nDessutom kan lymfk\u00f6rtlarna bli svullna p\u00e5 grund av blockering orsakad av en \u00f6verdriven bildning av proteinrika v\u00e4tskeceller som kallas pleurautgjutningar.<br \/>\nV\u00e4tska kan ocks\u00e5 ansamlas i andra organ, t.ex. i buken eller pungen, vilket g\u00f6r att dessa omr\u00e5den svullnar och blir sm\u00e4rtsamma f\u00f6r katten.<br \/>\nDessutom kan kattens \u00f6gon uppvisa tecken p\u00e5 denna ansamling inuti \u00f6gonen, t.ex. f\u00e4rgf\u00f6r\u00e4ndringar eller opacitet, f\u00f6rtjockning av hornhinnan (hornhinn\u00f6dem), hypopyon (en vit hinna i bakre delen av \u00f6gat) eller n\u00e4thinneavlossning p\u00e5 grund av \u00f6kat intraokul\u00e4rt tryck orsakat av FIP-infektionen. &nbsp;<strong>\u00d6gonproblem<\/strong> \u00d6gonproblem \u00e4r en vanlig indikator p\u00e5 FIP.<br \/>\nOkul\u00e4ra lesioner som k\u00e4nnetecknas av pyogranulomat\u00f6s fr\u00e4mre uveit kan f\u00f6rekomma hos katter med FIP.<br \/>\nSymtomen kan omfatta inflammation i \u00f6gongloben, kisande, svullna tredje \u00f6gonlock och f\u00f6rstorade \u00f6gon som kan f\u00f6rs\u00e4mra synen eller till och med leda till blindhet om de inte behandlas.<br \/>\nDjur som upplever denna typ av okul\u00e4r manifestation kan uttrycka \u00f6kad t\u00e5rproduktion samt bl\u00f6dning fr\u00e5n \u00f6gat p\u00e5 grund av s\u00e5rbildning som orsakas av infektionen.<br \/>\nDessutom kan neurologiska symtom relaterade till FIP p\u00e5verka nervsystemet &#8211; inklusive syn- och \u00f6gonproblem s\u00e5som sammandragna pupiller som inte reagerar p\u00e5 ljusf\u00f6r\u00e4ndringar.<br \/>\nSlutligen har intraokul\u00e4r tryckstegring tillsammans med f\u00f6rtjockning av hornhinnan observerats i vissa fall av FIP i v\u00e5t form, vilket leder till potentiell synf\u00f6rlust \u00f6ver tid om det inte behandlas korrekt eller tillr\u00e4ckligt snabbt.<\/p>\n","protected":false},"excerpt":{"rendered":"<p>Det finns fyra olika stadier av FIP vid en infektion med detta virus: initial exponering och inkubation, prim\u00e4r viremi, sekund\u00e4r viremi och klinisk FIP. &nbsp; FIP-stadiet: Initial exponering och inkubation Felint coronavirus (FCoV) finns i m\u00e5nga milj\u00f6er, s\u00e5 det \u00e4r mycket troligt att katter exponeras f\u00f6r det n\u00e5gon g\u00e5ng under sitt liv. Den f\u00f6rsta infektionen [&hellip;]<\/p>\n","protected":false},"author":1,"featured_media":22675,"parent":0,"menu_order":0,"comment_status":"closed","ping_status":"closed","template":"","meta":{"_glsr_average":0,"_glsr_ranking":0,"_glsr_reviews":0,"footnotes":""},"categories":[864],"tags":[],"_links":{"self":[{"href":"https:\/\/fipmed.co\/sv\/wp-json\/wp\/v2\/pages\/22674"}],"collection":[{"href":"https:\/\/fipmed.co\/sv\/wp-json\/wp\/v2\/pages"}],"about":[{"href":"https:\/\/fipmed.co\/sv\/wp-json\/wp\/v2\/types\/page"}],"author":[{"embeddable":true,"href":"https:\/\/fipmed.co\/sv\/wp-json\/wp\/v2\/users\/1"}],"replies":[{"embeddable":true,"href":"https:\/\/fipmed.co\/sv\/wp-json\/wp\/v2\/comments?post=22674"}],"version-history":[{"count":0,"href":"https:\/\/fipmed.co\/sv\/wp-json\/wp\/v2\/pages\/22674\/revisions"}],"wp:featuredmedia":[{"embeddable":true,"href":"https:\/\/fipmed.co\/sv\/wp-json\/wp\/v2\/media\/22675"}],"wp:attachment":[{"href":"https:\/\/fipmed.co\/sv\/wp-json\/wp\/v2\/media?parent=22674"}],"wp:term":[{"taxonomy":"category","embeddable":true,"href":"https:\/\/fipmed.co\/sv\/wp-json\/wp\/v2\/categories?post=22674"},{"taxonomy":"post_tag","embeddable":true,"href":"https:\/\/fipmed.co\/sv\/wp-json\/wp\/v2\/tags?post=22674"}],"curies":[{"name":"wp","href":"https:\/\/api.w.org\/{rel}","templated":true}]}}