{"id":23739,"date":"2023-05-08T07:39:24","date_gmt":"2023-05-08T07:39:24","guid":{"rendered":"https:\/\/fipmed.co\/kontakta-oss\/"},"modified":"2024-11-06T07:40:59","modified_gmt":"2024-11-06T07:40:59","slug":"kontakta-oss","status":"publish","type":"page","link":"https:\/\/fipmed.co\/sv\/kontakta-oss\/","title":{"rendered":"Kontakta oss"},"content":{"rendered":"\t\t<div data-elementor-type=\"wp-page\" data-elementor-id=\"23739\" class=\"elementor elementor-23739 elementor-7274\">\n\t\t\t\t\t\t<section class=\"elementor-section elementor-top-section elementor-element elementor-element-a0c711f elementor-section-boxed elementor-section-height-default elementor-section-height-default\" data-id=\"a0c711f\" data-element_type=\"section\">\n\t\t\t\t\t\t<div class=\"elementor-container elementor-column-gap-default\">\n\t\t\t\t\t<div class=\"elementor-column elementor-col-100 elementor-top-column elementor-element elementor-element-935b070\" data-id=\"935b070\" data-element_type=\"column\">\n\t\t\t<div class=\"elementor-widget-wrap elementor-element-populated\">\n\t\t\t\t\t\t<div class=\"elementor-element elementor-element-213ae02 elementor-widget elementor-widget-text-editor\" data-id=\"213ae02\" data-element_type=\"widget\" data-widget_type=\"text-editor.default\">\n\t\t\t\t<div class=\"elementor-widget-container\">\n\t\t\t\t\t\t\t\t\t<p class=\"p1\">\n<p class=\"p1\"><span class=\"s1\">Vi \u00e4r h\u00e4r f\u00f6r att hj\u00e4lpa dig! Du \u00e4r v\u00e4lkommen att kontakta oss. Om du har n\u00e5gra fr\u00e5gor, funderingar eller feedback, tveka inte att kontakta oss. V\u00e5rt dedikerade kundsupportteam \u00e4r redo att hj\u00e4lpa dig p\u00e5 alla s\u00e4tt vi kan.   <\/span><\/p>\n<p class=\"p1\"><strong><span class=\"s1\">Hur n\u00e5r du oss?<\/span><\/strong><\/p>\n<p class=\"p1\"><strong><span class=\"s1\">E-post:<\/span><\/strong><\/p>\n<p class=\"p1\"><span class=\"s1\">Skicka g\u00e4rna ett e-postmeddelande till oss p\u00e5 support@fipmed.co. Vi str\u00e4var efter att svara p\u00e5 alla f\u00f6rfr\u00e5gningar inom 2 timmar, inklusive helger och helgdagar. Oavsett om du har en fr\u00e5ga om v\u00e5ra produkter, ett problem med din best\u00e4llning eller beh\u00f6ver hj\u00e4lp med returer, \u00e4r v\u00e5rt team h\u00e4r f\u00f6r att ge dig ett snabbt och hj\u00e4lpsamt svar.  <\/span><\/p>\n<p class=\"p1\"><strong><span class=\"s1\">Live Chatbot:<\/span><\/strong><\/p>\n<p class=\"p1\"><span class=\"s1\">F\u00f6r hj\u00e4lp i realtid erbjuder vi en praktisk livechattfunktion p\u00e5 v\u00e5r webbplats. Leta efter chatt-ikonen i det nedre h\u00f6gra h\u00f6rnet av sk\u00e4rmen och klicka f\u00f6r att starta en konversation med v\u00e5r chatbot, Clawdia. Oavsett om du beh\u00f6ver hj\u00e4lp med att navigera p\u00e5 v\u00e5r webbplats, har fr\u00e5gor om v\u00e5ra erbjudanden eller beh\u00f6ver st\u00f6d under k\u00f6pprocessen, finns hon h\u00e4r f\u00f6r att hj\u00e4lpa dig snabbt. Hon svarar g\u00e4rna p\u00e5 dina fr\u00e5gor, ger dig produktrekommendationer eller hj\u00e4lper dig med eventuella problem du kan ha.   <\/span><\/p>\n<p class=\"p1\"><strong><span class=\"s1\">Sociala medier:<\/span><\/strong><\/p>\n<p class=\"p1\"><span class=\"s1\">Kom i kontakt med oss p\u00e5 sociala medier. Vi \u00e4r aktiva p\u00e5 Facebook. F\u00f6lj oss f\u00f6r att h\u00e5lla dig uppdaterad om de senaste produktlanseringarna, exklusiva kampanjer och mycket mer. Du f\u00e5r g\u00e4rna kontakta oss via direktmeddelanden eller genom att tagga oss i dina inl\u00e4gg. Vi \u00e4lskar att h\u00f6ra fr\u00e5n v\u00e5ra kunder och att engagera oss i v\u00e5r community.    <\/span><\/p>\n<p class=\"p1\"><span class=\"s1\">Din tillfredsst\u00e4llelse \u00e4r v\u00e5r h\u00f6gsta prioritet, och vi \u00e4r fast beslutna att tillhandah\u00e5lla enast\u00e5ende kundservice. Vi v\u00e4rdes\u00e4tter din feedback och uppskattar att du tog dig tid att kontakta oss. Vi str\u00e4var efter att kontinuerligt f\u00f6rb\u00e4ttra din upplevelse, och din input spelar en avg\u00f6rande roll i den processen.  <\/span><\/p>\n<p class=\"p1\"><span class=\"s1\">Tack f\u00f6r att du valt FipMed. Vi ser fram emot att f\u00e5 hj\u00e4lpa dig! <\/span><\/p>\n\t\t\t\t\t\t\t\t<\/div>\n\t\t\t\t<\/div>\n\t\t\t\t\t<\/div>\n\t\t<\/div>\n\t\t\t\t\t<\/div>\n\t\t<\/section>\n\t\t\t\t<\/div>\n\t\t","protected":false},"excerpt":{"rendered":"<p>Vi \u00e4r h\u00e4r f\u00f6r att hj\u00e4lpa dig! Du \u00e4r v\u00e4lkommen att kontakta oss. Om du har n\u00e5gra fr\u00e5gor, funderingar eller feedback, tveka inte att kontakta oss. V\u00e5rt dedikerade kundsupportteam \u00e4r redo att hj\u00e4lpa dig p\u00e5 alla s\u00e4tt vi kan. Hur n\u00e5r du oss? E-post: Skicka g\u00e4rna ett e-postmeddelande till oss p\u00e5 support@fipmed.co. Vi str\u00e4var efter [&hellip;]<\/p>\n","protected":false},"author":1,"featured_media":0,"parent":0,"menu_order":0,"comment_status":"closed","ping_status":"closed","template":"","meta":{"_glsr_average":0,"_glsr_ranking":0,"_glsr_reviews":0,"footnotes":""},"categories":[],"tags":[],"_links":{"self":[{"href":"https:\/\/fipmed.co\/sv\/wp-json\/wp\/v2\/pages\/23739"}],"collection":[{"href":"https:\/\/fipmed.co\/sv\/wp-json\/wp\/v2\/pages"}],"about":[{"href":"https:\/\/fipmed.co\/sv\/wp-json\/wp\/v2\/types\/page"}],"author":[{"embeddable":true,"href":"https:\/\/fipmed.co\/sv\/wp-json\/wp\/v2\/users\/1"}],"replies":[{"embeddable":true,"href":"https:\/\/fipmed.co\/sv\/wp-json\/wp\/v2\/comments?post=23739"}],"version-history":[{"count":1,"href":"https:\/\/fipmed.co\/sv\/wp-json\/wp\/v2\/pages\/23739\/revisions"}],"predecessor-version":[{"id":23740,"href":"https:\/\/fipmed.co\/sv\/wp-json\/wp\/v2\/pages\/23739\/revisions\/23740"}],"wp:attachment":[{"href":"https:\/\/fipmed.co\/sv\/wp-json\/wp\/v2\/media?parent=23739"}],"wp:term":[{"taxonomy":"category","embeddable":true,"href":"https:\/\/fipmed.co\/sv\/wp-json\/wp\/v2\/categories?post=23739"},{"taxonomy":"post_tag","embeddable":true,"href":"https:\/\/fipmed.co\/sv\/wp-json\/wp\/v2\/tags?post=23739"}],"curies":[{"name":"wp","href":"https:\/\/api.w.org\/{rel}","templated":true}]}}