{"id":24139,"date":"2023-08-15T04:31:37","date_gmt":"2023-08-15T04:31:37","guid":{"rendered":"https:\/\/fipmed.co\/product\/6x-strips-fipmed-tabletter-40mg-x-10-dagar-for-katter-som-vager-4kg\/"},"modified":"2023-08-15T04:31:37","modified_gmt":"2023-08-15T04:31:37","slug":"6x-strips-fipmed-tabletter-40mg-x-10-dagar-for-katter-som-vager-4kg","status":"publish","type":"product","link":"https:\/\/fipmed.co\/sv\/produkt\/6x-strips-fipmed-tabletter-40mg-x-10-dagar-for-katter-som-vager-4kg\/","title":{"rendered":"6x strips FipMed Tabletter x 10 dagar (f\u00f6r katter p\u00e5 4 kg)"},"content":{"rendered":"<p class=\"p1\"><span class=\"s1\">FipMed GS-441524 tabletter \u00e4r en effektiv behandling av Felin Infekti\u00f6s Peritonit (FIP).<\/span><\/p>\n<p class=\"p1\"><span class=\"s1\">Varje FipMed-tablett f\u00f6r katt p\u00e5 4 kg inneh\u00e5ller 60 mg GS-441524. Den \u00e4r avsedd f\u00f6r katter som v\u00e4ger h\u00f6gst 4 kg.<\/span><\/p>\n<p class=\"p1\"><span class=\"s1\">GS-441524 \u00e4r metaboliskt stabilt.<br \/>\nDen absorberade m\u00e4ngden kommer dock inte att metaboliseras fullst\u00e4ndigt efter matsm\u00e4ltningen.<br \/>\nDen ber\u00e4knade metaboliserade m\u00e4ngden \u00e4r tillr\u00e4cklig f\u00f6r b\u00e5de v\u00e5t och torr FIP.<br \/>\nF\u00f6rdubbla dosen f\u00f6r okul\u00e4r FIP och neurologisk FIP.<br \/>\nTa tv\u00e5 tabletter ist\u00e4llet f\u00f6r en.    <\/span><\/p>\n<p>&nbsp;<\/p>\n<p class=\"p1\"><span class=\"s1\">FIPMed tabletter och dosering \u00e4r formulerade baserat p\u00e5 rekommendationer fr\u00e5n Dr Niels Pedersen:<\/span><\/p>\n<p><strong>V\u00e5t \/ torr FIP Dosering f\u00f6r tabletter:<\/strong><\/p>\n<p>Tablett Faktiskt GS441524 Inneh\u00e5ll: 15mg\/kg Efter 60% f\u00f6rlust fr\u00e5n matsm\u00e4ltning och metabolisering*: 6mg\/kg<\/p>\n<p><strong>Okul\u00e4r \/ neurologisk FIP Dosering f\u00f6r tabletter:<\/strong><\/p>\n<p>Tablett Faktiskt GS441524 Inneh\u00e5ll: 30mg\/kg Efter 60% f\u00f6rlust fr\u00e5n matsm\u00e4ltning och metabolisering*: 12 mg\/kg<\/p>\n<p>&nbsp;<\/p>\n<p>* Oral administrering visade sig ocks\u00e5 ge blodniv\u00e5er, men n\u00e5got f\u00f6rdr\u00f6jda och endast vid cirka 40% toppniv\u00e5er av subkutana och intraven\u00f6sa v\u00e4gar. GS-441424 absorberas fr\u00e5n tarmen med cirka 50 % effektivitet j\u00e4mf\u00f6rt med subkutan eller intraven\u00f6s administrering. Med tanke p\u00e5 den begr\u00e4nsade absorptionen av oralt GS-441524 skulle man kunna f\u00f6rv\u00e4nta sig att den orala dosen \u00e4r ungef\u00e4r dubbelt s\u00e5 h\u00f6g som f\u00f6r injektioner. (Niels Pedersen NC, 2018).   <\/p>\n<p><a href=\"https:\/\/www.vetmed.ucdavis.edu\/sites\/g\/files\/dgvnsk4586\/files\/inline-files\/Use%20of%20oral%20GS-441524%20for%20FIP%20treatmemt_0.pdf\" rel=\"nofollow noopener\" target=\"_blank\">https:\/\/www.vetmed.ucdavis.edu\/sites\/g\/files\/dgvnsk4586\/files\/inline-files\/Use%20of%20oral%20GS-441524%20for%20FIP%20treatmemt_0.pdf<\/a><\/p>\n<p>&nbsp;<\/p>\n<p class=\"p1\"><span class=\"s1\">Varje remsa inneh\u00e5ller 10 orala tabletter (10 dagars behandling)<\/span><\/p>\n","protected":false},"excerpt":{"rendered":"<p class=\"p1\"><span class=\"s1\">FipMed GS-441524 tabletter \u00e4r en effektiv behandling av Felin Infekti\u00f6s Peritonit (FIP).<\/span><\/p>\n<p class=\"p1\"><span class=\"s1\">Varje FipMed-tablett f\u00f6r katt p\u00e5 4 kg inneh\u00e5ller 60 mg GS-441524. Den \u00e4r avsedd f\u00f6r katter som v\u00e4ger h\u00f6gst 4 kg.<\/span><\/p>\n<p class=\"p1\"><span class=\"s1\">GS-441524 \u00e4r metaboliskt stabilt.<br \/>\nDen absorberade m\u00e4ngden kommer dock inte att metaboliseras fullst\u00e4ndigt efter matsm\u00e4ltningen.<br \/>\nDen ber\u00e4knade metaboliserade m\u00e4ngden \u00e4r tillr\u00e4cklig f\u00f6r b\u00e5de v\u00e5t och torr FIP.<br \/>\nF\u00f6rdubbla dosen f\u00f6r okul\u00e4r FIP och neurologisk FIP.<br \/>\nTa tv\u00e5 tabletter ist\u00e4llet f\u00f6r en.    <\/span><\/p>\n<p class=\"p1\"><span class=\"s1\">Varje remsa inneh\u00e5ller 10 orala tabletter (10 dagars behandling)<\/span><\/p>\n","protected":false},"featured_media":25247,"template":"","meta":{"_glsr_average":0,"_glsr_ranking":0,"_glsr_reviews":0},"product_cat":[1025],"product_tag":[],"_links":{"self":[{"href":"https:\/\/fipmed.co\/sv\/wp-json\/wp\/v2\/product\/24139"}],"collection":[{"href":"https:\/\/fipmed.co\/sv\/wp-json\/wp\/v2\/product"}],"about":[{"href":"https:\/\/fipmed.co\/sv\/wp-json\/wp\/v2\/types\/product"}],"wp:featuredmedia":[{"embeddable":true,"href":"https:\/\/fipmed.co\/sv\/wp-json\/wp\/v2\/media\/25247"}],"wp:attachment":[{"href":"https:\/\/fipmed.co\/sv\/wp-json\/wp\/v2\/media?parent=24139"}],"wp:term":[{"taxonomy":"product_cat","embeddable":true,"href":"https:\/\/fipmed.co\/sv\/wp-json\/wp\/v2\/product_cat?post=24139"},{"taxonomy":"product_tag","embeddable":true,"href":"https:\/\/fipmed.co\/sv\/wp-json\/wp\/v2\/product_tag?post=24139"}],"curies":[{"name":"wp","href":"https:\/\/api.w.org\/{rel}","templated":true}]}}