{"id":24287,"date":"2023-11-27T06:45:29","date_gmt":"2023-11-27T06:45:29","guid":{"rendered":"https:\/\/fipmed.co\/product\/den-kompletta-vagkartan-for-att-besegra-fip-fip-fran-diagnos-till-aterhamtning-bok\/"},"modified":"2024-11-22T12:04:00","modified_gmt":"2024-11-22T12:04:00","slug":"den-kompletta-vagkartan-for-att-besegra-fip-fip-fran-diagnos-till-aterhamtning-bok","status":"publish","type":"product","link":"https:\/\/fipmed.co\/sv\/produkt\/den-kompletta-vagkartan-for-att-besegra-fip-fip-fran-diagnos-till-aterhamtning-bok\/","title":{"rendered":"Den kompletta f\u00e4rdplanen f\u00f6r att \u00f6vervinna FIP: Fr\u00e5n diagnos till \u00e5terh\u00e4mtning EBOOK"},"content":{"rendered":"<p><span class=\"s1\">En 154-sidig omfattande guide f\u00f6r FIP, fr\u00e5n diagnos till tillfrisknande. Allt du beh\u00f6ver veta om FIP finns h\u00e4r. <\/span><\/p>\n<p>&nbsp;<\/p>\n<p><strong>Inneh\u00e5llsf\u00f6rteckning:<\/strong><\/p>\n<p>&nbsp;<\/p>\n<p><strong>VAD \u00c4R FIP?<\/strong><\/p>\n<p>Hur utvecklas FIP?<\/p>\n<p>&nbsp;<\/p>\n<p><strong>DE KATTSJUKA CORONAVIRUSEN<\/strong><\/p>\n<p>FCov-viruset<br \/>\nFECV<br \/>\nFIPV<\/p>\n<p>&nbsp;<\/p>\n<p><strong>HUR \u00d6VERF\u00d6RS VIRUSEN?<\/strong><\/p>\n<p>Direkt kontakt<br \/>\nIndirekt kontakt<br \/>\nFekal-orala v\u00e4gen<br \/>\nDroppar i andningsv\u00e4garna<br \/>\nSmitta fr\u00e5n dr\u00e4ktig honkatt<\/p>\n<p>&nbsp;<\/p>\n<p><strong>FIP<\/strong> <strong>RISK<\/strong> <strong>FAKTORER<\/strong><\/p>\n<p>\u00c5lder<br \/>\nRas<br \/>\nTr\u00e5nga boendef\u00f6rh\u00e5llanden<br \/>\nGenetik<br \/>\nStress<br \/>\nImmunsystemets status<\/p>\n<p>&nbsp;<\/p>\n<p><strong>VILKA \u00c4R TESTERNA F\u00d6R FELIN FIP?<\/strong><\/p>\n<p>Antikroppstest Blodprov Blodprov Blodprov Avl\u00e4sningar som tyder p\u00e5 FIP Rivalta Effusionstest R\u00f6ntgen Ultraljud Biopsi och cytologi Avf\u00f6ringstest<\/p>\n<p>&nbsp;<\/p>\n<p><strong>13 SJUKDOMAR SOM KAN MISSTAS F\u00d6R FIP<\/strong><\/p>\n<p>Toxoplasmos<br \/>\nFELV<br \/>\nFIV<br \/>\nFPV<br \/>\nInflammatorisk tarmsjukdom<br \/>\nCancer<br \/>\nHemotrofisk mykoplasmos hos katt<br \/>\nLymfom<br \/>\nHj\u00e4rtproblem<br \/>\nInflammerad lever<br \/>\nBakteriell peritonit<br \/>\nBakteriell pleurit<br \/>\nCryptococcosis<\/p>\n<p>&nbsp;<\/p>\n<p><strong>UTMANINGAR OCH BEGR\u00c4NSNINGAR VID DIAGNOS<\/strong><\/p>\n<p>Vad h\u00e4nder om du inte kan st\u00e4lla diagnos? 10 faktorer &amp; parametrar f\u00f6r vad som ska behandlas<\/p>\n<p>&nbsp;<\/p>\n<p><strong>VANLIGA KOMORBIDITETER<\/strong><\/p>\n<p>Varf\u00f6r f\u00f6rekommer FIP ofta tillsammans med andra sjukdomar?<\/p>\n<p>Lunginflammation CKD<\/p>\n<p>FELV<br \/>\nCancer<br \/>\nAtt ha autoimmuna sjukdomar och FIP<br \/>\nHar bakteriell infektion och FIP<br \/>\nFHV<br \/>\nFIV<br \/>\nFIP under graviditet<\/p>\n<p>&nbsp;<\/p>\n<p><strong>TYPER AV FIP<\/strong><\/p>\n<p>Effusiv eller v\u00e5t FIP Icke-effusiv eller torr FIP<\/p>\n<p>Okul\u00e4r FIP<br \/>\nNeurologisk FIP<\/p>\n<p>&nbsp;<\/p>\n<p><strong>FIP:S STADIER<\/strong><\/p>\n<p>Initial exponering och inkubation Prim\u00e4r viremi Sekund\u00e4r viremi Klinisk FIP Organskada<\/p>\n<p>&nbsp;<\/p>\n<p><strong>SYMPTOM BASERADE P\u00c5 STADIER AV FIP<\/strong><\/p>\n<p>Tidiga tecken p\u00e5 FIP<br \/>\nSymtom p\u00e5 l\u00e5ngt framskriden FIP<\/p>\n<p>&nbsp;<\/p>\n<p><strong>SYMPTOM BASERADE P\u00c5 TYPER AV FIP<\/strong><\/p>\n<p>Kliniska tecken p\u00e5 icke-effektiv torr FIP Kliniska tecken p\u00e5 effusiv v\u00e5t FIP Kliniska tecken p\u00e5 okul\u00e4r FIP Kliniska tecken p\u00e5 neurologisk FIP<\/p>\n<p>&nbsp;<\/p>\n<p><strong>10 VIKTIGA SAKER ATT G\u00d6RA OM DIN KATT HAR DIAGNOSTISERATS MED FIP<\/strong><\/p>\n<p>F\u00f6rbered dig och utrusta dig med dessa saker S\u00f6k veterin\u00e4rmedicinsk expertis P\u00e5b\u00f6rja behandling med GS441524 Hantera symtom och lindra sm\u00e4rta Hydrering och v\u00e4tskebehandling N\u00e4ringstillf\u00f6rsel &#8211; kost och kosttillskott Skapa en bekv\u00e4m och ren milj\u00f6 Genomf\u00f6r strikta hygien\u00e5tg\u00e4rder Till\u00e4mpa isoleringsprotokoll f\u00f6r hush\u00e5ll med flera katter \u00d6vervaka kattens tillst\u00e5nd Begr\u00e4nsa exponeringen f\u00f6r andra katter<\/p>\n<p>&nbsp;<\/p>\n<p><strong>BEHANDLINGSPROTOKOLL F\u00d6R FIPMED<\/strong><\/p>\n<p>Hur man fastst\u00e4ller doseringen f\u00f6r din katt H\u00e4nsyn till justeringar Behandlingens l\u00e4ngd Skillnad mellan injektioner och tabletter<\/p>\n<p>GS-441524 FIP Injektioner<\/p>\n<p>FIP Tabletter Oral GS-441524<\/p>\n<p>Kombinationsbehandling<\/p>\n<p>&nbsp;<\/p>\n<p><strong>HUR MAN ADMINISTRERAR GS441524<\/strong><\/p>\n<p>Subkutana GS441524 Injektioner Korrekt f\u00f6rvaring av injektionsflaskor Sprutor och n\u00e5lar N\u00e5lm\u00e5ttstabell F\u00f6rbereda sprutan Steg-f\u00f6r-steg-guide f\u00f6r administrering av injektioner Injektionss\u00e5r Hur man administrerar tabletter eller piller<\/p>\n<p>&nbsp;<\/p>\n<p><strong>\u00d6VERVAKNING AV BEHANDLINGSFRAMSTEG<\/strong><\/p>\n<p>FIP-behandling och observationsperiod Vad b\u00f6r du \u00f6vervaka? Vad h\u00e4nder om din katt inte blir b\u00e4ttre M\u00f6jliga orsaker<\/p>\n<p>&nbsp;<\/p>\n<p><strong>VAD MAN B\u00d6R UNDVIKA UNDER BEHANDLINGEN<\/strong><\/p>\n<p>Immunosuppressiva medel Antibiotika L\u00e4kemedel som kan p\u00e5verka CNS Sm\u00e4rtstillande medel Lysin<\/p>\n<p>&nbsp;<\/p>\n<p><strong>HJ\u00c4LPSAMMA SAKER UNDER BEHANDLINGEN<\/strong><\/p>\n<p>Effusionshantering<br \/>\nUnderst\u00f6djande v\u00e5rd f\u00f6r att g\u00f6ra katten mer bekv\u00e4m<br \/>\nHantering av sekund\u00e4ra infektioner<\/p>\n<p>&nbsp;<\/p>\n<p><strong>ANDRA MEDICINER ELLER PROCEDURER UNDER FIP-BEHANDLING<\/strong><\/p>\n<p>Avmaskningsmedel Behandling mot loppor och f\u00e4stingar Kastrering Vaccinationer Feberneds\u00e4ttande \u00e5tg\u00e4rder<\/p>\n<p>&nbsp;<\/p>\n<p><strong>FIP RELAPSE<\/strong><\/p>\n<p>Varf\u00f6r intr\u00e4ffar ett FIP-\u00e5terfall? Hur f\u00f6rhindrar man ett FIP-\u00e5terfall? Hur behandlar man ett \u00e5terfall om det intr\u00e4ffar?<\/p>\n","protected":false},"excerpt":{"rendered":"<p class=\"p1\"><span class=\"s1\">En 154-sidig omfattande guide f\u00f6r FIP, fr\u00e5n diagnos till tillfrisknande. Allt du beh\u00f6ver veta om FIP finns h\u00e4r. <\/span><\/p>\n","protected":false},"featured_media":24685,"template":"","meta":{"_glsr_average":0,"_glsr_ranking":0,"_glsr_reviews":0},"product_cat":[1111],"product_tag":[1113,1112],"_links":{"self":[{"href":"https:\/\/fipmed.co\/sv\/wp-json\/wp\/v2\/product\/24287"}],"collection":[{"href":"https:\/\/fipmed.co\/sv\/wp-json\/wp\/v2\/product"}],"about":[{"href":"https:\/\/fipmed.co\/sv\/wp-json\/wp\/v2\/types\/product"}],"wp:featuredmedia":[{"embeddable":true,"href":"https:\/\/fipmed.co\/sv\/wp-json\/wp\/v2\/media\/24685"}],"wp:attachment":[{"href":"https:\/\/fipmed.co\/sv\/wp-json\/wp\/v2\/media?parent=24287"}],"wp:term":[{"taxonomy":"product_cat","embeddable":true,"href":"https:\/\/fipmed.co\/sv\/wp-json\/wp\/v2\/product_cat?post=24287"},{"taxonomy":"product_tag","embeddable":true,"href":"https:\/\/fipmed.co\/sv\/wp-json\/wp\/v2\/product_tag?post=24287"}],"curies":[{"name":"wp","href":"https:\/\/api.w.org\/{rel}","templated":true}]}}