{"id":27558,"date":"2024-12-19T13:11:46","date_gmt":"2024-12-19T13:11:46","guid":{"rendered":"https:\/\/fipmed.co\/product\/1x-bottle-fipmed-eidd2801-30x-capsules-for-3kg-cats\/"},"modified":"2024-12-19T13:11:46","modified_gmt":"2024-12-19T13:11:46","slug":"1x-bottle-fipmed-eidd2801-30x-capsules-for-3kg-cats","status":"publish","type":"product","link":"https:\/\/fipmed.co\/sv\/produkt\/1x-bottle-fipmed-eidd2801-30x-capsules-for-3kg-cats\/","title":{"rendered":"FIPMed EIDD2801 30x kapslar (3kg katter) H\u00f6g toxicitet. Endast f\u00f6r GS441525-resistenta katter."},"content":{"rendered":"<p>Vi erbjuder FIPMed EIDD2801 kapslar till katter som har utvecklat resistens mot GS441524 och som inte l\u00e4ngre har effekt. I s\u00e5 fall kan EIDD2801 vara en sista utv\u00e4g. Molnupiravir (EIDD-2801) uppvisar h\u00f6g toxicitet, vilket g\u00f6r det ol\u00e4mpligt f\u00f6r den l\u00e5ngtidsanv\u00e4ndning som kr\u00e4vs vid behandling av FIP. L\u00e5ngvarig anv\u00e4ndning kan leda till RNA-mutationer, vilket \u00f6kar risken f\u00f6r cancer. <\/p>\n<p>Molnupiravir \u00e4r endast l\u00e4mpligt f\u00f6r korttidsbehandlingar som covid-19, d\u00e4r en 5-dagars kur inte \u00e4r tillr\u00e4ckligt l\u00e5ng f\u00f6r att orsaka skadliga mutagena effekter.<\/p>\n<p><strong>FIP-katter som behandlas med Molnupiravir eller EIDD2801 kan ha en \u00f6kad risk att f\u00e5 cancer inom 3 \u00e5r. Det rekommenderas inte att behandla FIP med EIDD2801, s\u00e4rskilt inte f\u00f6r unga katter. <\/strong><\/p>\n<p>Det \u00e4r endast ett alternativ om din katt inte l\u00e4ngre svarar p\u00e5 GS441524.<\/p>\n<p>Varf\u00f6r m\u00e5ste FIP-behandlingen p\u00e5g\u00e5 i 84 dagar? FIPV-viruset finns kvar i kattens kropp i upp till 90 dagar. Antivirala l\u00e4kemedel som GS-441524, Molnupiravir och GC376 h\u00e4mmar virusreplikationen snarare \u00e4n d\u00f6dar viruset direkt, s\u00e5 vi m\u00e5ste v\u00e4nta p\u00e5 att viruset d\u00f6r p\u00e5 naturlig v\u00e4g. Det finns f\u00f6r n\u00e4rvarande inget l\u00e4kemedel p\u00e5 marknaden som framg\u00e5ngsrikt d\u00f6dar viruset och d\u00e4rmed f\u00f6rkortar behandlingstiden.   <\/p>\n<p>&#8211; Bruksanvisning: 1 kapsel om dagen &#8211; Varje kapsel inneh\u00e5ller 100 mg Molnupiravir (EIDD2801) f\u00f6r katter p\u00e5 5 kg &#8211; Varje flaska inneh\u00e5ller 30 kapslar<\/p>\n<p><strong>Hur uppt\u00e4cker man EIDD2801 som s\u00e4ljs som GS441524?<\/strong><\/p>\n<p><span style=\"font-size: 12pt;\">&#8211; Om priset \u00e4r mycket l\u00e4gre j\u00e4mf\u00f6rt med industristandarder f\u00f6r GS441524<\/span><\/p>\n<p><span style=\"font-size: 12pt;\">&#8211; Om det s\u00e4ljs i kapselform. Ingen tillverkare tillverkar GS-441524 i kapselform. Men all behandling med EIDD2801 tillverkas i kapselform.  <\/span><\/p>\n<p><span style=\"font-size: 12pt;\">&#8211; Om doseringen eller behandlingstiden avviker fr\u00e5n Dr Niels Pedersens rekommendation<\/span><\/p>\n","protected":false},"excerpt":{"rendered":"<p>Vi erbjuder FIPMed EIDD2801 kapslar till katter som har utvecklat resistens mot GS441524 och som inte l\u00e4ngre har effekt. I s\u00e5 fall kan EIDD2801 vara en sista utv\u00e4g. Molnupiravir (EIDD-2801) uppvisar h\u00f6g toxicitet, vilket g\u00f6r det ol\u00e4mpligt f\u00f6r den l\u00e5ngtidsanv\u00e4ndning som kr\u00e4vs vid behandling av FIP. L\u00e5ngvarig anv\u00e4ndning kan leda till RNA-mutationer, vilket \u00f6kar risken f\u00f6r cancer. <\/p>\n<p>Molnupiravir \u00e4r endast l\u00e4mpligt f\u00f6r korttidsbehandlingar som covid-19, d\u00e4r en 5-dagars kur inte \u00e4r tillr\u00e4ckligt l\u00e5ng f\u00f6r att orsaka skadliga mutagena effekter.<\/p>\n<p>FIP-katter som behandlas med Molnupiravir eller EIDD2801 kan ha en \u00f6kad risk att f\u00e5 cancer inom 3 \u00e5r. Det rekommenderas inte att behandla FIP med EIDD2801, s\u00e4rskilt inte f\u00f6r unga katter. <\/p>\n<p>Det \u00e4r endast ett alternativ om din katt inte l\u00e4ngre svarar p\u00e5 GS441524.<\/p>\n<p>Varf\u00f6r m\u00e5ste FIP-behandlingen p\u00e5g\u00e5 i 84 dagar? FIPV-viruset finns kvar i kattens kropp i upp till 90 dagar. Antivirala l\u00e4kemedel som GS-441524, Molnupiravir och GC376 h\u00e4mmar virusreplikationen snarare \u00e4n d\u00f6dar viruset direkt, s\u00e5 vi m\u00e5ste v\u00e4nta p\u00e5 att viruset d\u00f6r p\u00e5 naturlig v\u00e4g. Det finns f\u00f6r n\u00e4rvarande inget l\u00e4kemedel p\u00e5 marknaden som framg\u00e5ngsrikt d\u00f6dar viruset och f\u00f6rkortar behandlingstiden. &#8211; V\u00e4gbeskrivning: 1 kapsel om dagen &#8211; Varje kapsel inneh\u00e5ller 60 mg Molnupiravir (EIDD2801) f\u00f6r katter p\u00e5 3 kg &#8211; Varje flaska inneh\u00e5ller 30 kapslar   <\/p>\n","protected":false},"featured_media":26852,"template":"","meta":{"_glsr_average":0,"_glsr_ranking":0,"_glsr_reviews":0},"product_cat":[1159],"product_tag":[],"_links":{"self":[{"href":"https:\/\/fipmed.co\/sv\/wp-json\/wp\/v2\/product\/27558"}],"collection":[{"href":"https:\/\/fipmed.co\/sv\/wp-json\/wp\/v2\/product"}],"about":[{"href":"https:\/\/fipmed.co\/sv\/wp-json\/wp\/v2\/types\/product"}],"wp:featuredmedia":[{"embeddable":true,"href":"https:\/\/fipmed.co\/sv\/wp-json\/wp\/v2\/media\/26852"}],"wp:attachment":[{"href":"https:\/\/fipmed.co\/sv\/wp-json\/wp\/v2\/media?parent=27558"}],"wp:term":[{"taxonomy":"product_cat","embeddable":true,"href":"https:\/\/fipmed.co\/sv\/wp-json\/wp\/v2\/product_cat?post=27558"},{"taxonomy":"product_tag","embeddable":true,"href":"https:\/\/fipmed.co\/sv\/wp-json\/wp\/v2\/product_tag?post=27558"}],"curies":[{"name":"wp","href":"https:\/\/api.w.org\/{rel}","templated":true}]}}