{"id":12274,"date":"2022-11-25T15:16:05","date_gmt":"2022-11-25T15:16:05","guid":{"rendered":"https:\/\/fipmed.co\/fip-relapse-policy\/"},"modified":"2026-05-06T01:34:05","modified_gmt":"2026-05-06T01:34:05","slug":"fip-relapse-policy","status":"publish","type":"page","link":"https:\/\/fipmed.co\/tr\/fip-relapse-policy\/","title":{"rendered":"FIP N\u00fcks Politikas\u0131"},"content":{"rendered":"\t\t<div data-elementor-type=\"wp-page\" data-elementor-id=\"12274\" class=\"elementor elementor-12274 elementor-32\">\n\t\t\t\t\t\t<section class=\"elementor-section elementor-top-section elementor-element elementor-element-672f648 elementor-section-boxed elementor-section-height-default elementor-section-height-default\" data-id=\"672f648\" data-element_type=\"section\">\n\t\t\t\t\t\t<div class=\"elementor-container elementor-column-gap-default\">\n\t\t\t\t\t<div class=\"elementor-column elementor-col-100 elementor-top-column elementor-element elementor-element-6547255\" data-id=\"6547255\" data-element_type=\"column\">\n\t\t\t<div class=\"elementor-widget-wrap elementor-element-populated\">\n\t\t\t\t\t\t<div class=\"elementor-element elementor-element-e63edf4 elementor-widget elementor-widget-text-editor\" data-id=\"e63edf4\" data-element_type=\"widget\" data-widget_type=\"text-editor.default\">\n\t\t\t\t<div class=\"elementor-widget-container\">\n\t\t\t\t\t\t\t\t\t<p class=\"p1\"><span class=\"s1\">FipMed FIP tedavi program\u0131 uygulanan kedilerin yakla\u015f\u0131k %3&#8217;\u00fcnde FIP n\u00fcks\u00fc g\u00f6r\u00fcl\u00fcr. Bu nedenle, FipMed N\u00fcks \u0130adesi Program\u0131 n\u00fcksetme endi\u015felerinizi kar\u015f\u0131layabilir. <\/span><\/p><p class=\"p1\"><span style=\"color: #000080;\"><strong><span class=\"s1\">Sadece FipMed FIP enjeksiyonlar\u0131 veya oral kaps\u00fclleri kullanarak 84 g\u00fcnl\u00fck tedaviyi tamamlayan kediler i\u00e7in, bir FIP n\u00fcks\u00fc meydana gelirse n\u00fcks tedavisi i\u00e7in %50 indirim uygulan\u0131r.<\/span><\/strong><\/span><\/p><p class=\"p1\"><span class=\"s1\">Bu programa kat\u0131lmaya hak kazanmak i\u00e7in gerekenler \u015funlard\u0131r<\/span><\/p><p class=\"p1\"><span class=\"s1\">1. N\u00fcks, ilk tam tedavinin tamamlanmas\u0131ndan sonraki 12 ay i\u00e7inde meydana gelir<\/span><\/p><p class=\"p1\"><span class=\"s1\">2. Kedinizin tedavi ba\u015flang\u0131\u00e7 tarihi ve biti\u015f tarihi<\/span><\/p><p class=\"p1\"><span class=\"s1\">3.  <span class=\"Apple-converted-space\">  <\/span>FipMed tedavi program\u0131n\u0131n tamamlanmas\u0131n\u0131n ard\u0131ndan nihai kan testi sonu\u00e7lar\u0131<\/span><\/p><p class=\"p1\"><span class=\"s1\">4.  <span class=\"Apple-converted-space\">  <\/span>\u0130lk tedavi i\u00e7in sat\u0131n al\u0131nan tedavi flakon ve haplar\u0131n\u0131n miktar\u0131 84 g\u00fcn i\u00e7in yeterliydi<\/span><\/p><p class=\"p1\"><span class=\"s1\" style=\"color: #000080;\"><b>Tedavinin 84 g\u00fcn\u00fcn\u00fc tamamlamayan, ancak yaln\u0131zca FipMed ila\u00e7lar\u0131n\u0131 kullanan kediler i\u00e7in, bir FIP n\u00fcks\u00fc meydana gelirse, n\u00fcks tedavisinde %50 indirim vard\u0131r.<\/b><\/span><\/p><p class=\"p1\"><span class=\"s1\">Bir\u00e7ok kedi 84 g\u00fcn i\u00e7inde FIP enfeksiyonlar\u0131ndan tamamen kurtulur. Sizin ve veteriner hekiminizin bu ko\u015fullarda tedavi program\u0131n\u0131 erken sonland\u0131rma karar\u0131n\u0131z\u0131 takdir ediyoruz. Tedavi program\u0131ndan ayr\u0131ld\u0131ktan sonra 6 ay i\u00e7inde n\u00fckseden ve sadece FipMed \u00fcr\u00fcnlerini kullanan kediler i\u00e7in n\u00fcks tedavisinde %50 indirim sa\u011fl\u0131yoruz.  <\/span><\/p><p class=\"p1\"><span class=\"s1\">Bu programa kat\u0131lmaya hak kazanmak i\u00e7in gerekenler \u015funlard\u0131r<\/span><\/p><p class=\"p1\"><span class=\"s1\">1. FIP n\u00fcks\u00fc, ilk tam tedavinin tamamlanmas\u0131ndan sonraki 6 ay i\u00e7inde meydana gelir<\/span><\/p><p class=\"p1\"><span class=\"s1\">2. Kedinizin tedavi ba\u015flang\u0131\u00e7 tarihi ve biti\u015f tarihi<\/span><\/p><p class=\"p1\"><span class=\"s1\">3.  <span class=\"Apple-converted-space\">  <\/span>FipMed tedavi program\u0131n\u0131n tamamlanmas\u0131n\u0131n ard\u0131ndan nihai kan testi sonu\u00e7lar\u0131.<\/span><\/p><p class=\"p1\"><span class=\"s1\">4.  <span class=\"Apple-converted-space\">  <\/span>FipMed tedavisinden sonraki 84 g\u00fcn i\u00e7inde k\u0131s\u0131rla\u015ft\u0131rma veya a\u015f\u0131lama gibi invaziv ameliyatlar yap\u0131lmaz <\/span><\/p><p class=\"p1\"><span class=\"s1\">5.  <span class=\"Apple-converted-space\">  <\/span>\u0130lk tedavi i\u00e7in sat\u0131n al\u0131nan tedavi flakon ve haplar\u0131n\u0131n miktar\u0131 45 g\u00fcn i\u00e7in yeterliydi<\/span><\/p><p class=\"p1\"><span class=\"s1\">NOT: Kritik parametrelerin normal aral\u0131\u011fa d\u00f6n\u00fcp d\u00f6nmedi\u011fini g\u00f6rmek i\u00e7in \u00f6nce kapsaml\u0131 bir kan testinden ge\u00e7meden tedavi program\u0131m\u0131z\u0131 tamamlayan kediler i\u00e7in imtiyaz sa\u011flam\u0131yoruz. Bir kedi n\u00fcks program\u0131m\u0131za ba\u015flad\u0131\u011f\u0131nda, eski veya yeni sat\u0131n al\u0131mlar\u0131 iade program\u0131na uygun olmayacakt\u0131r.<\/span><\/p>\t\t\t\t\t\t\t\t<\/div>\n\t\t\t\t<\/div>\n\t\t\t\t\t<\/div>\n\t\t<\/div>\n\t\t\t\t\t<\/div>\n\t\t<\/section>\n\t\t\t\t<\/div>\n\t\t","protected":false},"excerpt":{"rendered":"<p>FipMed FIP tedavi program\u0131 uygulanan kedilerin yakla\u015f\u0131k %3&#8217;\u00fcnde FIP n\u00fcks\u00fc g\u00f6r\u00fcl\u00fcr. Bu nedenle, FipMed N\u00fcks \u0130adesi Program\u0131 n\u00fcksetme endi\u015felerinizi kar\u015f\u0131layabilir. Sadece FipMed FIP enjeksiyonlar\u0131 veya oral kaps\u00fclleri kullanarak 84 g\u00fcnl\u00fck tedaviyi tamamlayan kediler i\u00e7in, bir FIP n\u00fcks\u00fc meydana gelirse n\u00fcks tedavisi i\u00e7in %50 indirim uygulan\u0131r. Bu programa kat\u0131lmaya hak kazanmak i\u00e7in gerekenler \u015funlard\u0131r 1. N\u00fcks, [&hellip;]<\/p>\n","protected":false},"author":1,"featured_media":0,"parent":0,"menu_order":0,"comment_status":"closed","ping_status":"closed","template":"","meta":{"_glsr_average":0,"_glsr_ranking":0,"_glsr_reviews":0,"footnotes":""},"categories":[],"tags":[],"_links":{"self":[{"href":"https:\/\/fipmed.co\/tr\/wp-json\/wp\/v2\/pages\/12274"}],"collection":[{"href":"https:\/\/fipmed.co\/tr\/wp-json\/wp\/v2\/pages"}],"about":[{"href":"https:\/\/fipmed.co\/tr\/wp-json\/wp\/v2\/types\/page"}],"author":[{"embeddable":true,"href":"https:\/\/fipmed.co\/tr\/wp-json\/wp\/v2\/users\/1"}],"replies":[{"embeddable":true,"href":"https:\/\/fipmed.co\/tr\/wp-json\/wp\/v2\/comments?post=12274"}],"version-history":[{"count":2,"href":"https:\/\/fipmed.co\/tr\/wp-json\/wp\/v2\/pages\/12274\/revisions"}],"predecessor-version":[{"id":31824,"href":"https:\/\/fipmed.co\/tr\/wp-json\/wp\/v2\/pages\/12274\/revisions\/31824"}],"wp:attachment":[{"href":"https:\/\/fipmed.co\/tr\/wp-json\/wp\/v2\/media?parent=12274"}],"wp:term":[{"taxonomy":"category","embeddable":true,"href":"https:\/\/fipmed.co\/tr\/wp-json\/wp\/v2\/categories?post=12274"},{"taxonomy":"post_tag","embeddable":true,"href":"https:\/\/fipmed.co\/tr\/wp-json\/wp\/v2\/tags?post=12274"}],"curies":[{"name":"wp","href":"https:\/\/api.w.org\/{rel}","templated":true}]}}