{"id":12281,"date":"2022-11-25T15:16:30","date_gmt":"2022-11-25T15:16:30","guid":{"rendered":"https:\/\/fipmed.co\/fip-return-policy\/"},"modified":"2024-03-07T04:20:33","modified_gmt":"2024-03-07T04:20:33","slug":"fip-return-policy","status":"publish","type":"page","link":"https:\/\/fipmed.co\/tr\/fip-return-policy\/","title":{"rendered":"FIP \u0130ade Politikas\u0131"},"content":{"rendered":"\t\t<div data-elementor-type=\"wp-page\" data-elementor-id=\"12281\" class=\"elementor elementor-12281 elementor-34\">\n\t\t\t\t\t\t<section class=\"elementor-section elementor-top-section elementor-element elementor-element-c3897a7 elementor-section-boxed elementor-section-height-default elementor-section-height-default\" data-id=\"c3897a7\" data-element_type=\"section\">\n\t\t\t\t\t\t<div class=\"elementor-container elementor-column-gap-default\">\n\t\t\t\t\t<div class=\"elementor-column elementor-col-100 elementor-top-column elementor-element elementor-element-32e3bf0\" data-id=\"32e3bf0\" data-element_type=\"column\">\n\t\t\t<div class=\"elementor-widget-wrap elementor-element-populated\">\n\t\t\t\t\t\t<div class=\"elementor-element elementor-element-c7b81b6 elementor-widget elementor-widget-text-editor\" data-id=\"c7b81b6\" data-element_type=\"widget\" data-widget_type=\"text-editor.default\">\n\t\t\t\t<div class=\"elementor-widget-container\">\n\t\t\t\t\t\t\t\t\t<p><span style=\"font-kerning: none;\">Bu bizim FIP iade politikam\u0131zd\u0131r. GS-441524 tedavimizin etkinli\u011finden eminiz. GS-441524 tedavimiz kedinizi FIP&#8217;ten kurtaramazsa, kullan\u0131lmam\u0131\u015f t\u00fcm flakonlar\u0131n ve a\u00e7\u0131lmam\u0131\u015f tablet \u015feritlerinin %50&#8217;sini iade edece\u011fiz. \u00dcr\u00fcnleri yeniden satamay\u0131z ancak kedi bar\u0131naklar\u0131na ba\u011f\u0131\u015flanacakt\u0131r. <\/span><\/p>\n<p><span style=\"font-kerning: none;\">Bu geri \u00f6demenin yaln\u0131zca kedisi \u00f6len ve en az 14 g\u00fcn boyunca Fipmed \u00fcr\u00fcnleriyle d\u00fczg\u00fcn bir \u015fekilde tedavi edilmesine ra\u011fmen kurtar\u0131lamayan sahipler i\u00e7in oldu\u011funu l\u00fctfen unutmay\u0131n. <\/span><\/p>\n<p><span style=\"font-kerning: none;\">Sat\u0131n al\u0131nan \u00fcr\u00fcn kullan\u0131lmam\u0131\u015f ve teslim ald\u0131\u011f\u0131n\u0131zdaki ayn\u0131 durumda olmal\u0131d\u0131r. Ayr\u0131ca orijinal ambalaj\u0131nda olmas\u0131 gerekir.<\/span><\/p>\n<p><span style=\"font-kerning: none;\">Bu garanti, talepte bulunulduktan sonraki 21 g\u00fcn i\u00e7inde sat\u0131n al\u0131nan flakon veya haplar i\u00e7in ge\u00e7erlidir. Nakliye \u00fccretleri, nakliye malzemeleri, i\u015f\u00e7ilik ve \u00f6deme a\u011f ge\u00e7idi \u00fccretleri gibi i\u015flem maliyetlerini kar\u015f\u0131lamak i\u00e7in 80 USD \u00fccret al\u0131yoruz.<\/span><\/p>\n<p><span style=\"font-kerning: none;\">A\u00e7\u0131lmam\u0131\u015f \u015fi\u015feler bize iade edilene kadar 3-8\u00b0 C&#8217;de veya kaps\u00fcller i\u00e7in oda s\u0131cakl\u0131\u011f\u0131nda, do\u011frudan g\u00fcne\u015f \u0131\u015f\u0131\u011f\u0131ndan uzakta saklanmal\u0131d\u0131r.<\/span><\/p>\n<p><span style=\"color: var( --e-global-color-text ); font-weight: var( --e-global-typography-text-font-weight );\">Suistimali \u00f6nlemek amac\u0131yla, talebinizi i\u015fleme koymak i\u00e7in a\u015fa\u011f\u0131daki belgelere (asgari olarak) ihtiyac\u0131m\u0131z olacakt\u0131r:<\/span><\/p>\n<ol>\n<li>Evcil hayvan\u0131n\u0131z\u0131n FIP te\u015fhis raporunu ve FIP&#8217;in do\u011frulanmas\u0131 i\u00e7in kan testlerini ekleyin.<\/li>\n<\/ol>\n<ol start=\"2\">\n<li>Evcil hayvan\u0131n\u0131z\u0131 tedavi eden veterinerinizden klinik ge\u00e7mi\u015f kay\u0131tlar\u0131 ve kedinizin FIP nedeniyle \u00f6ld\u00fc\u011f\u00fcne dair doktor sertifikas\u0131.<\/li>\n<\/ol>\n<ol start=\"3\">\n<li>Ayn\u0131 veterinerden al\u0131nm\u0131\u015f tarihli makbuzlar.<\/li>\n<\/ol>\n<ol start=\"4\">\n<li>Doldurulmu\u015f iade formu (l\u00fctfen <a href=\"http:\/\/fipmed.co\/wp-content\/uploads\/2023\/11\/FIPMed_Returns-Form.pdf\">buradan<\/a> indirin)<\/li>\n<li>Banka bilgileri &#8211; \u00f6deme yaln\u0131zca size veya tedavi eden veteriner hekime yap\u0131labilir.<\/li>\n<\/ol>\n<p>Talebinizi desteklemek i\u00e7in yukar\u0131daki belgeleri sa\u011flaman\u0131z, iadenizi gecikmeden i\u015fleme koymam\u0131za ve d\u00fczenlememize yard\u0131mc\u0131 olacakt\u0131r. Talebinizi desteklemek i\u00e7in daha fazla bilgiye ihtiya\u00e7 duyarsak veteriner sa\u011flay\u0131c\u0131n\u0131zla veya sizinle ileti\u015fime ge\u00e7ebiliriz.<\/p>\n<p><span style=\"font-kerning: none;\"> Bunun yap\u0131lmamas\u0131, istisnai durumlar d\u0131\u015f\u0131nda talebinizin \u00f6denmemesiyle sonu\u00e7lanacakt\u0131r.<\/span><\/p>\n<p><span style=\"font-kerning: none;\"><b>NOT:<\/b><\/span><\/p>\n<p><span style=\"font-kerning: none;\">&#8211; Bu garanti, herhangi bir ba\u011f\u0131\u015f program\u0131 arac\u0131l\u0131\u011f\u0131yla yap\u0131lan sat\u0131n al\u0131mlar i\u00e7in ge\u00e7erli de\u011fildir.<\/span><\/p>\n<p><span style=\"color: var( --e-global-color-text ); font-weight: var( --e-global-typography-text-font-weight );\">&#8211; M\u00fc\u015fteriler, ilk nakliye \u00fccretinin yan\u0131 s\u0131ra iade nakliye \u00fccretinden de sorumlu olacakt\u0131r.<\/span><\/p>\n<p><span style=\"font-kerning: none;\">&#8211; \u00dcr\u00fcn\u00fcn\u00fcz\u00fc teslim ald\u0131ktan sonra kontrol edece\u011fiz ve iade etti\u011finiz \u00fcr\u00fcn\u00fc ald\u0131\u011f\u0131m\u0131z\u0131 size bildirece\u011fiz. \u00dcr\u00fcn\u00fc kontrol ettikten sonra, iadenizin durumu hakk\u0131nda sizi h\u0131zl\u0131 bir \u015fekilde bilgilendirece\u011fiz.<\/span><\/p>\n<p>&#8211; Hesab\u0131n\u0131za para iadesi yap\u0131labilmesi i\u00e7in l\u00fctfen \u00fcr\u00fcnlerin depomuza ula\u015fmas\u0131ndan itibaren 14 i\u015f g\u00fcn\u00fc bekleyin.<\/p>\n<p>&#8211; \u0130ade i\u015flemini tamamlad\u0131ktan sonra size bir e-posta g\u00f6nderece\u011fiz.<\/p>\n<p><span style=\"font-kerning: none;\">&#8211; \u0130adeniz kabul edilirse, kredi kart\u0131n\u0131za veya banka hesab\u0131n\u0131za para iadesi ba\u015flataca\u011f\u0131z. <\/span><\/p>\n<p><span style=\"font-kerning: none;\">&#8211; Kart\u0131n\u0131z\u0131 d\u00fczenleyen kurulu\u015fun k\u0131s\u0131tlamalar\u0131na ba\u011fl\u0131 olarak, geri \u00f6demenizi belirli bir g\u00fcn i\u00e7inde al\u0131rs\u0131n\u0131z.<\/span><\/p>\n<p><span style=\"font-kerning: none;\">&#8211; \u00dcr\u00fcn\u00fc bize iade etti\u011finizde nakliye \u00fccretlerini siz \u00f6deyeceksiniz. Nakliye \u00fccreti iade edilmez.<\/span><\/p>\n<p>&#8211; Tam olarak doldurulmu\u015f bir talep formu elimize ge\u00e7meden ve de\u011ferlendirmeyi tamamlamadan talebinizin \u00f6denmesine izin veremeyiz veya bunu garanti edemeyiz.<\/p>\n<p>&#8211; \u0130ade y\u00f6nergelerimize uymayan veya iade fi\u015fi olmadan iade edilen \u00fcr\u00fcnlerin iadesi yap\u0131lmayacakt\u0131r.<\/p>\n<p><span style=\"font-kerning: none;\">Sat\u0131n ald\u0131\u011f\u0131n\u0131z \u00fcr\u00fcnleri bize nas\u0131l iade edece\u011finiz konusunda herhangi bir sorunuz varsa l\u00fctfen bizimle ileti\u015fime ge\u00e7in.<\/span><\/p>\n\t\t\t\t\t\t\t\t<\/div>\n\t\t\t\t<\/div>\n\t\t\t\t\t<\/div>\n\t\t<\/div>\n\t\t\t\t\t<\/div>\n\t\t<\/section>\n\t\t\t\t<\/div>\n\t\t","protected":false},"excerpt":{"rendered":"<p>Bu bizim FIP iade politikam\u0131zd\u0131r. GS-441524 tedavimizin etkinli\u011finden eminiz. GS-441524 tedavimiz kedinizi FIP&#8217;ten kurtaramazsa, kullan\u0131lmam\u0131\u015f t\u00fcm flakonlar\u0131n ve a\u00e7\u0131lmam\u0131\u015f tablet \u015feritlerinin %50&#8217;sini iade edece\u011fiz. \u00dcr\u00fcnleri yeniden satamay\u0131z ancak kedi bar\u0131naklar\u0131na ba\u011f\u0131\u015flanacakt\u0131r. Bu geri \u00f6demenin yaln\u0131zca kedisi \u00f6len ve en az 14 g\u00fcn boyunca Fipmed \u00fcr\u00fcnleriyle d\u00fczg\u00fcn bir \u015fekilde tedavi edilmesine ra\u011fmen kurtar\u0131lamayan sahipler i\u00e7in oldu\u011funu [&hellip;]<\/p>\n","protected":false},"author":1,"featured_media":0,"parent":0,"menu_order":0,"comment_status":"closed","ping_status":"closed","template":"","meta":{"_glsr_average":0,"_glsr_ranking":0,"_glsr_reviews":0,"footnotes":""},"categories":[],"tags":[],"_links":{"self":[{"href":"https:\/\/fipmed.co\/tr\/wp-json\/wp\/v2\/pages\/12281"}],"collection":[{"href":"https:\/\/fipmed.co\/tr\/wp-json\/wp\/v2\/pages"}],"about":[{"href":"https:\/\/fipmed.co\/tr\/wp-json\/wp\/v2\/types\/page"}],"author":[{"embeddable":true,"href":"https:\/\/fipmed.co\/tr\/wp-json\/wp\/v2\/users\/1"}],"replies":[{"embeddable":true,"href":"https:\/\/fipmed.co\/tr\/wp-json\/wp\/v2\/comments?post=12281"}],"version-history":[{"count":0,"href":"https:\/\/fipmed.co\/tr\/wp-json\/wp\/v2\/pages\/12281\/revisions"}],"wp:attachment":[{"href":"https:\/\/fipmed.co\/tr\/wp-json\/wp\/v2\/media?parent=12281"}],"wp:term":[{"taxonomy":"category","embeddable":true,"href":"https:\/\/fipmed.co\/tr\/wp-json\/wp\/v2\/categories?post=12281"},{"taxonomy":"post_tag","embeddable":true,"href":"https:\/\/fipmed.co\/tr\/wp-json\/wp\/v2\/tags?post=12281"}],"curies":[{"name":"wp","href":"https:\/\/api.w.org\/{rel}","templated":true}]}}