{"id":12298,"date":"2023-05-08T07:39:24","date_gmt":"2023-05-08T07:39:24","guid":{"rendered":"https:\/\/fipmed.co\/iletisim-us\/"},"modified":"2024-02-17T07:13:38","modified_gmt":"2024-02-17T07:13:38","slug":"iletisim-us-2","status":"publish","type":"page","link":"https:\/\/fipmed.co\/tr\/iletisim-us-2\/","title":{"rendered":"Bize Ula\u015f\u0131n"},"content":{"rendered":"\t\t<div data-elementor-type=\"wp-page\" data-elementor-id=\"12298\" class=\"elementor elementor-12298 elementor-7274\">\n\t\t\t\t\t\t<section class=\"elementor-section elementor-top-section elementor-element elementor-element-a0c711f elementor-section-boxed elementor-section-height-default elementor-section-height-default\" data-id=\"a0c711f\" data-element_type=\"section\">\n\t\t\t\t\t\t<div class=\"elementor-container elementor-column-gap-default\">\n\t\t\t\t\t<div class=\"elementor-column elementor-col-100 elementor-top-column elementor-element elementor-element-935b070\" data-id=\"935b070\" data-element_type=\"column\">\n\t\t\t<div class=\"elementor-widget-wrap elementor-element-populated\">\n\t\t\t\t\t\t<div class=\"elementor-element elementor-element-213ae02 elementor-widget elementor-widget-text-editor\" data-id=\"213ae02\" data-element_type=\"widget\" data-widget_type=\"text-editor.default\">\n\t\t\t\t<div class=\"elementor-widget-container\">\n\t\t\t\t\t\t\t\t\t<p class=\"p1\">\n<p class=\"p1\"><span class=\"s1\">Yard\u0131m etmek i\u00e7in buraday\u0131z! Bizimle ileti\u015fime ge\u00e7mekten \u00e7ekinmeyin. Herhangi bir sorunuz, endi\u015feniz veya geri bildiriminiz varsa, l\u00fctfen bizimle ileti\u015fime ge\u00e7mekten \u00e7ekinmeyin. \u00d6zel m\u00fc\u015fteri destek ekibimiz size elimizden gelen her \u015fekilde yard\u0131mc\u0131 olmaya haz\u0131rd\u0131r.<\/span><\/p>\n<p class=\"p1\"><strong><span class=\"s1\">Bize Nas\u0131l Ula\u015fabilirsiniz<\/span><\/strong><\/p>\n<p class=\"p1\"><strong><span class=\"s1\">E-posta:<\/span><\/strong><\/p>\n<p class=\"p1\"><span class=\"s1\">Bize support@fipmed.co adresinden bir e-posta g\u00f6ndermekten \u00e7ekinmeyin. Hafta sonlar\u0131 ve tatiller de dahil olmak \u00fczere t\u00fcm sorulara 2 saat i\u00e7inde yan\u0131t vermeyi hedefliyoruz. \u0130ster \u00fcr\u00fcnlerimizle ilgili bir sorunuz, ister sipari\u015finizle ilgili bir sorununuz veya iadelerle ilgili yard\u0131ma ihtiyac\u0131n\u0131z olsun, ekibimiz size h\u0131zl\u0131 ve yard\u0131mc\u0131 bir yan\u0131t vermek i\u00e7in buradad\u0131r.<\/span><\/p>\n<p class=\"p1\"><strong><span class=\"s1\">Canl\u0131 Sohbet Robotu:<\/span><\/strong><\/p>\n<p class=\"p1\"><span class=\"s1\">Ger\u00e7ek zamanl\u0131 yard\u0131m i\u00e7in web sitemizde kullan\u0131\u015fl\u0131 bir canl\u0131 sohbet \u00f6zelli\u011fi sunuyoruz. Ekran\u0131n\u0131z\u0131n sa\u011f alt k\u00f6\u015fesindeki sohbet simgesini bulun ve sohbet robotumuz Clawdia ile bir konu\u015fma ba\u015flatmak i\u00e7in t\u0131klay\u0131n. Sitemizde gezinmek i\u00e7in yard\u0131ma ihtiyac\u0131n\u0131z oldu\u011funda, tekliflerimiz hakk\u0131nda sorular\u0131n\u0131z oldu\u011funda veya sat\u0131n alma s\u00fcrecinde deste\u011fe ihtiya\u00e7 duydu\u011funuzda, size derhal yard\u0131mc\u0131 olmak i\u00e7in burada. Sorular\u0131n\u0131z\u0131 yan\u0131tlamaktan, \u00fcr\u00fcn tavsiyelerinde bulunmaktan veya endi\u015feleriniz konusunda size yard\u0131mc\u0131 olmaktan mutluluk duyacakt\u0131r.<\/span><\/p>\n<p class=\"p1\"><strong><span class=\"s1\">Sosyal Medya:<\/span><\/strong><\/p>\n<p class=\"p1\"><span class=\"s1\">Bizimle sosyal medyada ba\u011flant\u0131 kurun. Facebook&#8217;ta aktifiz. En son \u00fcr\u00fcn lansmanlar\u0131, \u00f6zel promosyonlar ve daha fazlas\u0131ndan haberdar olmak i\u00e7in bizi takip edin. Bize do\u011frudan mesaj yoluyla veya payla\u015f\u0131mlar\u0131n\u0131zda bizi etiketleyerek ula\u015fmaktan \u00e7ekinmeyin. M\u00fc\u015fterilerimizden haber almay\u0131 ve toplulu\u011fumuzla etkile\u015fim kurmay\u0131 seviyoruz.<\/span><\/p>\n<p class=\"p1\"><span class=\"s1\">Memnuniyetiniz bizim \u00f6nceli\u011fimizdir ve ola\u011fan\u00fcst\u00fc m\u00fc\u015fteri hizmetleri sunmay\u0131 taahh\u00fct ediyoruz. Geri bildirimlerinize de\u011fer veriyor ve bize ula\u015fmak i\u00e7in ay\u0131rd\u0131\u011f\u0131n\u0131z zamana te\u015fekk\u00fcr ediyoruz. Deneyiminizi s\u00fcrekli olarak iyile\u015ftirmek i\u00e7in \u00e7al\u0131\u015f\u0131yoruz ve girdileriniz bu s\u00fcre\u00e7te \u00e7ok \u00f6nemli bir rol oynuyor.<\/span><\/p>\n<p class=\"p1\"><span class=\"s1\">FipMed&#8217;i tercih etti\u011finiz i\u00e7in te\u015fekk\u00fcr ederiz. Size yard\u0131mc\u0131 olmak i\u00e7in sab\u0131rs\u0131zlan\u0131yoruz!<\/span><\/p>\n\t\t\t\t\t\t\t\t<\/div>\n\t\t\t\t<\/div>\n\t\t\t\t\t<\/div>\n\t\t<\/div>\n\t\t\t\t\t<\/div>\n\t\t<\/section>\n\t\t\t\t<\/div>\n\t\t","protected":false},"excerpt":{"rendered":"<p>Yard\u0131m etmek i\u00e7in buraday\u0131z! Bizimle ileti\u015fime ge\u00e7mekten \u00e7ekinmeyin. Herhangi bir sorunuz, endi\u015feniz veya geri bildiriminiz varsa, l\u00fctfen bizimle ileti\u015fime ge\u00e7mekten \u00e7ekinmeyin. \u00d6zel m\u00fc\u015fteri destek ekibimiz size elimizden gelen her \u015fekilde yard\u0131mc\u0131 olmaya haz\u0131rd\u0131r. Bize Nas\u0131l Ula\u015fabilirsiniz E-posta: Bize support@fipmed.co adresinden bir e-posta g\u00f6ndermekten \u00e7ekinmeyin. Hafta sonlar\u0131 ve tatiller de dahil olmak \u00fczere t\u00fcm sorulara 2 [&hellip;]<\/p>\n","protected":false},"author":1,"featured_media":0,"parent":0,"menu_order":0,"comment_status":"closed","ping_status":"closed","template":"","meta":{"_glsr_average":0,"_glsr_ranking":0,"_glsr_reviews":0,"footnotes":""},"categories":[],"tags":[],"_links":{"self":[{"href":"https:\/\/fipmed.co\/tr\/wp-json\/wp\/v2\/pages\/12298"}],"collection":[{"href":"https:\/\/fipmed.co\/tr\/wp-json\/wp\/v2\/pages"}],"about":[{"href":"https:\/\/fipmed.co\/tr\/wp-json\/wp\/v2\/types\/page"}],"author":[{"embeddable":true,"href":"https:\/\/fipmed.co\/tr\/wp-json\/wp\/v2\/users\/1"}],"replies":[{"embeddable":true,"href":"https:\/\/fipmed.co\/tr\/wp-json\/wp\/v2\/comments?post=12298"}],"version-history":[{"count":0,"href":"https:\/\/fipmed.co\/tr\/wp-json\/wp\/v2\/pages\/12298\/revisions"}],"wp:attachment":[{"href":"https:\/\/fipmed.co\/tr\/wp-json\/wp\/v2\/media?parent=12298"}],"wp:term":[{"taxonomy":"category","embeddable":true,"href":"https:\/\/fipmed.co\/tr\/wp-json\/wp\/v2\/categories?post=12298"},{"taxonomy":"post_tag","embeddable":true,"href":"https:\/\/fipmed.co\/tr\/wp-json\/wp\/v2\/tags?post=12298"}],"curies":[{"name":"wp","href":"https:\/\/api.w.org\/{rel}","templated":true}]}}