{"id":14458,"date":"2023-11-20T03:02:35","date_gmt":"2023-11-20T03:02:35","guid":{"rendered":"https:\/\/fipmed.co\/fipmed-cancellation-policy\/"},"modified":"2024-01-05T05:53:03","modified_gmt":"2024-01-05T05:53:03","slug":"fipmed-iptal-politikasi","status":"publish","type":"page","link":"https:\/\/fipmed.co\/tr\/fipmed-iptal-politikasi\/","title":{"rendered":"FIPMed \u0130ptal Politikas\u0131"},"content":{"rendered":"\t\t<div data-elementor-type=\"wp-page\" data-elementor-id=\"14458\" class=\"elementor elementor-14458 elementor-14413\">\n\t\t\t\t\t\t<section class=\"elementor-section elementor-top-section elementor-element elementor-element-c3897a7 elementor-section-boxed elementor-section-height-default elementor-section-height-default\" data-id=\"c3897a7\" data-element_type=\"section\">\n\t\t\t\t\t\t<div class=\"elementor-container elementor-column-gap-default\">\n\t\t\t\t\t<div class=\"elementor-column elementor-col-100 elementor-top-column elementor-element elementor-element-32e3bf0\" data-id=\"32e3bf0\" data-element_type=\"column\">\n\t\t\t<div class=\"elementor-widget-wrap elementor-element-populated\">\n\t\t\t\t\t\t<div class=\"elementor-element elementor-element-c7b81b6 elementor-widget elementor-widget-text-editor\" data-id=\"c7b81b6\" data-element_type=\"widget\" data-widget_type=\"text-editor.default\">\n\t\t\t\t<div class=\"elementor-widget-container\">\n\t\t\t\t\t\t\t\t\t<p>Ekibimiz, sipari\u015finizin m\u00fcmk\u00fcn olan en k\u0131sa s\u00fcrede g\u00f6nderilmesini sa\u011flamak i\u00e7in ekstra \u00e7aba g\u00f6stermektedir. Bu, t\u00fcm \u00fcr\u00fcnlerimizin zamana duyarl\u0131 do\u011fas\u0131ndan kaynaklanmaktad\u0131r ve t\u00fcm m\u00fc\u015fterilerimizin teslimat\u0131 m\u00fcmk\u00fcn olan en k\u0131sa s\u00fcrede almalar\u0131 i\u00e7in \u00e7aba g\u00f6steriyoruz.<\/p>\n<p>Bu nedenle, sipari\u015ften sonra yap\u0131lacak herhangi bir iptal i\u015flemi s\u00fcrecimizi ciddi \u015fekilde sekteye u\u011frat\u0131r.<\/p>\n<p>Ancak, sipari\u015finizi verdikten k\u0131sa bir s\u00fcre sonra iptal etmenizi gerektiren ko\u015fullar\u0131n ortaya \u00e7\u0131kabilece\u011fini anl\u0131yoruz. \u0130ptal i\u015flemleriyle ilgili idari masraflar\u0131 kar\u015f\u0131lamak i\u00e7in a\u015fa\u011f\u0131daki iptal \u00fccreti politikas\u0131n\u0131 uygulamaktay\u0131z. L\u00fctfen a\u015fa\u011f\u0131daki ayr\u0131nt\u0131lar\u0131 dikkatlice inceleyin:<\/p>\n<p><b>1. <\/b>M\u00fc\u015fteriler, sipari\u015fin verildi\u011fi andan itibaren en fazla 3 saat i\u00e7inde iptal talebinde bulunabilirler. Bu zaman diliminden sonra al\u0131nan iptal talepleri herhangi bir sipari\u015f iptal s\u00fcrecine uygun olmayacak, bunun yerine geri \u00f6deme politikam\u0131za tabi olacakt\u0131r.<\/p>\n<p><b>2. <\/b>Belirtilen 3 saatlik s\u00fcre i\u00e7inde yap\u0131lan iptaller i\u00e7in, iptal i\u015flemiyle ilgili i\u015flem ve idari masraflar\u0131 kar\u015f\u0131lamak \u00fczere 50 ABD dolar\u0131 tutar\u0131nda bir iptal \u00fccreti uygulanacakt\u0131r. Bu \u00fccret, toplam iptal iadesi tutar\u0131ndan d\u00fc\u015f\u00fclecektir.<\/p>\n<p>3. Kargo \u00fccretleri ve dijital \u00fcr\u00fcnler iade edilmez ve iade tutar\u0131ndan d\u00fc\u015f\u00fcl\u00fcr.<\/p>\n<p>4. Ayr\u0131ca, halihaz\u0131rda taraf\u0131m\u0131zdan tahsil edilen \u00f6deme a\u011f ge\u00e7idi \u00fccretlerini kar\u015f\u0131lamak i\u00e7in 30 USD tutar\u0131nda bir kesinti yap\u0131lacakt\u0131r. <\/p>\n<p><b>5. <\/b>\u0130ptal i\u015flemini ba\u015flatmak i\u00e7in l\u00fctfen 3 saatlik s\u00fcre i\u00e7inde m\u00fcmk\u00fcn olan en k\u0131sa s\u00fcrede m\u00fc\u015fteri destek ekibimizle ileti\u015fime ge\u00e7in. M\u00fc\u015fteri hizmetlerimize sales@fipmed.co adresinden ula\u015fabilirsiniz.<\/p>\n<p><strong>6.  <\/strong>  \u0130ptal talebinin onaylanmas\u0131n\u0131n ard\u0131ndan iade i\u015flemi derhal ger\u00e7ekle\u015ftirilecek ve tutar orijinal \u00f6deme y\u00f6ntemine iade edilecektir. Para iadesinin hesab\u0131n\u0131za yans\u0131mas\u0131 i\u00e7in l\u00fctfen 14 i\u015f g\u00fcn\u00fcne kadar bekleyin.<\/p>\n<p>Bize bir sipari\u015f vererek, iptal \u00fccreti politikam\u0131z\u0131 okudu\u011funuzu, anlad\u0131\u011f\u0131n\u0131z\u0131 ve kabul etti\u011finizi onaylam\u0131\u015f olursunuz.<\/p>\n<p>\u0130ptal \u00fccreti politikam\u0131zla ilgili herhangi bir sorunuz veya endi\u015feniz varsa, l\u00fctfen yard\u0131m i\u00e7in m\u00fc\u015fteri destek ekibimizle ileti\u015fime ge\u00e7mekten \u00e7ekinmeyin.<\/p>\n<p>Fipmed.co&#8217;yu tercih etti\u011finiz i\u00e7in te\u015fekk\u00fcr ederiz. Anlay\u0131\u015f\u0131n\u0131z ve i\u015fbirli\u011finiz i\u00e7in te\u015fekk\u00fcr ederiz. FIP ile m\u00fccadele yolculu\u011funuzda en iyi dileklerimle. <\/p>\n\t\t\t\t\t\t\t\t<\/div>\n\t\t\t\t<\/div>\n\t\t\t\t\t<\/div>\n\t\t<\/div>\n\t\t\t\t\t<\/div>\n\t\t<\/section>\n\t\t\t\t<\/div>\n\t\t","protected":false},"excerpt":{"rendered":"<p>Ekibimiz, sipari\u015finizin m\u00fcmk\u00fcn olan en k\u0131sa s\u00fcrede g\u00f6nderilmesini sa\u011flamak i\u00e7in ekstra \u00e7aba g\u00f6stermektedir. Bu, t\u00fcm \u00fcr\u00fcnlerimizin zamana duyarl\u0131 do\u011fas\u0131ndan kaynaklanmaktad\u0131r ve t\u00fcm m\u00fc\u015fterilerimizin teslimat\u0131 m\u00fcmk\u00fcn olan en k\u0131sa s\u00fcrede almalar\u0131 i\u00e7in \u00e7aba g\u00f6steriyoruz. Bu nedenle, sipari\u015ften sonra yap\u0131lacak herhangi bir iptal i\u015flemi s\u00fcrecimizi ciddi \u015fekilde sekteye u\u011frat\u0131r. Ancak, sipari\u015finizi verdikten k\u0131sa bir s\u00fcre sonra iptal [&hellip;]<\/p>\n","protected":false},"author":1,"featured_media":0,"parent":0,"menu_order":0,"comment_status":"closed","ping_status":"closed","template":"","meta":{"_glsr_average":0,"_glsr_ranking":0,"_glsr_reviews":0,"footnotes":""},"categories":[],"tags":[],"_links":{"self":[{"href":"https:\/\/fipmed.co\/tr\/wp-json\/wp\/v2\/pages\/14458"}],"collection":[{"href":"https:\/\/fipmed.co\/tr\/wp-json\/wp\/v2\/pages"}],"about":[{"href":"https:\/\/fipmed.co\/tr\/wp-json\/wp\/v2\/types\/page"}],"author":[{"embeddable":true,"href":"https:\/\/fipmed.co\/tr\/wp-json\/wp\/v2\/users\/1"}],"replies":[{"embeddable":true,"href":"https:\/\/fipmed.co\/tr\/wp-json\/wp\/v2\/comments?post=14458"}],"version-history":[{"count":0,"href":"https:\/\/fipmed.co\/tr\/wp-json\/wp\/v2\/pages\/14458\/revisions"}],"wp:attachment":[{"href":"https:\/\/fipmed.co\/tr\/wp-json\/wp\/v2\/media?parent=14458"}],"wp:term":[{"taxonomy":"category","embeddable":true,"href":"https:\/\/fipmed.co\/tr\/wp-json\/wp\/v2\/categories?post=14458"},{"taxonomy":"post_tag","embeddable":true,"href":"https:\/\/fipmed.co\/tr\/wp-json\/wp\/v2\/tags?post=14458"}],"curies":[{"name":"wp","href":"https:\/\/api.w.org\/{rel}","templated":true}]}}