{"id":17097,"date":"2024-03-25T06:01:34","date_gmt":"2024-03-25T06:01:34","guid":{"rendered":"https:\/\/fipmed.co\/8-fip-benzeri-hastaliklar-feline-enfeksiyoz-peritonit-fip-olarak-yanlis-sanilabilir\/"},"modified":"2024-03-25T06:01:34","modified_gmt":"2024-03-25T06:01:34","slug":"8-fip-benzeri-hastaliklar-feline-enfeksiyoz-peritonit-fip-olarak-yanlis-sanilabilir","status":"publish","type":"page","link":"https:\/\/fipmed.co\/tr\/8-fip-benzeri-hastaliklar-feline-enfeksiyoz-peritonit-fip-olarak-yanlis-sanilabilir\/","title":{"rendered":"8 Kedi Enfeksiy\u00f6z Peritoniti (FIP) ile kar\u0131\u015ft\u0131r\u0131labilecek FIP Benzeri Hastal\u0131klar"},"content":{"rendered":"<p><strong>FIP bir\u00e7ok hastal\u0131kla \u00e7ok benzer semptomlara sahiptir<\/strong><\/p>\n<p>Kedi Enfeksiy\u00f6z Peritoniti (FIP) te\u015fhisi \u00e7ok zor olabilir, \u00e7\u00fcnk\u00fc semptomlar\u0131n\u0131n \u00e7o\u011fu FIP&#8217;e benzer hastal\u0131klarla payla\u015f\u0131l\u0131r ve Feline Infectious Peritonitis ile kar\u0131\u015ft\u0131r\u0131labilir. Bu durum kilo kayb\u0131, halsizlik, uyu\u015fukluk, ate\u015f, i\u015ftahs\u0131zl\u0131k ve g\u00f6z lezyonlar\u0131n\u0131 i\u00e7erir.<\/p>\n<p>Bu ko\u015fullar do\u011falar\u0131 gere\u011fi birbirine \u00e7ok benzedi\u011finden, do\u011fru te\u015fhis i\u00e7in bir veteriner hekime dan\u0131\u015fmak \u00f6nemlidir. Ayr\u0131ca, FIP ile ba\u011flant\u0131l\u0131 olan Feline Coronavirus (FCoV) genellikle sa\u011fl\u0131kl\u0131 kedilerde bile bulunur.<\/p>\n<p>Tan\u0131 koyman\u0131n bir di\u011fer zorlu\u011fu da vir\u00fcs\u00fcn sistemik etkileridir. T\u00fcm v\u00fccutta iltihaplanmaya yol a\u00e7abilir ve birden fazla organ\u0131 etkileyebilir. Vir\u00fcs, lenfatik doku, kan damarlar\u0131 ve \u00e7e\u015fitli organlardaki h\u00fccreler de dahil olmak \u00fczere kedinin ba\u011f\u0131\u015f\u0131kl\u0131k sisteminin \u00e7e\u015fitli b\u00f6l\u00fcmlerini hedef al\u0131r. Bu da v\u00fccudun bir\u00e7ok b\u00f6lgesini etkileyen sistemik iltihaplanmaya yol a\u00e7ar.<\/p>\n<p>Bu \u00e7oklu organ tutulumu, lenf d\u00fc\u011f\u00fcmlerinde veya kar\u0131nda b\u00fcy\u00fcme, i\u015ftah kayb\u0131, aktivite d\u00fczeyinde azalma veya ate\u015f gibi bir\u00e7ok belirti ve semptoma neden olabilir ve bu da do\u011fru te\u015fhisi son derece zorla\u015ft\u0131r\u0131r.<\/p>\n<p>Yanl\u0131\u015f bir te\u015fhis, daha ileri sa\u011fl\u0131k komplikasyonlar\u0131na neden olacak \u015fekilde yanl\u0131\u015f tedaviye yol a\u00e7abilir. Baz\u0131 durumlarda, kediler FIP&#8217;in daha ileri a\u015famalar\u0131na girmeden \u00f6nce hi\u00e7bir klinik belirti g\u00f6stermeyebilir, bu nedenle rutin fiziksel muayene ilk a\u015famalarda te\u015fhis i\u00e7in yeterli olmayacakt\u0131r.<\/p>\n<p>&nbsp;<\/p>\n<p><strong>FCoV vir\u00fcs\u00fc neredeyse t\u00fcm kedilerde bulunur<\/strong><\/p>\n<p>Feline Coronavirus (FCoV), \u00e7evreye ba\u011fl\u0131 olarak farkl\u0131 oranlarda ortaya \u00e7\u0131kabilmesine ra\u011fmen, d\u00fcnya \u00e7ap\u0131nda kedilerde bulunan yayg\u0131n bir vir\u00fcst\u00fcr. Kedilerin %80&#8217;ine kadar\u0131n\u0131n FCoV&#8217;ye maruz kald\u0131\u011f\u0131 ve herhangi bir klinik belirti veya semptom g\u00f6stermeden vir\u00fcs\u00fc ta\u015f\u0131yor olabilece\u011fi tahmin edilmektedir.<\/p>\n<p>Ancak \u00e7ok say\u0131da bulundu\u011funda FIP gibi enfeksiyonlara neden olabilir. Bu nedenle uzmanlar, bu vir\u00fcs\u00fcn dikkatli bir \u015fekilde izlenmesi ve takip edilmesinin birden fazla kedisi olan kedi sahipleri i\u00e7in \u00f6nemli oldu\u011fu konusunda hemfikirdir &#8211; \u00f6zellikle de hastal\u0131\u011f\u0131n bula\u015fma oran\u0131n\u0131n h\u0131zla y\u00fckselebilece\u011fi kedi evleri veya bar\u0131naklardakiler i\u00e7in.<\/p>\n<p>Ayr\u0131ca, yabani kedilerin de FCoV ta\u015f\u0131d\u0131\u011f\u0131 g\u00f6z \u00f6n\u00fcnde bulunduruldu\u011funda, t\u00fcrler aras\u0131nda do\u011frudan temas ya da benzer b\u00f6lgelerde ya\u015fayan ku\u015flar ve k\u00fc\u00e7\u00fck memeliler taraf\u0131ndan izlenen d\u0131\u015fk\u0131 veya enfekte toz partik\u00fcllerinden kaynaklanan \u00e7evresel bula\u015fma yoluyla k\u00fcresel yay\u0131l\u0131m\u0131na i\u015faret etmektedir.<\/p>\n<p>&nbsp;<\/p>\n<p><strong>FIP ile birlikte g\u00f6r\u00fclen komorbiditeler de \u00e7ok yayg\u0131nd\u0131r<\/strong><\/p>\n<p>FIP ile s\u0131k g\u00f6r\u00fclen komorbiditeler aras\u0131nda Toksoplazmoz, FELV, FIV, FPV, \u0130nflamatuar Ba\u011f\u0131rsak Hastal\u0131\u011f\u0131, Kanser, Kedi Hemotrofik Mikoplazma enfeksiyonu, Lenfoma, kalp sorunlar\u0131 ve karaci\u011fer iltihab\u0131 yer al\u0131r.<\/p>\n<p>FIP&#8217;e e\u015flik eden hastal\u0131klar di\u011fer bula\u015f\u0131c\u0131 hastal\u0131klarla birlikte g\u00f6r\u00fclebildi\u011finden, bu durum do\u011fru bir te\u015fhis sonucuna ula\u015fmay\u0131 daha da zorla\u015ft\u0131rmaktad\u0131r.<\/p>\n<p>\u0130\u015fte FIP ile benzer semptomlar g\u00f6steren ve s\u0131kl\u0131kla FIP ile kar\u0131\u015ft\u0131r\u0131lan hastal\u0131klar.<\/p>\n<h3><\/h3>\n<h3>Toksoplazmoz<\/h3>\n<p>Toksoplazmoz, hem insanlar\u0131 hem de kedileri enfekte edebilen Toxoplasma gondii parazitinden kaynaklan\u0131r. Bu vir\u00fcs kedilerde FCoV kadar yayg\u0131nd\u0131r. Bu hastal\u0131k ate\u015f, i\u015ftahs\u0131zl\u0131k ve uyu\u015fukluk gibi genel semptomlara neden olabilir ve FIP&#8217;de de g\u00f6r\u00fcl\u00fcr. Kedilerde de FIP&#8217;e benzer n\u00f6rolojik belirtiler g\u00f6r\u00fclebilir.<\/p>\n<p>Toksoplazmoz, semptomlardaki benzerlik nedeniyle genellikle FIP olarak yanl\u0131\u015f te\u015fhis edilir. Kedilerde latent toksoplazma reaktivasyonu tan\u0131y\u0131 daha da karma\u015f\u0131k hale getirebilir.<\/p>\n<h3><\/h3>\n<h3>FELV<\/h3>\n<p>Kedi L\u00f6semi Vir\u00fcs\u00fc, kedilerde ba\u011f\u0131\u015f\u0131kl\u0131k sisteminin bask\u0131lanmas\u0131na yol a\u00e7abilen bir retrovir\u00fcst\u00fcr; FIP ise Kedi Koronavir\u00fcs\u00fcn\u00fcn mutant bir formunun neden oldu\u011fu ba\u011f\u0131\u015f\u0131kl\u0131k arac\u0131l\u0131 bir hastal\u0131kt\u0131r. FeLV, kedileri FIP de dahil olmak \u00fczere bir\u00e7ok ba\u015fka hastal\u0131\u011fa yatk\u0131n hale getirebilir.<\/p>\n<p>Her iki hastal\u0131k i\u00e7in de vir\u00fcsler t\u00fck\u00fcr\u00fck, burun salg\u0131lar\u0131, idrar, d\u0131\u015fk\u0131 ve enfekte kedilerin s\u00fct\u00fc ile at\u0131l\u0131r. Vir\u00fcs\u00fcn kediden kediye ge\u00e7i\u015fi, \u0131s\u0131r\u0131k yaras\u0131ndan, kar\u015f\u0131l\u0131kl\u0131 t\u0131mar s\u0131ras\u0131nda ve kum kab\u0131 ve mama kaplar\u0131n\u0131n ortak kullan\u0131m\u0131 yoluyla ger\u00e7ekle\u015febilir.<\/p>\n<p>FeLV&#8217;li kediler uzun s\u00fcreler boyunca normal bir ya\u015fam s\u00fcrebilirler. FeLV te\u015fhisi konulduktan sonra kediler i\u00e7in ortalama hayatta kalma s\u00fcresi 2,5 y\u0131l iken, FIP tedavi olmaks\u0131z\u0131n \u00e7ok daha h\u0131zl\u0131 ilerlemektedir.<\/p>\n<h3><\/h3>\n<h3>FIV<\/h3>\n<p>FIV, kedinin ba\u011f\u0131\u015f\u0131kl\u0131k sistemini etkileyen Feline Immunodeficiency Virus&#8217;tan kaynaklan\u0131r. Bir\u00e7ok y\u00f6nden insan HIV&#8217;ine benzer.<\/p>\n<p>FIV, kedileri di\u011fer enfeksiyonlara kar\u015f\u0131 daha duyarl\u0131 hale getirir ve esas olarak \u0131s\u0131r\u0131klar ve enfekte kedilerle yak\u0131n temas yoluyla bula\u015f\u0131r. Her iki hastal\u0131k da kediyi sistemik olarak etkiler. FIV kedilerin ba\u011f\u0131\u015f\u0131kl\u0131k sistemini tehlikeye atarken, FIP iltihaplanma yoluyla v\u00fccuda sald\u0131r\u0131r.<\/p>\n<p>Her iki hastal\u0131k da bula\u015f\u0131c\u0131d\u0131r. FIV tedavi edilemezken, FIP GS441524 ile tedavi edilebilir.<\/p>\n<h3><\/h3>\n<h3>FPV<\/h3>\n<p>Feline Panleukopenia Virus (FPV) ve Feline Infectious Peritonitis (FIP) kedileri etkileyebilen viral hastal\u0131klard\u0131r. Bu nedenle, klinik sunumlar\u0131 da benzer olabilir.<\/p>\n<p>FPV enfeksiyonu ile ili\u015fkili semptomlar, FIP&#8217;de oldu\u011fu gibi ate\u015f, uyu\u015fukluk, kusma veya ishali i\u00e7erebilir. Ancak her vir\u00fcs\u00fcn bula\u015fma \u015fekli farkl\u0131l\u0131k g\u00f6stermektedir.<\/p>\n<p>FPV yaln\u0131zca kontamine d\u0131\u015fk\u0131 ile temas yoluyla bula\u015fabilirken, FIP ile ilgili enfeksiyonlar kediler aras\u0131nda do\u011frudan temas veya yatak veya yemek kaplar\u0131 yoluyla dolayl\u0131 transfer gerektiriyor gibi g\u00f6r\u00fcnmektedir.<\/p>\n<h3><\/h3>\n<h3>\u0130nflamatuvar Ba\u011f\u0131rsak Hastal\u0131\u011f\u0131<\/h3>\n<p>\u0130nflamatuar Ba\u011f\u0131rsak Hastal\u0131\u011f\u0131 (IBD) ve FIP, benzer semptomlara sahip olabilen ancak neden, te\u015fhis ve tedavi a\u00e7\u0131s\u0131ndan farkl\u0131l\u0131k g\u00f6steren ciddi kedi hastal\u0131klar\u0131d\u0131r.<\/p>\n<p>\u0130BH, ba\u011f\u0131\u015f\u0131kl\u0131k arac\u0131l\u0131 bir s\u00fcrecin neden oldu\u011fu sindirim sistemi iltihab\u0131 ile seyreden kronik bir hastal\u0131kt\u0131r. \u0130nce ba\u011f\u0131rsak astar\u0131n\u0131n hasar g\u00f6rmesi veya tahri\u015f olmas\u0131 nedeniyle emilim bozuklu\u011fu, kusma, ishal ve kilo kayb\u0131na neden olur.<\/p>\n<p>\u00d6te yandan FIP, FeCV gibi belirli kedi koronavir\u00fcs\u00fc t\u00fcrleriyle enfeksiyondan kaynaklan\u0131r. FIP ayr\u0131ca ba\u011f\u0131rsak b\u00f6lgesi boyunca sindirim sorunlar\u0131na neden olarak IBD ile benzer semptomlar \u00fcretir.<\/p>\n<h3><\/h3>\n<h3>Kanser<\/h3>\n<p>Kedilerde kanser, kedi koronavir\u00fcs\u00fcn\u00fcn bir mutasyonundan kaynaklanan FIP&#8217;in aksine, anormal h\u00fccrelerin kontrols\u00fcz b\u00fcy\u00fcmesinden kaynaklan\u0131r. Kanser belirtileri bir t\u00fcrden di\u011ferine de\u011fi\u015febilir ve g\u00f6zle g\u00f6r\u00fcl\u00fcr yumrulara, lezyonlara veya ak\u0131nt\u0131lara neden olabilir; FIP ise v\u00fccuttaki iltihaplanma nedeniyle birden fazla b\u00f6lgeyi etkileyerek i\u015ftahs\u0131zl\u0131k, ate\u015f, solunum sorunlar\u0131 ve baz\u0131 durumlarda s\u0131v\u0131 birikimine neden olur.<\/p>\n<h3><\/h3>\n<h3>Kedi Hemotrofik Mikoplazmozu<\/h3>\n<p>Feline Hemotrophic Mycoplasmosis (FHM) ve FIP, kedileri benzer ko\u015fullar alt\u0131nda etkileyen iki hastal\u0131kt\u0131r. Her ikisi de v\u00fccutta iltihaplanmaya neden olarak halsizlik, kilo kayb\u0131, ate\u015f, sar\u0131l\u0131k, dehidrasyon ve genel halsizli\u011fe yol a\u00e7abilir.<\/p>\n<p>Bununla birlikte, FIP, FCoV olarak bilinen bir kedi koronavir\u00fcs\u00fc enfeksiyonundan kaynaklan\u0131rken, FHM, bir\u00e7ok kedinin bo\u011faz\u0131nda do\u011fal olarak bulunan mikoplazmalar olarak bilinen bula\u015f\u0131c\u0131 bir bakteriden kaynaklan\u0131r.<\/p>\n<h3><\/h3>\n<h3>Lenfoma<\/h3>\n<p>Lenfoma ve FIP, kedilerde yayg\u0131n olarak g\u00f6r\u00fclen iki hastal\u0131kt\u0131r ve her ikisi de birden fazla v\u00fccut par\u00e7as\u0131n\u0131n iltihaplanmas\u0131na neden olarak semptomlar a\u00e7\u0131s\u0131ndan \u00e7ok benzer g\u00f6r\u00fcnebilir.<\/p>\n<p>Lenfoma, k\u00f6t\u00fc huylu bir mutasyonun neden oldu\u011fu lenfatik sistemden kaynaklanan bir kanser t\u00fcr\u00fcd\u00fcr; FIP ise periton zar\u0131nda s\u0131z\u0131nt\u0131ya yol a\u00e7an Corona vir\u00fcs\u00fcyle ili\u015fkili imm\u00fcnolojik bir hastal\u0131kt\u0131r.<\/p>\n<p>Tedaviler Lenfoma veya FIP olmas\u0131na ba\u011fl\u0131 olarak b\u00fcy\u00fck \u00f6l\u00e7\u00fcde de\u011fi\u015fir.<\/p>\n<h3><\/h3>\n<h3>Kalp Sorunlar\u0131<\/h3>\n<p>S\u00f6z konusu kediler oldu\u011funda, bu hayvanlar \u00e7e\u015fitli kardiyovask\u00fcler sorunlardan muzdarip olabilece\u011finden kalp sa\u011fl\u0131\u011f\u0131 g\u00f6z ard\u0131 edilmemelidir. FIP tipik olarak v\u00fccutta sistemik iltihaplanmaya neden oldu\u011fundan, hipertrofik kardiyomiyopati veya konjestif kalp yetmezli\u011fi gibi di\u011fer kalp rahats\u0131zl\u0131klar\u0131nda oldu\u011fu gibi kalbi dolayl\u0131 olarak etkileyebilir.<\/p>\n<p>Her iki hastal\u0131k da i\u015ftahs\u0131zl\u0131k, kilo kayb\u0131 ve ate\u015f gibi baz\u0131 ortak semptomlar\u0131 payla\u015fsa da, her iki durum i\u00e7in de kesin bir te\u015fhis sa\u011flamak i\u00e7in farkl\u0131 te\u015fhis testleri gerektirecek kadar farkl\u0131 \u00e7al\u0131\u015ft\u0131klar\u0131n\u0131 kabul etmek \u00f6nemlidir.<\/p>\n<p>Potansiyel bir kalp sorunuyla ilgilenirken radyografi ve elektrokardiyogram gibi bir dizi ek test de gerekli olabilir.<\/p>\n<h3><\/h3>\n<h3>Karaci\u011fer Enflamasyonu<\/h3>\n<p>Karaci\u011fer iltihab\u0131, v\u00fccudun hastal\u0131klara ve vir\u00fcslere kar\u015f\u0131 do\u011fal savunma mekanizmas\u0131d\u0131r ve uzun vadeli komplikasyonlara yol a\u00e7abilir.<\/p>\n<p>\u0130\u015ftahs\u0131zl\u0131k, uyu\u015fukluk, sar\u0131l\u0131k ve enerji seviyelerinde azalma gibi benzer semptomlarla ortaya \u00e7\u0131kt\u0131klar\u0131ndan, kedi sahiplerinin karaci\u011fer iltihab\u0131 ile FIP&#8217;in fark\u0131nda olmalar\u0131 \u00f6nemlidir.<\/p>\n<p>FIP ayn\u0131 zamanda karaci\u011fer iltihab\u0131na ve karaci\u011fer sorunlar\u0131na da yol a\u00e7ar. \u00d6yle olmad\u0131\u011f\u0131 halde bunun sadece bir karaci\u011fer sorunu oldu\u011funu d\u00fc\u015f\u00fcnmek \u00e7ok kolayd\u0131r.<\/p>\n<h3><\/h3>\n<h3>Bakteriyel Peritonit<\/h3>\n<p>FIP gibi, Bakteriyel Peritonit de kedilerde ciddi ve potansiyel olarak ya\u015fam\u0131 tehdit eden bir durumdur. Bakterilerin neden oldu\u011fu kar\u0131n zar\u0131n\u0131n iltihaplanmas\u0131d\u0131r ve hastal\u0131\u011f\u0131n ne kadar ilerledi\u011fine ba\u011fl\u0131 olarak FIP&#8217;e \u00e7ok benzer semptomlar g\u00f6sterebilir.<\/p>\n<p>Bakteriyel peritonit en yayg\u0131n olarak E. coli veya salmonella gibi ba\u011f\u0131rsak bakterilerinin kanser, karaci\u011fer hastal\u0131\u011f\u0131, travma (\u00f6rne\u011fin araba kazalar\u0131), parazitler, g\u0131da alerjileri veya intolerans\u0131 gibi beslenme sorunlar\u0131 ve kedilerde daha \u00f6nce ba\u011f\u0131\u015f\u0131kl\u0131k sistemini zay\u0131flatm\u0131\u015f olabilecek vir\u00fcslerle (kedi ba\u011f\u0131\u015f\u0131kl\u0131k yetmezli\u011fi vir\u00fcs\u00fc dahil) di\u011fer enfeksiyonlar nedeniyle ba\u011f\u0131rsaklara veya kan dola\u015f\u0131m\u0131na girmesinden kaynaklan\u0131r.<\/p>\n<h3><\/h3>\n<h3>Bakteriyel Pl\u00f6rit<\/h3>\n<p>Bakteriyel pl\u00f6rit, her bir akci\u011ferin etraf\u0131nda bir kese olu\u015fturan ince bir doku tabakas\u0131 olan plevran\u0131n enfeksiyonudur. FIP ile benzer semptomlara yol a\u00e7abilir. Her iki hastal\u0131k da tedavi edilmedi\u011finde \u00f6ks\u00fcr\u00fc\u011fe, nefes almada zorlu\u011fa ve hatta \u00e7\u00f6kmeye neden olur.<\/p>\n<p>Bununla birlikte, FIP genellikle ayn\u0131 anda birden fazla organ\u0131n iltihaplanmas\u0131na yol a\u00e7arken, bakteriyel pl\u00f6rit \u00f6zellikle alt solunum yollar\u0131n\u0131 hedef al\u0131r ve agresif do\u011fas\u0131 nedeniyle h\u0131zl\u0131 tedavi gerektirmesine ra\u011fmen genel olarak olduk\u00e7a lokalize olabilir.<\/p>\n<p>Bu enfeksiyonun te\u015fhisi i\u00e7in genellikle akci\u011ferlerin v\u00fccut bo\u015fluklar\u0131yla birle\u015fti\u011fi yerden s\u0131v\u0131 \u00f6rne\u011fi al\u0131nmas\u0131 ya da ameliyat s\u0131ras\u0131nda al\u0131nan doku \u00f6rneklerinin incelenmesi gerekir.<\/p>\n<p>Bakteriyel pl\u00f6rit tedavisi genellikle m\u00fcmk\u00fcnse intraven\u00f6z olarak verilen antibiyotiklerin yan\u0131 s\u0131ra hastan\u0131n ciddiyetine ba\u011fl\u0131 olarak ek oksijen tedavisi ve di\u011fer destekleyici tedavilerden olu\u015fur.<\/p>\n<h3><\/h3>\n<h3>Kriptokokkoz<\/h3>\n<p>Kriptokokkoz veya kriptokok hastal\u0131\u011f\u0131, toprakta ve ku\u015f d\u0131\u015fk\u0131lar\u0131nda bulunabilen Cryptococcus neoformans t\u00fcr\u00fc mantar\u0131n neden oldu\u011fu bir mantar enfeksiyonudur. Her iki hastal\u0131\u011f\u0131n semptomlar\u0131 kilo kayb\u0131, ate\u015f, i\u015ftahs\u0131zl\u0131k ve uyu\u015fukluk gibi olduk\u00e7a benzerdir.<\/p>\n<p>Cryptococcosis&#8217;te ba\u015f e\u011fme ve ataksi gibi n\u00f6rolojik sorunlar\u0131n belirtileri de g\u00f6r\u00fclebilir.<\/p>\n","protected":false},"excerpt":{"rendered":"<p>FIP bir\u00e7ok hastal\u0131kla \u00e7ok benzer semptomlara sahiptir Kedi Enfeksiy\u00f6z Peritoniti (FIP) te\u015fhisi \u00e7ok zor olabilir, \u00e7\u00fcnk\u00fc semptomlar\u0131n\u0131n \u00e7o\u011fu FIP&#8217;e benzer hastal\u0131klarla payla\u015f\u0131l\u0131r ve Feline Infectious Peritonitis ile kar\u0131\u015ft\u0131r\u0131labilir. Bu durum kilo kayb\u0131, halsizlik, uyu\u015fukluk, ate\u015f, i\u015ftahs\u0131zl\u0131k ve g\u00f6z lezyonlar\u0131n\u0131 i\u00e7erir. Bu ko\u015fullar do\u011falar\u0131 gere\u011fi birbirine \u00e7ok benzedi\u011finden, do\u011fru te\u015fhis i\u00e7in bir veteriner hekime dan\u0131\u015fmak \u00f6nemlidir. [&hellip;]<\/p>\n","protected":false},"author":1,"featured_media":16815,"parent":0,"menu_order":0,"comment_status":"closed","ping_status":"closed","template":"","meta":{"_glsr_average":0,"_glsr_ranking":0,"_glsr_reviews":0,"footnotes":""},"categories":[685],"tags":[],"_links":{"self":[{"href":"https:\/\/fipmed.co\/tr\/wp-json\/wp\/v2\/pages\/17097"}],"collection":[{"href":"https:\/\/fipmed.co\/tr\/wp-json\/wp\/v2\/pages"}],"about":[{"href":"https:\/\/fipmed.co\/tr\/wp-json\/wp\/v2\/types\/page"}],"author":[{"embeddable":true,"href":"https:\/\/fipmed.co\/tr\/wp-json\/wp\/v2\/users\/1"}],"replies":[{"embeddable":true,"href":"https:\/\/fipmed.co\/tr\/wp-json\/wp\/v2\/comments?post=17097"}],"version-history":[{"count":0,"href":"https:\/\/fipmed.co\/tr\/wp-json\/wp\/v2\/pages\/17097\/revisions"}],"wp:featuredmedia":[{"embeddable":true,"href":"https:\/\/fipmed.co\/tr\/wp-json\/wp\/v2\/media\/16815"}],"wp:attachment":[{"href":"https:\/\/fipmed.co\/tr\/wp-json\/wp\/v2\/media?parent=17097"}],"wp:term":[{"taxonomy":"category","embeddable":true,"href":"https:\/\/fipmed.co\/tr\/wp-json\/wp\/v2\/categories?post=17097"},{"taxonomy":"post_tag","embeddable":true,"href":"https:\/\/fipmed.co\/tr\/wp-json\/wp\/v2\/tags?post=17097"}],"curies":[{"name":"wp","href":"https:\/\/api.w.org\/{rel}","templated":true}]}}