{"id":17107,"date":"2024-03-28T05:15:08","date_gmt":"2024-03-28T05:15:08","guid":{"rendered":"https:\/\/fipmed.co\/fip-fip-tabletler-ve-kapsuller-icin-en-iyi-oral-ilac\/"},"modified":"2024-03-28T05:15:08","modified_gmt":"2024-03-28T05:15:08","slug":"fip-fip-tabletler-ve-kapsuller-icin-en-iyi-oral-ilac","status":"publish","type":"page","link":"https:\/\/fipmed.co\/tr\/fip-fip-tabletler-ve-kapsuller-icin-en-iyi-oral-ilac\/","title":{"rendered":"FIP i\u00e7in En \u0130yi Oral \u0130la\u00e7 &#8211; FIP Tabletleri ve Kaps\u00fclleri"},"content":{"rendered":"<p>Enjeksiyonlar genellikle FIP tedavisi i\u00e7in GS-441524&#8217;\u00fcn oral formundan daha g\u00fcvenilir olarak kabul edilse de, baz\u0131 kedi sahipleri enjeksiyonlarla gelebilecek potansiyel rahats\u0131zl\u0131klardan ka\u00e7\u0131nmak i\u00e7in oral se\u00e7ene\u011fi tercih etmektedir. Baz\u0131 kedigiller uzun bir tedavi s\u00fcresinin ard\u0131ndan rahats\u0131zl\u0131k hissedebilir veya enjeksiyonlardan ho\u015flanmayabilir ve prosed\u00fcre \u015fiddetle kar\u015f\u0131 \u00e7\u0131kanlar da olabilir. Buna ek olarak, ilac\u0131n asiditesinin bir sonucu olarak enjeksiyon b\u00f6lgesi yaralar\u0131 ya\u015fama olas\u0131l\u0131\u011f\u0131 vard\u0131r. Bu durumlarda, enjeksiyon yerine oral kaps\u00fcller veya FIP Tabletler kullan\u0131labilir. Oral uygulama s\u00f6z konusu oldu\u011funda ila\u00e7 direnci konusunda endi\u015felenmeye gerek yoktur. GS-441524&#8217;\u00fcn hem \u0131slak hem de kuru FIP tedavisindeki etkinli\u011fi, hangi formda al\u0131nd\u0131\u011f\u0131na bak\u0131lmaks\u0131z\u0131n tutarl\u0131d\u0131r.<\/p>\n<p>GS-441524&#8217;\u00fcn sahada FIP tedavisine y\u00f6nelik ilk testlerinde deri alt\u0131na enjekte edilmi\u015ftir. Hem intraven\u00f6z hem de subkutan enjeksiyonlar, vir\u00fcs\u00fc 24 saatten daha uzun s\u00fcre durduran seviyelerde kalan y\u00fcksek kan seviyeleri \u00fcretti. Ara\u015ft\u0131rmac\u0131lar ayr\u0131ca ilac\u0131n a\u011f\u0131z yoluyla verilmesinin kan seviyelerini y\u00fckseltti\u011fini, ancak bunu biraz daha ge\u00e7 ve subkutan ve intraven\u00f6z yollarla g\u00f6r\u00fclen pik seviyelerin sadece yakla\u015f\u0131k %40&#8217;\u0131nda yapt\u0131\u011f\u0131n\u0131 bulmu\u015flard\u0131r (Pedersen NC, \u00f6zel veriler, 2018). Bununla birlikte, hem et hem de bitki yemek \u00fczere evrimle\u015fmi\u015f daha uzun ba\u011f\u0131rsaklara sahip k\u00f6pekler, GS441524&#8217;\u00fcn %85&#8217;ine kadar\u0131n\u0131 yiyeceklerinden alabilirler [1, 5]. A\u011f\u0131z emilimi \u00e7al\u0131\u015fmalar\u0131 genellikle k\u00f6pekleri insanlar\u0131n yerine kullanm\u0131\u015ft\u0131r. Bu da insanlarda a\u011f\u0131zdan emilimin kedilere g\u00f6re daha y\u00fcksek olabilece\u011fi anlam\u0131na gelmektedir.<\/p>\n<p>Bu nedenle, kullan\u0131m\u0131 kolay oldu\u011fu ve y\u00fcksek kan seviyeleri \u00fcretti\u011fi i\u00e7in sahada kediler \u00fczerinde yap\u0131lan testler i\u00e7in deri alt\u0131 yol se\u00e7ilmi\u015ftir.<\/p>\n<p>GS-441524&#8217;\u00fcn \u00c7inli sat\u0131c\u0131lar\u0131, yay\u0131nlanan saha \u00e7al\u0131\u015fmas\u0131n\u0131n seyrelticisini, ila\u00e7 konsantrasyonunu ve subkutan uygulama y\u00f6ntemini kopyalam\u0131\u015ft\u0131r. Daha sonra, ilac\u0131 inceliyorlar ve hap \u015feklinde sunuyorlar. \u00c7in&#8217;deki ara\u015ft\u0131rmac\u0131lar, sadece oral versiyonlar\u0131n\u0131n daha fazla ila\u00e7 i\u00e7ermesini sa\u011flayarak GS-441524&#8217;\u00fcn etkili kan seviyelerini elde edebileceklerini ke\u015ffettiler.<\/p>\n<p>Bundan sonra, di\u011fer \u015firketler GS-441524&#8217;\u00fcn a\u011f\u0131z yoluyla al\u0131nabilen kendi versiyonlar\u0131n\u0131 \u00e7\u0131kard\u0131lar. T\u00fcketiciler \u015fu anda kaps\u00fcl ve tablet sat\u0131n alabilirler. Etiketlerde i\u00e7erik olarak bir dizi pop\u00fcler, g\u00fcvenli kimyasal ve t\u0131bbi bitkinin ad\u0131 ge\u00e7mektedir, ancak GS-441524 bunlardan biri de\u011fildir. G\u00fcmr\u00fck memurlar\u0131 muhtemelen buna yak\u0131ndan bakmazlar. GS-441524, i\u00e7inde ba\u015fka ne olursa olsun, t\u00fcm oral \u00fcr\u00fcnlerdeki aktif maddedir. Dil alt\u0131 \u00fcr\u00fcnleri satan \u015firketler bunlar\u0131n i\u00e7inde ne kadar GS-441524 oldu\u011funu s\u00f6ylememektedir, ancak ilac\u0131n deri alt\u0131na verilmesi durumunda gerekecek olandan \u00e7ok daha fazla oldu\u011fu a\u00e7\u0131kt\u0131r.<\/p>\n<p>G\u00f6r\u00fcn\u00fc\u015fe g\u00f6re giderek daha fazla evcil hayvan sahibi ve veteriner, tedavinin bir par\u00e7as\u0131 veya tamam\u0131 olarak oral GS-441524 kullan\u0131yor. Son iki y\u0131lda, oral GS-441524 \u00fcr\u00fcnlerinin kalitesi artarken fiyat\u0131 yava\u015f yava\u015f d\u00fc\u015fm\u00fc\u015ft\u00fcr. Enjeksiyon b\u00f6lgesi reaksiyonlar\u0131 sorunu ve GS-441524&#8217;\u00fcn oral preparatlar\u0131n\u0131n daha iyi \u00e7al\u0131\u015fmas\u0131 nedeniyle, a\u011f\u0131z tedavisi daha pop\u00fcler hale gelmi\u015ftir. Giderek daha fazla say\u0131da kedi, tedavinin bir k\u0131sm\u0131 ya da tamam\u0131 i\u00e7in a\u011f\u0131z yoluyla ald\u0131klar\u0131 ila\u00e7larla tedavi edilmektedir.<\/p>\n<h1>FIP Tabletler vs Kaps\u00fcller: Bile\u015fim ve Dozaj<\/h1>\n<p>A\u011f\u0131zdan kullan\u0131m i\u00e7in GS-441524, emilimdeki kayb\u0131 telafi etmek i\u00e7in aktif bile\u015fen olarak \u00e7ok daha fazla GS441524 i\u00e7erir. \u0130yi bilinen oral \u00fcr\u00fcnlerin hepsi hapt\u0131r. Ancak FIPMed&#8217;in tabletleri daha k\u00fc\u00e7\u00fck boyutludur, bu nedenle t\u00fcketilmesi daha kolayd\u0131r. Baz\u0131 oral ila\u00e7lar da s\u0131v\u0131 veya tozla doldurulmu\u015f FIP kaps\u00fclleridir ve kediler bunlar\u0131 \u0131s\u0131r\u0131rsa i\u00e7indeki ilac\u0131 kaybedebilirler. Kedilerin haplar\u0131 k\u0131rd\u0131klar\u0131nda k\u00f6t\u00fc tepkiler verdikleri bilinmektedir.<\/p>\n<p>Hap veya tablet alma talimatlar\u0131 t\u00fcm oral tipler i\u00e7in ayn\u0131d\u0131r. \u0130lac\u0131 vermeden \u00f6nce ve sonra 30 dakika boyunca bir \u015fey yememek veya i\u00e7memek genellikle en iyisidir. Baz\u0131 kediler, k\u00fc\u00e7\u00fck bir \u00f6d\u00fcl mamas\u0131 verirseniz bunlar\u0131 almaya istekli olabilir ve bir\u00e7ok kedi, bunlar\u0131 bir taba\u011fa \u00f6rt\u00fcc\u00fc bir \u00f6d\u00fcl mamas\u0131yla (Churu gibi) koyarsan\u0131z yiyecektir.<\/p>\n<p>Hem oral kaps\u00fcller hem de haplar e\u015fit derecede etkili olmakla birlikte, kaps\u00fclleri uygulamak genellikle haplardan daha zordur. Kaps\u00fcller daha b\u00fcy\u00fckt\u00fcr, bu da kedilerin onlar\u0131 zahmetsizce yutmas\u0131n\u0131 zorla\u015ft\u0131r\u0131r. Toz formunu tabletlere s\u0131k\u0131\u015ft\u0131rmak i\u00e7in daha fazla \u00fcretim kapasitesi gerekirken, arka kap\u0131 amat\u00f6r \u00fcretimi tozu kaps\u00fcllere koymak i\u00e7in insan eme\u011fini kullan\u0131r.<\/p>\n<p>FIPMED oral haplar piyasadakilere k\u0131yasla daha k\u00fc\u00e7\u00fck boyutludur, ancak y\u00fcksek miktarda emilebilir GS441524 i\u00e7erir. Ayn\u0131 etki i\u00e7in birden fazla tablet sa\u011flaman\u0131z gereken piyasadaki 5 mg&#8217;likler gibi de\u011fil, 30 mg ve 40 mg konsantrasyonlarda sat\u0131l\u0131rlar. Kompaktt\u0131rlar ve \u00e7o\u011fu durumda kolayca uygulanabilirler.<\/p>\n<h1>FIP tabletlerinin maliyeti<\/h1>\n<p>Ge\u00e7ti\u011fimiz y\u0131l, oral GS&#8217;nin fiyat\u0131 \u00e7ok d\u00fc\u015ft\u00fc. Fiyatlardan bahsetmi\u015fken, oral GS-441524 enjekte edilebilir muadilinden %20-40 daha pahal\u0131d\u0131r, ancak FIPMed&#8217;in tabletleri piyasadaki en uygun fiyatl\u0131 \u00fcr\u00fcnlerdir ve neredeyse enjektabllara benzer maliyettedir.<\/p>\n<h1>A\u011f\u0131z ile at\u0131\u015f aras\u0131ndaki fark nedir?<\/h1>\n<p>A\u011f\u0131zdan al\u0131nan GS-441524, halihaz\u0131rda kusan veya kusmuk \u00e7\u0131karan ve ishal olan kediler i\u00e7in genellikle iyi bir fikir de\u011fildir. \u0130nsanlar genellikle b\u00fcy\u00fck sindirim sorunlar\u0131 olan kedilere sorunlar\u0131 ge\u00e7ene kadar i\u011fne yaparlar. GS-441524&#8217;\u00fcn subk\u00fctan uygulamas\u0131 da oral uygulamadan daha g\u00fcvenilirdir. Bu, genellikle \u00e7ok hasta ve dengesiz olan kedilerin ilk bak\u0131m\u0131nda \u00e7ok \u00f6nemli bir fakt\u00f6rd\u00fcr. Bir kediye enjekte edilebilir GS-441524 vermeye devam edip etmeyece\u011finize karar verirken, bu genellikle sahibinin i\u011fneleri ne kadar iyi yapabildi\u011fine, kedinin ac\u0131ya al\u0131\u015fmaya ne kadar haz\u0131r oldu\u011funa ve enjeksiyon b\u00f6lgesinde ne s\u0131kl\u0131kta yaralar \u00e7\u0131kt\u0131\u011f\u0131na ba\u011fl\u0131d\u0131r. Bu durumda, a\u011f\u0131zdan al\u0131nan ila\u00e7lar hem kedi sahibi hem de kedi i\u00e7in g\u00fczel bir mola olur.<\/p>\n<h1>Oral GS-441524 FIP tedavisi olarak ne kadar etkilidir?<\/h1>\n<p>Uygun zaman ve dozajda uyguland\u0131\u011f\u0131nda, oral FIP tedavisi, kedi enfeksiy\u00f6z peritonitini ele almada deri alt\u0131 enjeksiyonlar kadar etkili olabilir. \u00d6te yandan, FIP tedavisi uzmanlar\u0131 genellikle a\u011f\u0131zdan tedavi edilen kedilerin, t\u00fcm tedavi s\u00fcreci boyunca enjeksiyonla tedavi edilenlere k\u0131yasla n\u00fcksetme \u015fans\u0131n\u0131n daha y\u00fcksek oldu\u011fu konusunda hemfikirdir. Oral kaps\u00fcller ve haplar, FIP&#8217;in n\u00f6rolojik formlar\u0131 olan veya s\u0131k kusma veya ishal ya\u015fayan kediler i\u00e7in en uygun tedaviyi sa\u011flamayabilir. \u015eu anda, enjeksiyon veya oral FIP tedavisine ba\u011fl\u0131 olarak bildirilmi\u015f herhangi bir yan etki bulunmamaktad\u0131r.<\/p>\n<p>Baz\u0131 kediler GS-441524&#8217;\u00fc ilk tedavi olarak a\u011f\u0131zdan almaya iyi tepki vermemi\u015f veya i\u011fneden hapa ge\u00e7tiklerinde n\u00fcksler ya\u015fam\u0131\u015flard\u0131r. Di\u011fer durumlarda, kedilere a\u011f\u0131z yoluyla ayn\u0131 miktarda GS-441524 verilmesi, a\u015f\u0131lara iyi yan\u0131t vermeyen hastal\u0131klar\u0131 iyile\u015ftirmi\u015ftir. \u00d6zellikle vir\u00fcs farkl\u0131 ila\u00e7lara diren\u00e7li hale geldi\u011finde, N\u00f6ro FIP hastal\u0131\u011f\u0131n\u0131 tedavi etmek i\u00e7in gereken do\u011fru miktarlara ula\u015fabilen GS-441524&#8217;\u00fcn enjekte edilebilir formunu \u00f6neriyoruz.<\/p>\n<p>&nbsp;<\/p>\n<p>GS-441524 ve GS-441524 ile ilgili n\u00fckleozidlerin GI emilimi \u00fczerine referans \u00e7al\u0131\u015fmalar<\/p>\n<p>1. Thomas L. Remdesivirin bir \u00f6nc\u00fcs\u00fc COVID-19 i\u00e7in terap\u00f6tik potansiyel g\u00f6stermektedir.<br \/>\nhttps:\/\/www.news-medical.net\/news\/20210209\/A-precursor-to-remdesivir-showstherapeuticpotential-for-COVID-19.aspx.<\/p>\n<p>2. Painter GR, Bowen RA, Bluemling GR, ve ark. &#8216;nin profilaktik ve terap\u00f6tik aktivitesi<br \/>\nintranazal venezuelan equine&#8217;in murin modelinde geni\u015f \u00f6l\u00e7\u00fcde aktif ribon\u00fckleozid analo\u011fu<br \/>\nensefalit vir\u00fcs\u00fc enfeksiyonu. Antiviral Res. 2019;171:104597.<br \/>\ndoi:10.1016\/j.antiviral.2019.104597<\/p>\n<p>Oral uygulamadan sonra EIDD-1931, plazma T-max de\u011ferleri ile kan\u0131tland\u0131\u011f\u0131 gibi h\u0131zla emilir<br \/>\n0,5 ile 1,0 saat aras\u0131nda de\u011fi\u015fen maruziyetler y\u00fcksektir (C-ma-x de\u011ferleri 30 ile 40\u03bcM aras\u0131nda de\u011fi\u015fir)<br \/>\nve doza ba\u011fl\u0131d\u0131r, ancak dozla orant\u0131l\u0131 olandan \u00f6nemli \u00f6l\u00e7\u00fcde daha azd\u0131r. G\u00f6zlem<br \/>\nArtan dozla azalan biyoyararlan\u0131m, kapasite s\u0131n\u0131rl\u0131 emilimi g\u00f6sterebilir, bir<br \/>\nDi\u011fer n\u00fckleozidler i\u00e7in de rapor edilen bir fenomen (de Miranda vd., 1981). EIDD-1931,<br \/>\n\u00c7o\u011fu endojen n\u00fckleozid ve ksenobiyotik n\u00fckleozid analoglar\u0131 gibi, olduk\u00e7a polar bir maddedir,<br \/>\nhidrofilik molek\u00fcld\u00fcr (cLog P =-2.2) ve bu nedenle i\u015flevsel ta\u015f\u0131y\u0131c\u0131lara ihtiya\u00e7 duymas\u0131 muhtemeldir.<br \/>\nh\u00fccre zarlar\u0131n\u0131 ge\u00e7ebilir. Bu ba\u011f\u0131ml\u0131l\u0131k, T\u00fcrkiye&#8217;de g\u00f6r\u00fclen s\u0131n\u0131rl\u0131 kapasite al\u0131m\u0131n\u0131 a\u00e7\u0131klayabilir.<br \/>\nCD-1 fareleri kullan\u0131larak yap\u0131lan farmakokinetik \u00e7al\u0131\u015fmalar. Daha \u00f6nceki raporlar da n\u00fckleozitlerin<br \/>\nFare ba\u011f\u0131rsak epitel h\u00fccrelerine al\u0131m\u0131na \u00f6ncelikle sodyum ba\u011f\u0131ml\u0131<br \/>\nkonsantratif n\u00fckleozid ta\u015f\u0131y\u0131c\u0131lar\u0131 (Cass ve ark., 1999; Vijayalakshmi ve Belt, 1988).<\/p>\n<p>3. Cass, C.E., Young, J.D., Baldwin, S.A., Cabrita, M.A., Graham, K.A., Griffiths, M.,Jennings,<br \/>\nL.L., Mackey, J.R., Ng, A.M., Ritzel, M.W., Vickers, M.F., Yao, S.Y., 1999.Nucleoside<br \/>\nmemeli h\u00fccrelerinin ta\u015f\u0131y\u0131c\u0131lar\u0131. Ecz. Biyoteknoloji. 12313-12352<\/p>\n<p>4. de Miranda, P., Krasny, H.C., Page, D.A., Elion, G.B., 1981. Asiklovir dispozisyonu<br \/>\nkay\u0131ts\u0131z t\u00fcrler. J. Pharmacol. Exp. Ther. 219 (2), 309-315<\/p>\n<p>5. Vijayalakshmi, D., Belt, J.A., 1988. Farede sodyuma ba\u011f\u0131ml\u0131 n\u00fckleozid ta\u015f\u0131n\u0131m\u0131<br \/>\nba\u011f\u0131rsak epitel h\u00fccreleri. Farkl\u0131 substrat \u00f6zg\u00fcll\u00fcklerine sahip iki ta\u015f\u0131ma sistemi. Biol.<br \/>\nKimya. 263 (36), 19419-19423.<\/p>\n<p>6. Yan VC, Khadka S, Arthur K, Ackroyd JJ, Georgiou DK, Muller FL. A\u011f\u0131zdan Al\u0131nan \u0130la\u00e7lar\u0131n Farmakokineti\u011fi<br \/>\nK\u00f6peklerde GS-441524 uyguland\u0131. bioRxiv, doi: https:\/\/doi.org\/10.1101\/2021.02.04.429674<\/p>\n<p>7. https:\/\/ccah.vetmed.ucdavis.edu\/<\/p>\n","protected":false},"excerpt":{"rendered":"<p>Enjeksiyonlar genellikle FIP tedavisi i\u00e7in GS-441524&#8217;\u00fcn oral formundan daha g\u00fcvenilir olarak kabul edilse de, baz\u0131 kedi sahipleri enjeksiyonlarla gelebilecek potansiyel rahats\u0131zl\u0131klardan ka\u00e7\u0131nmak i\u00e7in oral se\u00e7ene\u011fi tercih etmektedir. Baz\u0131 kedigiller uzun bir tedavi s\u00fcresinin ard\u0131ndan rahats\u0131zl\u0131k hissedebilir veya enjeksiyonlardan ho\u015flanmayabilir ve prosed\u00fcre \u015fiddetle kar\u015f\u0131 \u00e7\u0131kanlar da olabilir. Buna ek olarak, ilac\u0131n asiditesinin bir sonucu olarak enjeksiyon [&hellip;]<\/p>\n","protected":false},"author":1,"featured_media":16961,"parent":0,"menu_order":0,"comment_status":"closed","ping_status":"closed","template":"","meta":{"_glsr_average":0,"_glsr_ranking":0,"_glsr_reviews":0,"footnotes":""},"categories":[641],"tags":[],"_links":{"self":[{"href":"https:\/\/fipmed.co\/tr\/wp-json\/wp\/v2\/pages\/17107"}],"collection":[{"href":"https:\/\/fipmed.co\/tr\/wp-json\/wp\/v2\/pages"}],"about":[{"href":"https:\/\/fipmed.co\/tr\/wp-json\/wp\/v2\/types\/page"}],"author":[{"embeddable":true,"href":"https:\/\/fipmed.co\/tr\/wp-json\/wp\/v2\/users\/1"}],"replies":[{"embeddable":true,"href":"https:\/\/fipmed.co\/tr\/wp-json\/wp\/v2\/comments?post=17107"}],"version-history":[{"count":0,"href":"https:\/\/fipmed.co\/tr\/wp-json\/wp\/v2\/pages\/17107\/revisions"}],"wp:featuredmedia":[{"embeddable":true,"href":"https:\/\/fipmed.co\/tr\/wp-json\/wp\/v2\/media\/16961"}],"wp:attachment":[{"href":"https:\/\/fipmed.co\/tr\/wp-json\/wp\/v2\/media?parent=17107"}],"wp:term":[{"taxonomy":"category","embeddable":true,"href":"https:\/\/fipmed.co\/tr\/wp-json\/wp\/v2\/categories?post=17107"},{"taxonomy":"post_tag","embeddable":true,"href":"https:\/\/fipmed.co\/tr\/wp-json\/wp\/v2\/tags?post=17107"}],"curies":[{"name":"wp","href":"https:\/\/api.w.org\/{rel}","templated":true}]}}