{"id":17118,"date":"2024-03-25T07:19:57","date_gmt":"2024-03-25T07:19:57","guid":{"rendered":"https:\/\/fipmed.co\/fip-turleri%cc%87ne-gore-kedi%cc%87lerde-fip-beli%cc%87rti%cc%87leri%cc%87\/"},"modified":"2024-03-25T07:19:57","modified_gmt":"2024-03-25T07:19:57","slug":"fip-turleri%cc%87ne-gore-kedi%cc%87lerde-fip-beli%cc%87rti%cc%87leri%cc%87","status":"publish","type":"page","link":"https:\/\/fipmed.co\/tr\/fip-turleri%cc%87ne-gore-kedi%cc%87lerde-fip-beli%cc%87rti%cc%87leri%cc%87\/","title":{"rendered":"Kedilerde FIP FIP T\u00fcrlerine G\u00f6re Belirtiler"},"content":{"rendered":"<p>Kedilerde FIP semptomlar\u0131na FIP t\u00fcrlerine g\u00f6re bakt\u0131\u011f\u0131m\u0131zda ak\u0131ll\u0131ca olacakt\u0131r. Bunlar daha do\u011fru bir te\u015fhis i\u00e7in dahil edilmi\u015ftir. FIP&#8217;in t\u00fcr\u00fcn\u00fc bilmek, ciddiyetini ve ortaya \u00e7\u0131kabilecek t\u00fcm farkl\u0131 FIP formlar\u0131n\u0131 tahmin etmenize yard\u0131mc\u0131 olabilir, b\u00f6ylece hi\u00e7bir semptomu ka\u00e7\u0131rmazs\u0131n\u0131z.<\/p>\n<p>&nbsp;<\/p>\n<h1><strong>Etkili Olmayan Kuru FIP&#8217;in Klinik Belirtileri<\/strong><\/h1>\n<p>FIP&#8217;in bu formunun tipik belirtileri aras\u0131nda uyu\u015fukluk, ate\u015f, i\u015ftahs\u0131zl\u0131k, kilo kayb\u0131 ve sar\u0131l\u0131k yer al\u0131r.<\/p>\n<p>&nbsp;<\/p>\n<h2><strong>Uyu\u015fukluk<\/strong><strong> <\/strong><\/h2>\n<p>Uyu\u015fukluk genellikle Kedi Enfeksiy\u00f6z Peritoniti ile ili\u015fkili klinik belirtilerden biri olarak bildirilmektedir. Kedilerde ef\u00fczif olmayan, ef\u00fczif veya ok\u00fcler olarak ortaya \u00e7\u0131kabilir ve daha ciddi bir \u015feyin meydana geldi\u011finin i\u015fareti olabilir.<\/p>\n<p>Bir\u00e7ok kedi, di\u011fer belirtiler ortaya \u00e7\u0131kmadan \u00f6nce bu ilgisizlik belirtisini g\u00f6sterir, bu da di\u011fer ileri a\u015famalar geli\u015fmeden \u00f6nce m\u00fcmk\u00fcn olan en k\u0131sa s\u00fcrede uyu\u015fuklu\u011fu g\u00f6zlemlemenin neden \u00f6nemli oldu\u011funu g\u00f6sterir.<\/p>\n<p>\u00c7o\u011fu vakada ortaya \u00e7\u0131kan bir belirti, uzun s\u00fcre hareketsiz kalmay\u0131 veya normal al\u0131\u015fkanl\u0131klar\u0131n d\u0131\u015f\u0131nda uzun s\u00fcreli uyku davran\u0131\u015f\u0131n\u0131 i\u00e7erebilen a\u015f\u0131r\u0131 yorgunluk veya halsizlik olacakt\u0131r.<\/p>\n<p>Kedinin aktivitelerindeki bu enerji eksikli\u011fi, zay\u0131flam\u0131\u015f durumu nedeniyle artan i\u015ftah\u0131na ra\u011fmen sonunda kilo kayb\u0131na yol a\u00e7abilir &#8211; bu da zamanla daha fazla yorgunlu\u011fa yol a\u00e7an aktivite seviyelerini daha da s\u0131n\u0131rlayacakt\u0131r.<\/p>\n<p>FIP i\u00e7in bir di\u011fer yayg\u0131n g\u00f6sterge, insanlardan tamamen ka\u00e7\u0131narak (daha \u00f6nce arkada\u015f canl\u0131s\u0131 olsalar bile) anti-sosyal olmak gibi davran\u0131\u015f de\u011fi\u015fiklikleri olacakt\u0131r.<\/p>\n<p>&nbsp;<\/p>\n<h2><strong>Ate\u015f<\/strong><\/h2>\n<p>Ate\u015f, FIP ile ili\u015fkili yayg\u0131n bir klinik belirtidir, ancak spesifik de\u011fildir ve \u00e7e\u015fitli hastal\u0131klardan muzdarip kedilerde mevcut olabilir. Ate\u015fin, etkili olmayan kuru FIP&#8217;li kediler taraf\u0131ndan sergilenen tek klinik belirti olabilece\u011fini ve veteriner hekimlerin kedileri bu hastal\u0131k a\u00e7\u0131s\u0131ndan de\u011ferlendirirken g\u00f6z \u00f6n\u00fcnde bulundurmalar\u0131 gereken \u00f6nemli bir belirti oldu\u011funu unutmamak \u00f6nemlidir.<\/p>\n<p>Bir kedide FIP&#8217;in neden oldu\u011fu ate\u015f geli\u015fti\u011finde, hastal\u0131k h\u0131zla ilerler ve neredeyse her zaman \u00f6l\u00fcmc\u00fcld\u00fcr. Solunum yolu enfeksiyonlar\u0131 ve enflamatuar bozukluklar da dahil olmak \u00fczere bir\u00e7ok ba\u015fka hastal\u0131k benzer belirtiler g\u00f6sterdi\u011finden, FIP&#8217;in te\u015fhisi de belirsiz semptomlar\u0131 nedeniyle zor olabilir.<\/p>\n<p>&nbsp;<\/p>\n<h2><strong>Anoreksiya<\/strong><\/h2>\n<p>Anoreksiya, kedilerde g\u00f6r\u00fclen FIP&#8217;in spesifik olmayan ve lokalize olmayan belirtilerinden biri olarak yayg\u0131n \u015fekilde kabul edilmektedir. Anoreksiya, a\u011fr\u0131, hastal\u0131k veya yaralanma nedeniyle yeme iste\u011finin azalmas\u0131ndan kaynaklanabilen i\u015ftahs\u0131zl\u0131k veya i\u015ftah kayb\u0131 anlam\u0131na gelir.<\/p>\n<p>FIP&#8217;li kediler i\u015ftahs\u0131zl\u0131k \u00e7eker ve genel sa\u011fl\u0131klar\u0131n\u0131 etkileyen ve normal i\u015flevlerini engelleyen besin eksiklikleri nedeniyle anemi geli\u015ftirirler. FIP gibi ya\u015fam\u0131 tehdit eden bir vir\u00fcsle kar\u015f\u0131 kar\u015f\u0131ya kalan kedilerde halsizlik, uyu\u015fukluk, kilo kayb\u0131 ve ate\u015f gibi belirtilere genellikle i\u015ftahs\u0131zl\u0131k e\u015flik eder.<\/p>\n<p>&nbsp;<\/p>\n<h2><strong>Kilo Kayb\u0131<\/strong><\/h2>\n<p>Kilo kayb\u0131, \u00f6zellikle kuru FIP vakalar\u0131nda FIP&#8217;in yayg\u0131n bir klinik belirtisidir. Kilo kayb\u0131yla ili\u015fkili semptomlar, hastal\u0131\u011f\u0131n ciddiyetine ba\u011fl\u0131 olarak de\u011fi\u015febilir. Erken belirtiler g\u0131da al\u0131m\u0131nda azalma ve normalden daha yava\u015f b\u00fcy\u00fcme h\u0131z\u0131n\u0131 i\u00e7erebilirken, daha ileri a\u015famalarda k\u0131sa bir s\u00fcre i\u00e7inde v\u00fccut k\u00fctlesinde \u00f6nemli \u00f6l\u00e7\u00fcde azalman\u0131n yan\u0131 s\u0131ra enerji seviyelerinde azalma ve kas kayb\u0131 da g\u00f6r\u00fclebilir.<\/p>\n<p>FIP ile uyumlu belirtiler g\u00f6steren kediler s\u00f6z konusu oldu\u011funda a\u00e7\u0131klanamayan veya h\u0131zl\u0131 kilo kayb\u0131n\u0131n varl\u0131\u011f\u0131 g\u00f6z ard\u0131 edilmemelidir. Kediniz herhangi bir a\u00e7\u0131klama olmaks\u0131z\u0131n normalden daha ince g\u00f6r\u00fcn\u00fcyorsa veya fark edilebilir bir neden olmaks\u0131z\u0131n a\u015f\u0131r\u0131 miktarda t\u00fcy kaybediyor gibi g\u00f6r\u00fcn\u00fcyorsa, derhal profesyonel veteriner yard\u0131m\u0131 alman\u0131z \u00f6nemlidir.<\/p>\n<p>&nbsp;<\/p>\n<h2><strong>Sar\u0131l\u0131k<\/strong><\/h2>\n<p>Sar\u0131l\u0131k, FIP&#8217;li kedilerde tipik olarak uyu\u015fukluk ve kilo kayb\u0131 gibi di\u011fer karaci\u011fer yetmezli\u011fi veya hepatomegali (karaci\u011fer b\u00fcy\u00fcmesi) belirtileriyle birlikte g\u00f6r\u00fclen bir bulgudur. Fiziksel muayenede, kedinin derisi sar\u0131ms\u0131 renkte olabilir ve \u00f6zellikle karn\u0131nda ve g\u00f6zlerinde g\u00f6r\u00fclebilir.<\/p>\n<p>Baz\u0131 durumlarda sar\u0131l\u0131k kedinin t\u00fcm v\u00fccudunu kaplayabilir. Sar\u0131l\u0131k, bilirubin (par\u00e7alanan k\u0131rm\u0131z\u0131 kan h\u00fccreleri taraf\u0131ndan dola\u015f\u0131ma sal\u0131nan pigmentli molek\u00fcller) seviyelerindeki art\u0131\u015ftan kaynaklan\u0131r ve daha sonra birikime yol a\u00e7ar.<\/p>\n<p>Safra kesesi ve sindirim i\u00e7in gerekli olan karaci\u011fer ve ince ba\u011f\u0131rsaklar aras\u0131ndaki ba\u011flant\u0131l\u0131 yap\u0131lar\u0131 i\u00e7eren safra a\u011fac\u0131n\u0131n herhangi bir yerinde bir bozulma oldu\u011funu g\u00f6sterir.<\/p>\n<p>&nbsp;<\/p>\n<h1><strong>Ef\u00fczyonlu Islak FIP&#8217;in Klinik Belirtileri<\/strong><\/h1>\n<p>Torasik, abdominal ve skrotal \u015fi\u015flik, ef\u00fczyonlu \u0131slak FIP ile ili\u015fkili belirtilerden baz\u0131lar\u0131d\u0131r.<\/p>\n<p>&nbsp;<\/p>\n<h2><strong>Torasik \u015ei\u015flik<\/strong><\/h2>\n<p>Torasik \u015fi\u015fme, g\u00f6\u011f\u00fcste s\u0131v\u0131 birikiminin meydana geldi\u011fi ef\u00fczif \u0131slak FIP ile ili\u015fkili klinik bir bulgudur. Bu durum nefes almada zorlu\u011fa yol a\u00e7abilir ve kalp at\u0131\u015f h\u0131z\u0131, \u0131s\u0131 d\u00fczenlemesi ve gaz de\u011fi\u015fimi gibi organlar\u0131n normal i\u015fleyi\u015fini etkileyebilir.<\/p>\n<p>Bu nedenle, m\u00fcmk\u00fcnse bo\u015falt\u0131lmas\u0131n\u0131 tavsiye etti\u011fimiz ef\u00fczyonlardan biridir.<\/p>\n<p>Torasik \u015fi\u015fme FIP&#8217;in ileri a\u015famalar\u0131n\u0131 g\u00f6sterir ve genellikle solunum h\u0131z\u0131nda art\u0131\u015f veya kedi nefes ald\u0131\u011f\u0131nda gurgling sesleri ile kendini g\u00f6sterir. Torasik \u015fi\u015flik uzun s\u00fcre devam ederse, i\u00e7 organlar \u00fczerinde artan bask\u0131ya yol a\u00e7arak kan ak\u0131\u015f\u0131n\u0131n ve oksijen tedarikinin azalmas\u0131 nedeniyle yetersiz beslenmelerine neden olabilir.<\/p>\n<p>Ayr\u0131ca, tedavi edilmedi\u011fi takdirde kal\u0131c\u0131 g\u00f6\u011f\u00fcs \u015fi\u015fmesi hayati organlarda kal\u0131c\u0131 hasara neden olabilir ve uzun s\u00fcre kontrol edilmedi\u011fi takdirde \u00f6l\u00fcme yol a\u00e7abilir.<\/p>\n<p>&nbsp;<\/p>\n<h2><strong>Kar\u0131n \u015ei\u015fli\u011fi<\/strong><\/h2>\n<p>Kar\u0131nda \u015fi\u015flik de Effusive FIP ile ili\u015fkili bir klinik bulgudur. FIP&#8217;in bu formu, abdominal ef\u00fczyon olarak da bilinen kar\u0131nda s\u0131v\u0131 geli\u015fimi ile karakterizedir.<\/p>\n<p>Gastrointestinal sistem ve organlar\u0131 bu ekstra, anormal s\u0131v\u0131 ile \u00e7evrelenir. Radyografi, ultrasonografi ve abdominosentez, FIP \u015f\u00fcphesi olan kedilerde abdominal ef\u00fczyon olu\u015fup olu\u015fmad\u0131\u011f\u0131n\u0131 tespit etmek i\u00e7in kullan\u0131lan tan\u0131sal prosed\u00fcrlerdir.<\/p>\n<p>Ayr\u0131ca s\u0131v\u0131 analizi, FIP&#8217;in neden oldu\u011fu abdominal ef\u00fczyonu do\u011fru bir \u015fekilde te\u015fhis etmek i\u00e7in olduk\u00e7a belirleyici sonu\u00e7lar sa\u011flayabilir.<\/p>\n<p>Kar\u0131n \u015fi\u015fli\u011fi bir kedi i\u00e7in daha az tehdit edicidir, ancak onu rahats\u0131z edebilir. Bu ef\u00fczyonu bo\u015faltmay\u0131 se\u00e7erseniz, s\u0131v\u0131n\u0131n %30&#8217;undan fazlas\u0131n\u0131 bo\u015faltmamay\u0131 tercih edin.<\/p>\n<p>&nbsp;<\/p>\n<h2><strong>Skrotal \u015ei\u015flik<\/strong><\/h2>\n<p>Erkek kedilerde skrotal \u015fi\u015flik, skrotal boyutta a\u00e7\u0131klanamayan bir de\u011fi\u015fiklik oldu\u011funda, \u00f6zellikle de h\u0131zl\u0131 bir \u015fekilde ortaya \u00e7\u0131karsa veya uyu\u015fukluk ve ate\u015f gibi di\u011fer belirtilerle birlikte gelirse evcil hayvan sahipleri taraf\u0131ndan tespit edilebilir.<\/p>\n<p>FIP&#8217;in bu formu genellikle gen\u00e7 kedileri etkiler ve kar\u0131n s\u0131v\u0131s\u0131 birikimi, g\u00f6\u011f\u00fcs kafesinde geni\u015fleme, kilo kayb\u0131, sar\u0131l\u0131k ve s\u00fcrekli y\u00fcksek ate\u015f gibi semptomlarla h\u0131zl\u0131 bir ba\u015flang\u0131\u00e7 g\u00f6sterir.<\/p>\n<p>Skrotal \u015fi\u015flik, veteriner hekimlerin bu durumu erkenden, genellikle di\u011fer belirtiler ortaya \u00e7\u0131kmadan \u00f6nce tespit etmek i\u00e7in kulland\u0131klar\u0131 ana klinik belirtiler aras\u0131ndad\u0131r.<\/p>\n<p>&nbsp;<\/p>\n<h1><strong>Ok\u00fcler FIP&#8217;in Klinik Belirtileri<\/strong><\/h1>\n<p>\u0130risin renginin de\u011fi\u015fmesi, g\u00f6rme kayb\u0131, kornea kal\u0131nla\u015fmas\u0131 ve hipopiyon gibi FIP belirtilerine dikkat edin.<\/p>\n<p>&nbsp;<\/p>\n<h2><strong>\u0130ris Renk De\u011fi\u015fikli\u011fi<\/strong><\/h2>\n<p>\u0130ris renk de\u011fi\u015fikli\u011fi, FIP&#8217;in ok\u00fcler formunun g\u00f6stergesi olarak g\u00f6r\u00fclebilen klinik bir i\u015farettir. Tipik olarak iris renginde de\u011fi\u015fiklik, anormal g\u00f6z bulan\u0131kl\u0131\u011f\u0131 veya FIP vir\u00fcs\u00fcn\u00fcn neden oldu\u011fu bir enfeksiyondan kaynaklanan iltihaplanma nedeniyle g\u00f6z bebe\u011fi b\u00f6lgesinde flok\u00fclan g\u00f6r\u00fcn\u00fcm (beyaz lekeler) \u015feklinde ortaya \u00e7\u0131kar.<\/p>\n<p>Kornea kal\u0131nla\u015fmas\u0131 ve hipopiyon da bu belirtiye e\u015flik edebilir ve genellikle tedavi edilmezse sonunda kal\u0131c\u0131 g\u00f6rme kayb\u0131na yol a\u00e7abilir. Bu durumun erken tespiti ve te\u015fhisi, kloramfenikol ve tiyamfenikol gibi antiprotozoal ajanlarla h\u0131zl\u0131 tedaviye ba\u015flamak ve bununla ili\u015fkili di\u011fer riskleri azaltmak i\u00e7in \u00f6nemlidir.<\/p>\n<p>&nbsp;<\/p>\n<h2><strong>G\u00f6rme Kayb\u0131<\/strong><\/h2>\n<p>G\u00f6rme kayb\u0131, kedinizde ok\u00fcler FIP olabilece\u011fini g\u00f6steren en belirgin i\u015faretlerden biridir. Bu ileri bir semptomdur ve vir\u00fcs\u00fcn daha ciddi bir formunun evcil hayvan\u0131n\u0131zda zaten aktif oldu\u011funu g\u00f6sterebilir.<\/p>\n<p>Pyogran\u00fclomat\u00f6z \u00f6n \u00fcveit (iltihap), El Feneri \u0130\u015fareti (g\u00f6zler fener \u0131\u015f\u0131\u011f\u0131 gibi odaklanm\u0131\u015f bir \u0131\u015f\u0131n \u0131\u015f\u0131\u011f\u0131na maruz kald\u0131\u011f\u0131nda sar\u0131ms\u0131 da\u011f\u0131lma) gibi belirtileri ortaya \u00e7\u0131karan bu t\u00fcr bir belirtidir.<\/p>\n<p>Bu sendrom, yetersiz giri\u015f\/\u00e7\u0131k\u0131\u015f kistik yap\u0131lar ve iristeki lezyonlarla birlikte g\u00f6rme yetisinde belirgin azalma ile ili\u015fkilidir ve zaman i\u00e7inde tedavi edilmezse orbital bo\u015flukta da tahribata neden olur.<\/p>\n<p>&nbsp;<\/p>\n<h2><strong>Kornea Kal\u0131nla\u015fmas\u0131<\/strong><\/h2>\n<p>Bu durum, kornea olarak bilinen g\u00f6z\u00fcn d\u0131\u015f k\u0131sm\u0131 iltihaplanma nedeniyle normalden daha kal\u0131n hale geldi\u011finde ortaya \u00e7\u0131kar.<\/p>\n<p>Kedilerde buna bir vir\u00fcs ya da bakteri neden olabilir ve etkilerinin fark edilmesi haftalar alabilir. Genellikle, bu semptomun tan\u0131mlanmas\u0131n\u0131 kolayla\u015ft\u0131ran \u015fey, g\u00f6rmede bulan\u0131kl\u0131k veya a\u011fr\u0131 gibi di\u011fer belirtilerin ayn\u0131 anda mevcut olmas\u0131d\u0131r.<\/p>\n<p>Kornea kal\u0131nla\u015fmas\u0131 ya\u015fayan bir kedi, net g\u00f6rmekte zorluk \u00e7ekebilir ve g\u00f6rme kalitesinin d\u00fc\u015fmesi nedeniyle muhtemelen biraz rahats\u0131zl\u0131k veya a\u011fr\u0131 ya\u015fayabilir.<\/p>\n<p>&nbsp;<\/p>\n<h2><strong>Hypopyon<\/strong><\/h2>\n<p>Hipopiyon, kornea taban\u0131nda beyaz kan h\u00fccrelerinin birikmesini tan\u0131mlamak i\u00e7in kullan\u0131lan t\u0131bbi bir terimdir ve genellikle iltihaplanma veya enfeksiyon g\u00f6z\u00fc etkiledi\u011finde ortaya \u00e7\u0131kar. En yayg\u0131n olarak kedilerde FIP&#8217;in bir sonucu olarak ortaya \u00e7\u0131kan g\u00f6z i\u00e7indeki bir iltihaplanma olan \u00fcveit ile ili\u015fkilidir.<\/p>\n<p>Hipopiyon, l\u00f6kositlerin (beyaz kan h\u00fccreleri) iris yoluyla girip g\u00f6z\u00fcn i\u00e7 haznesinde birikmesinden kaynaklan\u0131r. Bu durum, veteriner hekimler taraf\u0131ndan yap\u0131lan \u0131\u015f\u0131\u011fa maruz kalma testleri s\u0131ras\u0131nda g\u00f6z k\u00fcrelerinin bir veya daha fazla b\u00f6l\u00fcm\u00fcnde g\u00f6zle g\u00f6r\u00fcl\u00fcr bulan\u0131kl\u0131k veya pupilla de\u011fi\u015fiklikleri gibi fiziksel muayeneden do\u011frudan g\u00f6zlemlere yol a\u00e7ar.<\/p>\n<p>&nbsp;<\/p>\n<h2><strong>Retina dekolman\u0131<\/strong><\/h2>\n<p>Bu, retina alttaki destekleyici dokudan ve kan kayna\u011f\u0131ndan uzakla\u015ft\u0131\u011f\u0131nda ortaya \u00e7\u0131kan bir durumdur. Y\u00fcksek tansiyon, a\u015f\u0131r\u0131 aktif tiroid bezi veya b\u00f6brek hastal\u0131\u011f\u0131 gibi bir dizi t\u0131bbi durumdan kaynaklanabilir.<\/p>\n<p>FIP&#8217;li kedilerde retinal hemoraji ve dekolman\u0131n yan\u0131 s\u0131ra gran\u00fclomat\u00f6z de\u011fi\u015fiklikler de g\u00f6r\u00fclebilir.<\/p>\n<p>Retina dekolman\u0131 ile ili\u015fkili \u00f6nde gelen belirti, hasar\u0131n boyutuna ve enfeksiyonun \u015fiddetine ba\u011fl\u0131 olarak aniden veya kademeli olarak ortaya \u00e7\u0131kabilen g\u00f6rme kayb\u0131d\u0131r.<\/p>\n<p>Di\u011fer belirtiler aras\u0131nda g\u00f6zlerin perdelenmesi veya bulan\u0131kla\u015fmas\u0131, mevcut g\u00f6r\u00fc\u015f alan\u0131nda bozulma veya \u00e7arp\u0131kl\u0131k ve gece k\u00f6rl\u00fc\u011f\u00fc de dahil olmak \u00fczere parlak \u0131\u015f\u0131kl\u0131 ortamlara uyum sa\u011flamada zorluk yer almaktad\u0131r.<\/p>\n<p>Baz\u0131 kedilerde, g\u00f6z yap\u0131s\u0131n\u0131n herhangi bir b\u00f6l\u00fcm\u00fcne vitreus s\u0131v\u0131s\u0131 s\u0131z\u0131nt\u0131s\u0131ndan kaynaklanan ve normal g\u00f6r\u00fc\u015f hatt\u0131 performanslar\u0131na m\u00fcdahale nedeniyle \u00e7arp\u0131k g\u00f6r\u00fcnt\u00fclere neden olan u\u00e7u\u015fan noktalar da olabilir.<\/p>\n<p>&nbsp;<\/p>\n<h1><strong>N\u00f6rolojik FIP&#8217;in Klinik Belirtileri<\/strong><\/h1>\n<p>Dengesizlik, ba\u015f e\u011fme, n\u00f6betler ve davran\u0131\u015f de\u011fi\u015fikli\u011fi gibi belirtilere dikkat edin.<\/p>\n<p>&nbsp;<\/p>\n<h2><strong>Dengesizlik<\/strong><\/h2>\n<p>Dengesizlik FIP&#8217;in yayg\u0131n bir belirtisidir ve genellikle bir \u015feylerin yanl\u0131\u015f gitti\u011finin ilk g\u00f6stergesidir. FIP&#8217;li kedilerde dengesizlik, durumun ciddiyetine ba\u011fl\u0131 olarak y\u00fcr\u00fcme g\u00fc\u00e7l\u00fc\u011f\u00fc veya koordinasyon kayb\u0131 olarak ortaya \u00e7\u0131kabilir.<\/p>\n<p>Yatar pozisyondan ayakta durma pozisyonuna ge\u00e7erken, baz\u0131 kediler dengelerini h\u0131zl\u0131 bir \u015fekilde yeniden sa\u011flayamad\u0131klar\u0131 i\u00e7in ileri geri sallanabilirler. Bu semptomun nedeni, kedinizde hangi FIP t\u00fcr\u00fcn\u00fcn geli\u015fti\u011fine ba\u011fl\u0131 olarak de\u011fi\u015febilir. N\u00f6rolojik hasara ya da kar\u0131n veya g\u00f6\u011f\u00fcs bo\u015flu\u011funda s\u0131v\u0131 birikmesine ba\u011fl\u0131 olabilir.<\/p>\n<p>Kedilerdeki dengesizlik hafife al\u0131nmamal\u0131 ve bu durumun tedavisi s\u00f6z konusu oldu\u011funda erken te\u015fhis prognozu \u00f6nemli \u00f6l\u00e7\u00fcde iyile\u015ftirdi\u011finden veterinerinize g\u00f6t\u00fcr\u00fclmelidir. Veteriner hekiminiz, bir kedinin y\u00fcr\u00fcy\u00fc\u015f\u00fcn\u00fcn koordineli g\u00f6r\u00fcn\u00fcp g\u00f6r\u00fcnmedi\u011fini de\u011ferlendirmek i\u00e7in motor fonksiyon ve reflekslere bakmak gibi fiziksel muayeneler yaparak ba\u015flayacakt\u0131r.<\/p>\n<p>&nbsp;<\/p>\n<h2><strong>kafa e\u011fim<\/strong><\/h2>\n<p>Ba\u015f e\u011fikli\u011fi, genellikle vestib\u00fcler sendromun g\u00f6stergesi oldu\u011fundan n\u00f6rolojik FIP&#8217;in \u00f6nemli bir klinik belirtisidir. Vestib\u00fcler sendrom, beynin dengeden sorumlu b\u00f6l\u00fcm\u00fc do\u011fru \u00e7al\u0131\u015fmad\u0131\u011f\u0131nda ortaya \u00e7\u0131kar ve dengesizli\u011fe ve koordinasyon g\u00fc\u00e7l\u00fc\u011f\u00fcne neden olur.<\/p>\n<p>Kedilerde bu durum, ba\u015f\u0131n bir tarafa do\u011fru belirgin bir \u015fekilde e\u011filmesi \u015feklinde kendini g\u00f6sterir. Bu duruma, normal bir \u015fekilde birlikte hareket etmeyen g\u00f6zler e\u015flik edebilir. Biri hareketsiz kal\u0131rken di\u011feri h\u0131zla ileri geri hareket edebilir, ayr\u0131ca kedinin dik durmas\u0131n\u0131 zorla\u015ft\u0131ran yer\u00e7ekiminin neden oldu\u011fu yuvarlanma hareketleri de olabilir.<\/p>\n<p>&nbsp;<\/p>\n<h2><strong>N\u00f6betler<\/strong><\/h2>\n<p>N\u00f6rolojik tutulum mevcut oldu\u011funda n\u00f6betler FIP&#8217;in klinik bir belirtisi olabilir. Kedinizin FIP nedeniyle n\u00f6bet ge\u00e7iriyor olabilece\u011fini g\u00f6steren baz\u0131 belirtiler aras\u0131nda uygunsuz d\u0131\u015fk\u0131lama, daire \u00e7izme veya sald\u0131rganl\u0131k gibi bunama benzeri davran\u0131\u015flar, koordinasyon ve dengede azalma ve garip sesler veya bilin\u00e7 kayb\u0131 yer al\u0131r.<\/p>\n<p>Kediniz n\u00f6bet ge\u00e7irdi\u011finde, daha ileri de\u011ferlendirme ve te\u015fhis i\u00e7in onu derhal veteriner hekime g\u00f6t\u00fcrmelisiniz.<\/p>\n<p>&nbsp;<\/p>\n<h2><strong>Davran\u0131\u015f de\u011fi\u015fikli\u011fi<\/strong><\/h2>\n<p>Davran\u0131\u015f de\u011fi\u015fiklikleri FIP&#8217;in erken bir g\u00f6stergesi olabilir. Sahiplerini endi\u015felendiren yayg\u0131n bir belirti, kedilerinin davran\u0131\u015f bi\u00e7imindeki ani de\u011fi\u015fikliklerdir. Kediler normalden daha s\u0131k saklanabilir veya normalde g\u00f6stermedikleri sald\u0131rganl\u0131\u011f\u0131 g\u00f6sterebilirler.<\/p>\n","protected":false},"excerpt":{"rendered":"<p>Kedilerde FIP semptomlar\u0131na FIP t\u00fcrlerine g\u00f6re bakt\u0131\u011f\u0131m\u0131zda ak\u0131ll\u0131ca olacakt\u0131r. Bunlar daha do\u011fru bir te\u015fhis i\u00e7in dahil edilmi\u015ftir. FIP&#8217;in t\u00fcr\u00fcn\u00fc bilmek, ciddiyetini ve ortaya \u00e7\u0131kabilecek t\u00fcm farkl\u0131 FIP formlar\u0131n\u0131 tahmin etmenize yard\u0131mc\u0131 olabilir, b\u00f6ylece hi\u00e7bir semptomu ka\u00e7\u0131rmazs\u0131n\u0131z. &nbsp; Etkili Olmayan Kuru FIP&#8217;in Klinik Belirtileri FIP&#8217;in bu formunun tipik belirtileri aras\u0131nda uyu\u015fukluk, ate\u015f, i\u015ftahs\u0131zl\u0131k, kilo kayb\u0131 ve [&hellip;]<\/p>\n","protected":false},"author":1,"featured_media":16855,"parent":0,"menu_order":0,"comment_status":"closed","ping_status":"closed","template":"","meta":{"_glsr_average":0,"_glsr_ranking":0,"_glsr_reviews":0,"footnotes":""},"categories":[685],"tags":[],"_links":{"self":[{"href":"https:\/\/fipmed.co\/tr\/wp-json\/wp\/v2\/pages\/17118"}],"collection":[{"href":"https:\/\/fipmed.co\/tr\/wp-json\/wp\/v2\/pages"}],"about":[{"href":"https:\/\/fipmed.co\/tr\/wp-json\/wp\/v2\/types\/page"}],"author":[{"embeddable":true,"href":"https:\/\/fipmed.co\/tr\/wp-json\/wp\/v2\/users\/1"}],"replies":[{"embeddable":true,"href":"https:\/\/fipmed.co\/tr\/wp-json\/wp\/v2\/comments?post=17118"}],"version-history":[{"count":0,"href":"https:\/\/fipmed.co\/tr\/wp-json\/wp\/v2\/pages\/17118\/revisions"}],"wp:featuredmedia":[{"embeddable":true,"href":"https:\/\/fipmed.co\/tr\/wp-json\/wp\/v2\/media\/16855"}],"wp:attachment":[{"href":"https:\/\/fipmed.co\/tr\/wp-json\/wp\/v2\/media?parent=17118"}],"wp:term":[{"taxonomy":"category","embeddable":true,"href":"https:\/\/fipmed.co\/tr\/wp-json\/wp\/v2\/categories?post=17118"},{"taxonomy":"post_tag","embeddable":true,"href":"https:\/\/fipmed.co\/tr\/wp-json\/wp\/v2\/tags?post=17118"}],"curies":[{"name":"wp","href":"https:\/\/api.w.org\/{rel}","templated":true}]}}