{"id":17130,"date":"2024-03-25T07:02:30","date_gmt":"2024-03-25T07:02:30","guid":{"rendered":"https:\/\/fipmed.co\/fip-asamalari-ve-fip-asamalarina-dayali-semptomlar\/"},"modified":"2024-03-25T07:02:30","modified_gmt":"2024-03-25T07:02:30","slug":"fip-asamalari-ve-fip-asamalarina-dayali-semptomlar","status":"publish","type":"page","link":"https:\/\/fipmed.co\/tr\/fip-asamalari-ve-fip-asamalarina-dayali-semptomlar\/","title":{"rendered":"FIP&#8217;in A\u015famalar\u0131 ve FIP&#8217;in A\u015famalar\u0131na Dayal\u0131 Belirtiler"},"content":{"rendered":"<p>Bu vir\u00fcsle enfeksiyonda FIP&#8217;in d\u00f6rt farkl\u0131 a\u015famas\u0131 vard\u0131r: ilk maruziyet ve kulu\u00e7ka, birincil viremi, ikincil viremi ve klinik FIP.<\/p>\n<p>&nbsp;<\/p>\n<h1><strong>FIP A\u015famas\u0131: \u0130lk Maruz Kalma ve Kulu\u00e7ka<\/strong><\/h1>\n<p>Feline coronavirus (FCoV) bir\u00e7ok ortamda bulunur, bu nedenle kedilerin ya\u015famlar\u0131 boyunca bir noktada maruz kalma olas\u0131l\u0131\u011f\u0131 \u00e7ok y\u00fcksektir.<br \/>\nBu ilk enfeksiyon genellikle iyi huyludur, ancak ne yaz\u0131k ki vir\u00fcs\u00fcn mutasyona u\u011framas\u0131 ve baz\u0131 kedilerde FIP&#8217;e neden olmas\u0131 riski vard\u0131r.<br \/>\nBu mutasyon i\u00e7in kulu\u00e7ka s\u00fcresi birka\u00e7 haftadan birka\u00e7 y\u0131la kadar de\u011fi\u015febilir, ancak kediler vir\u00fcsle ilk enfekte olduktan sonraki ilk 6 hafta i\u00e7inde klinik FIP geli\u015ftirme riski alt\u0131ndad\u0131r.<br \/>\nDeneyler, enfekte bir kedinin tam geli\u015fmi\u015f bir hastal\u0131\u011fa yakalanmas\u0131 i\u00e7in alt\u0131 hafta kadar k\u0131sa bir s\u00fcrenin yeterli olabilece\u011fi sonucuna varm\u0131\u015ft\u0131r.<br \/>\n\u0130lk maruz kalma ve kulu\u00e7ka d\u00f6nemleri s\u0131ras\u0131nda, enfekte kedilerin al\u0131\u015f\u0131lmad\u0131k derecede b\u00fcy\u00fck miktarda vir\u00fcs partik\u00fclleri sa\u00e7t\u0131\u011f\u0131n\u0131 ve bunun da di\u011fer ev hayvanlar\u0131n\u0131n da enfeksiyona yakalanmas\u0131na yol a\u00e7abilece\u011fini unutmamak \u00f6nemlidir. <\/p>\n<p>&nbsp;<\/p>\n<h1><strong>FIP&#8217;in Evresi: <\/strong>Primer Viremi<\/h1>\n<p>Birincil viremi, Kedi Enfeksiy\u00f6z Peritonit (FIP) vir\u00fcs\u00fc enfeksiyonu s\u0131ras\u0131nda kedilerin ba\u011f\u0131\u015f\u0131kl\u0131k sisteminin yabanc\u0131 istilac\u0131ya yan\u0131t vermeye ba\u015flad\u0131\u011f\u0131 a\u015famad\u0131r.<br \/>\nBu a\u015famada, kanlar\u0131nda y\u00fcksek seviyelerde FCoV bulunabilir.<br \/>\nBu, kedinin v\u00fccudu ile vir\u00fcs aras\u0131nda bir sava\u015f\u0131n ba\u015flang\u0131c\u0131na i\u015faret eder ve ayr\u0131ca azalan diren\u00e7 nedeniyle mutasyonlar\u0131n meydana gelme olas\u0131l\u0131\u011f\u0131n\u0131n artt\u0131\u011f\u0131 zaman\u0131 i\u015faret eder.<br \/>\nBirincil viremisi olan kediler, v\u00fccutlar\u0131na giren patojenin neden oldu\u011fu herhangi bir zarardan kendilerini korumak i\u00e7in \u00e7ok \u00e7al\u0131\u015fan ba\u011f\u0131\u015f\u0131kl\u0131k sistemlerinden y\u00fcksek bir tepki g\u00f6sterirler.<br \/>\nBaz\u0131 kediler g\u00fc\u00e7l\u00fc bir ba\u011f\u0131\u015f\u0131kl\u0131k tepkisi ile v\u00fccutlar\u0131n\u0131 vir\u00fcsten kurtarabilir. <\/p>\n<p>&nbsp;<\/p>\n<h1><strong>FIP&#8217;in evresi: <\/strong><strong>\u0130kincil Viremi<\/strong><\/h1>\n<p>\u0130kincil viremi, birincil a\u015famada vir\u00fcsle m\u00fccadele edemeyen kedileri etkileyen sonraki a\u015famay\u0131 ifade eder.<br \/>\nBu a\u015famada, kemik ili\u011fi ve di\u011fer dokular vir\u00fcs taraf\u0131ndan istila edilmi\u015ftir.<br \/>\nVir\u00fcs daha sonra kemik ili\u011finde uzunca bir s\u00fcre pasif durumda kalabilir.<br \/>\nAncak bunun yan\u0131 s\u0131ra, kandaki FIPV seviyeleri artmaya ba\u015flar ve sonunda kedilerin art\u0131k kontrol alt\u0131nda tutamayaca\u011f\u0131 bir noktaya ula\u015f\u0131r.<br \/>\nNe yaz\u0131k ki, bu zamana kadar FIPV hayati organlar\u0131 ve dokular\u0131 ele ge\u00e7irdi\u011fi i\u00e7in bir\u00e7ok sistemik enflamatuar s\u00fcre\u00e7 \u00e7oktan ba\u015flam\u0131\u015ft\u0131r.<br \/>\nAd\u0131ndan da anla\u015f\u0131laca\u011f\u0131 gibi, ikincil viremi s\u0131ras\u0131nda vir\u00fcs di\u011fer organlara yay\u0131lmaya ba\u015flar ve derhal m\u00fcdahale edilmezse h\u0131zla ya\u015fam\u0131 tehdit edebilecek daha ciddi belirtilere yol a\u00e7ar.<br \/>\nBirincil ba\u011f\u0131\u015f\u0131kl\u0131k tepkisinin \u015fiddeti veya bir kedinin v\u00fccudunun enfeksiyonu ne kadar iyi kontrol edebildi\u011fi, vir\u00fcs\u00fcn hangi seviyede tek bir organ sisteminin \u00f6tesine yay\u0131lmaya ba\u015flayaca\u011f\u0131n\u0131 belirlemede \u00f6nemli bir rol oynar.<br \/>\nBu kritik d\u00f6nemde kediler, mutasyona u\u011fram\u0131\u015f vir\u00fcsleri kontrol etmek i\u00e7in son derece \u00e7aba sarf eden ancak bunu ba\u015faramayan ba\u011f\u0131\u015f\u0131kl\u0131k sistemleri nedeniyle s\u00fcrekli ate\u015f (103\u00b0F&#8217;nin \u00fczerinde), i\u015ftahs\u0131zl\u0131k ve genel olarak k\u00f6t\u00fcle\u015fen bir durum ya\u015fayabilir, bu nedenle di\u011fer ila\u00e7lar\u0131n yan\u0131 s\u0131ra antivirallerle tedavi planlar\u0131na g\u00fcvenmek zorunda kal\u0131rlar.<\/p>\n<p>&nbsp;<\/p>\n<h1><strong>FIP&#8217;in evresi: <\/strong><strong>Klinik FIP<\/strong><\/h1>\n<p>FIP&#8217;in klinik a\u015famas\u0131nda, kediler vir\u00fcs\u00fc kontrol alt\u0131na alman\u0131n \u00f6tesindedir.<br \/>\nBu k\u0131smen FIPV ad\u0131 verilen baz\u0131 FCoV t\u00fcrlerinde bulunan proteinlerden birinde meydana gelen bir de\u011fi\u015fiklikten kaynaklanmaktad\u0131r.<br \/>\nFIPV, bir grup h\u00fccre veya organ\u0131n etraf\u0131nda iltihaplanma ve \u015fi\u015fme olan vask\u00fclite neden olur.<br \/>\nV\u00fccut bo\u015fluklar\u0131nda s\u0131v\u0131 birikmesine ve hayati organlar \u00fczerinde a\u015f\u0131r\u0131 bask\u0131ya yol a\u00e7an bir s\u0131v\u0131 birikimi de bu a\u015famada ortaya \u00e7\u0131kabilir.<br \/>\nFIP&#8217;li kedilerde kilo kayb\u0131, ate\u015f, dehidrasyon, \u015fi\u015fmi\u015f kar\u0131n veya ba\u015f b\u00f6lgesi ve g\u00f6\u011f\u00fcs t\u0131kan\u0131kl\u0131\u011f\u0131 nedeniyle solunum g\u00fc\u00e7l\u00fc\u011f\u00fc gibi belirtiler g\u00f6r\u00fclebilir.<br \/>\nHayati organlardaki enfeksiyonlardan kaynaklanan tahribat bu noktada ba\u015flayacak ve potansiyel olarak sistem organ yetmezli\u011fine yol a\u00e7acakt\u0131r.<br \/>\nBu genellikle daha sonra b\u00f6brek hastal\u0131\u011f\u0131 veya beyin dokusundaki iltihaplanman\u0131n neden oldu\u011fu n\u00f6rolojik hasar olarak ortaya \u00e7\u0131kar.  <\/p>\n<p>&nbsp;<\/p>\n<h1><strong>FIP&#8217;in A\u015famas\u0131: <\/strong><strong>Organ Hasar\u0131 <\/strong> <\/h1>\n<p>Bu, iltihab\u0131n organlarda hasara yol a\u00e7t\u0131\u011f\u0131 ve kedinin daha sonra ba\u015fka sorunlar sergiledi\u011fi FIP&#8217;in son a\u015famas\u0131d\u0131r.<br \/>\nYayg\u0131n olarak etkilenen organlardan baz\u0131lar\u0131 \u015funlard\u0131r:<br \/>\n<strong>Kar\u0131n organlar\u0131:<\/strong> FIP genellikle karaci\u011fer, dalak ve b\u00f6brekler gibi kar\u0131n organlar\u0131nda gran\u00fclomlar\u0131n (k\u00fc\u00e7\u00fck iltihapl\u0131 doku nod\u00fclleri) olu\u015fmas\u0131na neden olur.<br \/>\nBu durum, bu organlarda i\u015flev bozuklu\u011funa ve yetmezli\u011fe yol a\u00e7abilir.<br \/>\n<strong>B\u00f6brekler:<\/strong> B\u00f6brekler gran\u00fclomat\u00f6z lezyonlardan etkilenerek b\u00f6brek yetmezli\u011fine yol a\u00e7abilir.<br \/>\n<strong>Merkezi Sinir Sistemi (MSS):<\/strong> FIP, MSS&#8217;yi etkiledi\u011finde n\u00f6rolojik semptomlara neden olabilir.<br \/>\nN\u00f6rolojik FIP&#8217;li kedilerde davran\u0131\u015f de\u011fi\u015fiklikleri, n\u00f6betler ve y\u00fcr\u00fcme g\u00fc\u00e7l\u00fc\u011f\u00fc g\u00f6r\u00fclebilir.<br \/>\n<strong>G\u00f6zler<\/strong>: Ok\u00fcler (g\u00f6z) tutulum FIP&#8217;de yayg\u0131nd\u0131r ve iltihaplanma, bulan\u0131kl\u0131k ve bazen k\u00f6rl\u00fc\u011fe yol a\u00e7ar.<br \/>\nBu durum ok\u00fcler veya kuru FIP olarak bilinir.<br \/>\n<strong>Kardiyovask\u00fcler sistem:<\/strong> Baz\u0131 durumlarda, FIP kalp ve kan damarlar\u0131n\u0131 etkileyerek kardiyovask\u00fcler sorunlara yol a\u00e7abilir.<br \/>\nKedideki bu s\u00fcrekli bozulma sonunda felce ve nihayetinde \u00f6l\u00fcme yol a\u00e7acakt\u0131r.<\/p>\n<p>&nbsp;<\/p>\n<p>&nbsp;<\/p>\n<h1><strong>FIP&#8217;in Evrelerine G\u00f6re Belirtiler<\/strong><\/h1>\n<h2><strong>FIP&#8217;in Erken A\u015famalar\u0131nda \u0130\u015faretler<\/strong><strong> <\/strong><\/h2>\n<p>Kediler, davran\u0131\u015f de\u011fi\u015fiklikleri, kilo kayb\u0131 ve i\u015ftahs\u0131zl\u0131k gibi spesifik olmayan erken semptomlar\u0131n yan\u0131 s\u0131ra dalgal\u0131 ate\u015fle de ba\u015fvurabilir.<\/p>\n<p><strong> <\/strong><\/p>\n<p><strong>Spesifik olmayan semptomlar<\/strong><\/p>\n<p>FIP, kolayca ba\u015fka hastal\u0131klarla kar\u0131\u015ft\u0131r\u0131labilen \u00e7ok \u00e7e\u015fitli spesifik olmayan semptomlara sahiptir.<br \/>\nBu ilk belirtiler genellikle belirsizdir ve halsizlik, uyu\u015fukluk, i\u015ftah azalmas\u0131, kilo kayb\u0131 ve dalgal\u0131 ate\u015fi i\u00e7erir.<br \/>\nBaz\u0131 durumlarda, kediler bu fiziksel semptomlara e\u015flik eden davran\u0131\u015f de\u011fi\u015fiklikleri sergileyecektir.<br \/>\nFIP&#8217;in ilk belirtisi olabilece\u011finden, kedinizin sa\u011fl\u0131k rejimindeki artan veya azalan enerji seviyeleri gibi k\u00fc\u00e7\u00fck de\u011fi\u015fikliklere dikkat etmek \u00e7ok \u00f6nemlidir.<br \/>\nKedilerde bu kadar yayg\u0131n olmas\u0131na ra\u011fmen, FIP enfeksiyonu s\u0131ras\u0131nda s\u0131kl\u0131kla g\u00f6r\u00fclen Anoreksiya veya Pika (yememeleri gereken \u015feyleri yeme durumu) gibi ek belirtiler i\u00e7in yak\u0131ndan ilgilenmedi\u011finiz s\u00fcrece, ince nedeni ilk a\u015famalarda tespit edilmesini zorla\u015ft\u0131r\u0131r.<br \/>\nDalgalanan ate\u015fler de kedinizde bir sorun oldu\u011fu anlam\u0131na gelebilir, bu nedenle l\u00fctfen g\u00fcn boyunca periyodik olarak kontrol ederken, veteriner taraf\u0131ndan verilen tedavilere ra\u011fmen 24 saatten fazla s\u00fcren belgelenmi\u015f ate\u015f gibi b\u00fcy\u00fck s\u0131cakl\u0131k de\u011fi\u015fikliklerine dikkat edin. <\/p>\n<p>&nbsp;<\/p>\n<p><strong>\u0130shal<\/strong><\/p>\n<p>Kedi Koronavir\u00fcs\u00fc (FCoV) bir kediye ilk bula\u015ft\u0131\u011f\u0131nda ince ba\u011f\u0131rsa\u011f\u0131 enfekte eder ve bazen ishale neden olur.<br \/>\nVir\u00fcs, enfeksiyondan iki g\u00fcn kadar sonra d\u0131\u015fk\u0131 ile at\u0131l\u0131r ve daha sonra birka\u00e7 haftadan aylara kadar devam eder.<br \/>\nVir\u00fcs ba\u011f\u0131rsaktan kan dola\u015f\u0131m\u0131na ge\u00e7erek baz\u0131 \u015fanss\u0131z kedilerde FIP ile sonu\u00e7lan\u0131r, ancak \u00e7o\u011fu kedi ba\u015far\u0131l\u0131 bir ba\u011f\u0131\u015f\u0131kl\u0131k tepkisi g\u00f6stererek vir\u00fcsten kurtulur ve tamamen sa\u011fl\u0131kl\u0131 ve normal bir ya\u015fam s\u00fcrmeye devam eder.<br \/>\nFCoV ile ilk enfeksiyon sadece yavru kedilerde de\u011fil, her ya\u015fta ishale neden olabilir ve \u015fiddeti hafif, kronik, \u015fiddetli ve hayat\u0131 tehdit edici olabilir.<br \/>\nVir\u00fcs ba\u015flang\u0131\u00e7ta ince ba\u011f\u0131rsak zar\u0131na zarar verir.<br \/>\nNe yaz\u0131k ki, baz\u0131 kedilerde FCoV ince ba\u011f\u0131rsa\u011fa olduk\u00e7a ciddi bir \u015fekilde zarar verebilir, bu da kal\u0131c\u0131 bir kusma veya ishal e\u011filimine ve &#8220;malabsorpsiyon sendromu&#8221; olarak bilinen, etkilenen kedinin yedi\u011fi besinlerden yararlanamad\u0131\u011f\u0131, bu nedenle yeterince kilo alamad\u0131\u011f\u0131 ve geli\u015femedi\u011fi bir duruma yol a\u00e7abilir.  <\/p>\n<p>&nbsp;<\/p>\n<p><strong>Davran\u0131\u015fsal de\u011fi\u015fiklikler<\/strong><\/p>\n<p>FIP ile enfekte olan kedilerde, sahipleri ilk olarak aktivitede azalma, halsizlik ve i\u015ftahs\u0131zl\u0131k gibi daha az belirgin semptomlar fark edebilir.<br \/>\nKediniz eskisinden \u00e7ok daha az etkile\u015fimli hale gelebilir, yaln\u0131z kalmay\u0131 veya t\u00fcm g\u00fcn uyumay\u0131 tercih edebilir.<br \/>\nAyr\u0131ca di\u011fer evcil hayvanlarla veya insanlarla etkile\u015fimden ka\u00e7\u0131nmaya ba\u015flayabilir.<br \/>\nPika, vir\u00fcsle ili\u015fkili bir ba\u015fka davran\u0131\u015f de\u011fi\u015fikli\u011fidir &#8211; evcil hayvan\u0131n\u0131z g\u0131da d\u0131\u015f\u0131 maddeleri yemeye ba\u015flad\u0131\u011f\u0131nda bu, FIP&#8217;ye sahip olduklar\u0131n\u0131n bir i\u015fareti olabilir.<br \/>\nAnoreksiyaya (tamamen i\u015ftah kayb\u0131) ek olarak, kedinizin kendi kendini beslemek i\u00e7in m\u00fccadele etti\u011fini veya yiyecek teklif edildi\u011finde tamamen ilgisizlik g\u00f6sterdi\u011fini g\u00f6zlemleyebilirsiniz &#8211; her ikisi de bir \u015feylerin do\u011fru olmad\u0131\u011f\u0131n\u0131n g\u00f6stergesi olabilir. <\/p>\n<p>&nbsp;<\/p>\n<p><strong>Kilo kayb\u0131 ve i\u015ftahs\u0131zl\u0131k<\/strong><\/p>\n<p>Kilo kayb\u0131 ve i\u015ftahs\u0131zl\u0131k FIP&#8217;in en erken belirtilerinden ikisidir.<br \/>\nKediler ilk enfekte olduklar\u0131nda, haftalar veya aylar sonras\u0131na kadar hi\u00e7bir belirti g\u00f6stermeyebilirler.<br \/>\nBununla birlikte, yava\u015f kilo kayb\u0131 ve i\u015ftah azalmas\u0131 bir \u015feylerin yanl\u0131\u015f gitti\u011finin g\u00f6stergesi olabilir.<br \/>\nKedilerde kilo kayb\u0131 genellikle hafiftir ancak sahipleri taraf\u0131ndan fark edilmemelidir &#8211; sadece birka\u00e7 g\u00fcn i\u00e7inde kiloda %15-20&#8217;lik ani bir azalma FIP&#8217;in varl\u0131\u011f\u0131na i\u015faret edebilir.<br \/>\nBenzer \u015fekilde, uygun yiyecekler sunuldu\u011funda bile i\u015ftah\u0131n azalmas\u0131 hastal\u0131\u011f\u0131n ba\u015flang\u0131c\u0131na i\u015faret edebilir.<br \/>\nBu t\u00fcr semptom kompleksi, FIP&#8217;in neden oldu\u011fu organ yetmezli\u011fine veya tedavi edilmedi\u011fi takdirde h\u0131zla ilerleyebilen ve erken te\u015fhis edilmedi\u011fi takdirde kediler i\u00e7in hayati tehlike olu\u015fturabilen kronik b\u00f6brek hastal\u0131\u011f\u0131 gibi di\u011fer ciddi durumlara i\u015faret edebilir.<br \/>\nBir\u00e7ok kedi sahibi, bu semptomlarla ili\u015fkili olarak enerji seviyelerinde ve aktivitelerinde dramatik de\u011fi\u015fimler g\u00f6zlemlediklerini bildirmi\u015ftir; bu da hem veteriner hekimler hem de evcil hayvan sahipleri taraf\u0131ndan verilen te\u015fhis ve tedavi kararlar\u0131ndaki \u00f6nemini daha da vurgulamaktad\u0131r.  <\/p>\n<p>&nbsp;<\/p>\n<p><strong>Dalgalanan ate\u015f<\/strong><\/p>\n<p>Kedilerde dalgal\u0131 ate\u015f, tipik olarak y\u00fcksek ve d\u00fc\u015f\u00fck s\u0131cakl\u0131klar\u0131n d\u00f6n\u00fc\u015f\u00fcml\u00fc olarak g\u00f6r\u00fclmesi olarak tan\u0131mlan\u0131r.<br \/>\nFIP ile ili\u015fkili en erken klinik belirtilerden biridir.<br \/>\nBu t\u00fcr ate\u015f g\u00fcnl\u00fck olarak de\u011fi\u015febilir, normal v\u00fccut s\u0131cakl\u0131\u011f\u0131 ile tehlikeli derecede y\u00fcksek s\u0131cakl\u0131klar aras\u0131nda gidip gelebilir.<br \/>\nBu durum aniden ortaya \u00e7\u0131kabilece\u011finden, ani de\u011fi\u015fiklikler FIP veya ba\u015fka bir ciddi sa\u011fl\u0131k sorununun i\u015fareti olabilece\u011finden, kedi sahiplerinin evcil hayvanlar\u0131n\u0131n ate\u015fini d\u00fczenli olarak takip etmeleri \u00f6nemlidir.<br \/>\nDalgalanan ate\u015fi, kedilerin hasta olduklar\u0131nda sahip olabilecekleri s\u00fcrekli y\u00fcksek ate\u015fle kar\u0131\u015ft\u0131rmak kolayd\u0131r, ancak bu ikisi farkl\u0131 tedavi bi\u00e7imleri gerektiren \u00e7ok farkl\u0131 hastal\u0131klard\u0131r. <\/p>\n<p>&nbsp;<\/p>\n<h2><strong>FIP&#8217;in \u0130leri A\u015famalar\u0131ndaki Belirtiler<\/strong><\/h2>\n<p>&nbsp;<\/p>\n<p>Semptomlar organ yetmezli\u011fi ve s\u0131v\u0131 birikimi gibi daha ciddi etkilere kadar ilerleyebilir.<br \/>\nDaha fazlas\u0131n\u0131 \u00f6\u011frenmek i\u00e7in okumaya devam edin! <\/p>\n<p><strong>Organ yetmezli\u011fi<\/strong><\/p>\n<p>Organ yetmezli\u011fi FIP ile ili\u015fkili en ciddi sonu\u00e7lardan biridir.<br \/>\nBu durum b\u00f6brekler, karaci\u011fer ve di\u011ferleri gibi \u00e7e\u015fitli organlar\u0131 etkileyebilir.<br \/>\nEn ileri a\u015famas\u0131na ula\u015ft\u0131\u011f\u0131nda, organ i\u015flev bozuklu\u011fu veya yetmezli\u011fi ortaya \u00e7\u0131kabilir.<br \/>\nBu organ hasar\u0131, v\u00fccutta etkilenen belirli b\u00f6lgelere ba\u011fl\u0131 olarak de\u011fi\u015fen \u00e7ok \u00e7e\u015fitli semptomlara neden olabilir.<br \/>\n\u00c7ok uzun s\u00fcre tedavi edilmezse, etkilenen hayvan\u0131n genel fiziksel sa\u011fl\u0131\u011f\u0131 \u00fczerinde b\u00fcy\u00fck bir bask\u0131 yarat\u0131r ve sonunda feci bir hastal\u0131\u011fa d\u00f6n\u00fc\u015f\u00fcr veya yeterince erken yakalanmaz ve uygun \u015fekilde tedavi edilmezse \u00f6l\u00fcmle sonu\u00e7lan\u0131r. <\/p>\n<p>&nbsp;<\/p>\n<p><strong>\u0130nat\u00e7\u0131 y\u00fcksek ate\u015f<\/strong><\/p>\n<p>Aral\u0131ks\u0131z Ate\u015f, Kedi Enfeksiy\u00f6z Peritonitinin (FIP) ileri evreleriyle ili\u015fkili yayg\u0131n bir klinik belirtidir.<br \/>\nBu ate\u015f 102 \u00b0F ila 105 \u00b0F aras\u0131ndaki s\u0131cakl\u0131klara ula\u015fabilir ve haftalarca veya aylarca s\u00fcrebilir.<br \/>\nDi\u011fer hastal\u0131klar\u0131n ekarte edilmesine ve tedaviye ba\u015flanmas\u0131na yard\u0131mc\u0131 oldu\u011fu i\u00e7in erken tan\u0131 koymak \u00f6nemlidir.<br \/>\nAte\u015f, yayg\u0131n enfeksiyondan kaynaklanan iltihaplanmadan kaynaklan\u0131r ve buna uyu\u015fukluk, kar\u0131n \u015fi\u015fli\u011fi, i\u015ftahs\u0131zl\u0131k, kilo kayb\u0131 ve sar\u0131l\u0131k gibi belirtiler e\u015flik edebilir.<br \/>\nAntibiyotik tedavisine veya anti-enflamatuar ila\u00e7lara ra\u011fmen ate\u015f devam ederse, bu FIP&#8217;in g\u00f6stergesi olabilir.<br \/>\nUygun tedavi ba\u015flad\u0131\u011f\u0131nda y\u00fcksek ate\u015f genellikle normale d\u00f6ner. <\/p>\n<p>&nbsp;<\/p>\n<p><strong>S\u0131v\u0131 birikimi<\/strong><\/p>\n<p>S\u0131v\u0131 birikimi kedilerde FIP&#8217;in \u00f6nemli bir belirtisidir ve v\u00fccudun \u00e7e\u015fitli b\u00f6lgelerinde ortaya \u00e7\u0131kabilir.<br \/>\nG\u00f6\u011f\u00fcste, kalp ve akci\u011ferlerin etraf\u0131nda s\u0131v\u0131 birikerek hareket k\u0131s\u0131tlamas\u0131na ve nefes almada zorlu\u011fa yol a\u00e7ar.<br \/>\nAyr\u0131ca, plevral ef\u00fczyon ad\u0131 verilen protein a\u00e7\u0131s\u0131ndan zengin s\u0131v\u0131 h\u00fccrelerinin a\u015f\u0131r\u0131 olu\u015fumunun neden oldu\u011fu t\u0131kanma nedeniyle lenf d\u00fc\u011f\u00fcmleri \u015fi\u015febilir.<br \/>\nKar\u0131n veya skrotum gibi di\u011fer organlarda da s\u0131v\u0131 birikerek bu b\u00f6lgelerin \u015fi\u015fmesine ve kediniz i\u00e7in ac\u0131 verici olmas\u0131na neden olabilir.<br \/>\nAyr\u0131ca, kedinizin g\u00f6zlerinde renk de\u011fi\u015fikli\u011fi veya opakl\u0131k, kornea kal\u0131nla\u015fmas\u0131 (kornea \u00f6demi) hipopiyon (g\u00f6z\u00fcn arka k\u0131sm\u0131nda beyaz bir k\u00f6p\u00fck) veya FIP enfeksiyonunun neden oldu\u011fu g\u00f6z i\u00e7i bas\u0131n\u00e7 art\u0131\u015f\u0131na ba\u011fl\u0131 retina dekolman\u0131 gibi bu birikimden kaynaklanan belirtiler g\u00f6r\u00fclebilir. <\/p>\n<p>&nbsp;<\/p>\n<p><strong>G\u00f6z problemleri<\/strong><\/p>\n<p>G\u00f6z sorunlar\u0131 FIP&#8217;in yayg\u0131n bir g\u00f6stergesidir.<br \/>\nFIP&#8217;li kedilerde Pyogranulomatous Anterior Uveitis ile karakterize ok\u00fcler lezyonlar ortaya \u00e7\u0131kabilir.<br \/>\nSemptomlar aras\u0131nda g\u00f6z k\u00fcresinin iltihaplanmas\u0131, g\u00f6zlerin k\u0131s\u0131lmas\u0131, \u015fi\u015fmi\u015f \u00fc\u00e7\u00fcnc\u00fc g\u00f6z kapaklar\u0131 ve g\u00f6rmeyi bozabilecek ve hatta tedavi edilmezse k\u00f6rl\u00fc\u011fe yol a\u00e7abilecek b\u00fcy\u00fcm\u00fc\u015f g\u00f6zler yer alabilir.<br \/>\nBu t\u00fcr bir g\u00f6z belirtisi ya\u015fayan hayvanlarda g\u00f6zya\u015f\u0131 \u00fcretiminin artmas\u0131n\u0131n yan\u0131 s\u0131ra enfeksiyonun neden oldu\u011fu \u00fclserasyon nedeniyle g\u00f6zde kanama g\u00f6r\u00fclebilir.<br \/>\nAyr\u0131ca, FIP ile ili\u015fkili n\u00f6rolojik semptomlar sinir sistemini etkileyebilir; buna g\u00f6rme ve \u0131\u015f\u0131k de\u011fi\u015fikliklerine uygun \u015fekilde yan\u0131t vermeyen g\u00f6z bebekleri gibi g\u00f6z sorunlar\u0131 da dahildir.<br \/>\nSon olarak, baz\u0131 \u0131slak form ef\u00fczif FIP vakalar\u0131nda kornea kal\u0131nla\u015fmas\u0131 ile birlikte g\u00f6z i\u00e7i bas\u0131n\u00e7 art\u0131\u015f\u0131 g\u00f6r\u00fclm\u00fc\u015ft\u00fcr ve bu da uygun \u015fekilde veya yeterince h\u0131zl\u0131 tedavi edilmezse zaman i\u00e7inde potansiyel g\u00f6rme kayb\u0131na yol a\u00e7ar.<\/p>\n","protected":false},"excerpt":{"rendered":"<p>Bu vir\u00fcsle enfeksiyonda FIP&#8217;in d\u00f6rt farkl\u0131 a\u015famas\u0131 vard\u0131r: ilk maruziyet ve kulu\u00e7ka, birincil viremi, ikincil viremi ve klinik FIP. &nbsp; FIP A\u015famas\u0131: \u0130lk Maruz Kalma ve Kulu\u00e7ka Feline coronavirus (FCoV) bir\u00e7ok ortamda bulunur, bu nedenle kedilerin ya\u015famlar\u0131 boyunca bir noktada maruz kalma olas\u0131l\u0131\u011f\u0131 \u00e7ok y\u00fcksektir. Bu ilk enfeksiyon genellikle iyi huyludur, ancak ne yaz\u0131k ki [&hellip;]<\/p>\n","protected":false},"author":1,"featured_media":16840,"parent":0,"menu_order":0,"comment_status":"closed","ping_status":"closed","template":"","meta":{"_glsr_average":0,"_glsr_ranking":0,"_glsr_reviews":0,"footnotes":""},"categories":[685],"tags":[],"_links":{"self":[{"href":"https:\/\/fipmed.co\/tr\/wp-json\/wp\/v2\/pages\/17130"}],"collection":[{"href":"https:\/\/fipmed.co\/tr\/wp-json\/wp\/v2\/pages"}],"about":[{"href":"https:\/\/fipmed.co\/tr\/wp-json\/wp\/v2\/types\/page"}],"author":[{"embeddable":true,"href":"https:\/\/fipmed.co\/tr\/wp-json\/wp\/v2\/users\/1"}],"replies":[{"embeddable":true,"href":"https:\/\/fipmed.co\/tr\/wp-json\/wp\/v2\/comments?post=17130"}],"version-history":[{"count":0,"href":"https:\/\/fipmed.co\/tr\/wp-json\/wp\/v2\/pages\/17130\/revisions"}],"wp:featuredmedia":[{"embeddable":true,"href":"https:\/\/fipmed.co\/tr\/wp-json\/wp\/v2\/media\/16840"}],"wp:attachment":[{"href":"https:\/\/fipmed.co\/tr\/wp-json\/wp\/v2\/media?parent=17130"}],"wp:term":[{"taxonomy":"category","embeddable":true,"href":"https:\/\/fipmed.co\/tr\/wp-json\/wp\/v2\/categories?post=17130"},{"taxonomy":"post_tag","embeddable":true,"href":"https:\/\/fipmed.co\/tr\/wp-json\/wp\/v2\/tags?post=17130"}],"curies":[{"name":"wp","href":"https:\/\/api.w.org\/{rel}","templated":true}]}}