{"id":17150,"date":"2024-03-25T07:31:47","date_gmt":"2024-03-25T07:31:47","guid":{"rendered":"https:\/\/fipmed.co\/9-yaygin-fip-komorbiditeleri\/"},"modified":"2024-03-25T07:31:47","modified_gmt":"2024-03-25T07:31:47","slug":"9-yaygin-fip-komorbiditeleri","status":"publish","type":"page","link":"https:\/\/fipmed.co\/tr\/9-yaygin-fip-komorbiditeleri\/","title":{"rendered":"9 Yayg\u0131n FIP Komorbiditeleri"},"content":{"rendered":"<h2>FIP neden s\u0131kl\u0131kla ba\u015fka hastal\u0131klarla birlikte g\u00f6r\u00fcl\u00fcr?<\/h2>\n<p>FIP d\u0131\u015f\u0131ndaki hastal\u0131klara sahip kedilerde FCoV antikorlar\u0131 veya vir\u00fcs genellikle tesad\u00fcfen pozitif \u00e7\u0131kar. \u0130\u015fte 9 Yayg\u0131n FIP Komorbiditesi.<\/p>\n<p>FIP, \u00f6nceden var olan ko\u015fullar nedeniyle ba\u011f\u0131\u015f\u0131kl\u0131k sisteminin zay\u0131flamas\u0131, vir\u00fcs mutasyonu veya ba\u015flang\u0131\u00e7taki hastal\u0131\u011f\u0131n daha ileri komplikasyonlara neden olmas\u0131n\u0131n bir sonucu olabilir.<\/p>\n<h3>\u00d6nceden var olan durum<\/h3>\n<p>\u00d6nceden var olan bir rahats\u0131zl\u0131\u011fa sahip olmak, kedileri FIP&#8217;e kar\u015f\u0131 daha duyarl\u0131 hale getirerek genel sa\u011fl\u0131klar\u0131n\u0131 ve ya\u015fam kalitelerini etkileyebilir. Bunun nedeni, di\u011fer hastal\u0131klar\u0131n veya zay\u0131flam\u0131\u015f ba\u011f\u0131\u015f\u0131kl\u0131k sistemlerinin FIP&#8217;e neden olan vir\u00fcsteki mutasyona neden olabilmesidir.<\/p>\n<p>\u00d6nceden var olan durumlar her zaman belirgin olmayabilir, ancak baz\u0131 yayg\u0131n belirtiler aras\u0131nda ate\u015f, kilo kayb\u0131, uyu\u015fukluk, i\u015ftahs\u0131zl\u0131k ve dehidrasyon yer alabilir &#8211; bunlar\u0131n t\u00fcm\u00fc bakteriyel enfeksiyonlar\u0131n g\u00f6stergeleridir.<\/p>\n<p>Erken fark edilirse, antibiyotikler veya ek beslenme, kedinin zaten zay\u0131flam\u0131\u015f durumundan kaynaklanan daha fazla hasar\u0131 azaltmaya yard\u0131mc\u0131 olabilir. Ayr\u0131ca, FIP gibi \u00f6nceden var olan hastal\u0131klar\u0131n neden oldu\u011fu potansiyel ikincil geli\u015fmelere kar\u015f\u0131 koruma g\u00f6revi g\u00f6rebilece\u011finden, a\u015f\u0131lar\u0131n g\u00fcncel tutulmas\u0131 da \u00f6nemlidir.<\/p>\n<h3>Vir\u00fcs mutasyonu<\/h3>\n<p>Kedi koronavir\u00fcs\u00fcn\u00fcn \u00f6nemli bir par\u00e7as\u0131 olan vir\u00fcs spike proteinindeki mutasyonlar, vir\u00fcs\u00fcn yay\u0131lma ve \u00e7o\u011falma bi\u00e7iminde de\u011fi\u015fikliklere neden olabilir. Bu \u00f6zel proteinde mutasyonlar mevcut oldu\u011funda, FIP&#8217;in kedileri enfekte etme yetene\u011fini art\u0131rman\u0131n yan\u0131 s\u0131ra, hastal\u0131\u011fa yakaland\u0131\u011f\u0131nda \u015fiddetini de art\u0131r\u0131r.<\/p>\n<p>Ayr\u0131ca, bu ani art\u0131\u015flar ba\u011f\u0131\u015f\u0131kl\u0131k sistemi h\u00fccrelerinin i\u015fleviyle en yayg\u0131n \u015fekilde ili\u015fkili olan di\u011fer s\u00fcre\u00e7lere m\u00fcdahale ederek normal hastal\u0131k geli\u015fimlerinden anormal sonu\u00e7lara yol a\u00e7abilir.<\/p>\n<p>Sonu\u00e7 olarak, zat\u00fcrre, kronik b\u00f6brek hastal\u0131\u011f\u0131 (CKD), kedi l\u00f6semi vir\u00fcs\u00fc (FeLV), kanser veya otoimm\u00fcn hastal\u0131klar gibi FIP ile ba\u011flant\u0131l\u0131 \u00e7e\u015fitli komorbiditeler, h\u00fccrelerde zaten var olan s\u00f6z konusu viral mutasyonlar\u0131n neden oldu\u011fu zay\u0131flam\u0131\u015f ba\u011f\u0131\u015f\u0131kl\u0131k tepkileri nedeniyle beklenenden daha y\u00fcksek oranlarda geli\u015febilir.<\/p>\n<h3>\u0130lk hastal\u0131k zay\u0131f ba\u011f\u0131\u015f\u0131kl\u0131k sistemine neden oldu<\/h3>\n<p>Bir kedinin altta yatan bir enfeksiyonu oldu\u011funda, ba\u011f\u0131\u015f\u0131kl\u0131k sistemi zay\u0131flayabilir. Bu zay\u0131flam\u0131\u015f ba\u011f\u0131\u015f\u0131kl\u0131k daha sonra daha y\u00fcksek FIP geli\u015fme riskine yol a\u00e7ar. \u00c7evresel stresler de ba\u011f\u0131\u015f\u0131kl\u0131k sistemini zay\u0131flatabilir ve FIPV enfeksiyonlar\u0131na duyarl\u0131l\u0131\u011f\u0131 art\u0131rabilir.<\/p>\n<p>\u00d6zellikle FeLV (Feline Leukemia Virus) enfeksiyonu olan kediler, zay\u0131flam\u0131\u015f ba\u011f\u0131\u015f\u0131kl\u0131k sistemleri yeni vir\u00fcslerle etkili bir \u015fekilde m\u00fccadele edemedi\u011finden, FIP vir\u00fcs\u00fcne di\u011fer sa\u011fl\u0131kl\u0131 kedilerden daha duyarl\u0131d\u0131r.<\/p>\n<p>Gen\u00e7 kediler ve ba\u011f\u0131\u015f\u0131kl\u0131k sistemi zaten zay\u0131f olanlar, FIPV gibi y\u0131k\u0131c\u0131 viral enfeksiyonlarla m\u00fccadele etmekte zorlanabilir.<\/p>\n<p>&nbsp;<\/p>\n<h2>Pn\u00f6moni ve FIP Ge\u00e7irmi\u015f Olmak<\/h2>\n<p>Pn\u00f6moni, kedilerde FIP ile ili\u015fkili yayg\u0131n bir komorbiditedir. Bu, kedinizde FIP varsa, enfeksiyonun bir par\u00e7as\u0131 olarak muhtemelen Pn\u00f6moni de olaca\u011f\u0131 anlam\u0131na gelir. Pn\u00f6moni, iltihaplanman\u0131n akci\u011ferlere giden hava yollar\u0131n\u0131 t\u0131kamas\u0131yla ortaya \u00e7\u0131kar ve her ya\u015ftan veya \u0131rktan kediyi etkileyebilir.<\/p>\n<p>FIP&#8217;li kedilerde zat\u00fcrre geli\u015febilir \u00e7\u00fcnk\u00fc FCoV&#8217;den gelen viral partik\u00fcller, s\u0131ras\u0131yla akci\u011ferlerde ve plevral veya peritoneal bo\u015fluklarda s\u0131v\u0131 birikmesi nedeniyle nefes almada zorlu\u011fa ve \u00f6ks\u00fcr\u00fc\u011fe yol a\u00e7abilen enflamatuar bir tepkiye neden olur.<\/p>\n<p>Zat\u00fcrre belirtileri genellikle kedi koronavir\u00fcs\u00fcne maruz kald\u0131ktan sonraki iki hafta i\u00e7inde ortaya \u00e7\u0131kar ve i\u015ftahs\u0131zl\u0131k, uyu\u015fukluk, ate\u015f, h\u0131zl\u0131 nefes alma, kalp at\u0131\u015f h\u0131z\u0131nda art\u0131\u015f, nefes darl\u0131\u011f\u0131 (dispne olarak bilinir), kilo kayb\u0131 ve kanl\u0131 mukus \u00f6ks\u00fcr\u00fc\u011f\u00fc i\u00e7erir.<\/p>\n<h2><strong>CKD ve FIP&#8217;ye sahip olmak<\/strong><\/h2>\n<p>Kronik B\u00f6brek Hastal\u0131\u011f\u0131 (KBH) olan kedilerde, potansiyel olarak \u00f6l\u00fcmc\u00fcl bir viral enfeksiyon olan FIP geli\u015fme riski artmaktad\u0131r. Ara\u015ft\u0131rmalar, te\u015fhis edilmemi\u015f veya k\u00f6t\u00fc y\u00f6netilen KBH&#8217;den muzdarip kedilerin, daha \u00f6nceki hastal\u0131\u011f\u0131n neden oldu\u011fu zay\u0131flam\u0131\u015f ba\u011f\u0131\u015f\u0131kl\u0131k sistemleri nedeniyle FIP&#8217;ye yakalanma olas\u0131l\u0131\u011f\u0131n\u0131n daha y\u00fcksek olabilece\u011fini g\u00f6stermi\u015ftir.<\/p>\n<p>Asl\u0131nda, KBH genellikle etkilenen bir hayvanda FIP ortaya \u00e7\u0131kt\u0131\u011f\u0131nda maskelenmez &#8211; bu da FIP belirtileri g\u00f6stermeden \u00f6nce zaten mevcut oldu\u011funu g\u00f6sterir. Bu, iki hastal\u0131k aras\u0131nda bir ili\u015fki oldu\u011funu ve birbirlerini nas\u0131l olumsuz etkileyebileceklerini g\u00f6stermektedir.<\/p>\n<p>Neyse ki, CKS ve FIP&#8217;nin erken te\u015fhis edilmesi kedilere daha iyi sonu\u00e7lar verebilir, \u00e7\u00fcnk\u00fc her iki durum i\u00e7in de h\u0131zl\u0131 tedavi, her iki hastal\u0131\u011f\u0131n ilerlemesini yava\u015flatabilir ve b\u00f6brek yetmezli\u011fi veya ate\u015f gibi bunlarla ili\u015fkili semptomlar\u0131 iyile\u015ftirebilir.<\/p>\n<h2>FELV ve FIP&#8217;e sahip olmak<\/h2>\n<p>Kedi L\u00f6semi Vir\u00fcs\u00fc (FeLV) enfeksiyonu, FIP ile birlikte g\u00f6r\u00fclen yayg\u0131n bir hastal\u0131kt\u0131r. FIP geli\u015fen kedilerin \u00e7o\u011funda \u00f6nceden var olan bir hastal\u0131k veya FeLV gibi bir enfeksiyon vard\u0131r, bu da onlar\u0131 vir\u00fcslere ve di\u011fer bula\u015f\u0131c\u0131 ajanlara daha yatk\u0131n hale getirir.<\/p>\n<p>Vir\u00fcs\u00fcn mutasyona u\u011framas\u0131, zay\u0131flam\u0131\u015f ba\u011f\u0131\u015f\u0131kl\u0131k sistemlerinde f\u0131rsat\u00e7\u0131 enfeksiyonlara yol a\u00e7arak hastal\u0131k geli\u015fimine neden olabilir. FeLV enfeksiyonu FIP ile birlikte g\u00f6r\u00fcld\u00fc\u011f\u00fcnde, enfekte olmu\u015f bir\u00e7ok kedi, kedinin ba\u011f\u0131\u015f\u0131kl\u0131\u011f\u0131n\u0131 engelleyen beyaz kan h\u00fccrelerinde bir azalma olan derin panl\u00f6kopeni ya\u015far.<\/p>\n<p>Bu t\u00fcr anemi trombosit seviyelerinde ciddi d\u00fc\u015f\u00fc\u015fe neden olur ve damar ve arterlerdeki k\u0131r\u0131lganl\u0131\u011f\u0131 art\u0131rarak v\u00fccut genelinde kanama sorunlar\u0131na yol a\u00e7ar. FeLV ile ili\u015fkili di\u011fer durumlar aras\u0131nda maligniteler, imm\u00fcnosupresyon ve etkilenen kedilerde viral y\u00fck\u00fcn artmas\u0131 yer al\u0131r ve bunlar\u0131n t\u00fcm\u00fc FIP te\u015fhisi konduktan sonra sa\u011fl\u0131k durumlar\u0131nda \u00f6nemli d\u00fc\u015f\u00fc\u015fe katk\u0131da bulunan fakt\u00f6rlerdir.<\/p>\n<h2>Kanser ve FIP Hastas\u0131 Olmak<\/h2>\n<p>Kanser veya kedi neoplazisi geli\u015fen kediler, FIP gibi di\u011fer e\u015f zamanl\u0131 hastal\u0131klara yakalanmaya da ayn\u0131 derecede yatk\u0131n olabilirler. Kedilerde kanser ve FIP aras\u0131nda do\u011frudan bir ili\u015fki oldu\u011funu g\u00f6steren bir kan\u0131t olmasa da, uzmanlar kanserli baz\u0131 kedilerin FIP&#8217;e yakalanma riskinin artt\u0131\u011f\u0131n\u0131 kabul etmektedir.<\/p>\n<p>Her iki hastal\u0131\u011fa yakalanan ki\u015filerin ba\u011f\u0131\u015f\u0131kl\u0131k sisteminin zay\u0131f olmas\u0131, muhtemelen her iki hastal\u0131\u011f\u0131n ayn\u0131 anda ortaya \u00e7\u0131kmas\u0131na katk\u0131da bulunan bir fakt\u00f6rd\u00fcr.<\/p>\n<p>Belirtiler, belirli kanser t\u00fcrlerine ve FIP ile ilgili vir\u00fcs t\u00fcr\u00fcne ba\u011fl\u0131 olarak bir miktar \u00f6rt\u00fc\u015febilir, \u00f6rne\u011fin kronik kilo kayb\u0131 \/ kilo al\u0131m\u0131, uyu\u015fukluk, genel olarak sa\u011fl\u0131ks\u0131z sa\u011fl\u0131k, tekrarlayan ate\u015f ataklar\u0131 veya solunum sorunlar\u0131, her iki durumda da etkilenen kediler aras\u0131nda ayn\u0131 anda g\u00f6r\u00fcl\u00fcr.<\/p>\n<p>Bu iki hastal\u0131\u011f\u0131n baz\u0131 ortak g\u00f6stergeleri payla\u015fmas\u0131 nedeniyle, kesin bir te\u015fhis genellikle veteriner hekimlerin enfeksiyonlar\u0131n do\u011fas\u0131n\u0131 ve kapsam\u0131n\u0131 daha iyi analiz etmesine olanak tan\u0131yan tam kan paneli taramas\u0131n\u0131 gerektirir.<\/p>\n<h2>Otoimm\u00fcn Hastal\u0131klara ve FIP&#8217;e Sahip Olmak<\/h2>\n<p>Kedi sahiplerinin, FIP ile ili\u015fkili potansiyel risk fakt\u00f6rlerinin fark\u0131nda olmas\u0131 gerekir; bunlardan biri otoimm\u00fcn hastal\u0131klar olabilir. Kedilerde otoimm\u00fcn hastal\u0131klar, v\u00fccudun antikorlar\u0131 bakteri ve vir\u00fcs gibi yabanc\u0131 maddeler yerine kendi doku ve organlar\u0131na sald\u0131rd\u0131\u011f\u0131nda ortaya \u00e7\u0131kar.<\/p>\n<p>Ba\u011f\u0131\u015f\u0131kl\u0131k sisteminin bu zay\u0131flam\u0131\u015f hali, onu FIP gibi enfeksiyonlara kar\u015f\u0131 daha savunmas\u0131z hale getirir. Ayr\u0131ca, otoimm\u00fcn bozukluklardan kaynaklanan \u00f6nceden var olan ko\u015fullar, ba\u015flang\u0131\u00e7ta zarars\u0131z olan ancak FIP&#8217;e d\u00f6n\u00fc\u015febilen koronavir\u00fcslerde mutasyon i\u00e7in bir ortam yaratabilir ve hayati organlardaki h\u00fccrelere zarar verebilir.<\/p>\n<p>Hava yoluyla bula\u015fan bir hastal\u0131k olmas\u0131 nedeniyle, \u00f6nceden herhangi bir rahats\u0131zl\u0131\u011f\u0131 olmayan sa\u011fl\u0131kl\u0131 kediler bile, enfekte olmu\u015f bir kedinin burnunu m\u0131nc\u0131klamas\u0131na veya yak\u0131nlar\u0131nda hap\u015f\u0131rmas\u0131na maruz kalmalar\u0131 halinde risk alt\u0131nda olabilirler.<\/p>\n<h2>Bakteriyel Enfeksiyon ve FIP Ge\u00e7irmek<\/h2>\n<p>Kedi sahipleri, bakteriyel enfeksiyonlar\u0131n FIP&#8217;in geli\u015fiminde ve ilerlemesinde rol oynayabilece\u011finin fark\u0131nda olmal\u0131d\u0131r.<\/p>\n<p>Buna ek olarak, tedavi edilmemi\u015f bir bakteriyel enfeksiyon kedinin ba\u011f\u0131\u015f\u0131kl\u0131k sistemini daha da zay\u0131flatabilir ve kedinin FIP hastal\u0131\u011f\u0131na daha h\u0131zl\u0131 yakalanmas\u0131na neden olabilir<\/p>\n<h2>FHV ve FIP&#8217;ye sahip olmak<\/h2>\n<p>Bir kedi hem Feline Herpesvirus (FHV) hem de FIP ile enfekte oldu\u011funda, bu \u00f6zellikle ciddi bir durum olabilir. FHV, v\u00fccudun di\u011fer hastal\u0131klarla m\u00fccadele etme yetene\u011fini zay\u0131flatarak kedileri FIP gibi di\u011fer enfeksiyonlardan hastalanmaya daha yatk\u0131n hale getirir.<\/p>\n<p>Ayr\u0131ca, ba\u011f\u0131\u015f\u0131kl\u0131k sisteminin zay\u0131flamas\u0131 nedeniyle hastal\u0131k belirtileri daha h\u0131zl\u0131 ilerleyebilir. Bunun nedeni, gen mutasyonu ile se\u00e7ilen su\u015fa ba\u011fl\u0131 olarak, bu \u00f6rnekte FHV ve FIP gibi iki ajan\u0131n ayn\u0131 anda mevcut olmas\u0131 durumunda, e\u015f zamanl\u0131 olarak iltihaplanmaya katk\u0131da bulunmalar\u0131 ve h\u00fccrelerin i\u00e7inde kendi replikasyon d\u00f6ng\u00fclerinin ek zarar verici do\u011frudan etkilerine neden olmalar\u0131d\u0131r.<\/p>\n<h2>FIV ve FIP hastas\u0131 olmak<\/h2>\n<p>Hem FIV (Feline Immunodeficiency Virus) hem de FIP&#8217;e sahip olmak, \u00e7ifte enfeksiyon olas\u0131l\u0131\u011f\u0131 bulundu\u011fundan kediler i\u00e7in sa\u011fl\u0131k risklerini \u00f6nemli \u00f6l\u00e7\u00fcde art\u0131rabilir.<\/p>\n<p>Bu durum ne yaz\u0131k ki organ yetmezli\u011fi, kilo kayb\u0131 ve hatta \u00f6l\u00fcm gibi ciddi komplikasyon riskini art\u0131rmaktad\u0131r. Bu nedenle, kedi sahiplerinin her iki hastal\u0131ktan da \u015f\u00fcphelenmeleri halinde evcil hayvanlar\u0131n\u0131 test ettirmeleri \u00f6nemlidir.<\/p>\n<p>Kedilerde hem FIV hem de FPV olmas\u0131yla ortaya \u00e7\u0131kan temel sorun, hayvan\u0131n ba\u011f\u0131\u015f\u0131kl\u0131k sistemini \u00f6nemli \u00f6l\u00e7\u00fcde zay\u0131flatarak bakteri veya vir\u00fcslerden kaynaklanan hastal\u0131klara veya enfeksiyonlara kar\u015f\u0131 daha duyarl\u0131 hale getirmesidir.<\/p>\n<p>Kediler ayn\u0131 anda iki hastal\u0131kla enfekte oldu\u011funda, semptomlar\u0131 \u015fiddetlendirebilir ve ayr\u0131ca tedavi se\u00e7eneklerini zorla\u015ft\u0131rabilir. Baz\u0131 durumlarda, bir kedi ba\u015flang\u0131\u00e7ta yaln\u0131zca bir rahats\u0131zl\u0131\u011f\u0131n belirtilerini g\u00f6sterebilir &#8211; ancak daha sonra zamanla zay\u0131flayan ba\u011f\u0131\u015f\u0131kl\u0131k nedeniyle her ikisi birlikte geli\u015febilir &#8211; bu nedenle ate\u015f, halsizlik ve artan solunum h\u0131z\u0131 gibi erken uyar\u0131 i\u015faretlerine dikkat etmek \u00e7ok \u00f6nemlidir.<\/p>\n<h2>Hamilelik s\u0131ras\u0131nda FIP ge\u00e7irme<\/h2>\n<p>Hamilelik s\u0131ras\u0131nda FIP, \u00f6zellikle bir kedi ve yavrular\u0131 i\u00e7in endi\u015fe vericidir. FIP, hamile olan az say\u0131da kedide ortaya \u00e7\u0131kabilir ve hem anne hem de do\u011fmam\u0131\u015f yavrular aras\u0131nda ciddi bir \u00f6l\u00fcm oran\u0131na yol a\u00e7abilir.<\/p>\n<p>Bu vir\u00fcs\u00fcn bula\u015ft\u0131\u011f\u0131 kediler v\u00fccut bo\u015fluklar\u0131nda s\u0131v\u0131 birikimi, ba\u011f\u0131rsak hareketsizli\u011fi, b\u00f6brek yetmezli\u011fi, karaci\u011fer hasar\u0131 veya di\u011fer organ iltihaplar\u0131ndan muzdarip oldu\u011fundan, bu hastal\u0131k h\u0131zla ilerler ve iyile\u015fme \u015fans\u0131 \u00e7ok azd\u0131r.<\/p>\n<p>Daha da k\u00f6t\u00fcs\u00fc, anne FIP hastal\u0131\u011f\u0131na yakaland\u0131\u011f\u0131nda fet\u00fcs hamileli\u011finin ilerleyen d\u00f6nemlerinde hala hayatta olsa bile, annenin zay\u0131flam\u0131\u015f durumundan kaynaklanan beslenme yetersizli\u011fi nedeniyle hayat\u0131n\u0131 kaybedebilir.<\/p>\n<p>Hamilelik s\u0131ras\u0131nda FIP enfeksiyonunun hem anne hem de bundan etkilenen bebekler i\u00e7in ne kadar kritik olabilece\u011fi g\u00f6z \u00f6n\u00fcne al\u0131nd\u0131\u011f\u0131nda, kedi sahipleri kedileri hamileyken bu hastal\u0131kla ilgili herhangi bir belirti g\u00f6r\u00fcrlerse hemen t\u0131bbi yard\u0131m almal\u0131d\u0131r.<\/p>\n","protected":false},"excerpt":{"rendered":"<p>FIP neden s\u0131kl\u0131kla ba\u015fka hastal\u0131klarla birlikte g\u00f6r\u00fcl\u00fcr? FIP d\u0131\u015f\u0131ndaki hastal\u0131klara sahip kedilerde FCoV antikorlar\u0131 veya vir\u00fcs genellikle tesad\u00fcfen pozitif \u00e7\u0131kar. \u0130\u015fte 9 Yayg\u0131n FIP Komorbiditesi. FIP, \u00f6nceden var olan ko\u015fullar nedeniyle ba\u011f\u0131\u015f\u0131kl\u0131k sisteminin zay\u0131flamas\u0131, vir\u00fcs mutasyonu veya ba\u015flang\u0131\u00e7taki hastal\u0131\u011f\u0131n daha ileri komplikasyonlara neden olmas\u0131n\u0131n bir sonucu olabilir. \u00d6nceden var olan durum \u00d6nceden var olan bir [&hellip;]<\/p>\n","protected":false},"author":1,"featured_media":16884,"parent":0,"menu_order":0,"comment_status":"closed","ping_status":"closed","template":"","meta":{"_glsr_average":0,"_glsr_ranking":0,"_glsr_reviews":0,"footnotes":""},"categories":[685],"tags":[],"_links":{"self":[{"href":"https:\/\/fipmed.co\/tr\/wp-json\/wp\/v2\/pages\/17150"}],"collection":[{"href":"https:\/\/fipmed.co\/tr\/wp-json\/wp\/v2\/pages"}],"about":[{"href":"https:\/\/fipmed.co\/tr\/wp-json\/wp\/v2\/types\/page"}],"author":[{"embeddable":true,"href":"https:\/\/fipmed.co\/tr\/wp-json\/wp\/v2\/users\/1"}],"replies":[{"embeddable":true,"href":"https:\/\/fipmed.co\/tr\/wp-json\/wp\/v2\/comments?post=17150"}],"version-history":[{"count":0,"href":"https:\/\/fipmed.co\/tr\/wp-json\/wp\/v2\/pages\/17150\/revisions"}],"wp:featuredmedia":[{"embeddable":true,"href":"https:\/\/fipmed.co\/tr\/wp-json\/wp\/v2\/media\/16884"}],"wp:attachment":[{"href":"https:\/\/fipmed.co\/tr\/wp-json\/wp\/v2\/media?parent=17150"}],"wp:term":[{"taxonomy":"category","embeddable":true,"href":"https:\/\/fipmed.co\/tr\/wp-json\/wp\/v2\/categories?post=17150"},{"taxonomy":"post_tag","embeddable":true,"href":"https:\/\/fipmed.co\/tr\/wp-json\/wp\/v2\/tags?post=17150"}],"curies":[{"name":"wp","href":"https:\/\/api.w.org\/{rel}","templated":true}]}}