{"id":17161,"date":"2024-03-25T07:24:09","date_gmt":"2024-03-25T07:24:09","guid":{"rendered":"https:\/\/fipmed.co\/fip-relaps-onleme-nedenleri-ve-tedavisi-hakkinda-her-sey\/"},"modified":"2024-03-25T07:24:09","modified_gmt":"2024-03-25T07:24:09","slug":"fip-relaps-onleme-nedenleri-ve-tedavisi-hakkinda-her-sey","status":"publish","type":"page","link":"https:\/\/fipmed.co\/tr\/fip-relaps-onleme-nedenleri-ve-tedavisi-hakkinda-her-sey\/","title":{"rendered":"FIP Relaps\u0131 hakk\u0131nda her \u015fey: \u00d6nleme, Nedenler ve Tedavi"},"content":{"rendered":"<p>&nbsp;<\/p>\n<h2>FIP n\u00fcks\u00fc neden meydana gelir?<\/h2>\n<p>FIP bir vir\u00fcsten kaynaklan\u0131r, bu nedenle hastal\u0131k ilk tedaviden sonra bir s\u00fcre enfekte bir kedinin sisteminde latent (inaktif) kalabilir. Vir\u00fcs yeniden aktif hale gelirse, tedavi tamamland\u0131ktan aylar veya haftalar sonra bile FIP n\u00fcks\u00fc meydana gelebilir.<\/p>\n<p>Ayr\u0131ca, n\u00f6rolojik FIP semptomlar\u0131 g\u00f6steren kedilerde hastal\u0131\u011f\u0131n di\u011fer formlar\u0131na k\u0131yasla n\u00fckslerin daha yayg\u0131n oldu\u011fu ve bu kedileri bu soruna kar\u015f\u0131 \u00f6zellikle savunmas\u0131z hale getirdi\u011fi tespit edilmi\u015ftir.<\/p>\n<p>G\u00f6z, beyin ve omurga enfeksiyonlar\u0131n\u0131 i\u00e7eren k\u00f6kl\u00fc vakalarda, FIP&#8217;in tam olarak \u00e7\u00f6z\u00fclmesi ve iyile\u015fmesi i\u00e7in en az 12 haftal\u0131k bir tedavi s\u00fcreci gerekebilir.<\/p>\n<h2>GS441524 ile tedavi edilirken FIP n\u00fcks\u00fc nas\u0131l \u00f6nlenir?<\/h2>\n<h3>\u0130mm\u00fcnosupresan kullanmay\u0131n<\/h3>\n<p>\u0130mm\u00fcns\u00fcpresanlar, normalde ba\u015flang\u0131\u00e7 d\u00f6neminde kedi enfeksiy\u00f6z peritonitini (FIP) tedavi ederken iltihaplanmadan kaynaklanan hasar\u0131 azaltmak i\u00e7in re\u00e7ete edilen ila\u00e7lard\u0131r.<\/p>\n<p>Ba\u011f\u0131\u015f\u0131kl\u0131k sistemini bask\u0131layan ila\u00e7lar, iltihaplanmay\u0131 azaltarak ve ba\u011f\u0131\u015f\u0131kl\u0131\u011f\u0131 bask\u0131layarak do\u011fal savunma sistemlerini zay\u0131flatt\u0131\u011f\u0131ndan, v\u00fccudun FIP&#8217;ten kurtulma yetene\u011fine m\u00fcdahale edebilir. Bu durum n\u00fcks riskinin artmas\u0131na veya enfeksiyon gibi ba\u015fka komplikasyonlara yol a\u00e7abilir.<\/p>\n<h3>Tedaviye en az 84 g\u00fcn boyunca devam edin<\/h3>\n<p>FIP n\u00fcks\u00fcGS441524 olan kedilerin 84 g\u00fcn boyunca tedavi edilmesi \u00f6nerisi, tedavinin etkinli\u011fini art\u0131rd\u0131\u011f\u0131n\u0131 g\u00f6steren ara\u015ft\u0131rmalarla desteklenmektedir. 393 hastan\u0131n %90&#8217;\u0131 GS441524&#8217;\u00fc 12 hafta boyunca uygulad\u0131\u011f\u0131nda ba\u015far\u0131l\u0131 bir seyir elde etmi\u015f ve %11,4&#8217;\u00fc tedavilerini 84 g\u00fcn\u00fcn \u00f6tesine uzatarak daha da iyi sonu\u00e7lar elde etmi\u015ftir.<\/p>\n<p>Bu durum, ba\u015far\u0131 oranlar\u0131n\u0131 optimize etmek i\u00e7in \u00f6nerilen dozaj\u0131n tamam\u0131n\u0131n uygulanmas\u0131n\u0131n \u00f6nemini daha da peki\u015ftirmektedir.<\/p>\n<p>GS441524&#8217;\u00fcn d\u00fc\u015f\u00fck dozda verilmesi n\u00fcks riskinin yan\u0131 s\u0131ra ila\u00e7 direncini de art\u0131r\u0131r ve sonu\u00e7ta kedi dostunuz i\u00e7in ba\u015far\u0131s\u0131z bir tedavi ile sonu\u00e7lanabilir.<\/p>\n<h3>Yeterli hidrasyon ve beslenme deste\u011fi sa\u011flanmas\u0131<\/h3>\n<p>FIP n\u00fcks tedavisi s\u0131ras\u0131nda yeterli hidrasyon ve beslenme deste\u011fi sa\u011flamak \u00e7ok \u00f6nemlidir. Normal organ fonksiyonlar\u0131n\u0131n s\u00fcrd\u00fcr\u00fclmesine yard\u0131mc\u0131 oldu\u011fu ve ba\u011f\u0131\u015f\u0131kl\u0131k sisteminin vir\u00fcse kar\u015f\u0131 tepkisini destekledi\u011fi i\u00e7in FIP&#8217;li kedilerin tedavisinde hidrasyon son derece \u00f6nemlidir.<\/p>\n<p>Bunun da \u00f6tesinde, bu hastal\u0131kla ili\u015fkili baz\u0131 kan p\u0131ht\u0131la\u015fmas\u0131 sorunlar\u0131n\u0131n azalt\u0131lmas\u0131na yard\u0131mc\u0131 olabilir. Bu arada, do\u011fru beslenme iyile\u015fme ve iyile\u015fmeyi desteklemede \u00f6nemli bir rol oynar.<\/p>\n<p>Enfeksiyondan etkilenen kaslar\u0131 g\u00fc\u00e7lendirmek ve zay\u0131flam\u0131\u015f bir durum veya ila\u00e7 yan etkileri nedeniyle kaybedilen enerji seviyelerini geri kazanmak i\u00e7in yeterli protein al\u0131m\u0131 gerekirken, baz\u0131 diyet takviyeleri vir\u00fcse kar\u015f\u0131 kedinin ba\u011f\u0131\u015f\u0131kl\u0131\u011f\u0131n\u0131 daha da art\u0131rmaya yard\u0131mc\u0131 olabilir.<\/p>\n<h2>Bir n\u00fcks meydana gelirse nas\u0131l tedavi edilir?<\/h2>\n<h3>GS441524 dozaj\u0131n\u0131 art\u0131r\u0131n<\/h3>\n<p>Kedilerde FIP tedavisinin ard\u0131ndan bir n\u00fcks meydana gelirse, GS441524 dozaj\u0131n\u0131n %50 oran\u0131nda art\u0131r\u0131lmas\u0131 gerekir. Daha y\u00fcksek bir doz, FIP n\u00fckslerinin tedavisinde etkinli\u011fi art\u0131rabilir.<\/p>\n<p>Kediniz GS441524&#8217;e kar\u015f\u0131 y\u00fcksek diren\u00e7 geli\u015ftirmi\u015fse, tedaviyi GC376 ile kombine edebilirsiniz. Bununla birlikte, n\u00fcksler meydana geldi\u011finde, kedinin hayatta kalma \u015fans\u0131 genellikle zay\u0131ft\u0131r.<\/p>\n","protected":false},"excerpt":{"rendered":"<p>&nbsp; FIP n\u00fcks\u00fc neden meydana gelir? FIP bir vir\u00fcsten kaynaklan\u0131r, bu nedenle hastal\u0131k ilk tedaviden sonra bir s\u00fcre enfekte bir kedinin sisteminde latent (inaktif) kalabilir. Vir\u00fcs yeniden aktif hale gelirse, tedavi tamamland\u0131ktan aylar veya haftalar sonra bile FIP n\u00fcks\u00fc meydana gelebilir. Ayr\u0131ca, n\u00f6rolojik FIP semptomlar\u0131 g\u00f6steren kedilerde hastal\u0131\u011f\u0131n di\u011fer formlar\u0131na k\u0131yasla n\u00fckslerin daha yayg\u0131n oldu\u011fu [&hellip;]<\/p>\n","protected":false},"author":1,"featured_media":16870,"parent":0,"menu_order":0,"comment_status":"closed","ping_status":"closed","template":"","meta":{"_glsr_average":0,"_glsr_ranking":0,"_glsr_reviews":0,"footnotes":""},"categories":[685],"tags":[],"_links":{"self":[{"href":"https:\/\/fipmed.co\/tr\/wp-json\/wp\/v2\/pages\/17161"}],"collection":[{"href":"https:\/\/fipmed.co\/tr\/wp-json\/wp\/v2\/pages"}],"about":[{"href":"https:\/\/fipmed.co\/tr\/wp-json\/wp\/v2\/types\/page"}],"author":[{"embeddable":true,"href":"https:\/\/fipmed.co\/tr\/wp-json\/wp\/v2\/users\/1"}],"replies":[{"embeddable":true,"href":"https:\/\/fipmed.co\/tr\/wp-json\/wp\/v2\/comments?post=17161"}],"version-history":[{"count":0,"href":"https:\/\/fipmed.co\/tr\/wp-json\/wp\/v2\/pages\/17161\/revisions"}],"wp:featuredmedia":[{"embeddable":true,"href":"https:\/\/fipmed.co\/tr\/wp-json\/wp\/v2\/media\/16870"}],"wp:attachment":[{"href":"https:\/\/fipmed.co\/tr\/wp-json\/wp\/v2\/media?parent=17161"}],"wp:term":[{"taxonomy":"category","embeddable":true,"href":"https:\/\/fipmed.co\/tr\/wp-json\/wp\/v2\/categories?post=17161"},{"taxonomy":"post_tag","embeddable":true,"href":"https:\/\/fipmed.co\/tr\/wp-json\/wp\/v2\/tags?post=17161"}],"curies":[{"name":"wp","href":"https:\/\/api.w.org\/{rel}","templated":true}]}}