{"id":17172,"date":"2024-03-25T05:50:49","date_gmt":"2024-03-25T05:50:49","guid":{"rendered":"https:\/\/fipmed.co\/kedi-enfeksiyoz-peritonit-fip-risk-faktorleri\/"},"modified":"2024-03-25T05:50:49","modified_gmt":"2024-03-25T05:50:49","slug":"kedi-enfeksiyoz-peritonit-fip-risk-faktorleri","status":"publish","type":"page","link":"https:\/\/fipmed.co\/tr\/kedi-enfeksiyoz-peritonit-fip-risk-faktorleri\/","title":{"rendered":"Kedi Enfeksiy\u00f6z Peritoniti: FIP Risk Fakt\u00f6rleri"},"content":{"rendered":"<p><strong>FIP Risk fakt\u00f6rlerinden baz\u0131lar\u0131 nelerdir?<\/strong><\/p>\n<p>Bundan sorumlu olan Koronavir\u00fcs her yerde bulunsa da, baz\u0131 kediler FIP&#8217;e yakalanmaya di\u011ferlerinden daha yatk\u0131nd\u0131r. A\u015fa\u011f\u0131da, bir kedinin FIP&#8217;e yakalanma riskini art\u0131ran risk fakt\u00f6rlerinden baz\u0131lar\u0131 verilmi\u015ftir.<\/p>\n<p>&nbsp;<\/p>\n<p><strong>Ya\u015f<\/strong><\/p>\n<p>FIP geli\u015fen kedilerin %50&#8217;si 2 ya\u015f\u0131ndan k\u00fc\u00e7\u00fckt\u00fcr, bu nedenle muhtemelen ba\u011f\u0131\u015f\u0131kl\u0131k sistemleri FCoV enfeksiyonuyla ba\u015fa \u00e7\u0131kmak i\u00e7in \u00e7ok gen\u00e7ken yavru kedi olarak enfekte olmu\u015flard\u0131r.<\/p>\n<p>Gen\u00e7 kediler ve ya\u015fl\u0131 kediler genellikle olgunla\u015fmam\u0131\u015f veya zay\u0131flam\u0131\u015f bir ba\u011f\u0131\u015f\u0131kl\u0131k sistemine sahiptir ve bu da onlar\u0131 FIP geli\u015ftirme a\u00e7\u0131s\u0131ndan daha b\u00fcy\u00fck bir risk alt\u0131na sokabilir. Gen\u00e7 yavru kediler de kedi evlerinde ya da bar\u0131naklarda bulunduklar\u0131 s\u0131rada vir\u00fcse maruz kalm\u0131\u015f olabilirler.<\/p>\n<p>&nbsp;<\/p>\n<p><strong>FIP Risk fakt\u00f6rleri olarak \u0131rk<\/strong><\/p>\n<p>Safkan kediler veya kedi evlerinden gelenler gibi belirli \u0131rklar FIP i\u00e7in daha y\u00fcksek risk alt\u0131nda olabilir. \u0130ran kedileri ve ilgili \u0131rklar daha duyarl\u0131 g\u00f6r\u00fcnmektedir. \u0130ran kedilerinin, FIP&#8217;e neden olan vir\u00fcse maruz kald\u0131klar\u0131nda onlar\u0131 savunmas\u0131z b\u0131rakan bu durum i\u00e7in &#8216;yatk\u0131nl\u0131k alelleri&#8217; ta\u015f\u0131d\u0131\u011f\u0131n\u0131 g\u00f6steren kan\u0131tlar vard\u0131r.<\/p>\n<p>Kedi \u00e7iftliklerinden veya safkan soylardan gelen kediler \u00f6zellikle FIP geli\u015ftirmeye e\u011filimli olabilir. Abyssinianlar, Bengaller, Birmanlar, Himalayalar, Ragdolllar ve Rexler di\u011fer kedilere k\u0131yasla \u00f6nemli \u00f6l\u00e7\u00fcde daha y\u00fcksek hastal\u0131k riskine sahiptir.<\/p>\n<p>Burmese, Exotic Shorthairs, Manxes, Persian ve Russian Blues gibi di\u011fer kedi \u0131rklar\u0131n\u0131n da genetik ve yeti\u015ftirme programlar\u0131nda daha fazla maruz kalmalar\u0131 nedeniyle FIP&#8217;ye daha duyarl\u0131 olduklar\u0131 bulunmu\u015ftur.<\/p>\n<p>\u0130ran kedileriyle (ve onlarla ili\u015fkili \u0131rklarla) ili\u015fkili baz\u0131 genetik fakt\u00f6rlerin, onlar\u0131 FIP&#8217;e neden olan vir\u00fcs\u00fc kontrol etmede di\u011fer kedi t\u00fcrlerinden biraz daha az yetenekli hale getirdi\u011fi ve bu da onlar\u0131 vir\u00fcsle temas etmeleri durumunda enfeksiyona daha yatk\u0131n hale getirdi\u011fi d\u00fc\u015f\u00fcn\u00fclmektedir.<\/p>\n<p>&nbsp;<\/p>\n<p><strong>Kalabal\u0131k ya\u015fam ko\u015fullar\u0131<\/strong><strong> <\/strong><\/p>\n<p>\u00c7ok kedili evler veya bar\u0131naklar gibi kalabal\u0131k veya stresli ortamlarda ya\u015fayan kedilerin kedi koronavir\u00fcs\u00fcne maruz kalma riski daha y\u00fcksek olabilir ve bu da FIP geli\u015fme olas\u0131l\u0131\u011f\u0131n\u0131 art\u0131rabilir.<\/p>\n<p>Kalabal\u0131k ko\u015fullarda ya\u015famayla ilgili baz\u0131 FIP risk fakt\u00f6rleri aras\u0131nda di\u011fer kedilerle yak\u0131nl\u0131k, payla\u015f\u0131lan kaynaklar (yemek kaplar\u0131, kum kutular\u0131 ve yataklar gibi) ve stres nedeniyle zay\u0131flam\u0131\u015f ba\u011f\u0131\u015f\u0131kl\u0131k sistemleri yer almaktad\u0131r.<\/p>\n<p>Di\u011fer kedilere maruz kalmak bula\u015fma i\u00e7in \u00f6nemli bir fakt\u00f6rd\u00fcr \u00e7\u00fcnk\u00fc enfekte kediler vir\u00fcs\u00fc t\u00fck\u00fcr\u00fcklerine veya d\u0131\u015fk\u0131lar\u0131na d\u00f6kerler. Kediler aras\u0131ndaki yak\u0131n temas vir\u00fcs\u00fcn daha kolay yay\u0131lmas\u0131n\u0131 sa\u011flar.<\/p>\n<p>\u00c7ok kedili evlerde ve bar\u0131naklarda, y\u00fczeyleri ev temizleyicisiyle dezenfekte etmek ve farkl\u0131 kedigilleri severken elleri d\u00fczenli olarak y\u0131kamak gibi iyi hijyen uygulamalar\u0131n\u0131 te\u015fvik ederek bula\u015fma olas\u0131l\u0131\u011f\u0131n\u0131 azaltmak \u00f6nemlidir.<\/p>\n<p>Kediler aras\u0131nda sa\u011fl\u0131kl\u0131 davran\u0131\u015flar\u0131 te\u015fvik etmek de \u00f6nemlidir, buna kedi ba\u015f\u0131na geni\u015f alan sa\u011flamak da dahildir, b\u00f6ylece b\u00f6lge i\u00e7in kavga etmezler. Gerekirse pire \u00f6nleyici tedaviler gibi ha\u015fere kontrol \u00f6nlemleri kullan\u0131n ve oyuncaklar \/ lokantalar \/ t\u0131rmanma kuleleri vb. gibi zenginle\u015ftirme etkinlikleri sunun.<\/p>\n<p>Kedilerin yemek i\u00e7in &#8220;kavga etmelerine&#8221; gerek kalmadan e\u015fit \u015fekilde beslendiklerinden emin olun ve rahat dinlenme yerleri sa\u011flay\u0131n.<\/p>\n<p>&nbsp;<\/p>\n<p><strong>Genetik<\/strong><\/p>\n<p>Baz\u0131 kediler, kendilerini FIP geli\u015ftirmeye daha yatk\u0131n hale getiren genetik bir yatk\u0131nl\u0131\u011fa sahip olabilir. Bu, ba\u011f\u0131\u015f\u0131kl\u0131k sistemleriyle veya kedi koronavir\u00fcs\u00fcn\u00fc kontrol etme yetenekleriyle ilgili olabilir.<\/p>\n<p>Bir kedinin genetik yap\u0131s\u0131, ya istilac\u0131 vir\u00fcs partik\u00fcllerini tan\u0131yamamas\u0131na ve bunlarla sava\u015famamas\u0131na ya da h\u00fccre zarlar\u0131n\u0131n vir\u00fcse kar\u015f\u0131 daha az diren\u00e7li olmas\u0131na yol a\u00e7arak onu enfeksiyona kar\u015f\u0131 daha savunmas\u0131z hale getirebilir.<\/p>\n<p>Ayr\u0131ca kedilerdeki belirli h\u00fccreleri, daha fazla doku hasar\u0131na yol a\u00e7acak iltihab\u0131 tetikleyecek bir ba\u011f\u0131\u015f\u0131kl\u0131k tepkisine duyarl\u0131 hale getirebilirler. Ayr\u0131ca, baz\u0131 kediler FIP ile ili\u015fkili tehlikeli kedi koronavir\u00fcs\u00fc t\u00fcr\u00fcn\u00fcn replikasyonunu kontrol etme yetene\u011finden yoksun olabilir, bu nedenle bu durumu geli\u015ftirme konusundaki duyarl\u0131l\u0131klar\u0131n\u0131 art\u0131rabilir.<\/p>\n<p>&nbsp;<\/p>\n<p><strong>Stres<\/strong><\/p>\n<p>Stres, kedilerin ba\u011f\u0131\u015f\u0131kl\u0131k sistemlerini olumsuz etkileyerek enfeksiyonlarla m\u00fccadele etme yeteneklerini azalt\u0131r. Kediler, ev ta\u015f\u0131ma veya yeni bir evcil hayvanla tan\u0131\u015ft\u0131r\u0131lma gibi \u00e7evrelerinde veya rutinlerinde \u00f6nemli bir de\u011fi\u015fiklik ya\u015fad\u0131klar\u0131nda strese girebilirler.<\/p>\n<p>Bir kedi stres fakt\u00f6rlerine maruz kald\u0131\u011f\u0131nda, v\u00fccudu belirli ba\u011f\u0131\u015f\u0131kl\u0131k h\u00fccrelerinin \u00fcretimini ve i\u015flevini bask\u0131layan hormonlar salg\u0131lar. Bu durum, kedinin genel ba\u011f\u0131\u015f\u0131kl\u0131k sistemi performans\u0131n\u0131n d\u00fc\u015fmesine neden olarak onu sadece FIP&#8217;e de\u011fil, parazit ve bakterilerin neden oldu\u011fu hastal\u0131klar gibi di\u011fer hastal\u0131klara da daha duyarl\u0131 hale getirir.<\/p>\n<p>FIP geli\u015fen kedilerin \u00e7o\u011funda, FIP geli\u015fmeden birka\u00e7 hafta ya da ay \u00f6nce stresli bir ge\u00e7mi\u015f vard\u0131r.<\/p>\n<p>Bu nedenle, evcil hayvanlar\u0131n\u0131za \u00e7evresel zenginle\u015ftirme aktiviteleri sa\u011flamak ve potansiyel stres kaynaklar\u0131n\u0131 en aza indirmek, bu hastal\u0131\u011fa kar\u015f\u0131 savunmas\u0131zl\u0131klar\u0131n\u0131 azaltmaya yard\u0131mc\u0131 olabilir.<\/p>\n<p>&nbsp;<\/p>\n<p><strong>Ba\u011f\u0131\u015f\u0131kl\u0131k sistemi durumu<\/strong><strong> <\/strong><\/p>\n<p>Feline Leukemia Virus (FeLV) veya Feline Immunodeficiency Virus (FIV) gibi ba\u011f\u0131\u015f\u0131kl\u0131k sistemi zay\u0131f olan kedilerde FIP geli\u015fme riski daha y\u00fcksektir.<\/p>\n<p>FeLV ve FIV kedileri etkileyen viral enfeksiyonlard\u0131r ve her ikisi de kedinin ba\u011f\u0131\u015f\u0131kl\u0131k sistemine sald\u0131r\u0131r. Sonu\u00e7 olarak, her iki vir\u00fcs nedeniyle ba\u011f\u0131\u015f\u0131kl\u0131k sistemi zay\u0131flam\u0131\u015f kediler genellikle FIP de dahil olmak \u00fczere di\u011fer hastal\u0131klarla m\u00fccadele etmekte zorlan\u0131rlar.<\/p>\n<p>FeLV veya FIV gibi altta yatan hastal\u0131klar\u0131 olan kediler, koronavir\u00fcs enfeksiyonuna maruz kald\u0131klar\u0131nda bu enfeksiyona kar\u015f\u0131 etkili bir yan\u0131t verme konusunda daha az yetenekli olabilir ve hastal\u0131\u011fa yakalanma olas\u0131l\u0131klar\u0131 daha y\u00fcksek olabilir.<\/p>\n<p>Evcil hayvan ebeveynleri i\u00e7in kedilerinin FIP geli\u015ftirme riskini en aza indirmenin en iyi yolu, sa\u011fl\u0131k ge\u00e7mi\u015fini bilmektir. Veteriner hekime yap\u0131lan d\u00fczenli ziyaretler, bu vir\u00fcsler i\u00e7in yap\u0131lan testler de dahil olmak \u00fczere evcil hayvan\u0131n\u0131z\u0131n genel sa\u011fl\u0131\u011f\u0131n\u0131n kapsaml\u0131 kontrollerini i\u00e7ermelidir, b\u00f6ylece herhangi bir belirtiyi erken tespit edebilir ve gerekirse kedinize uygun bak\u0131m ve tedaviyi sa\u011flayabilirsiniz.<\/p>\n","protected":false},"excerpt":{"rendered":"<p>FIP Risk fakt\u00f6rlerinden baz\u0131lar\u0131 nelerdir? Bundan sorumlu olan Koronavir\u00fcs her yerde bulunsa da, baz\u0131 kediler FIP&#8217;e yakalanmaya di\u011ferlerinden daha yatk\u0131nd\u0131r. A\u015fa\u011f\u0131da, bir kedinin FIP&#8217;e yakalanma riskini art\u0131ran risk fakt\u00f6rlerinden baz\u0131lar\u0131 verilmi\u015ftir. &nbsp; Ya\u015f FIP geli\u015fen kedilerin %50&#8217;si 2 ya\u015f\u0131ndan k\u00fc\u00e7\u00fckt\u00fcr, bu nedenle muhtemelen ba\u011f\u0131\u015f\u0131kl\u0131k sistemleri FCoV enfeksiyonuyla ba\u015fa \u00e7\u0131kmak i\u00e7in \u00e7ok gen\u00e7ken yavru kedi olarak [&hellip;]<\/p>\n","protected":false},"author":1,"featured_media":16827,"parent":0,"menu_order":0,"comment_status":"closed","ping_status":"closed","template":"","meta":{"_glsr_average":0,"_glsr_ranking":0,"_glsr_reviews":0,"footnotes":""},"categories":[685],"tags":[],"_links":{"self":[{"href":"https:\/\/fipmed.co\/tr\/wp-json\/wp\/v2\/pages\/17172"}],"collection":[{"href":"https:\/\/fipmed.co\/tr\/wp-json\/wp\/v2\/pages"}],"about":[{"href":"https:\/\/fipmed.co\/tr\/wp-json\/wp\/v2\/types\/page"}],"author":[{"embeddable":true,"href":"https:\/\/fipmed.co\/tr\/wp-json\/wp\/v2\/users\/1"}],"replies":[{"embeddable":true,"href":"https:\/\/fipmed.co\/tr\/wp-json\/wp\/v2\/comments?post=17172"}],"version-history":[{"count":0,"href":"https:\/\/fipmed.co\/tr\/wp-json\/wp\/v2\/pages\/17172\/revisions"}],"wp:featuredmedia":[{"embeddable":true,"href":"https:\/\/fipmed.co\/tr\/wp-json\/wp\/v2\/media\/16827"}],"wp:attachment":[{"href":"https:\/\/fipmed.co\/tr\/wp-json\/wp\/v2\/media?parent=17172"}],"wp:term":[{"taxonomy":"category","embeddable":true,"href":"https:\/\/fipmed.co\/tr\/wp-json\/wp\/v2\/categories?post=17172"},{"taxonomy":"post_tag","embeddable":true,"href":"https:\/\/fipmed.co\/tr\/wp-json\/wp\/v2\/tags?post=17172"}],"curies":[{"name":"wp","href":"https:\/\/api.w.org\/{rel}","templated":true}]}}