{"id":22108,"date":"2022-11-25T09:19:05","date_gmt":"2022-11-25T09:19:05","guid":{"rendered":"https:\/\/fipmed.co\/gizlilik-politikasi\/"},"modified":"2024-07-24T09:30:07","modified_gmt":"2024-07-24T09:30:07","slug":"gizlilik-politikasi","status":"publish","type":"page","link":"https:\/\/fipmed.co\/tr\/gizlilik-politikasi\/","title":{"rendered":"Gizlilik Politikas\u0131"},"content":{"rendered":"\t\t<div data-elementor-type=\"wp-page\" data-elementor-id=\"22108\" class=\"elementor elementor-22108 elementor-3\">\n\t\t\t\t\t\t<section class=\"elementor-section elementor-top-section elementor-element elementor-element-8b2513f elementor-section-boxed elementor-section-height-default elementor-section-height-default\" data-id=\"8b2513f\" data-element_type=\"section\">\n\t\t\t\t\t\t<div class=\"elementor-container elementor-column-gap-default\">\n\t\t\t\t\t<div class=\"elementor-column elementor-col-100 elementor-top-column elementor-element elementor-element-cb4fbe6\" data-id=\"cb4fbe6\" data-element_type=\"column\">\n\t\t\t<div class=\"elementor-widget-wrap elementor-element-populated\">\n\t\t\t\t\t\t<div class=\"elementor-element elementor-element-4603e09 elementor-widget elementor-widget-text-editor\" data-id=\"4603e09\" data-element_type=\"widget\" data-widget_type=\"text-editor.default\">\n\t\t\t\t<div class=\"elementor-widget-container\">\n\t\t\t\t\t\t\t\t\t<p class=\"p1\"><span class=\"s1\">Veri gizlili\u011fi FipMed.co i\u00e7in b\u00fcy\u00fck \u00f6nem ta\u015f\u0131maktad\u0131r ve ki\u015fisel verilerinizi i\u015fleme \u015feklimizde a\u00e7\u0131k ve \u015feffaf olmak istiyoruz.<br \/>\nM\u00fc\u015fterilerimizin ve site ziyaret\u00e7ilerimizin gizlili\u011fini ve g\u00fcvenli\u011fini korumay\u0131 taahh\u00fct ediyoruz. <span class=\"Apple-converted-space\">  <\/span>Bu nedenle, ki\u015fisel verilerinizin hangi ama\u00e7la toplanaca\u011f\u0131n\u0131n yan\u0131 s\u0131ra nas\u0131l i\u015flenece\u011fini ve korunaca\u011f\u0131n\u0131 belirleyen bir politikam\u0131z vard\u0131r.<span class=\"Apple-converted-space\">  <\/span>Ayr\u0131ca, veri toplama s\u00fcrecini izleme ve bizimle istedi\u011finiz ileti\u015fim d\u00fczeyini y\u00f6netme f\u0131rsat\u0131na da sahip olacaks\u0131n\u0131z.<\/span><\/p>\n<p class=\"p1\">\n<p class=\"p1\"><span class=\"s1\">&#8211; Verileriniz yaln\u0131zca size sundu\u011fumuz hizmeti ve bizimle ya\u015fad\u0131\u011f\u0131n\u0131z deneyimi iyile\u015ftirmek i\u00e7in kullan\u0131lacakt\u0131r<\/span><\/p>\n<p class=\"p1\"><span class=\"s1\">&#8211; Verilerinizin yetkisiz eri\u015fime kar\u015f\u0131 korunmas\u0131 bir numaral\u0131 \u00f6nceli\u011fimizdir, buna yetkisiz eri\u015fimin, verilerin d\u00fczenlenmesinin veya payla\u015f\u0131lmas\u0131n\u0131n \u00f6nlenmesi de dahildir<\/span><\/p>\n<p class=\"p1\"><span class=\"s1\">&#8211; Gerekli t\u00fcm bilgileri en a\u00e7\u0131k ve \u00f6zl\u00fc \u015fekilde iletmeyi taahh\u00fct edece\u011fiz<\/span><\/p>\n<p class=\"p1\"><span class=\"s1\">&#8211; Bizden ne ve nas\u0131l haber alaca\u011f\u0131n\u0131za karar verme se\u00e7ene\u011finiz vard\u0131r<\/span><\/p>\n<p class=\"p1\"><span class=\"s1\">&#8211; T\u00fcm ki\u015fisel veriler, analizlerimiz i\u00e7in gerekli de\u011filse, sistemimizde fazla bilgi depolanmas\u0131n\u0131 \u00f6nleyecek \u015fekilde silinecektir<\/span><\/p>\n<\/p>\n<h3 class=\"p1\"><span class=\"s1\">\u0130\u015fleme i\u00e7in yasal dayanak<\/span><\/h3>\n<p class=\"p1\"><span class=\"s1\">Ki\u015fisel bilgilerinizi a\u015fa\u011f\u0131daki nedenlerle i\u015fleyece\u011fiz:<\/span><\/p>\n<p class=\"p1\"><span class=\"s1\">&#8211; Taraf oldu\u011funuz s\u00f6zle\u015fmelerin y\u00fcr\u00fct\u00fclmesi<\/span><\/p>\n<p class=\"p1\"><span class=\"s1\">&#8211; Yasal y\u00fck\u00fcml\u00fcl\u00fcklerimize uymak<\/span><\/p>\n<p class=\"p1\"><span class=\"s1\">&#8211; Pazarlama ve takip edilen di\u011fer me\u015fru menfaatler<\/span><\/p>\n<p class=\"p2\">\n<h3 class=\"p1\"><span class=\"s1\">Me\u015fru menfaatler<\/span><\/h3>\n<p class=\"p1\"><span class=\"s1\">Bunlar a\u015fa\u011f\u0131dakileri i\u00e7erir:  <\/span><\/p>\n<p class=\"p1\"><span class=\"s1\">&#8211; Size m\u00fcmk\u00fcn olan en iyi m\u00fc\u015fteri deneyimini sunmak i\u00e7in ki\u015fisel bilgilerin toplanmas\u0131<\/span><\/p>\n<p class=\"p1\"><span class=\"s1\">&#8211; \u0130\u00e7 s\u00fcre\u00e7ler i\u00e7in gerekli operasyonel gereksinimler<\/span><\/p>\n<p class=\"p1\"><span class=\"s1\">&#8211; Hizmetlerimiz ve \u00fcr\u00fcnlerimizle ilgili ihtiya\u00e7lar\u0131n\u0131z\u0131 kar\u015f\u0131lamak<\/span><\/p>\n<p class=\"p1\"><span class=\"s1\">&#8211; Doland\u0131r\u0131c\u0131l\u0131k \u00f6nleme<\/span><\/p>\n<p class=\"p1\"><span class=\"s1\">&#8211; Sadece kendi i\u00e7 pazarlama, ara\u015ft\u0131rma ve \u00fcr\u00fcn geli\u015ftirme faaliyetlerimiz i\u00e7in<\/span><\/p>\n<p class=\"p2\">\n<h3 class=\"p1\"><span class=\"s1\">  Sizin hakk\u0131n\u0131zda nas\u0131l bilgi topluyoruz  <\/span><\/h3>\n<p class=\"p1\"><span class=\"s1\">&#8211; \u00c7evrimi\u00e7i sat\u0131n al\u0131mlar yoluyla (sipari\u015f verdi\u011finizde)  <\/span><\/p>\n<p class=\"p1\"><span class=\"s1\">&#8211; Do\u011frudan pazarlama yoluyla (haber b\u00fcltenlerimize kaydoldu\u011funuzda)<\/span><\/p>\n<p class=\"p1\"><span class=\"s1\">&#8211; Bir FipMed.co hesab\u0131na kaydoldu\u011funuzda<\/span><\/p>\n<p class=\"p1\"><span class=\"s1\">&#8211; M\u00fc\u015fteri Hizmetlerimiz arac\u0131l\u0131\u011f\u0131yla ileti\u015fim yoluyla<\/span><\/p>\n<p class=\"p1\"><span class=\"s1\">&#8211; Bilgileriniz web sitemizi ziyaretleriniz s\u0131ras\u0131nda da otomatik olarak toplanabilir, bunlar aras\u0131nda cihazlar\u0131n\u0131z ve gezinmeniz hakk\u0131ndaki bilgiler de yer al\u0131r.<br \/>\nBu bilgiler \u00e7erezler ve benzer teknolojiler kullan\u0131larak toplan\u0131r.   <\/span><\/p>\n<p class=\"p2\">\n<h3 class=\"p1\"><span class=\"s1\">Ki\u015fisel bilgilerinizi neden kullan\u0131yoruz?<\/span><\/h3>\n<p class=\"p1\"><span class=\"s1\">&#8211; Al\u0131\u015fveri\u015flerinizin i\u015flenmesi ve teslim edilmesi<\/span><\/p>\n<p class=\"p1\"><span class=\"s1\">&#8211; \u00d6demelerin al\u0131nmas\u0131 ve geri \u00f6demelerin yap\u0131lmas\u0131<\/span><\/p>\n<p class=\"p1\"><span class=\"s1\">&#8211; Size SMS, e-posta veya ba\u015fka yollarla hizmet mesajlar\u0131 g\u00f6ndermek<\/span><\/p>\n<p class=\"p1\"><span class=\"s1\">&#8211; M\u00fc\u015fteri hizmetleri ve deste\u011fi sa\u011flamak, iadeleri ve garanti taleplerini ele almak<\/span><\/p>\n<p class=\"p1\"><span class=\"s1\">&#8211; Her t\u00fcrl\u00fc doland\u0131r\u0131c\u0131l\u0131k tespiti ve \u00f6nlenmesi<\/span><\/p>\n<p class=\"p1\"><span class=\"s1\">&#8211; G\u00fcvenlik ve web sitemizin korunmas\u0131<\/span><\/p>\n<p class=\"p1\"><span class=\"s1\">&#8211; Siz web&#8217;de gezinirken size reklamlar\u0131m\u0131z\u0131 g\u00f6stermek<\/span><\/p>\n<p class=\"p1\"><span class=\"s1\">&#8211; Tercih ve istekleriniz do\u011frultusunda \u00fcr\u00fcn ve hizmetlerimiz, promosyonlar, indirimler ve haberler hakk\u0131nda size bilgi vermek<\/span><\/p>\n<p class=\"p1\"><span class=\"s1\">&#8211; Web sitemizin iyile\u015ftirilmesi<\/span><\/p>\n<p class=\"p2\">\n<h3 class=\"p1\"><span class=\"s1\">Ne t\u00fcr veriler topluyoruz<\/span><\/h3>\n<p class=\"p1\"><span class=\"s1\">&#8211; Kimlik ve ileti\u015fim bilgileri (e-posta adresi, ad, soyad, adres, telefon)<\/span><\/p>\n<p class=\"p1\"><span class=\"s1\">&#8211; Finansal ve i\u015flem bilgileri (kredi kart\u0131 verileri, 3. taraf \u00f6deme i\u015flemcileri taraf\u0131ndan sa\u011flanan \u00f6demelerle ilgili ayr\u0131nt\u0131lar)<\/span><\/p>\n<p class=\"p1\"><span class=\"s1\">&#8211; Profil bilgileri (ad, soyad, e-posta adresi, \u015fifre ve zorunlu olmayan ek kullan\u0131c\u0131 bilgileri olarak: cinsiyet, saat dilimi, do\u011fum tarihi)<\/span><\/p>\n<p class=\"p1\"><span class=\"s1\">&#8211; Teknik bilgiler (internet protokol\u00fc (IP) adresi, giri\u015f verileriniz, taray\u0131c\u0131 bilgileri, saat dilimi, dil, taray\u0131c\u0131 eklenti t\u00fcrleri ve s\u00fcr\u00fcmleri, i\u015fletim sistemi ve FipMed.co web sitesine veya mobil uygulamaya eri\u015fmek i\u00e7in kulland\u0131\u011f\u0131n\u0131z cihazlardaki di\u011fer teknolojiler)<\/span><\/p>\n<p class=\"p1\"><span class=\"s1\">&#8211; Pazarlama ve ileti\u015fim bilgileri (e-posta adresi, ad, soyad, cinsiyet, saat dilimi, b\u00f6lge, \u00fclke, sat\u0131n alma tarihi, IP adresi, sipari\u015f tarihi, sat\u0131n al\u0131nan \u00fcr\u00fcn, abonelik kayna\u011f\u0131, dil, sipari\u015f kimli\u011fi, kullan\u0131c\u0131 kimli\u011fi, abonelik tarihi, son de\u011fi\u015fiklik tarihi)<\/span><\/p>\n<p class=\"p2\">\n<h3 class=\"p1\"><span class=\"s1\">Ki\u015fisel verilerinizi ne kadar s\u00fcreyle sakl\u0131yoruz<\/span><\/h3>\n<p class=\"p1\"><span class=\"s1\">Bilgilerinizi hesab\u0131n\u0131z oldu\u011fu s\u00fcrece veya 10 y\u0131la kadar s\u00fcren \u00fcr\u00fcn garantisi de dahil olmak \u00fczere size hizmet sunabilmek i\u00e7in gerekli oldu\u011fu s\u00fcrece veya (M\u00fc\u015fteri Hizmetleri Ekibimizle kurabilece\u011finiz herhangi bir ileti\u015fim durumunda) yaln\u0131zca destekle ilgili raporlama ve trend analizi sa\u011flamak i\u00e7in gerekli oldu\u011fu s\u00fcrece saklayaca\u011f\u0131z.<\/span><\/p>\n<p class=\"p1\"><span class=\"s1\">Yasalar\u0131n gerektirmesi halinde, hesab\u0131n\u0131z kapat\u0131ld\u0131ktan ve art\u0131k size herhangi bir hizmet sa\u011flamam\u0131z gerekmedikten sonra bile baz\u0131 bilgilerinizi saklayabiliriz.<\/span><\/p>\n<p class=\"p1\"><span class=\"s1\">Do\u011frudan pazarlama i\u00e7in kullan\u0131lan veriler, kullan\u0131c\u0131 aboneli\u011fini iptal edene veya bir y\u0131ldan uzun s\u00fcre aktif olmayana kadar saklanacakt\u0131r.<\/span><\/p>\n<p class=\"p2\">\n<p class=\"p1\"><span class=\"s1\">Ad\u0131n\u0131z, adresiniz, e-posta adresiniz veya kredi kart\u0131 bilgileriniz dahil olmak \u00fczere hi\u00e7bir ki\u015fisel verinizi \u00fc\u00e7\u00fcnc\u00fc taraflara satm\u0131yoruz ve satmayaca\u011f\u0131z.<span class=\"Apple-converted-space\">  <\/span>G\u00fcveninizi kazanmak ve s\u00fcrd\u00fcrmek istiyoruz ve bunu yapmak i\u00e7in bunun kesinlikle gerekli oldu\u011funa inan\u0131yoruz.<\/span><\/p>\n<p class=\"p1\"><span class=\"s1\">Ancak, bu bildirimde belirtildi\u011fi \u00fczere, size hizmetlerimizi sunabilmemizin temel bir par\u00e7as\u0131 olarak verilerinizi a\u015fa\u011f\u0131daki \u015firket kategorileriyle payla\u015f\u0131yoruz:<\/span><\/p>\n<p class=\"p1\"><span class=\"s1\">&#8211; Sat\u0131n alma s\u00f6zle\u015fmesinin yerine getirilmesine veya i\u00e7 s\u00fcre\u00e7 ve prosed\u00fcrlerin ger\u00e7ekle\u015ftirilmesine dayal\u0131 olarak ba\u011fl\u0131 \u015firketler ve i\u015fleyiciler<\/span><\/p>\n<p class=\"p1\"><span class=\"s1\">&#8211; Kredi kart\u0131 veren \u015firketler, \u00f6demeleri i\u015flemek i\u00e7in \u00f6deme hizmetleri sa\u011flay\u0131c\u0131lar\u0131 ve sipari\u015finize dayanarak bir sat\u0131n alma s\u00f6zle\u015fmesini yerine getirmek i\u00e7in bankalar<\/span><\/p>\n<p class=\"p1\"><span class=\"s1\">&#8211; Sipari\u015finizi veya hizmetlerinizi teslim edecek ta\u015f\u0131y\u0131c\u0131lar  <\/span><\/p>\n<p class=\"p1\"><span class=\"s1\">&#8211; Veri i\u015flemeye dahil olan di\u011fer hizmet sa\u011flay\u0131c\u0131lar ve \u00fc\u00e7\u00fcnc\u00fc taraflar<\/span><\/p>\n<p class=\"p1\"><span class=\"s1\">&#8211; Yasa gere\u011fi bunu yapmam\u0131z gerekiyorsa, kolluk kuvvetleri, di\u011fer devlet kurumlar\u0131 ve ilgili taraflar gibi \u00fc\u00e7\u00fcnc\u00fc taraflar<\/span><\/p>\n<\/p>\n<p class=\"p1\"><span class=\"s1\">\u00dc\u00e7\u00fcnc\u00fc taraflara m\u00fc\u015fterilerimiz hakk\u0131nda toplu ancak anonimle\u015ftirilmi\u015f bilgiler ve analizler sa\u011flayabiliriz ve bunu yapmadan \u00f6nce, bunlar\u0131n sizi tan\u0131mlamad\u0131\u011f\u0131ndan emin olaca\u011f\u0131z.<\/span><\/p>\n<p class=\"p2\">\n<p class=\"p2\">\n<h3 class=\"p1\"><span class=\"s1\">Haklar\u0131n\u0131z nelerdir<\/span><\/h3>\n<p class=\"p1\"><span class=\"s1\">&#8211; Hakk\u0131n\u0131zda tuttu\u011fumuz ki\u015fisel bilgilere eri\u015fim hakk\u0131.<span class=\"Apple-converted-space\">  <\/span>\u0130stedi\u011finiz zaman hakk\u0131n\u0131zda tuttu\u011fumuz ki\u015fisel veriler hakk\u0131nda bilgi talep etme hakk\u0131na sahipsiniz.<br \/>\nBizimle ileti\u015fime ge\u00e7ti\u011finizde, ki\u015fisel verilerinizi size e-posta yoluyla sa\u011flayaca\u011f\u0131z. <\/span><\/p>\n<p class=\"p1\"><span class=\"s1\">&#8211; Ta\u015f\u0131nabilirlik hakk\u0131.<span class=\"Apple-converted-space\">  <\/span>Verilerinizin bir kopyas\u0131n\u0131 yap\u0131land\u0131r\u0131lm\u0131\u015f, yayg\u0131n olarak kullan\u0131lan ve makine taraf\u0131ndan okunabilir bir formatta size veya ba\u015fka bir tarafa aktar\u0131lmas\u0131n\u0131 sa\u011flama hakk\u0131na sahipsiniz.<span class=\"Apple-converted-space\">  <\/span>Bu yaln\u0131zca bize g\u00f6nderdi\u011finiz ki\u015fisel verileri i\u00e7erir.<span class=\"Apple-converted-space\">  <\/span>Ayr\u0131ca, verilerinizin unsurlar\u0131n\u0131 size veya ba\u015fka bir hizmet sa\u011flay\u0131c\u0131s\u0131na aktarmam\u0131z\u0131 veya ta\u015f\u0131mam\u0131z\u0131 talep etme hakk\u0131na da sahipsiniz.<\/span><\/p>\n<p class=\"p1\"><span class=\"s1\">&#8211; D\u00fczeltme hakk\u0131.<span class=\"Apple-converted-space\">  <\/span>Eksik ki\u015fisel verilerin tamamlanmas\u0131 hakk\u0131 da dahil olmak \u00fczere, yanl\u0131\u015f olmas\u0131 halinde ki\u015fisel verilerinizin d\u00fczeltilmesini talep etme hakk\u0131na sahipsiniz.<\/span><\/p>\n<p class=\"p1\"><span class=\"s1\">&#8211; Silme hakk\u0131.<span class=\"Apple-converted-space\">  <\/span>\u0130stedi\u011finiz zaman herhangi bir ki\u015fisel veriyi silmemizi, i\u015flemeyi veya toplamay\u0131 durdurmam\u0131z\u0131 talep etme hakk\u0131na sahipsiniz<\/span><\/p>\n<p class=\"p1\"><span class=\"s1\">&#8211; Me\u015fru menfaate dayal\u0131 olarak ki\u015fisel verilerin i\u015flenmesine itiraz etme hakk\u0131.<span class=\"Apple-converted-space\">  <\/span>Talebiniz \u00fczerine, FipMed.co, \u00e7\u0131karlar\u0131n\u0131z\u0131 ve haklar\u0131n\u0131z\u0131 ge\u00e7ersiz k\u0131lan veya yasal y\u00fck\u00fcml\u00fcl\u00fckler veya talepler nedeniyle ba\u015fka t\u00fcrl\u00fc yapmak i\u00e7in me\u015fru bir gerek\u00e7e g\u00f6stermedi\u011fimiz s\u00fcrece ki\u015fisel verilerinizi i\u015flemeye devam etmeyecektir.<\/span><\/p>\n<p class=\"p1\"><span class=\"s1\">&#8211; Do\u011frudan pazarlamaya itiraz etme hakk\u0131.<span class=\"Apple-converted-space\">  <\/span>Do\u011frudan pazarlama amac\u0131yla yap\u0131lan profil analizi de dahil olmak \u00fczere do\u011frudan pazarlamaya itiraz etme hakk\u0131na sahipsiniz.<\/span><\/p>\n<p class=\"p1\"><span class=\"s1\">Genel olarak, m\u00fc\u015fterimiz veya site ziyaret\u00e7imiz olarak, ki\u015fisel verilerinizin toplanmas\u0131 ve i\u015flenmesine ili\u015fkin eksiksiz bilgi alma hakk\u0131na sahipsiniz.<span class=\"Apple-converted-space\">  <\/span>Haklar\u0131n\u0131z\u0131 kullanmak istiyorsan\u0131z, yard\u0131ma ihtiyac\u0131n\u0131z varsa, bir \u015fikayetiniz varsa veya herhangi bir sorunuz varsa, l\u00fctfen bizimle ileti\u015fime ge\u00e7mekten \u00e7ekinmeyin.<\/span><\/p>\n<p class=\"p2\">\n<h3 class=\"p1\"><span class=\"s1\">\u00c7erezler Hakk\u0131nda<\/span><\/h3>\n<p class=\"p1\"><span class=\"s1\">\u00c7erezler, bir web sitesinden g\u00f6nderilen ve bir kullan\u0131c\u0131 bir web sitesinde gezinirken kullan\u0131c\u0131n\u0131n web taray\u0131c\u0131s\u0131nda saklanan k\u00fc\u00e7\u00fck metin dosyalar\u0131d\u0131r.<span class=\"Apple-converted-space\">  <\/span>Kullan\u0131c\u0131 gelecekte ayn\u0131 web sitesine g\u00f6z att\u0131\u011f\u0131nda, \u00e7erezde depolanan veriler web sitesi taraf\u0131ndan kullan\u0131c\u0131n\u0131n \u00f6nceki etkinli\u011fini web sitesine bildirmek i\u00e7in geri al\u0131nabilir ve b\u00f6ylece kullan\u0131c\u0131y\u0131 siteyi kullanan di\u011fer ki\u015filerden ay\u0131rt edebilir.<\/span><\/p>\n<p class=\"p2\">\n<p class=\"p1\"><span class=\"s1\">\u00c7erezleri, web sitemizde verimli bir \u015fekilde gezinmenize yard\u0131mc\u0131 olmak ve site trafik analizi dahil olmak \u00fczere belirli i\u015flevleri yerine getirmek i\u00e7in kullan\u0131r\u0131z.<br \/>\n\u00c7erezler ayr\u0131ca bir sonraki giri\u015finizde sizi tan\u0131yabilir ve size tercihlerinize ve ilgi alanlar\u0131n\u0131za g\u00f6re uyarlanm\u0131\u015f i\u00e7erik sunabilir. <\/span><\/p>\n<p class=\"p1\"><span class=\"s1\">Bu sitenin \u00e7al\u0131\u015fmas\u0131 i\u00e7in kesinlikle gerekliyse \u00e7erezleri cihaz\u0131n\u0131zda saklayabiliriz.<br \/>\nDi\u011fer t\u00fcm \u00e7erez t\u00fcrleri i\u00e7in izninize ihtiyac\u0131m\u0131z var.<br \/>\nBu site farkl\u0131 t\u00fcrde \u00e7erezler kullanmaktad\u0131r.<br \/>\nBaz\u0131 \u00e7erezler, sayfalar\u0131m\u0131zda g\u00f6r\u00fcnen \u00fc\u00e7\u00fcnc\u00fc taraf hizmetleri taraf\u0131ndan yerle\u015ftirilir.<br \/>\nWeb sitemizdeki *\u00c7erez Y\u00f6neticisi&#8217;nden izninizi istedi\u011finiz zaman de\u011fi\u015ftirebilir veya geri \u00e7ekebilirsiniz.    <\/span><\/p>\n<p class=\"p2\">\n<p class=\"p1\"><span class=\"s1\">Kulland\u0131\u011f\u0131m\u0131z \u00e7erez t\u00fcrleri:<\/span><\/p>\n<p class=\"p1\"><span class=\"s1\">&#8211; Gerekli \u00e7erezler, sayfada gezinme ve web sitesinin g\u00fcvenli alanlar\u0131na eri\u015fim gibi temel i\u015flevleri etkinle\u015ftirerek bir web sitesini kullan\u0131labilir hale getirmeye yard\u0131mc\u0131 olur.<br \/>\nWeb sitesi bu \u00e7erezler olmadan d\u00fczg\u00fcn \u00e7al\u0131\u015famaz. <\/span><\/p>\n<p class=\"p1\"><span class=\"s1\">&#8211; Tercih \u00e7erezleri, bir web sitesinin, tercih etti\u011finiz dil veya bulundu\u011funuz b\u00f6lge gibi web sitesinin davran\u0131\u015f\u0131n\u0131 veya g\u00f6r\u00fcn\u00fcm\u00fcn\u00fc de\u011fi\u015ftiren bilgileri hat\u0131rlamas\u0131n\u0131 sa\u011flar.<\/span><\/p>\n<p class=\"p1\"><span class=\"s1\">&#8211; \u0130statistik \u00e7erezleri, web sitesi sahiplerinin, bilgileri anonim olarak toplay\u0131p raporlayarak ziyaret\u00e7ilerin web siteleriyle nas\u0131l etkile\u015fimde bulundu\u011funu anlamalar\u0131na yard\u0131mc\u0131 olur.<\/span><\/p>\n<p class=\"p1\"><span class=\"s1\">&#8211; Pazarlama \u00e7erezleri, web sitelerindeki ziyaret\u00e7ileri izlemek i\u00e7in kullan\u0131l\u0131r.<br \/>\nAma\u00e7, bireysel kullan\u0131c\u0131 i\u00e7in alakal\u0131 ve ilgi \u00e7ekici reklamlar g\u00f6stermek ve b\u00f6ylece yay\u0131nc\u0131lar ve \u00fc\u00e7\u00fcnc\u00fc taraf reklamverenler i\u00e7in daha de\u011ferli olmakt\u0131r. <\/span><\/p>\n\t\t\t\t\t\t\t\t<\/div>\n\t\t\t\t<\/div>\n\t\t\t\t\t<\/div>\n\t\t<\/div>\n\t\t\t\t\t<\/div>\n\t\t<\/section>\n\t\t\t\t<\/div>\n\t\t","protected":false},"excerpt":{"rendered":"<p>Veri gizlili\u011fi FipMed.co i\u00e7in b\u00fcy\u00fck \u00f6nem ta\u015f\u0131maktad\u0131r ve ki\u015fisel verilerinizi i\u015fleme \u015feklimizde a\u00e7\u0131k ve \u015feffaf olmak istiyoruz. M\u00fc\u015fterilerimizin ve site ziyaret\u00e7ilerimizin gizlili\u011fini ve g\u00fcvenli\u011fini korumay\u0131 taahh\u00fct ediyoruz. Bu nedenle, ki\u015fisel verilerinizin hangi ama\u00e7la toplanaca\u011f\u0131n\u0131n yan\u0131 s\u0131ra nas\u0131l i\u015flenece\u011fini ve korunaca\u011f\u0131n\u0131 belirleyen bir politikam\u0131z vard\u0131r. Ayr\u0131ca, veri toplama s\u00fcrecini izleme ve bizimle istedi\u011finiz ileti\u015fim d\u00fczeyini y\u00f6netme [&hellip;]<\/p>\n","protected":false},"author":1,"featured_media":0,"parent":0,"menu_order":0,"comment_status":"closed","ping_status":"open","template":"","meta":{"_glsr_average":0,"_glsr_ranking":0,"_glsr_reviews":0,"footnotes":""},"categories":[],"tags":[],"_links":{"self":[{"href":"https:\/\/fipmed.co\/tr\/wp-json\/wp\/v2\/pages\/22108"}],"collection":[{"href":"https:\/\/fipmed.co\/tr\/wp-json\/wp\/v2\/pages"}],"about":[{"href":"https:\/\/fipmed.co\/tr\/wp-json\/wp\/v2\/types\/page"}],"author":[{"embeddable":true,"href":"https:\/\/fipmed.co\/tr\/wp-json\/wp\/v2\/users\/1"}],"replies":[{"embeddable":true,"href":"https:\/\/fipmed.co\/tr\/wp-json\/wp\/v2\/comments?post=22108"}],"version-history":[{"count":1,"href":"https:\/\/fipmed.co\/tr\/wp-json\/wp\/v2\/pages\/22108\/revisions"}],"predecessor-version":[{"id":22110,"href":"https:\/\/fipmed.co\/tr\/wp-json\/wp\/v2\/pages\/22108\/revisions\/22110"}],"wp:attachment":[{"href":"https:\/\/fipmed.co\/tr\/wp-json\/wp\/v2\/media?parent=22108"}],"wp:term":[{"taxonomy":"category","embeddable":true,"href":"https:\/\/fipmed.co\/tr\/wp-json\/wp\/v2\/categories?post=22108"},{"taxonomy":"post_tag","embeddable":true,"href":"https:\/\/fipmed.co\/tr\/wp-json\/wp\/v2\/tags?post=22108"}],"curies":[{"name":"wp","href":"https:\/\/api.w.org\/{rel}","templated":true}]}}