{"id":23022,"date":"2024-05-13T08:24:56","date_gmt":"2024-05-13T08:24:56","guid":{"rendered":"https:\/\/fipmed.co\/fipmed-kar-amaci-gutmeyen-ortak-program-kaydi\/"},"modified":"2024-05-13T08:24:56","modified_gmt":"2024-05-13T08:24:56","slug":"fipmed-kar-amaci-gutmeyen-ortak-program-kaydi","status":"publish","type":"page","link":"https:\/\/fipmed.co\/tr\/fipmed-kar-amaci-gutmeyen-ortak-program-kaydi\/","title":{"rendered":"FIPMed Kar Amac\u0131 G\u00fctmeyen Ortak Program\u0131 Kayd\u0131"},"content":{"rendered":"<p>FIPMed K\u00e2r Amac\u0131 G\u00fctmeyen Ortak Program\u0131na ho\u015f geldiniz.<br \/>\nFIP kedilerini kurtarmak i\u00e7in sizinle i\u015fbirli\u011fi yapmay\u0131 d\u00f6rt g\u00f6zle bekliyoruz.<br \/>\nK\u00e2r Amac\u0131 G\u00fctmeyen Ortak Program\u0131m\u0131za kat\u0131l\u0131n ve sadece benzersiz kuponunuzu toplulu\u011funuzdaki kedi sahipleri ve ba\u011f\u0131\u015f\u00e7\u0131larla payla\u015farak \u00f6m\u00fcr boyu %20&#8217;lik y\u00fcksek bir komisyon kazan\u0131n.<br \/>\nBu kedi ebeveynleri, web sitemizden sat\u0131n al\u0131nan t\u00fcm FIP tedavi \u00fcr\u00fcnlerinde de 10 $ indirim alacaklar.<br \/>\nOkudu\u011funuz i\u00e7in te\u015fekk\u00fcrler ve sizi orta\u011f\u0131m\u0131z olarak g\u00f6rmeyi umuyoruz.<br \/>\nKaydolduktan sonra kodunuzu hemen payla\u015fabilirsiniz.<br \/>\nBunlar\u0131 istedi\u011finiz \u015fekilde ve yerde payla\u015f\u0131n.<br \/>\nAyr\u0131ca https:\/\/fipmed.co\/my-account\/ adresine giderek ortak kontrol panelinize giri\u015f yapabilirsiniz.         [couponaffiliates-register template=&#8221;10FORGOOD&#8221;]<\/p>\n","protected":false},"excerpt":{"rendered":"<p>FIPMed K\u00e2r Amac\u0131 G\u00fctmeyen Ortak Program\u0131na ho\u015f geldiniz. FIP kedilerini kurtarmak i\u00e7in sizinle i\u015fbirli\u011fi yapmay\u0131 d\u00f6rt g\u00f6zle bekliyoruz. K\u00e2r Amac\u0131 G\u00fctmeyen Ortak Program\u0131m\u0131za kat\u0131l\u0131n ve sadece benzersiz kuponunuzu toplulu\u011funuzdaki kedi sahipleri ve ba\u011f\u0131\u015f\u00e7\u0131larla payla\u015farak \u00f6m\u00fcr boyu %20&#8217;lik y\u00fcksek bir komisyon kazan\u0131n. Bu kedi ebeveynleri, web sitemizden sat\u0131n al\u0131nan t\u00fcm FIP tedavi \u00fcr\u00fcnlerinde de 10 $ [&hellip;]<\/p>\n","protected":false},"author":1,"featured_media":0,"parent":0,"menu_order":0,"comment_status":"closed","ping_status":"closed","template":"","meta":{"_glsr_average":0,"_glsr_ranking":0,"_glsr_reviews":0,"footnotes":""},"categories":[],"tags":[],"_links":{"self":[{"href":"https:\/\/fipmed.co\/tr\/wp-json\/wp\/v2\/pages\/23022"}],"collection":[{"href":"https:\/\/fipmed.co\/tr\/wp-json\/wp\/v2\/pages"}],"about":[{"href":"https:\/\/fipmed.co\/tr\/wp-json\/wp\/v2\/types\/page"}],"author":[{"embeddable":true,"href":"https:\/\/fipmed.co\/tr\/wp-json\/wp\/v2\/users\/1"}],"replies":[{"embeddable":true,"href":"https:\/\/fipmed.co\/tr\/wp-json\/wp\/v2\/comments?post=23022"}],"version-history":[{"count":0,"href":"https:\/\/fipmed.co\/tr\/wp-json\/wp\/v2\/pages\/23022\/revisions"}],"wp:attachment":[{"href":"https:\/\/fipmed.co\/tr\/wp-json\/wp\/v2\/media?parent=23022"}],"wp:term":[{"taxonomy":"category","embeddable":true,"href":"https:\/\/fipmed.co\/tr\/wp-json\/wp\/v2\/categories?post=23022"},{"taxonomy":"post_tag","embeddable":true,"href":"https:\/\/fipmed.co\/tr\/wp-json\/wp\/v2\/tags?post=23022"}],"curies":[{"name":"wp","href":"https:\/\/api.w.org\/{rel}","templated":true}]}}