{"id":12813,"date":"2023-10-27T10:08:43","date_gmt":"2023-10-27T10:08:43","guid":{"rendered":"https:\/\/fipmed.co\/?post_type=product&#038;p=12813"},"modified":"2024-05-21T10:13:06","modified_gmt":"2024-05-21T10:13:06","slug":"9x-seritler-fipmed-tabletler-40mg-x-10-gun-kediler-agirligi-4kg","status":"publish","type":"product","link":"https:\/\/fipmed.co\/tr\/urun\/9x-seritler-fipmed-tabletler-40mg-x-10-gun-kediler-agirligi-4kg\/","title":{"rendered":"Yeni: 9x \u015ferit FipMed Tablet x 10 g\u00fcn (4 kg kediler i\u00e7in)"},"content":{"rendered":"<p class=\"p1\"><span class=\"s1\">FipMed GS-441524 tablet, Kedi Enfeksiy\u00f6z Peritoniti (FIP) i\u00e7in etkili bir tedavidir.<\/span><\/p>\n<p class=\"p1\"><span class=\"s1\">4kg kedi i\u00e7in her FipMed tablet 60mg GS-441524 i\u00e7erir.<span class=\"Apple-converted-space\"> En fazla 4 kg a\u011f\u0131rl\u0131\u011f\u0131ndaki kediler i\u00e7in form\u00fcle edilmi\u015ftir.<\/span><\/span><\/p>\n<p>GS-441524 metabolik olarak stabildir. Ancak emilen miktar sindirimden sonra tam olarak metabolize olmayacakt\u0131r. Tahmini metabolize edilen miktar hem Islak hem de Kuru FIP i\u00e7in yeterlidir. Ok\u00fcler FIP ve N\u00f6rolojik FIP i\u00e7in l\u00fctfen dozaj\u0131 iki kat\u0131na \u00e7\u0131kar\u0131n. Bir yerine iki tablet al\u0131n.<\/p>\n<p>&nbsp;<\/p>\n<p class=\"p1\"><span class=\"s1\">FIPMed tabletleri ve dozaj\u0131 Dr Niels Pedersen&#8217;in tavsiyelerine g\u00f6re form\u00fcle edilmi\u015ftir:<\/span><\/p>\n<p><strong>Tabletler i\u00e7in Islak \/ Kuru FIP Dozaj\u0131:<\/strong><\/p>\n<p>Tablet Ger\u00e7ek GS441524 \u0130\u00e7eri\u011fi: 15mg\/kg<\/p>\n<p>Sindirim ve metabolizasyon sonucu %60 kay\u0131ptan sonra*: 6mg\/kg<\/p>\n<p><strong>Ok\u00fcler \/ N\u00f6rolojik FIP Tabletler i\u00e7in Dozaj:<\/strong><\/p>\n<p>Tablet Ger\u00e7ek GS441524 \u0130\u00e7eri\u011fi: 30mg\/kg<\/p>\n<p>Sindirim ve metabolizasyon sonucu %60 kay\u0131ptan sonra*: 12mg\/kg<\/p>\n<p>&nbsp;<\/p>\n<p>* Oral uygulaman\u0131n da kan seviyelerini sa\u011flad\u0131\u011f\u0131, ancak biraz gecikmeli ve subkutan ve intraven\u00f6z yollar\u0131n sadece yakla\u015f\u0131k %40 pik seviyelerinde oldu\u011fu bulunmu\u015ftur. GS-441424, subkutan veya intraven\u00f6z uygulama olarak yakla\u015f\u0131k %50 etkinlikle ba\u011f\u0131rsaktan emilir. Oral GS-441524&#8217;\u00fcn emilim s\u0131n\u0131rlamalar\u0131 g\u00f6z \u00f6n\u00fcne al\u0131nd\u0131\u011f\u0131nda, oral dozaj\u0131n enjeksiyonlar\u0131n yakla\u015f\u0131k iki kat\u0131 olmas\u0131 beklenir. (Niels Pedersen NC, 2018).<\/p>\n<p><a href=\"https:\/\/www.vetmed.ucdavis.edu\/sites\/g\/files\/dgvnsk4586\/files\/inline-files\/Use%20of%20oral%20GS-441524%20for%20FIP%20treatmemt_0.pdf\" rel=\"nofollow noopener\" target=\"_blank\">https:\/\/www.vetmed.ucdavis.edu\/sites\/g\/files\/dgvnsk4586\/files\/inline-files\/Use%20of%20oral%20GS-441524%20for%20FIP%20treatmemt_0.pdf<\/a><\/p>\n<p class=\"p1\">\n<p class=\"p1\"><span class=\"s1\">Her \u015ferit 10 oral tablet i\u00e7erir (10 g\u00fcnl\u00fck tedavi)<\/span><\/p>\n<p>&nbsp;<\/p>\n","protected":false},"excerpt":{"rendered":"<p class=\"p1\"><span class=\"s1\">FipMed GS-441524 tablet, Kedi Enfeksiy\u00f6z Peritoniti (FIP) i\u00e7in etkili bir tedavidir.<\/span><\/p>\n<p class=\"p1\"><span class=\"s1\">4kg kedi i\u00e7in her FipMed tablet 60mg GS-441524 i\u00e7erir. <\/span><\/p>\n<p>GS-441524 metabolik olarak stabildir. Ancak emilen miktar sindirimden sonra tam olarak metabolize olmayacakt\u0131r. Tahmini metabolize edilen miktar hem Islak hem de Kuru FIP i\u00e7in yeterlidir. Ok\u00fcler FIP ve N\u00f6rolojik FIP i\u00e7in l\u00fctfen dozaj\u0131 iki kat\u0131na \u00e7\u0131kar\u0131n. Bir yerine iki tablet al\u0131n.<\/p>\n<p class=\"p1\"><span class=\"s1\">En fazla 4 kg a\u011f\u0131rl\u0131\u011f\u0131ndaki kediler i\u00e7in form\u00fcle edilmi\u015ftir.<\/span><\/p>\n<p class=\"p1\"><span class=\"s1\">Her \u015ferit 10 oral tablet i\u00e7erir (10 g\u00fcnl\u00fck tedavi)<\/span><\/p>\n","protected":false},"featured_media":25317,"template":"","meta":{"_glsr_average":0,"_glsr_ranking":0,"_glsr_reviews":0},"product_cat":[405],"product_tag":[],"_links":{"self":[{"href":"https:\/\/fipmed.co\/tr\/wp-json\/wp\/v2\/product\/12813"}],"collection":[{"href":"https:\/\/fipmed.co\/tr\/wp-json\/wp\/v2\/product"}],"about":[{"href":"https:\/\/fipmed.co\/tr\/wp-json\/wp\/v2\/types\/product"}],"wp:featuredmedia":[{"embeddable":true,"href":"https:\/\/fipmed.co\/tr\/wp-json\/wp\/v2\/media\/25317"}],"wp:attachment":[{"href":"https:\/\/fipmed.co\/tr\/wp-json\/wp\/v2\/media?parent=12813"}],"wp:term":[{"taxonomy":"product_cat","embeddable":true,"href":"https:\/\/fipmed.co\/tr\/wp-json\/wp\/v2\/product_cat?post=12813"},{"taxonomy":"product_tag","embeddable":true,"href":"https:\/\/fipmed.co\/tr\/wp-json\/wp\/v2\/product_tag?post=12813"}],"curies":[{"name":"wp","href":"https:\/\/api.w.org\/{rel}","templated":true}]}}