{"id":12845,"date":"2023-10-27T11:02:21","date_gmt":"2023-10-27T11:02:21","guid":{"rendered":"https:\/\/fipmed.co\/?post_type=product&#038;p=12845"},"modified":"2024-05-21T10:46:21","modified_gmt":"2024-05-21T10:46:21","slug":"12x-fipmed-enjeksiyon-7ml-flakon-20mg-ml","status":"publish","type":"product","link":"https:\/\/fipmed.co\/tr\/urun\/12x-fipmed-enjeksiyon-7ml-flakon-20mg-ml\/","title":{"rendered":"Yeni: 12x Fipmed Enjeksiyon 7ml Flakon 20mg\/ml"},"content":{"rendered":"<p class=\"p1\"><span class=\"s1\">FipMed GS-441524 Enjeksiyon, Kedi Enfeksiy\u00f6z Peritoniti (FIP) i\u00e7in etkili bir tedavidir. <\/span><span class=\"s1\">Her FipMed Enjeksiyon Flakonu 20mg\/ml 7ml i\u00e7erir.<\/span><\/p>\n<p class=\"p1\"><span class=\"s1\"><strong>Konsantrasyon:<span class=\"Apple-converted-space\"> <\/span><\/strong>20mg\/ml<\/span><\/p>\n<p class=\"p1\"><span class=\"s1\"><strong>Hacim:<\/strong><span class=\"Apple-converted-space\"> <\/span>Flakon ba\u015f\u0131na 7ml<\/span><\/p>\n<p class=\"p1\"><span class=\"s1\"><strong>Miktar<\/strong><span class=\"Apple-converted-space\"><strong> <\/strong> 12x<\/span> flakon<\/span><\/p>\n<p>&nbsp;<\/p>\n<p class=\"p1\"><strong><span class=\"s1\">\u00d6nerilen Dozaj:<\/span><\/strong><\/p>\n<p class=\"p1\"><span class=\"s1\">10mg\/kg kedi v\u00fccut a\u011f\u0131rl\u0131\u011f\u0131<\/span><\/p>\n<p class=\"p2\"><span class=\"s1\"><span class=\"Apple-converted-space\"> <\/span><\/span><\/p>\n<p class=\"p1\"><span class=\"s1\"><strong>Tedavi Y\u00f6ntemi:<\/strong> <\/span><\/p>\n<p class=\"p1\"><span class=\"s1\">G\u00fcnde 1 enjeksiyon, haftada 7 g\u00fcn.<\/span><\/p>\n<p class=\"p1\"><span class=\"s1\">Tedavi S\u00fcresi: en az 4 hafta (\u00f6nerilir), ard\u0131ndan tabletler veya 12 haftaya kadar enjeksiyonla devam edilir.<\/span><\/p>\n","protected":false},"excerpt":{"rendered":"<p class=\"p1\"><span class=\"s1\">FipMed GS-441524 Enjeksiyon, Kedi Enfeksiy\u00f6z Peritoniti (FIP) i\u00e7in etkili bir tedavidir. <\/span><span class=\"s1\">Her FipMed Enjeksiyon Flakonu 20mg\/ml 7ml i\u00e7erir.<\/span><\/p>\n<p class=\"p1\"><span class=\"s1\"><strong>Konsantrasyon:<span class=\"Apple-converted-space\"> <\/span><\/strong>20mg\/ml<\/span><\/p>\n<p class=\"p1\"><span class=\"s1\"><strong>Hacim:<\/strong><span class=\"Apple-converted-space\"> <\/span>Flakon ba\u015f\u0131na 7ml<\/span><\/p>\n<p class=\"p1\"><span class=\"s1\"><strong>Miktar<\/strong><span class=\"Apple-converted-space\"><strong> <\/strong> 12x<\/span> flakon<\/span><\/p>\n<p>&nbsp;<\/p>\n<p class=\"p1\"><strong><span class=\"s1\">\u00d6nerilen Dozaj:<\/span><\/strong><\/p>\n<p class=\"p1\"><span class=\"s1\">10mg\/kg kedi v\u00fccut a\u011f\u0131rl\u0131\u011f\u0131<\/span><\/p>\n<p>&nbsp;<\/p>\n<p class=\"p1\"><span class=\"s1\"><strong>Tedavi Y\u00f6ntemi:<\/strong> <\/span><\/p>\n<p class=\"p1\"><span class=\"s1\">G\u00fcnde 1 enjeksiyon, haftada 7 g\u00fcn.<\/span><\/p>\n<p class=\"p1\"><span class=\"s1\">Tedavi S\u00fcresi: en az 4 hafta (\u00f6nerilir), ard\u0131ndan tabletler veya 12 haftaya kadar enjeksiyonla devam edilir.<\/span><\/p>\n","protected":false},"featured_media":25271,"template":"","meta":{"_glsr_average":4.9,"_glsr_ranking":4.7444444444444,"_glsr_reviews":80},"product_cat":[380],"product_tag":[],"_links":{"self":[{"href":"https:\/\/fipmed.co\/tr\/wp-json\/wp\/v2\/product\/12845"}],"collection":[{"href":"https:\/\/fipmed.co\/tr\/wp-json\/wp\/v2\/product"}],"about":[{"href":"https:\/\/fipmed.co\/tr\/wp-json\/wp\/v2\/types\/product"}],"wp:featuredmedia":[{"embeddable":true,"href":"https:\/\/fipmed.co\/tr\/wp-json\/wp\/v2\/media\/25271"}],"wp:attachment":[{"href":"https:\/\/fipmed.co\/tr\/wp-json\/wp\/v2\/media?parent=12845"}],"wp:term":[{"taxonomy":"product_cat","embeddable":true,"href":"https:\/\/fipmed.co\/tr\/wp-json\/wp\/v2\/product_cat?post=12845"},{"taxonomy":"product_tag","embeddable":true,"href":"https:\/\/fipmed.co\/tr\/wp-json\/wp\/v2\/product_tag?post=12845"}],"curies":[{"name":"wp","href":"https:\/\/api.w.org\/{rel}","templated":true}]}}