{"id":27515,"date":"2024-12-19T13:19:45","date_gmt":"2024-12-19T13:19:45","guid":{"rendered":"https:\/\/fipmed.co\/product\/1x-bottle-fipmed-eidd2801-30x-capsules-for-5kg-cats\/"},"modified":"2024-12-19T13:19:45","modified_gmt":"2024-12-19T13:19:45","slug":"1x-bottle-fipmed-eidd2801-30x-capsules-for-5kg-cats","status":"publish","type":"product","link":"https:\/\/fipmed.co\/tr\/urun\/1x-bottle-fipmed-eidd2801-30x-capsules-for-5kg-cats\/","title":{"rendered":"FIPMed EIDD2801 30x Kaps\u00fcl (5kg kediler) Y\u00fcksek toksisite. Sadece GS441525&#8217;e diren\u00e7li kediler i\u00e7in."},"content":{"rendered":"<p>GS441524&#8217;e kar\u015f\u0131 diren\u00e7 geli\u015ftiren ve art\u0131k i\u015fe yaramayan kediler i\u00e7in FIPMed EIDD2801 kaps\u00fclleri sunuyoruz. Bu durumda, EIDD2801 son \u00e7are olabilir. Molnupiravir (EIDD-2801) y\u00fcksek toksisite g\u00f6sterdi\u011finden FIP tedavisinde gerekli olan uzun s\u00fcreli kullan\u0131m i\u00e7in uygun de\u011fildir. Uzun s\u00fcreli kullan\u0131m RNA mutasyonlar\u0131na yol a\u00e7arak kanser riskini art\u0131rabilir. <\/p>\n<p>Molnupiravir yaln\u0131zca COVID-19 gibi k\u0131sa s\u00fcreli tedaviler i\u00e7in uygundur; burada 5 g\u00fcnl\u00fck bir k\u00fcr zararl\u0131 mutajenik etkilere neden olacak kadar uzun de\u011fildir.<\/p>\n<p><strong>Molnupiravir veya EIDD2801 ile tedavi edilen FIP kedilerinin 3 y\u0131l i\u00e7inde kansere yakalanma olas\u0131l\u0131\u011f\u0131 artabilir. \u00d6zellikle gen\u00e7 kediler i\u00e7in FIP&#8217;in EIDD2801 ile tedavi edilmesi \u00f6nerilmez. <\/strong><\/p>\n<p>Bu sadece kediniz GS441524&#8217;e art\u0131k yan\u0131t vermiyorsa bir alternatiftir.<\/p>\n<p>FIP tedavisinin neden 84 g\u00fcn s\u00fcrmesi gerekiyor? FIPV vir\u00fcs\u00fc kedinin v\u00fccudunda 90 g\u00fcne kadar kal\u0131r. GS-441524, Molnupiravir ve GC376 gibi antiviraller vir\u00fcs\u00fc do\u011frudan \u00f6ld\u00fcrmek yerine vir\u00fcs replikasyonunu engeller, bu nedenle vir\u00fcs\u00fcn do\u011fal olarak \u00f6lmesini beklememiz gerekir. \u015eu anda piyasada vir\u00fcs\u00fc ba\u015far\u0131l\u0131 bir \u015fekilde \u00f6ld\u00fcrerek tedavi s\u00fcresini k\u0131saltacak bir ila\u00e7 bulunmamaktad\u0131r.   <\/p>\n<p>&#8211; Talimatlar: G\u00fcnde 1 kaps\u00fcl &#8211; Her kaps\u00fcl 5 kg kedi i\u00e7in 100 mg Molnupiravir (EIDD2801) i\u00e7erir &#8211; Her \u015fi\u015fe 30 kaps\u00fcl i\u00e7erir<\/p>\n<p><strong>GS441524 olarak sat\u0131lan EIDD2801 nas\u0131l tespit edilir?<\/strong><\/p>\n<p><span style=\"font-size: 12pt;\">&#8211; GS441524 i\u00e7in fiyat end\u00fcstri standartlar\u0131na k\u0131yasla \u00e7ok daha d\u00fc\u015f\u00fckse<\/span><\/p>\n<p><span style=\"font-size: 12pt;\">&#8211; Kaps\u00fcl formunda sat\u0131l\u0131yorsa. Hi\u00e7bir \u00fcretici GS-441524&#8217;\u00fc kaps\u00fcl formunda \u00fcretmemektedir. Ancak t\u00fcm EIDD2801 tedavisi kaps\u00fcl formunda yap\u0131l\u0131r.  <\/span><\/p>\n<p><span style=\"font-size: 12pt;\">&#8211; Dozaj veya tedavi s\u00fcresi Dr Niels Pedersen&#8217;in \u00f6nerdi\u011finden farkl\u0131ysa<\/span><\/p>\n","protected":false},"excerpt":{"rendered":"<p>GS441524&#8217;e kar\u015f\u0131 diren\u00e7 geli\u015ftiren ve art\u0131k i\u015fe yaramayan kediler i\u00e7in FIPMed EIDD2801 kaps\u00fclleri sunuyoruz. Bu durumda, EIDD2801 son \u00e7are olabilir. Molnupiravir (EIDD-2801) y\u00fcksek toksisite g\u00f6sterdi\u011finden FIP tedavisinde gerekli olan uzun s\u00fcreli kullan\u0131m i\u00e7in uygun de\u011fildir. Uzun s\u00fcreli kullan\u0131m RNA mutasyonlar\u0131na yol a\u00e7arak kanser riskini art\u0131rabilir. <\/p>\n<p>Molnupiravir yaln\u0131zca COVID-19 gibi k\u0131sa s\u00fcreli tedaviler i\u00e7in uygundur; burada 5 g\u00fcnl\u00fck bir k\u00fcr zararl\u0131 mutajenik etkilere neden olacak kadar uzun de\u011fildir.<\/p>\n<p>Molnupiravir veya EIDD2801 ile tedavi edilen FIP kedilerinin 3 y\u0131l i\u00e7inde kansere yakalanma olas\u0131l\u0131\u011f\u0131 artabilir. \u00d6zellikle gen\u00e7 kediler i\u00e7in FIP&#8217;in EIDD2801 ile tedavi edilmesi \u00f6nerilmez. <\/p>\n<p>Bu sadece kediniz GS441524&#8217;e art\u0131k yan\u0131t vermiyorsa bir alternatiftir.<\/p>\n<p>FIP tedavisinin neden 84 g\u00fcn s\u00fcrmesi gerekiyor? FIPV vir\u00fcs\u00fc kedinin v\u00fccudunda 90 g\u00fcne kadar kal\u0131r. GS-441524, Molnupiravir ve GC376 gibi antiviraller vir\u00fcs\u00fc do\u011frudan \u00f6ld\u00fcrmek yerine vir\u00fcs replikasyonunu engeller, bu nedenle vir\u00fcs\u00fcn do\u011fal olarak \u00f6lmesini beklememiz gerekir. \u015eu anda piyasada vir\u00fcs\u00fc ba\u015far\u0131l\u0131 bir \u015fekilde \u00f6ld\u00fcrerek tedavi s\u00fcresini k\u0131saltacak bir ila\u00e7 bulunmamaktad\u0131r.   <\/p>\n<p>&#8211; Talimatlar: G\u00fcnde 1 kaps\u00fcl &#8211; Her kaps\u00fcl 5 kg kedi i\u00e7in 100 mg Molnupiravir (EIDD2801) i\u00e7erir &#8211; Her \u015fi\u015fe 30 kaps\u00fcl i\u00e7erir<\/p>\n","protected":false},"featured_media":27087,"template":"","meta":{"_glsr_average":0,"_glsr_ranking":0,"_glsr_reviews":0},"product_cat":[1150],"product_tag":[],"_links":{"self":[{"href":"https:\/\/fipmed.co\/tr\/wp-json\/wp\/v2\/product\/27515"}],"collection":[{"href":"https:\/\/fipmed.co\/tr\/wp-json\/wp\/v2\/product"}],"about":[{"href":"https:\/\/fipmed.co\/tr\/wp-json\/wp\/v2\/types\/product"}],"wp:featuredmedia":[{"embeddable":true,"href":"https:\/\/fipmed.co\/tr\/wp-json\/wp\/v2\/media\/27087"}],"wp:attachment":[{"href":"https:\/\/fipmed.co\/tr\/wp-json\/wp\/v2\/media?parent=27515"}],"wp:term":[{"taxonomy":"product_cat","embeddable":true,"href":"https:\/\/fipmed.co\/tr\/wp-json\/wp\/v2\/product_cat?post=27515"},{"taxonomy":"product_tag","embeddable":true,"href":"https:\/\/fipmed.co\/tr\/wp-json\/wp\/v2\/product_tag?post=27515"}],"curies":[{"name":"wp","href":"https:\/\/api.w.org\/{rel}","templated":true}]}}