{"id":8555,"date":"2023-08-07T13:29:19","date_gmt":"2023-08-07T13:29:19","guid":{"rendered":"https:\/\/fipmed.co\/?post_type=product&#038;p=8555"},"modified":"2024-05-21T11:48:49","modified_gmt":"2024-05-21T11:48:49","slug":"vet-use-100x-fipmed-injection-7ml-vial-20mg-ml","status":"publish","type":"product","link":"https:\/\/fipmed.co\/tr\/urun\/vet-use-100x-fipmed-injection-7ml-vial-20mg-ml\/","title":{"rendered":"VETER\u0130NER KULLANIMI: 100x Fipmed Enjeksiyon 7ml Flakon 20mg\/ml"},"content":{"rendered":"<p class=\"p1\"><span class=\"s1\">FipMed GS-441524 Enjeksiyon, Kedi Enfeksiy\u00f6z Peritoniti (FIP) i\u00e7in etkili bir tedavidir. <\/span><span class=\"s1\">Her FipMed Enjeksiyon Flakonu 20mg\/ml 7ml i\u00e7erir.<\/span><\/p>\n<p class=\"p1\"><span class=\"s1\"><strong>Konsantrasyon:<span class=\"Apple-converted-space\"> <\/span><\/strong>20mg\/ml<\/span><\/p>\n<p class=\"p1\"><span class=\"s1\"><strong>Hacim:<\/strong><span class=\"Apple-converted-space\"> <\/span>Flakon ba\u015f\u0131na 7ml<\/span><\/p>\n<p class=\"p1\"><span class=\"s1\"><strong>Miktar<\/strong><span class=\"Apple-converted-space\"><strong> <\/strong> 100x<\/span> flakon<\/span><\/p>\n<p>&nbsp;<\/p>\n<p class=\"p1\"><strong><span class=\"s1\">\u00d6nerilen Dozaj:<\/span><\/strong><\/p>\n<p class=\"p1\"><span class=\"s1\">Ya\u015f FIP 6mg\/kg kedi v\u00fccut a\u011f\u0131rl\u0131\u011f\u0131<\/span><\/p>\n<p class=\"p1\"><span class=\"s1\">Kuru FIP 6mg\/kg kedi v\u00fccut a\u011f\u0131rl\u0131\u011f\u0131<\/span><\/p>\n<p class=\"p1\"><span class=\"s1\">Ok\u00fcler FIP 8mg\/kg kedi v\u00fccut a\u011f\u0131rl\u0131\u011f\u0131<\/span><\/p>\n<p class=\"p1\"><span class=\"s1\">N\u00f6rolojik 10mg\/kg kedi v\u00fccut a\u011f\u0131rl\u0131\u011f\u0131<\/span><\/p>\n<p>&nbsp;<\/p>\n<p class=\"p1\"><span class=\"s1\"><strong>Tedavi Y\u00f6ntemi:<\/strong> <\/span><\/p>\n<p class=\"p1\"><span class=\"s1\">G\u00fcnde 1 enjeksiyon, haftada 7 g\u00fcn.<\/span><\/p>\n<p class=\"p1\"><span class=\"s1\">Tedavi S\u00fcresi: en az 4 hafta (\u00f6nerilir), ard\u0131ndan tabletler veya 12 haftaya kadar enjeksiyonla devam edilir.<\/span><\/p>\n","protected":false},"excerpt":{"rendered":"<p class=\"p1\"><span class=\"s1\">FipMed GS-441524 Enjeksiyon, Kedi Enfeksiy\u00f6z Peritoniti (FIP) i\u00e7in etkili bir tedavidir. <\/span><span class=\"s1\">Her FipMed Enjeksiyon Flakonu 20mg\/ml 7ml i\u00e7erir.<\/span><\/p>\n<p class=\"p1\"><span class=\"s1\"><strong>Konsantrasyon:<span class=\"Apple-converted-space\"> <\/span><\/strong>20mg\/ml<\/span><\/p>\n<p class=\"p1\"><span class=\"s1\"><strong>Hacim:<\/strong><span class=\"Apple-converted-space\"> <\/span>Flakon ba\u015f\u0131na 7ml<\/span><\/p>\n<p class=\"p1\"><span class=\"s1\"><strong>Miktar<\/strong><span class=\"Apple-converted-space\"><strong> <\/strong> 100x<\/span> flakon<\/span><\/p>\n<p>&nbsp;<\/p>\n<p class=\"p1\"><strong><span class=\"s1\">\u00d6nerilen Dozaj:<\/span><\/strong><\/p>\n<p class=\"p1\"><span class=\"s1\">Ya\u015f FIP 6mg\/kg kedi v\u00fccut a\u011f\u0131rl\u0131\u011f\u0131<\/span><\/p>\n<p class=\"p1\"><span class=\"s1\">Kuru FIP 6mg\/kg kedi v\u00fccut a\u011f\u0131rl\u0131\u011f\u0131<\/span><\/p>\n<p class=\"p1\"><span class=\"s1\">Ok\u00fcler FIP 8mg\/kg kedi v\u00fccut a\u011f\u0131rl\u0131\u011f\u0131<\/span><\/p>\n<p class=\"p1\"><span class=\"s1\">N\u00f6rolojik 10mg\/kg kedi v\u00fccut a\u011f\u0131rl\u0131\u011f\u0131<\/span><\/p>\n<p>&nbsp;<\/p>\n<p class=\"p1\"><span class=\"s1\"><strong>Tedavi Y\u00f6ntemi:<\/strong> <\/span><\/p>\n<p class=\"p1\"><span class=\"s1\">G\u00fcnde 1 enjeksiyon, haftada 7 g\u00fcn.<\/span><\/p>\n<p class=\"p1\"><span class=\"s1\">Tedavi S\u00fcresi: en az 4 hafta (\u00f6nerilir), ard\u0131ndan tabletler veya 12 haftaya kadar enjeksiyonla devam edilir.<\/span><\/p>\n","protected":false},"featured_media":22883,"template":"","meta":{"_glsr_average":0,"_glsr_ranking":0,"_glsr_reviews":0},"product_cat":[694],"product_tag":[],"_links":{"self":[{"href":"https:\/\/fipmed.co\/tr\/wp-json\/wp\/v2\/product\/8555"}],"collection":[{"href":"https:\/\/fipmed.co\/tr\/wp-json\/wp\/v2\/product"}],"about":[{"href":"https:\/\/fipmed.co\/tr\/wp-json\/wp\/v2\/types\/product"}],"wp:featuredmedia":[{"embeddable":true,"href":"https:\/\/fipmed.co\/tr\/wp-json\/wp\/v2\/media\/22883"}],"wp:attachment":[{"href":"https:\/\/fipmed.co\/tr\/wp-json\/wp\/v2\/media?parent=8555"}],"wp:term":[{"taxonomy":"product_cat","embeddable":true,"href":"https:\/\/fipmed.co\/tr\/wp-json\/wp\/v2\/product_cat?post=8555"},{"taxonomy":"product_tag","embeddable":true,"href":"https:\/\/fipmed.co\/tr\/wp-json\/wp\/v2\/product_tag?post=8555"}],"curies":[{"name":"wp","href":"https:\/\/api.w.org\/{rel}","templated":true}]}}