{"id":8558,"date":"2023-08-07T13:23:51","date_gmt":"2023-08-07T13:23:51","guid":{"rendered":"https:\/\/fipmed.co\/product\/vet-use-50x-strips-fipmed-tablets-40mg-x-10-days-for-cats-weighing-4kg-copy\/"},"modified":"2024-05-21T11:46:36","modified_gmt":"2024-05-21T11:46:36","slug":"vet-use-50x-strips-fipmed-tablets-40mg-x-10-days-for-cats-weighing-4kg","status":"publish","type":"product","link":"https:\/\/fipmed.co\/tr\/urun\/vet-use-50x-strips-fipmed-tablets-40mg-x-10-days-for-cats-weighing-4kg\/","title":{"rendered":"VETER\u0130NER KULLANIMI: 50x \u015ferit FipMed Tablet x 10 g\u00fcn (4 kg kediler i\u00e7in)"},"content":{"rendered":"<p class=\"p1\"><span class=\"s1\">FipMed GS-441524 tablet, Kedi Enfeksiy\u00f6z Peritoniti (FIP) i\u00e7in etkili bir tedavidir.<\/span><\/p>\n<p class=\"p1\"><span class=\"s1\">4kg kedi i\u00e7in her FipMed tablet 60mg GS-441524 i\u00e7erir. En fazla 4 kg a\u011f\u0131rl\u0131\u011f\u0131ndaki kediler i\u00e7in form\u00fcle edilmi\u015ftir.<\/span><\/p>\n<p class=\"p1\"><span class=\"s1\">GS-441524 metabolik olarak stabildir. Ancak emilen miktar sindirimden sonra tam olarak metabolize olmayacakt\u0131r. Tahmini metabolize edilen miktar hem Islak hem de Kuru FIP i\u00e7in yeterlidir. Ok\u00fcler FIP ve N\u00f6rolojik FIP i\u00e7in l\u00fctfen dozaj\u0131 iki kat\u0131na \u00e7\u0131kar\u0131n. Bir yerine iki tablet al\u0131n.<\/span><\/p>\n<p class=\"p1\"><span class=\"s1\">Her \u015ferit 10 oral tablet i\u00e7erir (10 g\u00fcnl\u00fck tedavi)<\/span><\/p>\n<p>Miktar 50x \u015eerit<\/p>\n","protected":false},"excerpt":{"rendered":"<p class=\"p1\"><span class=\"s1\">FipMed GS-441524 tablet, Kedi Enfeksiy\u00f6z Peritoniti (FIP) i\u00e7in etkili bir tedavidir.<\/span><\/p>\n<p class=\"p1\"><span class=\"s1\">4kg kedi i\u00e7in her FipMed tablet 60mg GS-441524 i\u00e7erir. En fazla 4 kg a\u011f\u0131rl\u0131\u011f\u0131ndaki kediler i\u00e7in form\u00fcle edilmi\u015ftir.<\/span><\/p>\n<p class=\"p1\"><span class=\"s1\">GS-441524 metabolik olarak stabildir. Ancak emilen miktar sindirimden sonra tam olarak metabolize olmayacakt\u0131r. Tahmini metabolize edilen miktar hem Islak hem de Kuru FIP i\u00e7in yeterlidir. Ok\u00fcler FIP ve N\u00f6rolojik FIP i\u00e7in l\u00fctfen dozaj\u0131 iki kat\u0131na \u00e7\u0131kar\u0131n. Bir yerine iki tablet al\u0131n.<\/span><\/p>\n<p class=\"p1\"><span class=\"s1\">Her \u015ferit 10 oral tablet i\u00e7erir (10 g\u00fcnl\u00fck tedavi)<\/span><\/p>\n<p>Miktar 50x \u015eerit<\/p>\n","protected":false},"featured_media":20142,"template":"","meta":{"_glsr_average":0,"_glsr_ranking":0,"_glsr_reviews":0},"product_cat":[694],"product_tag":[],"_links":{"self":[{"href":"https:\/\/fipmed.co\/tr\/wp-json\/wp\/v2\/product\/8558"}],"collection":[{"href":"https:\/\/fipmed.co\/tr\/wp-json\/wp\/v2\/product"}],"about":[{"href":"https:\/\/fipmed.co\/tr\/wp-json\/wp\/v2\/types\/product"}],"wp:featuredmedia":[{"embeddable":true,"href":"https:\/\/fipmed.co\/tr\/wp-json\/wp\/v2\/media\/20142"}],"wp:attachment":[{"href":"https:\/\/fipmed.co\/tr\/wp-json\/wp\/v2\/media?parent=8558"}],"wp:term":[{"taxonomy":"product_cat","embeddable":true,"href":"https:\/\/fipmed.co\/tr\/wp-json\/wp\/v2\/product_cat?post=8558"},{"taxonomy":"product_tag","embeddable":true,"href":"https:\/\/fipmed.co\/tr\/wp-json\/wp\/v2\/product_tag?post=8558"}],"curies":[{"name":"wp","href":"https:\/\/api.w.org\/{rel}","templated":true}]}}