{"id":8559,"date":"2023-08-07T13:16:45","date_gmt":"2023-08-07T13:16:45","guid":{"rendered":"https:\/\/fipmed.co\/product\/vet-use-50x-strips-fipmed-tablets-30mg-x-10-days-for-cats-weighing-3kg\/"},"modified":"2023-11-11T05:30:22","modified_gmt":"2023-11-11T05:30:22","slug":"vet-use-50x-strips-fipmed-tablets-30mg-x-10-days-for-cats-weighing-3kg","status":"publish","type":"product","link":"https:\/\/fipmed.co\/tr\/urun\/vet-use-50x-strips-fipmed-tablets-30mg-x-10-days-for-cats-weighing-3kg\/","title":{"rendered":"VETER\u0130NER KULLANIMI: 50x Strips FipMed Tablet 30mg x 10 g\u00fcn (3kg a\u011f\u0131rl\u0131\u011f\u0131ndaki kediler i\u00e7in)"},"content":{"rendered":"<p class=\"p1\"><span class=\"s1\">FipMed GS-441524 tablet, Kedi Enfeksiy\u00f6z Peritoniti (FIP) i\u00e7in etkili bir tedavidir.<\/span><\/p>\n<p class=\"p1\"><span class=\"s1\">Her FipMed 30mg tablet 30mg GS-441524 i\u00e7erir. <\/span><\/p>\n<p class=\"p1\"><span class=\"s1\">En fazla 3 kg a\u011f\u0131rl\u0131\u011f\u0131ndaki kediler i\u00e7in form\u00fcle edilmi\u015ftir.<\/span><\/p>\n<p class=\"p1\"><span class=\"s1\">Her \u015ferit 10 oral tablet i\u00e7erir (10 g\u00fcnl\u00fck tedavi i\u00e7in)<\/span><\/p>\n<p>Miktar 50x \u015feritler<\/p>\n","protected":false},"excerpt":{"rendered":"<p class=\"p1\"><span class=\"s1\">FipMed GS-441524 tablet, Kedi Enfeksiy\u00f6z Peritoniti (FIP) i\u00e7in etkili bir tedavidir.<\/span><\/p>\n<p class=\"p1\"><span class=\"s1\">Her FipMed 30mg tablet 30mg GS-441524 i\u00e7erir. <\/span><\/p>\n<p class=\"p1\"><span class=\"s1\">En fazla 3 kg a\u011f\u0131rl\u0131\u011f\u0131ndaki kediler i\u00e7in form\u00fcle edilmi\u015ftir.<\/span><\/p>\n<p class=\"p1\"><span class=\"s1\">Her \u015ferit 10 oral tablet i\u00e7erir (10 g\u00fcnl\u00fck tedavi i\u00e7in)<\/span><\/p>\n<p>Miktar 50x \u015feritler<\/p>\n","protected":false},"featured_media":20125,"template":"","meta":{"_glsr_average":0,"_glsr_ranking":0,"_glsr_reviews":0},"product_cat":[694],"product_tag":[],"_links":{"self":[{"href":"https:\/\/fipmed.co\/tr\/wp-json\/wp\/v2\/product\/8559"}],"collection":[{"href":"https:\/\/fipmed.co\/tr\/wp-json\/wp\/v2\/product"}],"about":[{"href":"https:\/\/fipmed.co\/tr\/wp-json\/wp\/v2\/types\/product"}],"wp:featuredmedia":[{"embeddable":true,"href":"https:\/\/fipmed.co\/tr\/wp-json\/wp\/v2\/media\/20125"}],"wp:attachment":[{"href":"https:\/\/fipmed.co\/tr\/wp-json\/wp\/v2\/media?parent=8559"}],"wp:term":[{"taxonomy":"product_cat","embeddable":true,"href":"https:\/\/fipmed.co\/tr\/wp-json\/wp\/v2\/product_cat?post=8559"},{"taxonomy":"product_tag","embeddable":true,"href":"https:\/\/fipmed.co\/tr\/wp-json\/wp\/v2\/product_tag?post=8559"}],"curies":[{"name":"wp","href":"https:\/\/api.w.org\/{rel}","templated":true}]}}